{"id":867,"date":"2017-11-28T14:33:32","date_gmt":"2017-11-28T07:33:32","guid":{"rendered":"https:\/\/bizhostvn.com\/w\/hatdieu\/?post_type=product&#038;p=867"},"modified":"2017-11-28T14:33:32","modified_gmt":"2017-11-28T07:33:32","slug":"tinh-dau-hoi-lang-son-nguyen-chat","status":"publish","type":"product","link":"https:\/\/webmaibinh.com\/w\/hatdieu\/san-pham\/tinh-dau-hoi-lang-son-nguyen-chat\/","title":{"rendered":"Tinh d\u1ea7u h\u1ed3i L\u1ea1ng S\u01a1n nguy\u00ean ch\u1ea5t"},"content":{"rendered":"<p>C\u00e2y h\u1ed3i, khi \u0111\u01b0\u1ee3c nh\u1eafc t\u1edbi t\u00ean c\u1ee7a lo\u1ea1i c\u00e2y n\u00e0y th\u00ec hi\u1ebfm ai kh\u00f4ng bi\u1ebft \u0111\u1ebfn ngu\u1ed3n g\u1ed1c xu\u1ea5t x\u1ee9 c\u1ee7a n\u00f3 l\u00e0 m\u1ed9t \u0111\u1ecba danh n\u1ed5i ti\u1ebfng thu\u1ed9c ph\u00eda B\u1eafc Vi\u1ec7t Nam n\u01b0\u1edbc ta \u2013 T\u1ec9nh L\u1ea1ng S\u01a1n.<\/p>\n<p>Theo s\u1ed1 li\u1ec7u th\u1ed1ng k\u00ea \u0111\u00e2y l\u00e0 t\u1ec9nh chi\u1ebfm t\u1edbi g\u1ea7n 70% di\u1ec7n t\u00edch tr\u1ed3ng h\u1ed3i c\u1ee7a c\u1ea3 n\u01b0\u1edbc. Kh\u00ed h\u1eadu v\u00e0 \u0111i\u1ec1u ki\u1ec7n thu\u1eadn l\u1ee3i c\u1ee7a th\u1ed5 nh\u01b0\u1ee1ng \u1edf n\u01a1i \u0111\u00e2y t\u1ed1t v\u00e0 ph\u00f9 h\u1ee3p cho ho\u1ea1t \u0111\u1ed9ng \u0111\u1ec3 tr\u1ed3ng c\u00e2y h\u1ed3i v\u00e0 \u0111\u00f3 l\u00e0 l\u00ed do t\u1ea1i sao t\u1ec9nh L\u1ea1ng S\u01a1n l\u1ea1i c\u00f3 di\u1ec7n t\u00edch tr\u1ed3ng h\u1ed3i l\u1edbn nh\u1ea5t c\u1ea3 n\u01b0\u1edbc nh\u01b0 v\u1eady.<\/p>\n<h3>Con ng\u01b0\u1eddi \u0111\u00e3 kh\u00e1m ph\u00e1 t\u00e1c d\u1ee5ng c\u1ee7a tinh d\u1ea7u hoa h\u1ed3i v\u00e0 s\u1eed d\u1ee5ng v\u1edbi nhi\u1ec1u m\u1ee5c \u0111\u00edch kh\u00e1c nhau<\/h3>\n<p>C\u00f3 th\u1ec3 n\u00f3i r\u1eb1ng, t\u1eeb th\u1eddi xa x\u01b0a, con ng\u01b0\u1eddi ch\u00fang ta \u0111\u00e3 bi\u1ebft nh\u1eefng <em><strong>t\u00e1c d\u1ee5ng c\u1ee7a tinh d\u1ea7u hoa h\u1ed3i<\/strong><\/em> trong l\u00e0m thu\u1ed1c v\u00e0 gia v\u1ecb c\u1ee7a r\u1ea5t nhi\u1ec1u m\u00f3n \u0103n. Qu\u1ea3, b\u1ed9t v\u00e0 tinh d\u1ea7u h\u1ed3i \u0111\u01b0\u1ee3c d\u00f9ng l\u00e0m gia v\u1ecb trong c\u00e1c m\u00f3n \u0103n nh\u01b0 n\u01b0\u1edbc ph\u1edf n\u1ea5u, \u01b0\u1edbp c\u00e1, th\u1ecbt, hay c\u00f2n cho v\u00e0o c\u00e1c c\u00f4ng \u0111o\u1ea1n l\u00e0m b\u00e1nh k\u1eb9o, n\u1ea5u r\u01b0\u1ee3u khai v\u1ecb. \u0110\u1eb7c bi\u1ec7t h\u01a1n l\u00e0 h\u1ed3i c\u00f2n l\u00e0m thu\u1ed1c trong c\u1ea3 \u0110\u00f4ng y v\u00e0 T\u00e2y y.<\/p>\n<p>Khi nh\u1eafc t\u1edbi L\u1ea1ng S\u01a1n ng\u01b0\u1eddi ta ngh\u0129 ngay \u0111\u1ebfn c\u00e2y h\u1ed3i, c\u00f3 th\u1ec3 b\u1ea1n ch\u01b0a bi\u1ebft \u0111\u1ebfn v\u00f9ng \u0111\u1ea5t n\u00e0y, nh\u01b0ng n\u1ebfu khi c\u00f3 c\u01a1 h\u1ed9i b\u1ea1n h\u00e3y l\u00ean \u0111\u00e2y \u0111\u1ec3 c\u00f3 th\u00eam nhi\u1ec1u tr\u1ea3i nghi\u1ec7m nh\u00e9.<\/p>\n<p>\u0110\u1ebfn ngay ch\u00e2n \u0111\u1ed3i l\u00e0 b\u1ea1n \u0111\u00e3 c\u00f3 th\u1ec3 ng\u1eedi th\u1ea5y m\u00f9i qu\u1ea3 h\u1ed3i ch\u00edn khi \u0111\u00e3 kh\u00f4, h\u01b0\u01a1ng th\u01a1m t\u1eeb qu\u1ea3 h\u1ed3i ch\u00edn kh\u00f4 bay kh\u1eafp c\u00e1nh r\u1eebng, l\u00f9a v\u00e0o t\u1eebng ng\u00f4i nh\u00e0 nh\u1ecf, len qua t\u1eebng k\u1ebd l\u00e1, v\u00e0 nh\u01b0 \u0111\u00e2u \u0111\u00f3 b\u1ea1n s\u1ebd c\u1ea3m nh\u1eadn \u0111\u01b0\u1ee3c nh\u01b0 ch\u00fang \u0111ang bay vui \u0111\u00f9a xung quanh ch\u1ed7 b\u1ea1n \u0111\u1ee9ng. Qu\u1ea3 th\u1eadt r\u1ea5t tuy\u1ec7t v\u1eddi ph\u1ea3i kh\u00f4ng n\u00e0o?<\/p>\n","protected":false},"excerpt":{"rendered":"<p>C\u00f3 th\u1ec3 n\u00f3i r\u1eb1ng, t\u1eeb th\u1eddi xa x\u01b0a, con ng\u01b0\u1eddi ch\u00fang ta \u0111\u00e3 bi\u1ebft nh\u1eefng <em><strong>t\u00e1c d\u1ee5ng c\u1ee7a tinh d\u1ea7u hoa h\u1ed3i<\/strong><\/em> trong l\u00e0m thu\u1ed1c v\u00e0 gia v\u1ecb c\u1ee7a r\u1ea5t nhi\u1ec1u m\u00f3n \u0103n. Qu\u1ea3, b\u1ed9t v\u00e0 tinh d\u1ea7u h\u1ed3i \u0111\u01b0\u1ee3c d\u00f9ng l\u00e0m gia v\u1ecb trong c\u00e1c m\u00f3n \u0103n nh\u01b0 n\u01b0\u1edbc ph\u1edf n\u1ea5u<\/p>\n","protected":false},"featured_media":868,"comment_status":"open","ping_status":"closed","template":"","meta":[],"_links":{"self":[{"href":"https:\/\/webmaibinh.com\/w\/hatdieu\/wp-json\/wp\/v2\/product\/867"}],"collection":[{"href":"https:\/\/webmaibinh.com\/w\/hatdieu\/wp-json\/wp\/v2\/product"}],"about":[{"href":"https:\/\/webmaibinh.com\/w\/hatdieu\/wp-json\/wp\/v2\/types\/product"}],"replies":[{"embeddable":true,"href":"https:\/\/webmaibinh.com\/w\/hatdieu\/wp-json\/wp\/v2\/comments?post=867"}],"wp:featuredmedia":[{"embeddable":true,"href":"https:\/\/webmaibinh.com\/w\/hatdieu\/wp-json\/wp\/v2\/media\/868"}],"wp:attachment":[{"href":"https:\/\/webmaibinh.com\/w\/hatdieu\/wp-json\/wp\/v2\/media?parent=867"}],"curies":[{"name":"wp","href":"https:\/\/api.w.org\/{rel}","templated":true}]}}