{"id":864,"date":"2017-11-28T14:29:05","date_gmt":"2017-11-28T07:29:05","guid":{"rendered":"https:\/\/bizhostvn.com\/w\/hatdieu\/?post_type=product&#038;p=864"},"modified":"2017-11-28T14:31:24","modified_gmt":"2017-11-28T07:31:24","slug":"tinh-dau-que-cao-cap-nhap-khau-han-quoc","status":"publish","type":"product","link":"https:\/\/webmaibinh.com\/w\/hatdieu\/san-pham\/tinh-dau-que-cao-cap-nhap-khau-han-quoc\/","title":{"rendered":"Tinh d\u1ea7u qu\u1ebf cao c\u1ea5p nh\u1eadp kh\u1ea9u"},"content":{"rendered":"<h2><strong>Tinh d\u1ea7u qu\u1ebf l\u00e0 g\u00ec?<\/strong><\/h2>\n<p>Qu\u1ebf l\u00e0 m\u1ed9t lo\u00e0i c\u00e2y r\u1ea5t ph\u1ed5 bi\u1ebfn \u1edf Vi\u1ec7t Nam, tuy nhi\u00ean <strong><em>Tinh d\u1ea7u Qu\u1ebf<\/em><\/strong> l\u00e0 m\u1ed9t S\u1ea3n ph\u1ea9m \u00edt \u0111\u01b0\u1ee3c ng\u01b0\u1eddi Vi\u1ec7t Nam bi\u1ebft \u0111\u1ebfn v\u00ec h\u1ea7u h\u1ebft \u0111\u1ec1u \u0111\u01b0\u1ee3c ch\u1ebf bi\u1ebfn, \u0111em xu\u1ea5t kh\u1ea9u v\u00e0 nh\u1eadp kh\u1ea9u ng\u01b0\u1ee3c l\u1ea1i v\u1edbi gi\u00e1 r\u1ea5t cao.<\/p>\n<p><strong><em>Tinh d\u1ea7u qu\u1ebf nguy\u00ean ch\u1ea5t<\/em><\/strong> c\u00f3 t\u00ean khoa h\u1ecdc l\u00e0 Oleum Cinnamomum.<\/p>\n<h2><strong>Tinh d\u1ea7u qu\u1ebf nguy\u00ean ch\u1ea5t \u0111\u01b0\u1ee3c chi\u1ebft xu\u1ea5t nh\u01b0 th\u1ebf n\u00e0o?<\/strong><\/h2>\n<p>Tinh d\u1ea7u Qu\u1ebf \u0111\u01b0\u1ee3c chi\u1ebft xu\u1ea5t t\u1eeb v\u1ecf, c\u00e0nh v\u00e0 l\u00e1 qu\u1ebf th\u01a1m c\u1ee7a c\u00e2y qu\u1ebf b\u1eb1ng ph\u01b0\u01a1ng ph\u00e1p ch\u01b0ng c\u1ea5t h\u01a1i n\u01b0\u1edbc. M\u00e0u c\u1ee7a tinh d\u1ea7u l\u00e0 m\u00e0u v\u00e0ng s\u1eabm \u0111\u1ebfn m\u00e0u n\u00e2u nh\u1ea1t, c\u00f3 h\u01b0\u01a1ng th\u01a1m l\u00e0 m\u00f9i qu\u1ebf r\u1ea5t \u0111\u1eadm. T\u1eebng gi\u1ecdt tinh d\u1ea7u qu\u1ebf nguy\u00ean ch\u1ea5t \u0111\u1ec1u mang h\u00e0m l\u01b0\u1ee3ng d\u01b0\u1ee1ng ch\u1ea5t c\u1ef1c k\u1ef3 qu\u00fd gi\u00e1 cho s\u1ee9c kh\u1ecfe c\u0169ng nh\u01b0 s\u1eafc \u0111\u1eb9p.<\/p>\n<h2><strong>13 c\u00f4ng d\u1ee5ng tuy\u1ec7t v\u1eddi c\u1ee7a tinh d\u1ea7u qu\u1ebf m\u00e0 b\u1ea1n n\u00ean bi\u1ebft?<\/strong><\/h2>\n<h3><em>Tinh d\u1ea7u qu\u1ebf r\u1ea5t t\u1ed1t trong vi\u1ec7c ch\u1eefa c\u1ea3m c\u00fam v\u00e0 b\u1ecb l\u1ea1nh:<\/em><\/h3>\n<p>Tinh d\u1ea7u qu\u1ebf r\u1ea5t t\u1ed1t trong vi\u1ec7c ch\u1eefa c\u1ea3m c\u00fam v\u00e0 b\u1ecb l\u1ea1nh hay co th\u1eaft v\u00f9ng ng\u1ef1c ho\u1eb7c ch\u1eefa ch\u1ee9ng ho. D\u1ea7u qu\u1ebf c\u00f3 th\u1ec3 l\u00e0m d\u1eebng l\u1ea1i c\u01a1n ho c\u1ee7a b\u1ea1n trong m\u1ed9t v\u00e0i gi\u1edd.<\/p>\n<h3><em>Tinh d\u1ea7u qu\u1ebf \u0111u\u1ed5i mu\u1ed7i, d\u00e1n, c\u00f4n tr\u00f9ng m\u1ed9t c\u00e1ch hi\u1ec7u qu\u1ea3:<\/em><\/h3>\n<p>M\u00f9i h\u01b0\u01a1ng c\u1ee7a <strong><em>tinh d\u1ea7u qu\u1ebf nguy\u00ean ch\u1ea5t <\/em><\/strong>c\u00f3 kh\u1ea3 n\u0103ng \u0111u\u1ed5i mu\u1ed7i v\u00e0 c\u00f4n tr\u00f9ng c\u1ef1c k\u1ef3 hi\u1ec7u qu\u1ea3. Mu\u1ed7i, c\u00f4n tr\u00f9ng s\u1ebd kh\u00f4ng d\u00e1m \u201cb\u00e9n m\u1ea3ng\u201d t\u1edbi g\u1ea7n ng\u00f4i nh\u00e0 c\u1ee7a b\u1ea1n.<\/p>\n<p>C\u00e1ch d\u00f9ng r\u1ea5t \u0111\u01a1n gi\u1ea3n: B\u1ea1n ch\u1ec9 c\u1ea7n pha lo\u00e3ng v\u00e0i gi\u1ecdt tinh d\u1ea7u nguy\u00ean ch\u1ea5t v\u1edbi n\u01b0\u1edbc r\u1ed3i d\u00f9ng \u0111\u00e8n x\u00f4ng \u0111\u1ec3 \u0111\u1ed1t ho\u1eb7c ch\u1ec9 c\u1ea7n l\u1ea5y v\u1ea3i th\u1ea5m m\u1ed9t \u00edt tinh d\u1ea7u v\u00e0 \u0111\u1eb7t \u1edf g\u00f3c ph\u00f2ng, g\u00f3c t\u1ee7 qu\u1ea7n \u00e1o \u2026 C\u00e1c c\u00e1ch l\u00e0m n\u00e0y kh\u00f4ng nh\u1eefng gi\u00fap b\u1ea1n \u0111u\u1ed5i mu\u1ed7i, d\u00e1n, c\u00f4n tr\u00f9ng m\u00e0 c\u00f2n gi\u00fap b\u1ea1n h\u00fat \u1ea9m, ch\u1ed1ng \u1ea9m m\u1ed1c hi\u1ec7u qu\u1ea3.<\/p>\n<h3><em>Tinh d\u1ea7u qu\u1ebf s\u1eed d\u1ee5ng \u0111\u1ec3 kh\u1eed m\u00f9i trong ph\u00f2ng:<\/em><\/h3>\n<p>C\u00e1i n\u00e0y th\u00ec c\u00e1c b\u1ea1n c\u00f3 th\u1ec3 d\u00f9ng <strong><em><u>\u0111\u00e8n x\u00f4ng tinh d\u1ea7u<\/u><\/em><\/strong>, nh\u01b0ng ch\u00fa \u00fd pha lo\u00e3ng tinh d\u1ea7u qu\u1ebf ra nh\u00e9, kh\u00f4ng th\u00ec hao l\u1eafm nh\u00e9!<\/p>\n<p>C\u00e1c b\u1ea1n c\u00f3 th\u1ec3 mua tinh d\u1ea7u qu\u1ebf d\u00f9ng \u0111\u1ec3 kh\u1eed m\u00f9i thu\u1ed1c l\u00e1 trong ph\u00f2ng karaoke r\u1ea5t t\u1ed1t.<\/p>\n<p>Ho\u1eb7c c\u00e1c b\u1ea1n c\u00f3 th\u1ec3 l\u1ea5y 1 mi\u1ebfng gi\u1ebb ho\u1eb7c 1 mi\u1ebfng b\u00f4ng x\u1ed1p nh\u1ecf tinh d\u1ea7u qu\u1ebf v\u00e0o r\u1ed3i treo 1 g\u00f3c trong ph\u00f2ng , m\u00ecnh \u0111\u1ea3m b\u1ea3o h\u1ebft s\u1ea1ch m\u00f9i \u1ea9m m\u1ed1c \u2026.<\/p>\n<p>Tinh d\u1ea7u qu\u1ebf kh\u1eed m\u00f9i trong \u00f4 t\u00f4 c\u0169ng r\u1ea5t ok \u0111\u1ea5y c\u00e1c b\u1ea1n nh\u00e9.<\/p>\n<h3><em>Tinh d\u1ea7u qu\u1ebf ch\u1eefa c\u00e1c ch\u1ee9ng b\u1ec7nh v\u1ec1 \u0111\u01b0\u1eddng ti\u00eau h\u00f3a:<\/em><\/h3>\n<p>Tinh d\u1ea7u qu\u1ebf c\u00f3 th\u1ec3 t\u1ea1o ra h\u01a1i ho\u1eb7c l\u00e0m co b\u00f3p, th\u00fac \u0111\u1ea9y h\u1ec7 ti\u00eau h\u00f3a ho\u1ea1t \u0111\u1ed9ng t\u1ed1t h\u01a1n sau c\u00e1c b\u1eefa \u0103n, th\u1eadm ch\u00ed c\u00f2n \u0111\u01b0\u1ee3c s\u1eed d\u1ee5ng ch\u1eefa \u0111au v\u1ec1 c\u01a1 b\u1eafp v\u00e0 ch\u1ee9ng ru\u1ed9t r\u00fat.<\/p>\n<p>Ch\u1eefa ch\u1ee9ng \u0111\u1ea7y b\u1ee5ng b\u1eb1ng c\u00e1ch b\u00f4i d\u1ea7u qu\u1ebf v\u00e0o b\u1ee5ng r\u1ed3i xoa b\u1ee5ng nh\u1eb9 nh\u00e0ng theo chi\u1ec1u kim \u0111\u1ed3ng h\u1ed3 kho\u1ea3ng 5 ph\u00fat \u0111\u1ebfn 10 ph\u00fat s\u1ebd h\u1ebft \u0111\u1ea7y b\u1ee5ng.<\/p>\n<h3><em>Tinh d\u1ea7u qu\u1ebf ch\u1eefa \u0111au nh\u1ee9c x\u01b0\u01a1ng kh\u1edbp:<\/em><\/h3>\n<p>Nh\u1eefng ng\u01b0\u1eddi b\u1ecb b\u1ec7nh v\u1ec1 th\u1ea5p kh\u1edbp, nh\u1ea5t l\u00e0 ng\u01b0\u1eddi gi\u00e0 th\u01b0\u1eddng xuy\u00ean b\u1ecb \u0111au nh\u1ee9c x\u01b0\u01a1ng kh\u1edbp, \u0111au l\u01b0ng.<\/p>\n<p>Th\u01b0\u1eddng xuy\u00ean b\u00f4i tinh d\u1ea7u qu\u1ebf xoa b\u00f3p v\u00e0o ch\u1ed7 b\u1ecb \u0111au nh\u1ee9c \u0111\u00f3. Hi\u1ec7u qu\u1ea3 s\u1ebd r\u1ea5t b\u1ea5t ng\u1edd \u0111\u1ea5y.<\/p>\n<p>B\u1ea1n n\u00ean b\u00f4i v\u00e0o m\u00f9a \u0111\u00f4ng l\u00e0 t\u1ed1t nh\u1ea5t v\u00ec n\u1ebfu b\u00f4i v\u00e0o m\u00f9a h\u00e8 th\u00ec s\u1ebd b\u1ecb n\u00f3ng.<\/p>\n<h3><em>Tinh d\u1ea7u qu\u1ebf s\u1eed d\u1ee5ng \u0111\u1ec3 gi\u1ea3m stress:<\/em><\/h3>\n<p>Nh\u1ecf v\u00e0i gi\u1ecdt tinh d\u1ea7u qu\u1ebf nguy\u00ean ch\u1ea5t v\u00e0o b\u1ed3n n\u01b0\u1edbc \u1ea5m r\u1ed3i ng\u00e2m m\u00ecnh th\u01b0 gi\u00e3n 15-20 ph\u00fat<\/p>\n<p>C\u00f2n v\u1edbi c\u00e1c ch\u1ee9ng \u0111au \u0111\u1ea7u, c\u0103ng th\u1eb3ng hay nh\u1eefng ch\u1ee9ng b\u1ea5t an, nh\u1eefng v\u1ea5n \u0111\u1ec1 c\u00f3 li\u00ean quan \u0111\u1ebfn \u00e1p l\u1ef1c v\u1ec1 t\u00e2m l\u00fd th\u00ec b\u1ea1n c\u00f3 th\u1ec3 pha ch\u1ebf tinh d\u1ea7u Qu\u1ebf v\u1edbi m\u1ed9t v\u00e0i lo\u1ea1i kem d\u01b0\u1ee1ng v\u00e0 xoa b\u00f3p quanh c\u1ed5 \u0111\u1ec3 ch\u1eefa \u0111au \u0111\u1ea7u.<\/p>\n<p>B\u1ea1n c\u00f3 th\u1ec3 s\u1eed d\u1ee5ng ri\u00eang tinh d\u1ea7u qu\u1ebf ho\u1eb7c c\u00f3 th\u1ec3 pha ch\u1ebf c\u00f9ng v\u1edbi <strong><em><u>tinh d\u1ea7u o\u1ea3i h\u01b0\u01a1ng.<\/u><\/em><\/strong><\/p>\n<h3><em>Tinh d\u1ea7u qu\u1ebf s\u1eed d\u1ee5ng l\u00e0m m\u1eb7t n\u1ea1 d\u01b0\u1ee1ng da:<\/em><\/h3>\n<p>B\u1ea1n c\u00f3 th\u1ec3 pha ch\u1ebf v\u00e0i gi\u1ecdt tinh d\u1ea7u v\u1edbi s\u1eefa chua, m\u1eadt ong, c\u00e1m g\u1ea1o, c\u00e1c lo\u1ea1i d\u1ea7u n\u1ec1n ho\u1eb7c tr\u00e1i c\u00e2y nghi\u1ec1n \u0111\u1ec3 t\u1ea1o ra c\u00e1c lo\u1ea1i m\u1eb7t n\u1ea1 theo s\u1edf th\u00edch v\u00e0 kh\u00f4ng g\u00e2y k\u00edch \u1ee9ng cho da d\u00f9 l\u00e0 l\u00e0n da nh\u1ea1y c\u1ea3m nh\u1ea5t.<\/p>\n<h3><em>Tinh d\u1ea7u qu\u1ebf s\u1eed d\u1ee5ng \u0111\u1ec3 d\u01b0\u1ee1ng t\u00f3c:<\/em><\/h3>\n<p>Sau khi g\u1ed9i \u0111\u1ea7u xong, xoa v\u00e0i gi\u1ecdt tinh d\u1ea7u l\u00ean t\u00f3c c\u00f2n \u1ea9m \u0111\u1ec3 gi\u00fap t\u00f3c kh\u00f4ng b\u1ecb x\u01a1 v\u00e0 h\u01b0 t\u1ed5n.<\/p>\n<h3><em>Tinh d\u1ea7u qu\u1ebf s\u1eed d\u1ee5ng \u0111\u1ec3 d\u01b0\u1ee1ng m\u00f4i:<\/em><\/h3>\n<p>Thoa nh\u1eb9 m\u1ed9t ch\u00fat tinh d\u1ea7u \u0111\u01b0\u1ee3c pha lo\u00e3ng v\u1edbi d\u1ea7u n\u1ec1n ho\u1eb7c kem d\u01b0\u1ee1ng kh\u00f4ng m\u00f9i l\u00ean m\u00f4i \u0111\u1ec3 m\u00f4i lu\u00f4n m\u1ec1m, kh\u00f4ng b\u1ecb kh\u00f4 n\u1ee9t.<\/p>\n<h3><em>Tinh d\u1ea7u qu\u1ebf s\u1eed d\u1ee5ng \u0111\u1ec3 l\u00e0m gi\u1ea3m m\u1ee1 b\u1ee5ng:<\/em><\/h3>\n<p>B\u1ea1n kh\u00f4ng c\u1ea7n ph\u1ea3i b\u1ecf ra m\u1ed9t kho\u1ea3n ti\u1ec1n \u0111\u1ec3 \u0111\u1ebfn c\u00e1c Spa cao c\u1ea5p massage v\u00e0 l\u00e0m \u0111\u1eb9p. Xem th\u00eam &gt;&gt;&gt; c\u00e1c s\u1ea3n ph\u1ea9m tinh d\u1ea7u massage<\/p>\n<p>\u01afu \u0111i\u1ec3m n\u1ed5i b\u1eadt c\u1ee7a tinh d\u1ea7u qu\u1ebf l\u00e0 lo\u1ea1i b\u1ecf m\u1ee1 b\u1ee5ng nhanh ch\u00f3ng b\u1eb1ng ph\u01b0\u01a1ng ph\u00e1p: K\u1ebft h\u1ee3p tinh d\u1ea7u qu\u1ebf v\u00e0 nhi\u1ec1u lo\u1ea1i tinh d\u1ea7u thi\u00ean nhi\u00ean kh\u00e1c l\u1ea1i v\u1edbi nhau b\u1ea1n s\u1ebd c\u00f3 1 lo\u1ea1i gel b\u00f4i tr\u01a1n h\u1ed7 tr\u1ee3 gi\u1ea3m m\u1ee1 b\u1ee5ng hi\u1ec7u qu\u1ea3, ngay c\u1ea3 ph\u1ee5 n\u1eef c\u00f3 v\u00f9ng b\u1ee5ng b\u1ecb r\u1ea1n n\u1eb7ng sau khi sinh.Nh\u1edd t\u00ednh n\u0103ng chuy\u1ec3n h\u00f3a ch\u1ea5t nhanh gi\u00fap kh\u00ed huy\u1ebft l\u01b0u th\u00f4ng l\u00e0m ti\u00eau hao, \u0111\u1ed1t ch\u00e1y d\u1ea7n l\u01b0\u1ee3ng m\u1ee1 th\u1eeba ph\u00e1t sinh \u0111\u00e1ng gh\u00e9t.<\/p>\n<h3><em>Tinh d\u1ea7u qu\u1ebf s\u1eed d\u1ee5ng \u0111\u1ec3 ch\u1eefa tr\u1ecb \u0111au \u0111\u1ea7u:<\/em><\/h3>\n<p>N\u1ebfu th\u01b0\u1eddng xuy\u00ean b\u1ecb \u0111au \u0111\u1ea7u, b\u1ea1n c\u00f3 th\u1ec3 nh\u1ecf 1 gi\u1ecdt tinh d\u1ea7u v\u00e0o kem d\u01b0\u1ee1ng da \u0111\u1ec3 xoa l\u00ean v\u00f9ng tr\u00e1n, th\u00e1i d\u01b0\u01a1ng.<\/p>\n<p>Ch\u1ec9 sau v\u00e0i ph\u00fat xoa b\u00f3p, b\u1ea1n s\u1ebd th\u1ea5y \u0111\u1ea7u \u00f3c th\u01b0 gi\u00e3n, gi\u1ea3m t\u00ecnh tr\u1ea1ng lo l\u1eafng, b\u1ea5t an, v\u00e0 gi\u1ea3i t\u1ecfa nh\u1eefng \u00e1p l\u1ef1c t\u00e2m l\u00fd trong c\u00f4ng vi\u1ec7c v\u00e0 cu\u1ed9c s\u1ed1ng.<\/p>\n<h3><em>Tinh d\u1ea7u qu\u1ebf tr\u1ecb ch\u1ee9ng m\u1ea5t ng\u1ee7:<\/em><\/h3>\n<p>Nh\u1ecf 1-2 gi\u1ecdt tinh d\u1ea7u qu\u1ebf v\u00e0o kh\u0103n tay, \u0111\u1ec3 c\u1ea1nh \u0111\u1ea7u gi\u01b0\u1eddng ho\u1eb7c g\u1ed1i \u0111\u1ec3 c\u00f3 gi\u1ea5c ng\u1ee7 s\u00e2u.<\/p>\n<h3><em>Tinh d\u1ea7u qu\u1ebf d\u00f9ng \u0111\u1ec3 ch\u1ed1ng say t\u00e0u xe:<\/em><\/h3>\n<p>Tr\u01b0\u1edbc khi l\u00ean xe t\u00e0u xe, th\u1ea5m ch\u00fat d\u1ea7u qu\u1ebf v\u00e0o kh\u0103n tay r\u1ed3i b\u1ecbt l\u00ean m\u0169i v\u00e0 h\u00edt nh\u1eb9 v\u00e0o. M\u00f9i d\u1ea7u qu\u1ebf gi\u00fap \u0111\u1ea7u \u00f3c th\u01b0 gi\u00e3n, kh\u00f4ng l\u00e0m b\u1ea1n b\u1ecb cho\u00e1ng b\u1edfi m\u00f9i x\u0103ng t\u00e0u xe khi\u1ebfn c\u01a1 th\u1ec3 n\u00f4n nao m\u1ecfi m\u1ec7t.<\/p>\n<h2><strong>Nh\u1eefng ai n\u00ean s\u1eed d\u1ee5ng tinh d\u1ea7u qu\u1ebf?<\/strong><\/h2>\n<p>\u0110\u1ed1i t\u01b0\u1ee3ng n\u00ean s\u1eed d\u1ee5ng tinh qu\u1ebf nh\u01b0 ng\u01b0\u1eddi hay b\u1ecb say t\u00e0u xe, m\u1ec7t m\u1ecfi, m\u1ea5t ng\u1ee7, \u0111au x\u01b0\u01a1ng kh\u1edbp, b\u1ecb stress, kh\u00f4 m\u00f4i, b\u1ecb m\u1ee1 b\u1ee5ng, \u2026th\u00ec b\u1ea1n n\u00ean s\u1eed d\u1ee5ng tinh d\u1ea7u qu\u1ebf \u0111\u1ec3 mang l\u1ea1i cho b\u1ea1n c\u1ea3m gi\u00e1c tho\u1ea3i m\u00e1i m\u1ed7i khi m\u1ec7t m\u1ecfi v\u00e0 nh\u01b0 th\u1ebf s\u1ebd t\u1ea1o \u0111\u1ed9ng l\u1ef1c cho b\u1ea1n. Gi\u00fap b\u1ea1n s\u1ea3ng kho\u00e1i tinh th\u1ea7n v\u00e0 l\u00e0m vi\u1ec7c hi\u1ec7u qu\u1ea3 h\u01a1n.<\/p>\n<h2><strong>C\u00e1ch s\u1eed d\u1ee5ng tinh d\u1ea7u qu\u1ebf\u00a0 nh\u01b0 th\u1ebf n\u00e0o \u0111\u1ec3 \u0111\u1ea1t hi\u1ec7u qu\u1ea3 cao nh\u1ea5t?<\/strong><\/h2>\n<p>B\u1ea1n ph\u1ea3i r\u1eeda tay s\u1ea1ch s\u1ebd khi l\u1ea5y tinh d\u1ea7u.<\/p>\n<p>S\u1eed d\u1ee5ng m\u1ed9t l\u01b0\u1ee3ng tinh d\u1ea7u v\u1eeba \u0111\u1ee7.<\/p>\n<p>Sau m\u1ed7i l\u1ea7n g\u1ed9i \u0111\u1ea7u b\u1ea1n c\u00f3 th\u1ec3 xoa m\u1ed9t v\u00e0i gi\u1ecdt tinh d\u1ea7u qu\u1ebf l\u00ean t\u00f3c \u0111\u1ec3 l\u00e0m \u1ea9m v\u00e0 gi\u1eef cho t\u00f3c kh\u00f4ng h\u01b0 t\u1ed5n.<\/p>\n<p>Khi l\u00e0m m\u1eb7t n\u1ea1, b\u1ea1n c\u00f3 th\u1ec3 pha m\u1ed9t v\u00e0i gi\u1ecdt tinh d\u1ea7u qu\u1ebf c\u00f9ng v\u1edbi s\u1eefa chua, c\u00e1m g\u1ea1o, m\u1eadt ong c\u00f9ng m\u1ed9t s\u1ed1 lo\u1ea1i d\u1ea7u n\u1ec1n kh\u00e1c. Lo\u1ea1i m\u1eb7t n\u1ea1 n\u00e0y t\u01b0\u01a1ng \u0111\u1ed1i t\u1ed1t v\u00e0 kh\u00f4ng khi\u1ebfn da b\u1ecb k\u00edch \u1ee9ng d\u00f9 l\u00e0 l\u00e0n da c\u00f3 nh\u1ea1y c\u1ea3m \u0111\u1ebfn \u0111\u00e2u ch\u0103ng n\u1eefa.<\/p>\n<p>C\u00e1ch s\u1eed d\u1ee5ng tinh d\u1ea7u ph\u1ed5 bi\u1ebfn, th\u00f4ng d\u1ee5ng nh\u1ea5t hi\u1ec7n nay l\u00e0 cho v\u00e0o \u0111\u00e8n x\u00f4ng. B\u1ea1n h\u00e3y pha lo\u00e3ng m\u1ed9t v\u00e0i gi\u1ecdt tinh d\u1ea7u qu\u1ebf nguy\u00ean ch\u1ea5t v\u1edbi n\u01b0\u1edbc r\u1ed3i cho v\u00e0o \u0111\u00e8n x\u00f4ng tinh d\u1ea7u. B\u1ea1n c\u00f3 th\u1ec3 d\u00f9ng trong ph\u00f2ng ng\u1ee7 hay ph\u00f2ng kh\u00e1ch nh\u1eb1m m\u1ee5c \u0111\u00edch th\u01b0 gi\u00e3n hay kh\u1eed m\u00f9i h\u00f4i cho c\u0103n ph\u00f2ng. \u0110\u1ed3ng th\u1eddi h\u01b0\u01a1ng th\u01a1m c\u1ee7a tinh d\u1ea7u c\u00f3 th\u1ec3 gi\u00fap cho b\u1ea1n c\u00f3 \u0111\u01b0\u1ee3c c\u1ea3m gi\u00e1c tho\u1ea3i m\u00e1i, d\u1ec5 ch\u1ecbu.<\/p>\n<h2><strong>Nh\u1eefng l\u01b0u \u00fd khi s\u1eed d\u1ee5ng tinh d\u1ea7u qu\u1ebf?<\/strong><\/h2>\n<p>\u0110\u1ef1ng k\u00edn trong l\u1ecd ki\u0301n, \u0111\u00ea\u0309 xa t\u00e2\u0300m tay tre\u0309 em<\/p>\n<p>B\u1ea3o qu\u1ea3n n\u01a1i kh\u00f4 r\u00e1o, tr\u00e1nh \u00e1nh n\u1eafng tr\u1ef1c ti\u1ebfp<\/p>\n<p>Kh\u00f4ng s\u1eed d\u1ee5ng tinh d\u00e2\u0300u qu\u1ebf nguy\u00ean ch\u1ea5t tr\u01b0\u0323c ti\u00ea\u0301p tr\u00ean da c\u1ee7a b\u1ea1n.<\/p>\n<p>Kh\u00f4ng n\u00ean d\u00f9ng tinh d\u1ea7u qu\u1ebf v\u1edbi ph\u1ee5 n\u1eef c\u00f3 thai.<\/p>\n<p>Kh\u00f4ng n\u00ean s\u1eed d\u1ee5ng tinh d\u1ea7u qu\u1ebf v\u1edbi tr\u1ebb em d\u01b0\u1edbi ba th\u00e1ng tu\u1ed5i<\/p>\n<h2><strong>T\u1ea1i sao n\u00ean s\u1eed d\u1ee5ng tinh d\u1ea7u qu\u1ebf t\u1ea1i tinhdaulotus.vn?<\/strong><\/h2>\n<p>Tinhdaulotus.vn l\u00e0 n\u01a1i ph\u00e2n ph\u1ed1i nh\u1eefng s\u1ea3n ph\u1ea9m tinh d\u1ea7u thi\u00ean nhi\u00ean, nguy\u00ean ch\u1ea5t 100%, nh\u1eefng s\u1ea3n ph\u1ea9m c\u1ef1c k\u1ef3 cao c\u1ea5p v\u00e0 ch\u1ea5t l\u01b0\u1ee3ng, nh\u01b0ng gi\u00e1 c\u1ea3 th\u00ec l\u1ea1i c\u1ef1c k\u1ef3 h\u1ee3p l\u00fd. Ch\u00fang t\u00f4i kh\u00f4ng ch\u00fa tr\u1ecdng v\u00e0o m\u00e0u m\u00e8, ch\u00fang t\u00f4i ch\u1ec9 quan t\u00e2m nhi\u1ec1u nh\u1ea5t \u0111\u1ebfn ch\u1ea5t l\u01b0\u1ee3ng s\u1ea3n ph\u1ea9m, v\u1edbi mong mu\u1ed1n \u0111em \u0111\u1ebfn nh\u1eefng chai tinh d\u1ea7u ch\u1ea5t l\u01b0\u1ee3ng cao nh\u1ea5t \u0111\u1ebfn ng\u01b0\u1eddi s\u1eed d\u1ee5ng.<\/p>\n","protected":false},"excerpt":{"rendered":"<p>ph\u00e2n ph\u1ed1i nh\u1eefng s\u1ea3n ph\u1ea9m tinh d\u1ea7u thi\u00ean nhi\u00ean, nguy\u00ean ch\u1ea5t 100%, nh\u1eefng s\u1ea3n ph\u1ea9m c\u1ef1c k\u1ef3 cao c\u1ea5p v\u00e0 ch\u1ea5t l\u01b0\u1ee3ng, nh\u01b0ng gi\u00e1 c\u1ea3 th\u00ec l\u1ea1i c\u1ef1c k\u1ef3 h\u1ee3p l\u00fd. Ch\u00fang t\u00f4i kh\u00f4ng ch\u00fa tr\u1ecdng v\u00e0o m\u00e0u m\u00e8, ch\u00fang t\u00f4i ch\u1ec9 quan t\u00e2m nhi\u1ec1u nh\u1ea5t \u0111\u1ebfn ch\u1ea5t l\u01b0\u1ee3ng s\u1ea3n ph\u1ea9m, v\u1edbi mong mu\u1ed1n \u0111em \u0111\u1ebfn nh\u1eefng chai tinh d\u1ea7u ch\u1ea5t l\u01b0\u1ee3ng cao nh\u1ea5t \u0111\u1ebfn ng\u01b0\u1eddi s\u1eed d\u1ee5ng.<\/p>\n","protected":false},"featured_media":865,"comment_status":"open","ping_status":"closed","template":"","meta":[],"_links":{"self":[{"href":"https:\/\/webmaibinh.com\/w\/hatdieu\/wp-json\/wp\/v2\/product\/864"}],"collection":[{"href":"https:\/\/webmaibinh.com\/w\/hatdieu\/wp-json\/wp\/v2\/product"}],"about":[{"href":"https:\/\/webmaibinh.com\/w\/hatdieu\/wp-json\/wp\/v2\/types\/product"}],"replies":[{"embeddable":true,"href":"https:\/\/webmaibinh.com\/w\/hatdieu\/wp-json\/wp\/v2\/comments?post=864"}],"wp:featuredmedia":[{"embeddable":true,"href":"https:\/\/webmaibinh.com\/w\/hatdieu\/wp-json\/wp\/v2\/media\/865"}],"wp:attachment":[{"href":"https:\/\/webmaibinh.com\/w\/hatdieu\/wp-json\/wp\/v2\/media?parent=864"}],"curies":[{"name":"wp","href":"https:\/\/api.w.org\/{rel}","templated":true}]}}