{"id":863,"date":"2017-11-28T14:26:25","date_gmt":"2017-11-28T07:26:25","guid":{"rendered":"https:\/\/bizhostvn.com\/w\/hatdieu\/?post_type=product&#038;p=863"},"modified":"2020-09-23T14:30:49","modified_gmt":"2020-09-23T07:30:49","slug":"tinh-dau-que-nguyen-chat","status":"publish","type":"product","link":"https:\/\/webmaibinh.com\/w\/hatdieu\/san-pham\/tinh-dau-que-nguyen-chat\/","title":{"rendered":"Tinh d\u1ea7u qu\u1ebf nguy\u00ean ch\u1ea5t nh\u1eadp kh\u1ea9u H\u00e0n Qu\u1ed1c"},"content":{"rendered":"<h2><strong>C\u00f4ng d\u1ee5ng c\u1ee7a tinh d\u1ea7u qu\u1ebf m\u00e0 b\u1ea1n ch\u01b0a bi\u1ebft?<\/strong><\/h2>\n<h3 data-fontsize=\"16\" data-lineheight=\"24\">1. \u0110u\u1ed5i mu\u1ed7i, d\u00e1n, c\u00f4n tr\u00f9ng m\u1ed9t c\u00e1ch hi\u1ec7u qu\u1ea3<\/h3>\n<p>M\u00f9i h\u01b0\u01a1ng c\u1ee7a tinh d\u1ea7u qu\u1ebf c\u00f3 kh\u1ea3 n\u0103ng \u0111u\u1ed5i mu\u1ed7i v\u00e0 c\u00f4n tr\u00f9ng c\u1ef1c k\u1ef3 hi\u1ec7u qu\u1ea3. Mu\u1ed7i, c\u00f4n tr\u00f9ng s\u1ebd kh\u00f4ng d\u00e1m <strong>\u201cb\u00e9n m\u1ea3ng\u201d<\/strong>\u00a0t\u1edbi g\u1ea7n ng\u00f4i nh\u00e0 c\u1ee7a b\u1ea1n.<\/p>\n<p>C\u00e1ch d\u00f9ng r\u1ea5t \u0111\u01a1n gi\u1ea3n: B\u1ea1n ch\u1ec9 c\u1ea7n pha lo\u00e3ng v\u00e0i gi\u1ecdt tinh d\u1ea7u nguy\u00ean ch\u1ea5t v\u1edbi n\u01b0\u1edbc r\u1ed3i d\u00f9ng \u0111\u00e8n x\u00f4ng \u0111\u1ec3 \u0111\u1ed1t ho\u1eb7c ch\u1ec9 c\u1ea7n l\u1ea5y v\u1ea3i th\u1ea5m m\u1ed9t \u00edt tinh d\u1ea7u v\u00e0 \u0111\u1eb7t \u1edf g\u00f3c ph\u00f2ng, g\u00f3c t\u1ee7 qu\u1ea7n \u00e1o \u2026 C\u00e1c c\u00e1ch l\u00e0m n\u00e0y kh\u00f4ng nh\u1eefng gi\u00fap b\u1ea1n \u0111u\u1ed5i mu\u1ed7i, d\u00e1n, c\u00f4n tr\u00f9ng m\u00e0 c\u00f2n gi\u00fap b\u1ea1n h\u00fat \u1ea9m, ch\u1ed1ng \u1ea9m m\u1ed1c hi\u1ec7u qu\u1ea3.<\/p>\n<h3>2.\u00a0D\u00f9ng \u0111\u1ec3 kh\u1eed m\u00f9i ph\u00f2ng<\/h3>\n<p>C\u00e1i n\u00e0y th\u00ec c\u00e1c b\u1ea1n c\u00f3 th\u1ec3 d\u00f9ng \u0111\u00e8n \u0111\u1ed1t tinh d\u1ea7u , nh\u01b0ng ch\u00fa \u00fd pha lo\u00e3ng tinh d\u1ea7u qu\u1ebf ra nh\u00e9, kh\u00f4ng th\u00ec hao l\u1eafm nh\u00e9!<\/p>\n<p>C\u00e1c b\u1ea1n c\u00f3 th\u1ec3 mua tinh d\u1ea7u qu\u1ebf d\u00f9ng \u0111\u1ec3 kh\u1eed m\u00f9i thu\u1ed1c l\u00e1 trong ph\u00f2ng karaoke r\u1ea5t t\u1ed1t.<\/p>\n<p>Ho\u1eb7c c\u00e1c b\u1ea1n c\u00f3 th\u1ec3 l\u1ea5y 1 mi\u1ebfng gi\u1ebb ho\u1eb7c 1 mi\u1ebfng b\u00f4ng x\u1ed1p nh\u1ecf tinh d\u1ea7u qu\u1ebf v\u00e0o r\u1ed3i treo 1 g\u00f3c trong ph\u00f2ng , m\u00ecnh \u0111\u1ea3m b\u1ea3o h\u1ebft s\u1ea1ch m\u00f9i \u1ea9m m\u1ed1c \u2026.<\/p>\n<p>Tinh d\u1ea7u qu\u1ebf kh\u1eed m\u00f9i trong \u00f4 t\u00f4 c\u0169ng r\u1ea5t ok \u0111\u1ea5y c\u00e1c b\u1ea1n nh\u00e9.<\/p>\n<h3>3. R\u1ea5t t\u1ed1t trong vi\u1ec7c ch\u1eefa c\u1ea3m c\u00fam v\u00e0 b\u1ecb l\u1ea1nh<\/h3>\n<p>Tinh d\u1ea7u qu\u1ebf r\u1ea5t t\u1ed1t trong vi\u1ec7c ch\u1eefa c\u1ea3m c\u00fam v\u00e0 b\u1ecb l\u1ea1nh hay co th\u1eaft v\u00f9ng ng\u1ef1c ho\u1eb7c ch\u1eefa ch\u1ee9ng ho. D\u1ea7u qu\u1ebf c\u00f3 th\u1ec3 l\u00e0m d\u1eebng l\u1ea1i c\u01a1n ho c\u1ee7a b\u1ea1n trong m\u1ed9t v\u00e0i gi\u1edd.<\/p>\n<h3>4. Ch\u1eefa c\u00e1c ch\u1ee9ng b\u1ec7nh v\u1ec1 \u0111\u01b0\u1eddng ti\u00eau h\u00f3a<\/h3>\n<p><strong>Tinh d\u1ea7u qu\u1ebf<\/strong> c\u00f3 th\u1ec3 t\u1ea1o ra h\u01a1i ho\u1eb7c l\u00e0m co b\u00f3p, th\u00fac \u0111\u1ea9y h\u1ec7 ti\u00eau h\u00f3a ho\u1ea1t \u0111\u1ed9ng t\u1ed1t h\u01a1n sau c\u00e1c b\u1eefa \u0103n, th\u1eadm ch\u00ed c\u00f2n \u0111\u01b0\u1ee3c s\u1eed d\u1ee5ng ch\u1eefa \u0111au v\u1ec1 c\u01a1 b\u1eafp v\u00e0 ch\u1ee9ng ru\u1ed9t r\u00fat.<\/p>\n<p>Ch\u1eefa ch\u1ee9ng \u0111\u1ea7y b\u1ee5ng b\u1eb1ng c\u00e1ch b\u00f4i d\u1ea7u qu\u1ebf v\u00e0o b\u1ee5ng r\u1ed3i xoa b\u1ee5ng nh\u1eb9 nh\u00e0ng theo chi\u1ec1u kim \u0111\u1ed3ng h\u1ed3 kho\u1ea3ng 5 ph\u00fat \u0111\u1ebfn 10 ph\u00fat s\u1ebd h\u1ebft \u0111\u1ea7y b\u1ee5ng.<\/p>\n<h3>5. Ch\u1eefa \u0111au nh\u1ee9c x\u01b0\u01a1ng kh\u1edbp<strong><br \/>\n<\/strong><\/h3>\n<p>Nh\u1eefng ng\u01b0\u1eddi b\u1ecb b\u1ec7nh v\u1ec1 th\u1ea5p kh\u1edbp, nh\u1ea5t l\u00e0 ng\u01b0\u1eddi gi\u00e0 th\u01b0\u1eddng xuy\u00ean b\u1ecb \u0111au nh\u1ee9c x\u01b0\u01a1ng kh\u1edbp, \u0111au l\u01b0ng.<\/p>\n<p>Th\u01b0\u1eddng xuy\u00ean b\u00f4i tinh d\u1ea7u qu\u1ebf xoa b\u00f3p v\u00e0o ch\u1ed7 b\u1ecb \u0111au nh\u1ee9c \u0111\u00f3. Hi\u1ec7u qu\u1ea3 s\u1ebd r\u1ea5t b\u1ea5t ng\u1edd \u0111\u1ea5y.<\/p>\n<p>B\u1ea1n n\u00ean b\u00f4i v\u00e0o m\u00f9a \u0111\u00f4ng l\u00e0 t\u1ed1t nh\u1ea5t v\u00ec n\u1ebfu b\u00f4i v\u00e0o m\u00f9a h\u00e8 th\u00ec s\u1ebd b\u1ecb n\u00f3ng.<\/p>\n","protected":false},"excerpt":{"rendered":"<p><strong>Tinh d\u1ea7u qu\u1ebf<\/strong> c\u00f3 th\u1ec3 t\u1ea1o ra h\u01a1i ho\u1eb7c l\u00e0m co b\u00f3p, th\u00fac \u0111\u1ea9y h\u1ec7 ti\u00eau h\u00f3a ho\u1ea1t \u0111\u1ed9ng t\u1ed1t h\u01a1n sau c\u00e1c b\u1eefa \u0103n, th\u1eadm ch\u00ed c\u00f2n \u0111\u01b0\u1ee3c s\u1eed d\u1ee5ng ch\u1eefa \u0111au v\u1ec1 c\u01a1 b\u1eafp v\u00e0 ch\u1ee9ng ru\u1ed9t r\u00fat.<\/p>\n","protected":false},"featured_media":843,"comment_status":"open","ping_status":"closed","template":"","meta":[],"_links":{"self":[{"href":"https:\/\/webmaibinh.com\/w\/hatdieu\/wp-json\/wp\/v2\/product\/863"}],"collection":[{"href":"https:\/\/webmaibinh.com\/w\/hatdieu\/wp-json\/wp\/v2\/product"}],"about":[{"href":"https:\/\/webmaibinh.com\/w\/hatdieu\/wp-json\/wp\/v2\/types\/product"}],"replies":[{"embeddable":true,"href":"https:\/\/webmaibinh.com\/w\/hatdieu\/wp-json\/wp\/v2\/comments?post=863"}],"wp:featuredmedia":[{"embeddable":true,"href":"https:\/\/webmaibinh.com\/w\/hatdieu\/wp-json\/wp\/v2\/media\/843"}],"wp:attachment":[{"href":"https:\/\/webmaibinh.com\/w\/hatdieu\/wp-json\/wp\/v2\/media?parent=863"}],"curies":[{"name":"wp","href":"https:\/\/api.w.org\/{rel}","templated":true}]}}