{"id":322,"date":"2017-09-14T21:36:14","date_gmt":"2017-09-14T14:36:14","guid":{"rendered":"https:\/\/bizhostvn.com\/w\/hatdieu\/?post_type=product&#038;p=322"},"modified":"2017-11-28T14:15:05","modified_gmt":"2017-11-28T07:15:05","slug":"hat-oc-cho-my-500gr-nhap-khau-my","status":"publish","type":"product","link":"https:\/\/webmaibinh.com\/w\/hatdieu\/san-pham\/hat-oc-cho-my-500gr-nhap-khau-my\/","title":{"rendered":"H\u1ea1t \u00f3c ch\u00f3 M\u1ef9 500gr nh\u1eadp kh\u1ea9u M\u1ef9"},"content":{"rendered":"<div id=\"ProductDescription\" class=\"Block Moveable Panel ProductDescription\">\n<div class=\"ProductDescriptionContainer\">\n<p>IOPE t\u1ea1o ra Set v\u1eeba d\u01b0\u1ee1ng da v\u00e0 v\u1eeba trang \u0111i\u1ec3m l\u00e0m ti\u1ec7n \u00edch v\u00e0 gi\u00fap ch\u0103m s\u00f3c da m\u1ed9t c\u00e1ch ho\u00e0n h\u1ea3o nh\u1ea5t, \u00a0\u0111\u01b0\u1ee3c t\u1eadp trung \u0111\u1ea7u ti\u00ean t\u1ea1i c\u00e1c n\u01b0\u1edbc Ch\u00e2u \u00c2u v\u00e0 ti\u1ebfp \u0111\u1ebfn l\u00e0 kh\u1eafp th\u1ebf gi\u1edbi, \u0111\u01b0\u1ee3c nhi\u1ec1u ng\u01b0\u1eddi \u01b0u chu\u1ed9ng. C\u00e1c\u00a0 h\u00e3ng m\u1ef9 ph\u1ea9m kh\u00e1c li\u00ean t\u1ee5c cho ra \u0111\u1eddi c\u00e1c lo\u1ea1i cushion nh\u01b0ng ph\u1ea5n n\u01b0\u1edbc IOPE v\u1eabn l\u00e0 s\u1ef1 l\u1ef1a ch\u1ecdn s\u1ed1 1 c\u1ee7a ch\u1ecb em.<\/p>\n<\/div>\n<\/div>\n<div id=\"ProductDescription\" class=\"Block Moveable Panel ProductDescription\">\n<div class=\"ProductDescriptionContainer\">\n<p><strong>1- N\u01b0\u1edbc hoa h\u1ed3ng<\/strong>:<\/p>\n<p>L\u00e0m s\u1ea1ch s\u00e2u b\u00ean trong da, \u0111em l\u1ea1i s\u1ef1 th\u00f4ng tho\u00e1ng cho ph\u1ea7n l\u1ed7 ch\u00e2n l\u00f4ng, gi\u00fap da c\u00f3 th\u1ec3 th\u1ea9n th\u1ea5u c\u00e1c d\u01b0\u1ee1ng ch\u1ea5t nhanh v\u00e0 hi\u1ec7u qu\u1ea3 h\u01a1n.<\/p>\n<div id=\"ProductDescription\" class=\"Block Moveable Panel ProductDescription\">\n<div class=\"ProductDescriptionContainer\">\n<p><strong>2- Emulsion \u2013 s\u1eefa d\u01b0\u1ee1ng<\/strong>:<\/p>\n<p>Cung c\u1ea5p n\u01b0\u1edbc \u0111\u1ea7y \u0111\u1ee7 cho da, gi\u00fap da \u0111\u01b0\u1ee3c c\u0103ng m\u1ecdng tr\u00e0n \u0111\u1ea7y s\u1ee9c s\u1ed1ng. K\u1ebft h\u1ee3p v\u1edbi kem d\u01b0\u1ee1ng gi\u00fap da kho\u1ebb v\u00e0 s\u00e1ng d\u1ea7n l\u00ean<\/p>\n<p><strong>3- Cream- kem d\u01b0\u1ee1ng da:<\/strong><\/p>\n<p>\u0110\u00e2y s\u1ebd\u00a0l\u00e0 b\u01b0\u1edbc d\u01b0\u1ee1ng \u0111\u1ea7y \u0111\u1ee7 ti\u1ebfp theo sau s\u1eefa d\u01b0\u1ee1ng. Da b\u1ea1n s\u1ebd \u0111\u01b0\u1ee3c c\u1ea5p n\u01b0\u1edbc ho\u00e0n h\u1ea3o c\u0103ng m\u1ecbn v\u00e0 t\u00e1i t\u1ea1o da, gi\u00fap da ko b\u1ecb l\u00e3o ho\u00e1 \u2013<\/p>\n<\/div>\n<\/div>\n<\/div>\n<\/div>\n","protected":false},"excerpt":{"rendered":"<p>Gi\u00fap m\u00e1t gan, th\u00f4ng m\u1eadt, l\u1ee3i ti\u1ec3u.\u00a0Gi\u00fap l\u00e0m \u0111\u1eb9p da ch\u1ed1ng l\u00e3o h\u00f3a.\u00a0Th\u00f4ng m\u1eadt, l\u1ee3i ti\u1ec3u.\u00a0M\u00e1t gan<\/p>\n","protected":false},"featured_media":853,"comment_status":"open","ping_status":"closed","template":"","meta":[],"_links":{"self":[{"href":"https:\/\/webmaibinh.com\/w\/hatdieu\/wp-json\/wp\/v2\/product\/322"}],"collection":[{"href":"https:\/\/webmaibinh.com\/w\/hatdieu\/wp-json\/wp\/v2\/product"}],"about":[{"href":"https:\/\/webmaibinh.com\/w\/hatdieu\/wp-json\/wp\/v2\/types\/product"}],"replies":[{"embeddable":true,"href":"https:\/\/webmaibinh.com\/w\/hatdieu\/wp-json\/wp\/v2\/comments?post=322"}],"wp:featuredmedia":[{"embeddable":true,"href":"https:\/\/webmaibinh.com\/w\/hatdieu\/wp-json\/wp\/v2\/media\/853"}],"wp:attachment":[{"href":"https:\/\/webmaibinh.com\/w\/hatdieu\/wp-json\/wp\/v2\/media?parent=322"}],"curies":[{"name":"wp","href":"https:\/\/api.w.org\/{rel}","templated":true}]}}