{"id":318,"date":"2017-09-14T21:30:44","date_gmt":"2017-09-14T14:30:44","guid":{"rendered":"https:\/\/bizhostvn.com\/w\/hatdieu\/?post_type=product&#038;p=318"},"modified":"2017-11-28T14:17:36","modified_gmt":"2017-11-28T07:17:36","slug":"hat-dieu-vo-hon-hop-boc-vo-rang-muoi-500gr","status":"publish","type":"product","link":"https:\/\/webmaibinh.com\/w\/hatdieu\/san-pham\/hat-dieu-vo-hon-hop-boc-vo-rang-muoi-500gr\/","title":{"rendered":"H\u1ea1t \u0111i\u1ec1u v\u1ee1 h\u1ed7n h\u1ee3p b\u00f3c v\u1ecf rang mu\u1ed1i 500gr"},"content":{"rendered":"<ul>\n<li><strong>Th\u1ef1c Ph\u1ea9m Ch\u1ee9c N\u0103ng Vi\u00ean U\u1ed1ng T\u0103ng C\u01b0\u1eddng Sinh L\u00fd Nam Omexxel Libido (H\u1ed9p 30 vi\u00ean) <\/strong>&#8211; S\u1ea3n ph\u1ea9m b\u1ed5 sung tinh ch\u1ea5t nh\u00e2n s\u00e2m \u0111\u1ecf H\u00e0n qu\u1ed1c (panax ginseng), ginkgo biloba, tribulus, maca, horny goat weed, vitamin v\u00e0 kho\u00e1ng ch\u1ea5t.<\/li>\n<li>B\u1ed3i b\u1ed5 s\u1ee9c kh\u1ecfe, t\u0103ng l\u1ef1c, ch\u1ed1ng l\u1ea1i t\u00ecnh tr\u1ea1ng m\u1ec7t m\u1ecfi c\u1ea3 th\u1ec3 ch\u1ea5t l\u1eabn tinh th\u1ea7n, \u0103n ngon, ng\u1ee7 t\u1ed1t.<\/li>\n<li>H\u1ed7 tr\u1ee3 \u0111i\u1ec1u tr\u1ecb suy tu\u1ea7n ho\u00e0n n\u00e3o v\u1edbi c\u00e1c bi\u1ec3u hi\u1ec7n nh\u01b0: nh\u1ee9c \u0111\u1ea7u, ch\u00f3ng m\u1eb7t, \u00f9 tai, hoa m\u1eaft, r\u1ed1i lo\u1ea1n ti\u1ec1n \u0111\u00ecnh, r\u1ed1i lo\u1ea1n gi\u1ea5c ng\u1ee7, m\u1ea5t t\u1eadp trung, gi\u1ea3m tr\u00ed nh\u1edb, gi\u1ea3m th\u00ednh l\u1ef1c, r\u1ed1i lo\u1ea1n c\u1ea3m x\u00fac.<\/li>\n<li>T\u0103ng ti\u1ebft hormon sinh d\u1ee5c nam, t\u0103ng c\u01b0\u1eddng sinh l\u1ef1c, t\u0103ng s\u1ed1 l\u01b0\u1ee3ng v\u00e0 ch\u1ea5t l\u01b0\u1ee3ng tinh tr\u00f9ng, t\u0103ng c\u01b0\u1eddng ch\u1ee9c n\u0103ng sinh l\u00fd nam gi\u1edbi, l\u00e0m ch\u1eadm qu\u00e1 tr\u00ecnh m\u00e3n d\u1ee5c nam.<\/li>\n<li>H\u1ed7 tr\u1ee3 \u0111i\u1ec1u tr\u1ecb suy nh\u01b0\u1ee3c c\u01a1 th\u1ec3, xu\u1ea5t tinh s\u1edbm, di tinh, m\u1ed9ng tinh, suy gi\u1ea3m ch\u1ee9c n\u0103ng sinh l\u00fd t\u00ecnh d\u1ee5c, r\u1ed1i lo\u1ea1n c\u01b0\u01a1ng d\u01b0\u01a1ng.<\/li>\n<li>Ch\u1ed1ng oxy h\u00f3a, ch\u1ed1ng l\u00e3o h\u00f3a, t\u0103ng s\u1ee9c \u0111\u1ec1 kh\u00e1ng, t\u0103ng kh\u1ea3 n\u0103ng mi\u1ec5n d\u1ecbch c\u1ee7a c\u01a1 th\u1ec3.<\/li>\n<li>H\u1ed7 tr\u1ee3 \u0111i\u1ec1u tr\u1ecb gi\u1ea3m cholesterol trong m\u00e1u, ph\u00f2ng ng\u1eeba v\u00e0 c\u1ea3i thi\u1ec7n c\u00e1c b\u1ec7nh l\u00fd c\u1ee7a l\u1ee9a tu\u1ed5i trung ni\u00ean nh\u01b0: tim m\u1ea1ch, stress, suy nh\u01b0\u1ee3c, b\u00e9o ph\u00ec, \u0111\u00e1i th\u00e1o \u0111\u01b0\u1eddng, t\u0103ng c\u01b0\u1eddng ch\u1ee9c n\u0103ng gan, b\u1ed5 m\u1eaft.<\/li>\n<\/ul>\n<p><strong>\u0110\u1ed1i t\u01b0\u1ee3ng s\u1eed d\u1ee5ng<\/strong><\/p>\n<p>&nbsp;<\/p>\n<ul>\n<li>Ng\u01b0\u1eddi c\u00f3 th\u1ec3 tr\u1ea1ng y\u1ebfu, m\u1ec7t m\u1ecfi, m\u1edbi \u1ed1m d\u1eady, suy nh\u01b0\u1ee3c c\u01a1 th\u1ec3, th\u1ea7n kinh, suy tu\u1ea7n ho\u00e0n n\u00e3o.<\/li>\n<li>Ng\u01b0\u1eddi l\u00e0m vi\u1ec7c n\u1eb7ng nh\u1ecdc, ho\u1eb7c c\u0103ng th\u1eb3ng, ch\u1ecbu \u00e1p l\u1ef1c cao, d\u1ec5 b\u1ecb stress.<\/li>\n<li>Ng\u01b0\u1eddi trung ni\u00ean, ng\u01b0\u1eddi cao tu\u1ed5i, c\u00f3 nguy c\u01a1 m\u1eafc b\u1ec7nh th\u1eadn, tim m\u1ea1ch, stress, b\u00e9o<\/li>\n<li>ph\u00ec.<\/li>\n<li>Ng\u01b0\u1eddi b\u1ecb suy gi\u1ea3m ch\u1ee9c n\u0103ng sinh l\u00fd t\u00ecnh d\u1ee5c, c\u00f3 bi\u1ec3u hi\u1ec7n m\u00e3n d\u1ee5c nam s\u1edbm: gi\u1ea3m ti\u1ebft Hormone sinh d\u1ee5c nam n\u1ed9i sinh, r\u1ed1i lo\u1ea1n c\u01b0\u01a1ng d\u01b0\u01a1ng, xu\u1ea5t tinh s\u1edbm, di tinh, m\u1ed9ng tinh.<\/li>\n<\/ul>\n","protected":false},"excerpt":{"rendered":"<p>B\u1ed3i b\u1ed5 s\u1ee9c kh\u1ecfe, t\u0103ng l\u1ef1c.\u00a0H\u1ed7 tr\u1ee3 \u0111i\u1ec1u tr\u1ecb suy tu\u1ea7n ho\u00e0n n\u00e3o.\u00a0T\u0103ng ti\u1ebft hormon sinh d\u1ee5c nam, t\u0103ng c\u01b0\u1eddng sinh l\u1ef1c.\u00a0Ch\u1ed1ng oxy h\u00f3a, ch\u1ed1ng l\u00e3o h\u00f3a<\/p>\n","protected":false},"featured_media":855,"comment_status":"open","ping_status":"closed","template":"","meta":[],"_links":{"self":[{"href":"https:\/\/webmaibinh.com\/w\/hatdieu\/wp-json\/wp\/v2\/product\/318"}],"collection":[{"href":"https:\/\/webmaibinh.com\/w\/hatdieu\/wp-json\/wp\/v2\/product"}],"about":[{"href":"https:\/\/webmaibinh.com\/w\/hatdieu\/wp-json\/wp\/v2\/types\/product"}],"replies":[{"embeddable":true,"href":"https:\/\/webmaibinh.com\/w\/hatdieu\/wp-json\/wp\/v2\/comments?post=318"}],"wp:featuredmedia":[{"embeddable":true,"href":"https:\/\/webmaibinh.com\/w\/hatdieu\/wp-json\/wp\/v2\/media\/855"}],"wp:attachment":[{"href":"https:\/\/webmaibinh.com\/w\/hatdieu\/wp-json\/wp\/v2\/media?parent=318"}],"curies":[{"name":"wp","href":"https:\/\/api.w.org\/{rel}","templated":true}]}}