{"id":283,"date":"2017-09-14T20:53:34","date_gmt":"2017-09-14T13:53:34","guid":{"rendered":"https:\/\/bizhostvn.com\/w\/hatdieu\/?post_type=product&#038;p=283"},"modified":"2019-11-30T06:24:13","modified_gmt":"2019-11-29T23:24:13","slug":"hat-dieu-vo-hon-hop-con-vo-lua-rang-muoi-500gr","status":"publish","type":"product","link":"https:\/\/webmaibinh.com\/w\/hatdieu\/san-pham\/hat-dieu-vo-hon-hop-con-vo-lua-rang-muoi-500gr\/","title":{"rendered":"H\u1ea1t \u0111i\u1ec1u v\u1ee1 h\u1ed7n h\u1ee3p c\u00f2n v\u1ecf l\u1ee5a rang mu\u1ed1i 500gr"},"content":{"rendered":"<div id=\"ProductDescription\" class=\"Block Moveable Panel ProductDescription\">\n<div class=\"ProductDescriptionContainer\">\n<p>\u2013\u00a0<strong>Kh\u1ed1i l\u01b0\u1ee3ng:<\/strong> 500gram<\/p>\n<p><strong>\u2013 H\u1ea1n s\u1eed d\u1ee5ng:<\/strong> 1 n\u0103m.\u00a0\u0102n kh\u00f4ng h\u1ebft th\u00ec \u0111\u1ec3 t\u1ee7 l\u1ea1nh ng\u0103n m\u00e1t, h\u1ea1t s\u1ebd gi\u1eef \u0111\u1ed9 gi\u00f2n m\u00e3i lu\u00f4n \u1ea1<\/p>\n<p><strong>\u2013 Ng\u00e0y s\u1ea3n xu\u1ea5t:<\/strong> L\u00ea ch\u1ec9 rang trong tu\u1ea7n, b\u00e1n h\u1ebft r\u1ed3i m\u1edbi rang l\u1ea1i \u1ea1. N\u00ean kh\u00f4ng bao gi\u1edd b\u00e1n h\u00e0ng c\u0169 qu\u00e1 1 th\u00e1ng kh\u00e1ch h\u00e0ng nh\u00e9, d\u00f9 s\u1ea3n ph\u1ea9m h\u1ea1n s\u1eed d\u1ee5ng t\u1edbi 1 n\u0103m l\u1eadn \u1ea1. R\u1ea5t nhi\u1ec1u\u00a0n\u01a1i kh\u00e1c \u00a0b\u00e1n h\u00e0ng \u00edt nh\u1ea5t \u0111\u00e3 rang m\u1ea5y th\u00e1ng r\u1ed3i \u1ea1 v\u00e0 b\u00e1n h\u00e0ng c\u0169 \u0111\u1ea5y \u1ea1.<\/p>\n<p><strong>\u2013 C\u00e1ch s\u1eed d\u1ee5ng:<\/strong> h\u1ea1t \u0111i\u1ec1u rang s\u1eb5n r\u1ed3i, c\u00e1c b\u1ea1n ch\u1ec9 c\u1ea7n b\u00f3c nh\u1eb9 c\u00e1i v\u1ecf l\u1ee5a l\u00e0 \u0103n tr\u1ef1c ti\u1ebfp lu\u00f4n nh\u00e9<\/p>\n<ul>\n<li><strong>T\u1ef7 l\u1ec7 v\u1ee1 l\u00e0:<\/strong> 50% v\u1ee1 \u0111\u00f4i, 20% v\u1ee1 ba, 20% v\u1ee1 t\u01b0, 10% v\u1ee1 v\u1ee5n, v\u1ecb m\u1eb7n h\u01a1n h\u1ea1t nguy\u00ean, v\u00e0 \u0111\u1ed9 ngon = 75% so v\u1edbi h\u1ea1t nguy\u00ean, n\u00ean h\u1ea1t nguy\u00ean l\u00e0 ngon nh\u1ea5t, h\u1ea1t v\u1ee1 \u0103n kh\u00e1ch b\u1ea3o r\u1eb1ng v\u1eabn r\u1ea5t ngon \u0111\u00f3 \u1ea1.<\/li>\n<\/ul>\n<p><strong>\u2013 B\u1ea3o h\u00e0nh:<\/strong>\u00a0L\u00ea b\u00e1n h\u00e0ng b\u1eb1ng c\u00e1i t\u00e2m, n\u1ebfu c\u00e1c b\u1ea1n kh\u00f4ng h\u00e0i l\u00f2ng, L\u00ea xin s\u1eb5n s\u00e0ng ho\u00e0n l\u1ea1i ti\u1ec1n cho kh\u00e1ch h\u00e0ng \u1ea1. Giao h\u00e0ng c\u00e1c b\u1ea1n c\u1ee9 ki\u1ec3m tra h\u00e0ng, \u0103n th\u1eed n\u1ebfu mu\u1ed1n, n\u1ebfu kh\u00f4ng h\u00e0i l\u00f2ng c\u1ee9 t\u1eeb ch\u1ed1i nh\u1eadn, kh\u00f4ng m\u1ea5t ph\u00ed g\u00ec h\u1ebft \u1ea1.<\/p>\n<ul>\n<li>T\u1ef7 l\u1ec7 h\u1ea1t kh\u00f4ng \u0111\u1ea1t ch\u1ea5t l\u01b0\u1ee3ng: &lt;3%. N\u1ebfu t\u1ef7 \u00a0v\u01b0\u1ee3t t\u1ef7 l\u1ec7 n\u00e0y, c\u00e1c anh ch\u1ecb c\u1ee9 \u0111\u1ed5i tr\u1ea3, L\u00ea xin cam k\u1ebft ho\u00e0n ti\u1ec1n l\u1ea1i \u1ea1.<\/li>\n<\/ul>\n<\/div>\n<\/div>\n","protected":false},"excerpt":{"rendered":"<p>MI\u1ec4N PH\u00cd \u0111\u01a1n h\u00e0ng cho \u0111\u01a1n h\u00e0ng tr\u00ean 200k chuy\u1ec3n ti\u1ec1n tr\u01b0\u1edbc.\u00a0MI\u1ec4N PH\u00cd \u0111\u01a1n h\u00e0ng khi mua 2 s\u1ea3n ph\u1ea9m nh\u1ecf h\u01a1n 20g.<\/p>\n","protected":false},"featured_media":848,"comment_status":"open","ping_status":"closed","template":"","meta":[],"_links":{"self":[{"href":"https:\/\/webmaibinh.com\/w\/hatdieu\/wp-json\/wp\/v2\/product\/283"}],"collection":[{"href":"https:\/\/webmaibinh.com\/w\/hatdieu\/wp-json\/wp\/v2\/product"}],"about":[{"href":"https:\/\/webmaibinh.com\/w\/hatdieu\/wp-json\/wp\/v2\/types\/product"}],"replies":[{"embeddable":true,"href":"https:\/\/webmaibinh.com\/w\/hatdieu\/wp-json\/wp\/v2\/comments?post=283"}],"wp:featuredmedia":[{"embeddable":true,"href":"https:\/\/webmaibinh.com\/w\/hatdieu\/wp-json\/wp\/v2\/media\/848"}],"wp:attachment":[{"href":"https:\/\/webmaibinh.com\/w\/hatdieu\/wp-json\/wp\/v2\/media?parent=283"}],"curies":[{"name":"wp","href":"https:\/\/api.w.org\/{rel}","templated":true}]}}