{"id":273,"date":"2017-09-14T20:39:36","date_gmt":"2017-09-14T13:39:36","guid":{"rendered":"https:\/\/bizhostvn.com\/w\/hatdieu\/?post_type=product&#038;p=273"},"modified":"2017-11-28T14:11:54","modified_gmt":"2017-11-28T07:11:54","slug":"hat-dieu-rang-muoi-boc-vo-chuyen-nghiep-500gr","status":"publish","type":"product","link":"https:\/\/webmaibinh.com\/w\/hatdieu\/san-pham\/hat-dieu-rang-muoi-boc-vo-chuyen-nghiep-500gr\/","title":{"rendered":"H\u1ea1t \u0111i\u1ec1u rang mu\u1ed1i b\u00f3c v\u1ecf nguy\u00ean h\u1ea1t 500gr"},"content":{"rendered":"<p><strong>\u2013 Kh\u1ed1i l\u01b0\u1ee3ng:<\/strong> 500gr\/t\u00fai<\/p>\n<p><strong>\u2013 H\u1ea1n s\u1eed d\u1ee5ng:<\/strong> 1 n\u0103m, nh\u01b0ng L\u00ca khuy\u00ean n\u00ean ch\u1ecdn lo\u1ea1i n\u00e0o s\u1ea3n xu\u1ea5t tr\u01b0\u1edbc 4 th\u00e1ng, v\u00e0 khi khui ra r\u1ed3i th\u00ec ph\u1ea3i \u0103n tr\u01b0\u1edbc 1 th\u00e1ng m\u1edbi ngon nh\u1ea5t nha, n\u01a1i n\u00e0o b\u00e1n m\u00e0 \u0111\u1ec3 l\u00e2u sau 4 th\u00e1ng L\u00ca b\u1ea3o \u0111\u1ea3m \u0103n c\u1ef1c k\u00ec d\u1edf lu\u00f4n. \u0110\u1eb7c bi\u1ec7t mu\u1ed1i c\u1ef1c \u00edt m\u1ee5c \u0111\u00edch t\u0103ng s\u1ef1 \u0111\u1eadm \u0111\u00e0 cho h\u1ea1t th\u00f4i, kh\u00f4ng h\u1ec1 b\u1ecb m\u1eb7n, ng\u01b0\u1eddi gi\u00e0, tr\u1ebb em v\u00e0 ng\u01b0\u1eddi ch\u00e2u \u00c2u \u0103n r\u1ea5t th\u00edch.<\/p>\n<p><strong>\u2013 C\u00e1ch s\u1eed d\u1ee5ng:<\/strong> \u00a0\u0103n tr\u1ef1c ti\u1ebfp lu\u00f4n nh\u00e9, ngon l\u1eafm \u0111\u00f3 . \u0102n kh\u00f4ng h\u1ebft th\u00ec \u0111\u1ec3 t\u1ee7 l\u1ea1nh ng\u0103n m\u00e1t, h\u1ea1t s\u1ebd gi\u1eef \u0111\u1ed9 gi\u00f2n m\u00e3i lu\u00f4n \u1ea1. ( anh ch\u1ecb \u0111\u1eebng so s\u00e1nh lo\u1ea1i nh\u00e0 L\u00ea v\u1edbi m\u1ea5y lo\u1ea1i h\u1ea1t \u0111i\u1ec1u c\u00e1c ch\u1ed7 kh\u00e1c nh\u1eadp t\u1eeb Ch\u00e2u Phi m\u00e0 t\u1ed9i L\u00ea nha, \u0111\u00f3 l\u00e0 lo\u1ea1i kh\u00e1c, gi\u00e1 r\u1ebb h\u01a1n r\u1ea5t nhi\u1ec1u nh\u01b0ng \u0103n th\u00ec L\u00ea b\u1ea3o \u0111\u1ea3m lo\u1ea1i \u0111\u00f3 c\u1ef1c k\u00ec d\u1edf lu\u00f4n, b\u1edf, ko b\u00e9o, nh\u1ea1t nh\u1ebdo. Ai s\u00e0nh \u0103n bi\u1ebft ngay \u1ea1)<\/p>\n<p><strong>\u2013 Ng\u00e0y s\u1ea3n xu\u1ea5t:<\/strong> L\u00ea ch\u1ec9 rang trong tu\u1ea7n, b\u00e1n h\u1ebft r\u1ed3i m\u1edbi rang l\u1ea1i \u1ea1. N\u00ean kh\u00f4ng bao gi\u1edd b\u00e1n h\u00e0ng c\u0169 qu\u00e1 1 th\u00e1ng kh\u00e1ch h\u00e0ng nh\u00e9, d\u00f9 s\u1ea3n ph\u1ea9m h\u1ea1n s\u1eed d\u1ee5ng t\u1edbi 1 n\u0103m l\u1eadn \u1ea1. R\u1ea5t nhi\u1ec1u n\u01a1i kh\u00e1c b\u00e1n h\u00e0ng \u00edt nh\u1ea5t \u0111\u00e3 rang m\u1ea5y th\u00e1ng r\u1ed3i \u1ea1 v\u00e0 b\u00e1n h\u00e0ng c\u0169 \u0111\u1ea5y \u1ea1.<\/p>\n<p><strong>\u2013 B\u1ea3o h\u00e0nh:<\/strong> L\u00ea b\u00e1n h\u00e0ng b\u1eb1ng c\u00e1i t\u00e2m, n\u1ebfu c\u00e1c b\u1ea1n kh\u00f4ng h\u00e0i l\u00f2ng, L\u00ea xin s\u1eb5n s\u00e0ng ho\u00e0n l\u1ea1i ti\u1ec1n cho kh\u00e1ch h\u00e0ng \u1ea1. Giao h\u00e0ng t\u1edbi c\u00e1c b\u1ea1n c\u1ee9 ki\u1ec3m tra k\u0129 th\u1eadt k\u0129 v\u00e0o, ho\u1eb7c \u0103n th\u1eed n\u1ebfu mu\u1ed1n, kh\u00f4ng h\u00e0i l\u00f2ng c\u1ee9 t\u1eeb ch\u1ed1i nh\u1eadn h\u00e0ng, kh\u00f4ng m\u1ea5t ship ho\u1eb7c b\u1ea5t k\u00ec kho\u1ea3n ph\u00ed g\u00ec \u0111\u00e2u \u1ea1. N\u00ean y\u00ean t\u00e2m nha.<\/p>\n","protected":false},"excerpt":{"rendered":"<p>C\u00e1c s\u1ea3n ph\u1ea9m d\u01b0\u1ee1ng da t\u1eeb Ph\u00e1p lu\u00f4n \u0111\u01b0\u1ee3c c\u00e1c n\u00e0ng tin t\u01b0\u1edfng, ngay c\u1ea3 nh\u1eefng b\u1ea1n kh\u00f3 t\u00ednh nh\u1ea5t b\u1edfi ch\u1ea5t l\u01b0\u1ee3ng v\u00e0 \u0111\u1ed9 an to\u00e0n, do \u0111\u01b0\u1ee3c ki\u1ec3m \u0111\u1ecbnh v\u00f4 c\u00f9ng g\u1eaft gao.<\/p>\n","protected":false},"featured_media":850,"comment_status":"open","ping_status":"closed","template":"","meta":[],"_links":{"self":[{"href":"https:\/\/webmaibinh.com\/w\/hatdieu\/wp-json\/wp\/v2\/product\/273"}],"collection":[{"href":"https:\/\/webmaibinh.com\/w\/hatdieu\/wp-json\/wp\/v2\/product"}],"about":[{"href":"https:\/\/webmaibinh.com\/w\/hatdieu\/wp-json\/wp\/v2\/types\/product"}],"replies":[{"embeddable":true,"href":"https:\/\/webmaibinh.com\/w\/hatdieu\/wp-json\/wp\/v2\/comments?post=273"}],"wp:featuredmedia":[{"embeddable":true,"href":"https:\/\/webmaibinh.com\/w\/hatdieu\/wp-json\/wp\/v2\/media\/850"}],"wp:attachment":[{"href":"https:\/\/webmaibinh.com\/w\/hatdieu\/wp-json\/wp\/v2\/media?parent=273"}],"curies":[{"name":"wp","href":"https:\/\/api.w.org\/{rel}","templated":true}]}}