{"id":190,"date":"2017-09-14T14:23:18","date_gmt":"2017-09-14T07:23:18","guid":{"rendered":"https:\/\/bizhostvn.com\/w\/hatdieu\/?post_type=product&#038;p=190"},"modified":"2017-11-28T14:08:12","modified_gmt":"2017-11-28T07:08:12","slug":"hanh-nhan-rang-bo-400gr-loai-vo-mong","status":"publish","type":"product","link":"https:\/\/webmaibinh.com\/w\/hatdieu\/san-pham\/hanh-nhan-rang-bo-400gr-loai-vo-mong\/","title":{"rendered":"H\u1ea1nh nh\u00e2n rang b\u01a1 400gr lo\u1ea1i v\u1ecf m\u1ecfng"},"content":{"rendered":"<p><strong>Kh\u1ed1i l\u01b0\u1ee3ng:<\/strong>\u00a0400g\/t\u00fai ch\u00e2n kh\u00f4ng.<\/p>\n<p><strong>H\u1ea1n s\u1eed d\u1ee5ng:<\/strong>\u00a01 n\u0103m. MI\u1ec4N PH\u00cd V\u1eacN CHUY\u1ec2N 1KG<\/p>\n<p><strong>\u2013 C\u00e1ch s\u1eed d\u1ee5ng: <\/strong>\u0103n tr\u1ef1c ti\u1ebfp. C\u00f3 hai lo\u1ea1i, rang b\u01a1 mu\u1ed1i v\u00e0 rang b\u01a1 \u0111\u01b0\u1eddng, b\u01a1 mu\u1ed1i th\u00ec c\u00e1c b\u1ea1n mua cho\u00a0 \u00f4ng x\u00e3 nh\u1eafm r\u01b0\u1ee3u ho\u1eb7c ti\u1ebfp kh\u00e1ch th\u00ec c\u1ef1c k\u00ec ngon. C\u00f2n rang b\u01a1 \u0111\u01b0\u1eddng th\u00ec h\u1ee3p cho c\u00e1c ch\u1ecb em ph\u1ee5 n\u1eef. \u0102n c\u1ef1c k\u00ec gi\u00f2n v\u00e0 th\u01a1m l\u1eafm, lo\u1ea1i n\u00e0y \u0103n r\u1ea5t d\u1ec5 nghi\u1ec7n.<\/p>\n<p><strong>\u2013 Nh\u1eadp kh\u1ea9u: <\/strong>h\u00e0ng n\u00e0y nh\u1eadp kh\u1ea9u tr\u1ef1c ti\u1ebfp t\u1eeb M\u1ef9 v\u1ec1, nguy\u00ean c\u00f4ng nguy\u00ean ki\u1ec7n n\u00ean c\u1ef1c k\u00ec ch\u1ea5t l\u01b0\u1ee3ng, \u0111\u1ea7y \u0111\u1ee7 gi\u1ea5y ph\u00e9p ch\u1ee9ng nh\u1eadn ngu\u1ed3n g\u1ed1c xu\u1ea5t x\u1ee9, n\u00ean c\u00e1c b\u1ea1n y\u00ean t\u00e2m nh\u00e9<\/p>\n<p><strong>\u2013 B\u1ea3o h\u00e0nh:<\/strong>\u00a0L\u00ea b\u00e1n h\u00e0ng b\u1eb1ng c\u00e1i t\u00e2m, n\u1ebfu c\u00e1c b\u1ea1n kh\u00f4ng h\u00e0i l\u00f2ng, L\u00ea xin s\u1eb5n s\u00e0ng ho\u00e0n l\u1ea1i ti\u1ec1n cho kh\u00e1ch h\u00e0ng \u1ea1. Giao h\u00e0ng t\u1edbi c\u00e1c b\u1ea1n c\u1ee9 ki\u1ec3m tra k\u0129 th\u1eadt k\u0129 v\u00e0o, ho\u1eb7c \u0103n th\u1eed n\u1ebfu mu\u1ed1n, kh\u00f4ng h\u00e0i l\u00f2ng c\u1ee9 t\u1eeb ch\u1ed1i nh\u1eadn h\u00e0ng, kh\u00f4ng m\u1ea5t ship ho\u1eb7c b\u1ea5t k\u00ec kho\u1ea3n ph\u00ed g\u00ec \u0111\u00e2u \u1ea1. N\u00ean y\u00ean t\u00e2m nha. H\u00e0ng r\u1ea5t ngon \u0111\u1ea5y \u1ea1.<\/p>\n<p>\u2013 Ho\u1eb7c \u0111\u1ec3 l\u1ea1i l\u1eddi nh\u1eafn trong khung commment k\u00e8m s\u1ed1 \u0111i\u1ec7n tho\u1ea1i, L\u00ea nh\u1ea5t \u0111\u1ecbnh s\u1ebd g\u1ecdi l\u1ea1i \u1ea1.<br \/>\nN\u1ebfu kh\u00e1ch h\u00e0ng g\u1ecdi L\u00ea ch\u01b0a k\u1ecbp b\u1eaft m\u00e1y ( \u0111\u1ec3 nh\u1ee1 ) th\u00ec nh\u1eafn tin cho L\u00ea nh\u00e9, L\u00ea nh\u1ea5t \u0111\u1ecbnh s\u1ebd g\u1ecdi l\u1ea1i cho c\u00e1c b\u1ea1n.<\/p>\n<p>&nbsp;<\/p>\n","protected":false},"excerpt":{"rendered":"<p>Dionel secret love \u0111ang l\u00e0 n\u01b0\u1edbc hoa v\u00f9ng k\u00edn \u0111a n\u0103ng v\u1edbi 2 c\u00f4ng d\u1ee5ng ch\u1ec9 c\u1ea7n 1 -2 gi\u1ecdt v\u1eeba l\u00e0m s\u1ea1ch, v\u1eeba mang l\u1ea1i h\u01b0\u01a1ng th\u01a1m d\u1ecbu nh\u1eb9, quy\u1ebfn r\u0169. V\u1edbi chi\u1ebft xu\u1ea5t t\u1eeb c\u00e1c th\u00e0nh ph\u1ea7n thi\u00ean nhi\u00ean nh\u01b0 tinh d\u1ea7u hoa anh th\u1ea3o, chi\u1ebft xu\u1ea5t ho\u1eafc h\u01b0\u01a1ng \u2026<\/p>\n","protected":false},"featured_media":845,"comment_status":"open","ping_status":"closed","template":"","meta":[],"_links":{"self":[{"href":"https:\/\/webmaibinh.com\/w\/hatdieu\/wp-json\/wp\/v2\/product\/190"}],"collection":[{"href":"https:\/\/webmaibinh.com\/w\/hatdieu\/wp-json\/wp\/v2\/product"}],"about":[{"href":"https:\/\/webmaibinh.com\/w\/hatdieu\/wp-json\/wp\/v2\/types\/product"}],"replies":[{"embeddable":true,"href":"https:\/\/webmaibinh.com\/w\/hatdieu\/wp-json\/wp\/v2\/comments?post=190"}],"wp:featuredmedia":[{"embeddable":true,"href":"https:\/\/webmaibinh.com\/w\/hatdieu\/wp-json\/wp\/v2\/media\/845"}],"wp:attachment":[{"href":"https:\/\/webmaibinh.com\/w\/hatdieu\/wp-json\/wp\/v2\/media?parent=190"}],"curies":[{"name":"wp","href":"https:\/\/api.w.org\/{rel}","templated":true}]}}