{"id":37,"date":"2017-09-14T04:26:34","date_gmt":"2017-09-14T04:26:34","guid":{"rendered":"https:\/\/bizhostvn.com\/w\/hatdieu\/?page_id=37"},"modified":"2017-09-15T01:51:37","modified_gmt":"2017-09-14T18:51:37","slug":"dat-hang","status":"publish","type":"page","link":"https:\/\/webmaibinh.com\/w\/hatdieu\/dat-hang\/","title":{"rendered":"\u0110\u1eb7t h\u00e0ng"},"content":{"rendered":"<div class=\"row row-small\"  id=\"row-460207118\">\n\n\t<div id=\"col-486850787\" class=\"col medium-8 small-12 large-8\"  >\n\t\t<div class=\"col-inner\"  >\n\t\t\t\n\t\t\t\n<div role=\"form\" class=\"wpcf7\" id=\"wpcf7-f719-o1\" lang=\"vi\" dir=\"ltr\">\n<div class=\"screen-reader-response\"><p role=\"status\" aria-live=\"polite\" aria-atomic=\"true\"><\/p> <ul><\/ul><\/div>\n<form action=\"\/w\/hatdieu\/wp-json\/wp\/v2\/pages\/37#wpcf7-f719-o1\" method=\"post\" class=\"wpcf7-form init\" novalidate=\"novalidate\" data-status=\"init\">\n<div style=\"display: none;\">\n<input type=\"hidden\" name=\"_wpcf7\" value=\"719\" \/>\n<input type=\"hidden\" name=\"_wpcf7_version\" value=\"5.3\" \/>\n<input type=\"hidden\" name=\"_wpcf7_locale\" value=\"vi\" \/>\n<input type=\"hidden\" name=\"_wpcf7_unit_tag\" value=\"wpcf7-f719-o1\" \/>\n<input type=\"hidden\" name=\"_wpcf7_container_post\" value=\"0\" \/>\n<input type=\"hidden\" name=\"_wpcf7_posted_data_hash\" value=\"\" \/>\n<\/div>\n<h3>Form \u0111\u1eb7t h\u00e0ng nhanh cho qu\u00fd kh\u00e1ch<\/h3>\n<p><span class=\"wpcf7-form-control-wrap text-282\"><input type=\"text\" name=\"text-282\" value=\"\" size=\"40\" class=\"wpcf7-form-control wpcf7-text wpcf7-validates-as-required\" aria-required=\"true\" aria-invalid=\"false\" placeholder=\"H\u1ecd v\u00e0 t\u00ean\" \/><\/span><br \/>\n<span class=\"wpcf7-form-control-wrap tel-542\"><input type=\"tel\" name=\"tel-542\" value=\"\" size=\"40\" class=\"wpcf7-form-control wpcf7-text wpcf7-tel wpcf7-validates-as-required wpcf7-validates-as-tel\" aria-required=\"true\" aria-invalid=\"false\" placeholder=\"S\u1ed1 \u0111i\u1ec7n tho\u1ea1i\" \/><\/span><br \/>\n<span class=\"wpcf7-form-control-wrap email-541\"><input type=\"email\" name=\"email-541\" value=\"\" size=\"40\" class=\"wpcf7-form-control wpcf7-text wpcf7-email wpcf7-validates-as-email\" aria-invalid=\"false\" placeholder=\"\u0110\u1ecba ch\u1ec9 Email\" \/><\/span><br \/>\n<span class=\"wpcf7-form-control-wrap text-282\"><input type=\"text\" name=\"text-282\" value=\"\" size=\"40\" class=\"wpcf7-form-control wpcf7-text\" aria-invalid=\"false\" placeholder=\"\u0110\u1ecba ch\u1ec9\" \/><\/span><br \/>\n<span class=\"wpcf7-form-control-wrap textarea-317\"><textarea name=\"textarea-317\" cols=\"40\" rows=\"10\" class=\"wpcf7-form-control wpcf7-textarea\" aria-invalid=\"false\" placeholder=\"S\u1ea3n ph\u1ea9m b\u1ea1n c\u1ea7n \u0111\u1eb7t...\"><\/textarea><\/span><br \/>\n<input type=\"submit\" value=\"\u0110\u1eb7t h\u00e0ng\" class=\"wpcf7-form-control wpcf7-submit\" \/><\/p>\n<div class=\"wpcf7-response-output\" aria-hidden=\"true\"><\/div><\/form><\/div>\n\t\t<\/div>\n\t\t\t<\/div>\n\n\t\n\n\t<div id=\"col-971667963\" class=\"col medium-4 small-12 large-4\"  >\n\t\t<div class=\"col-inner\"  >\n\t\t\t\n\t\t\t\n\t<div class=\"img has-hover x md-x lg-x y md-y lg-y\" id=\"image_1046550762\">\n\t\t\t\t\t\t\t\t<div class=\"img-inner dark\" >\n\t\t\t<img width=\"640\" height=\"640\" src=\"https:\/\/webmaibinh.com\/w\/hatdieu\/wp-content\/uploads\/2017\/09\/bo-dau-goi-xa-kich-thich-moc-toc-kaminomoto-medicated-shampoo-300ml__81505_zoom.jpg\" class=\"attachment-original size-original\" alt=\"\" loading=\"lazy\" srcset=\"https:\/\/webmaibinh.com\/w\/hatdieu\/wp-content\/uploads\/2017\/09\/bo-dau-goi-xa-kich-thich-moc-toc-kaminomoto-medicated-shampoo-300ml__81505_zoom.jpg 640w, https:\/\/webmaibinh.com\/w\/hatdieu\/wp-content\/uploads\/2017\/09\/bo-dau-goi-xa-kich-thich-moc-toc-kaminomoto-medicated-shampoo-300ml__81505_zoom-300x300.jpg 300w, https:\/\/webmaibinh.com\/w\/hatdieu\/wp-content\/uploads\/2017\/09\/bo-dau-goi-xa-kich-thich-moc-toc-kaminomoto-medicated-shampoo-300ml__81505_zoom-100x100.jpg 100w, https:\/\/webmaibinh.com\/w\/hatdieu\/wp-content\/uploads\/2017\/09\/bo-dau-goi-xa-kich-thich-moc-toc-kaminomoto-medicated-shampoo-300ml__81505_zoom-600x600.jpg 600w, https:\/\/webmaibinh.com\/w\/hatdieu\/wp-content\/uploads\/2017\/09\/bo-dau-goi-xa-kich-thich-moc-toc-kaminomoto-medicated-shampoo-300ml__81505_zoom-150x150.jpg 150w\" sizes=\"(max-width: 640px) 100vw, 640px\" \/>\t\t\t\t\t\t\n\t\t\t\t\t<\/div>\n\t\t\t\t\t\t\t\t\n<style>\n#image_1046550762 {\n  width: 100%;\n}\n<\/style>\n\t<\/div>\n\t\n\t<div class=\"img has-hover x md-x lg-x y md-y lg-y\" id=\"image_1899666939\">\n\t\t\t\t\t\t\t\t<div class=\"img-inner dark\" >\n\t\t\t<img width=\"360\" height=\"147\" src=\"https:\/\/webmaibinh.com\/w\/hatdieu\/wp-content\/uploads\/2017\/09\/bannernho3.jpg\" class=\"attachment-original size-original\" alt=\"\" loading=\"lazy\" srcset=\"https:\/\/webmaibinh.com\/w\/hatdieu\/wp-content\/uploads\/2017\/09\/bannernho3.jpg 360w, https:\/\/webmaibinh.com\/w\/hatdieu\/wp-content\/uploads\/2017\/09\/bannernho3-300x123.jpg 300w\" sizes=\"(max-width: 360px) 100vw, 360px\" \/>\t\t\t\t\t\t\n\t\t\t\t\t<\/div>\n\t\t\t\t\t\t\t\t\n<style>\n#image_1899666939 {\n  width: 100%;\n}\n<\/style>\n\t<\/div>\n\t\n\t\t<\/div>\n\t\t\t<\/div>\n\n\t\n<\/div>\n","protected":false},"excerpt":{"rendered":"","protected":false},"author":1,"featured_media":0,"parent":0,"menu_order":0,"comment_status":"closed","ping_status":"closed","template":"page-left-sidebar.php","meta":[],"_links":{"self":[{"href":"https:\/\/webmaibinh.com\/w\/hatdieu\/wp-json\/wp\/v2\/pages\/37"}],"collection":[{"href":"https:\/\/webmaibinh.com\/w\/hatdieu\/wp-json\/wp\/v2\/pages"}],"about":[{"href":"https:\/\/webmaibinh.com\/w\/hatdieu\/wp-json\/wp\/v2\/types\/page"}],"author":[{"embeddable":true,"href":"https:\/\/webmaibinh.com\/w\/hatdieu\/wp-json\/wp\/v2\/users\/1"}],"replies":[{"embeddable":true,"href":"https:\/\/webmaibinh.com\/w\/hatdieu\/wp-json\/wp\/v2\/comments?post=37"}],"version-history":[{"count":4,"href":"https:\/\/webmaibinh.com\/w\/hatdieu\/wp-json\/wp\/v2\/pages\/37\/revisions"}],"predecessor-version":[{"id":722,"href":"https:\/\/webmaibinh.com\/w\/hatdieu\/wp-json\/wp\/v2\/pages\/37\/revisions\/722"}],"wp:attachment":[{"href":"https:\/\/webmaibinh.com\/w\/hatdieu\/wp-json\/wp\/v2\/media?parent=37"}],"curies":[{"name":"wp","href":"https:\/\/api.w.org\/{rel}","templated":true}]}}