{"id":41,"date":"2019-03-30T17:18:21","date_gmt":"2019-03-30T10:18:21","guid":{"rendered":"https:\/\/tppone.com\/demo\/gioithieucongty3\/?page_id=41"},"modified":"2019-03-31T00:10:45","modified_gmt":"2019-03-30T17:10:45","slug":"su-menh","status":"publish","type":"page","link":"https:\/\/webmaibinh.com\/w\/gioithieucongty3\/su-menh\/","title":{"rendered":"S\u1ee9 m\u1ec7nh"},"content":{"rendered":"<p><strong>D\u01b0\u1edbi \u0111\u00e2y l\u00e0 m\u1ed9t s\u1ed1 m\u1eabu website b\u00e1n h\u00e0ng m\u00e0\u00a0m\u00ecnh \u0111\u00e3 th\u1ef1c hi\u1ec7n:<\/strong><\/p>\n<p>+ Website c\u00f4ng ty b\u00e1n \u0111\u1ed3 phong th\u1ee7y:\u00a0<a href=\"https:\/\/phongthuylucyen.com\/\">https:\/\/phongthuylucyen.com<\/a><\/p>\n<p>+ M\u1eabu website bu\u00f4n b\u00e1n s\u1ea3n ph\u1ea9m n\u1ed9i th\u1ea5t s\u00e1ng t\u1ea1o:\u00a0<a href=\"http:\/\/funiture.webdemo.com\/\">http:\/\/funiture.webdemo.com<\/a><\/p>\n<p>+ M\u1eabu website b\u00e1n ot\u00f4 v\u00e0 ph\u1ee5 t\u00f9ng oto:\u00a0<a href=\"http:\/\/salecar.webdemo.com\/\">http:\/\/salecar.webdemo.com<\/a><\/p>\n<p>+ M\u1eabu website shop b\u00e1n h\u00e0ng m\u1edbi 2018:\u00a0<a href=\"http:\/\/shop.webdemo.com\/\">http:\/\/shop.webdemo.com<\/a><\/p>\n<p>+ M\u1eabu website C\u00f4ng ty S\u00e2m Ng\u1ecdc Linh:\u00a0<a href=\"http:\/\/samngoclinh.webdemo.com\/\">http:\/\/samngoclinh.webdemo.com<\/a><\/p>\n<p>+ M\u1eabu website b\u00e1n m\u00e1y l\u1ecdc n\u01b0\u1edbc c\u1ef1c \u0111\u1eb9p:\u00a0<a href=\"http:\/\/mayloc.webdemo.com\/\">http:\/\/mayloc.webdemo.com\/<\/a><\/p>\n<p>+ M\u1eabu website b\u00e1n m\u1ef9 ph\u1ea9m c\u1ef1c \u0111\u1eb9p:\u00a0<a href=\"http:\/\/mypham2.webdemo.com\/\">http:\/\/mypham2.webdemo.com\/<\/a><\/p>\n<p>+ M\u1eabu website b\u00e1n \u0111i\u1ec7n m\u00e1y c\u1ef1c \u0111\u1eb9p:\u00a0<a href=\"http:\/\/dienmay2.webdemo.com\/\">http:\/\/dienmay2.webdemo.com\/<\/a><\/p>\n<p>+ M\u1eabu website shop d\u1ee5ng c\u1ee5 l\u00e0m b\u00e1nh 2:\u00a0<a href=\"http:\/\/cake2.webdemo.com\/\">http:\/\/cake2.webdemo.com<\/a><\/p>\n<p>+ M\u1eabu website shop d\u1ee5ng c\u1ee5 l\u00e0m b\u00e1nh:\u00a0<a href=\"http:\/\/cake.webdemo.com\/\">http:\/\/cake.webdemo.com<\/a><\/p>\n<p>+ M\u1eabu website si\u00eau th\u1ecb M\u1eb9 v\u00e0 B\u00e9:\u00a0<a href=\"http:\/\/mevabe.webdemo.com\/\">http:\/\/mevabe.webdemo.com\/<\/a><\/p>\n<p>+ M\u1eabu website b\u00e1n thu\u1ed1c, th\u1ef1c ph\u1ea9m ch\u1ee9c n\u0103ng:\u00a0<a href=\"http:\/\/www.duocpham.webdemo.com\/\">www.duocpham.webdemo.com<\/a><\/p>\n<p>+ M\u1eabu website b\u00e1n t\u01b0\u1ee3ng th\u1ea1ch cao:\u00a0<a href=\"http:\/\/www.tuongthachcao.webdemo.com\/\">www.tuongthachcao.webdemo.com<\/a><\/p>\n<p>+ M\u1eabu website shop th\u1eddi trang t\u1ed5ng h\u1ee3p:\u00a0<a href=\"http:\/\/www.fashion2.webdemo.com\/\">www.fashion2.webdemo.com<\/a><\/p>\n<p>+ M\u1eabu website b\u00e1n d\u1ef1 \u00e1n B\u1ea5t \u0111\u1ed9ng s\u1ea3n:\u00a0<a href=\"http:\/\/www.bds.webdemo.com\/\">www.bds.webdemo.com<\/a><\/p>\n<p>+ M\u1eabu website shop b\u00e1n \u00f4 d\u00f9, \u00e1o m\u01b0a:\u00a0<a href=\"http:\/\/www.aomua.webdemo.com\/\">www.aomua.webdemo.com<\/a><\/p>\n<p>+ M\u1eabu website Shop th\u1eddi trang cao c\u1ea5p:\u00a0<a href=\"http:\/\/www.fashion.webdemo.com\/\">www.fashion.webdemo.com<\/a><\/p>\n<p>+ M\u1eabu website b\u00e1n \u0111i\u1ec7n m\u00e1y:\u00a0<a href=\"http:\/\/www.dienmay.webdemo.com\/\">www.dienmay.webdemo.com<\/a><\/p>\n<p>+ M\u1eabu website b\u00e1n m\u1ef9 ph\u1ea9m:\u00a0<a href=\"http:\/\/www.mypham.webdemo.com\/\">www.mypham.webdemo.com<\/a><\/p>\n<p>+ M\u1eabu website b\u00e1n thi\u1ebft b\u1ecb y t\u1ebf:\u00a0<a href=\"http:\/\/www.thietbiyte.webdemo.com\/\">www.thietbiyte.webdemo.com<\/a><\/p>\n<p>+ M\u1eabu website b\u00e1n \u0111i\u1ec7n tho\u1ea1i:\u00a0<a href=\"https:\/\/www.Webdemo.com\/demo\/shoptranh\">www.Webdemo.com\/demo\/shoptranh<\/a><\/p>\n<p>+ Demo website b\u00e1n n\u1ed9i th\u1ea5t:\u00a0<a href=\"https:\/\/www.Webdemo.com\/demo\/shopnoithat\">www.Webdemo.com\/demo\/shopnoithat<\/a><\/p>\n<p>+ Website S\u01a1n T\u00e2y Camera:\u00a0<a href=\"http:\/\/www.sontaycamera.com\/\">www.sontaycamera.com<\/a><\/p>\n<p>+ Website c\u1eeda h\u00e0ng b\u00e1n \u0111i\u1ec7n tho\u1ea1i Iphone:\u00a0<a href=\"http:\/\/www.golife.store\/\">www.golife.store<\/a><\/p>\n<p>+ Website Th\u01b0\u01a1ng hi\u1ec7u th\u1eddi trang C\u00f4ng s\u1edf n\u1eef:\u00a0<a href=\"http:\/\/www.tk3.com.vn\/\">www.tk3.com.vn<\/a><\/p>\n<p>+ Website C\u1eeda h\u00e0ng G\u1ea1ch \u1ed1p l\u00e1t, \u0111\u00e1 trang tr\u00ed:\u00a0<a href=\"http:\/\/www.gachdatrangtrithuyoanh.com\/\">www.gachdatrangtrithuyoanh.com<\/a><\/p>\n<p>+ Website b\u00e1nh tr\u00e1ng m\u00e8 T\u00e2y Ninh:\u00a0<a href=\"http:\/\/www.banhtrangmetayninh.com\/\">www.banhtrangmetayninh.com<\/a><\/p>\n<p>+ Website b\u00e1n h\u00e0ng c\u1ef1c \u0111\u1eb9p:\u00a0<a href=\"http:\/\/www.shopconggiao.com\/\">www.shopconggiao.com<\/a><\/p>\n<p>+ Website b\u00e1n \u0111\u00e0n Guitar 1:\u00a0<a href=\"https:\/\/www.Webdemo.com\/demo\/guitarshop\">www.Webdemo.com\/demo\/guitarshop<\/a><\/p>\n<p>+ Website b\u00e1n \u0111\u00e0n Guitar 1:\u00a0<a href=\"https:\/\/Webdemo.com\/demo\/shopuku\/\">www.Webdemo.com\/demo\/shopuku<\/a><\/p>\n<p><a href=\"https:\/\/Webdemo.com\/\">Webdemo.com\u00a0<\/a>cung c\u1ea5p d\u1ecbch v\u1ee5 thi\u1ebft k\u1ebf website gi\u1edbi thi\u1ec7u s\u1ea3n ph\u1ea9m chu\u1ea9n SEO uy t\u00edn t\u1ea1i Vi\u1ec7t Nam.<\/p>\n<p><strong>Y\u00eau c\u1ea7u \u0111\u1eb7c tr\u01b0ng<\/strong>\u00a0c\u1ee7a c\u00e1c website b\u00e1n h\u00e0ng l\u00e0 \u0111\u1ea7y \u0111\u1ee7 c\u00e1c ch\u1ee9c n\u0103ng c\u1ea7n thi\u1ebft cho ho\u1ea1t \u0111\u1ed9ng kinh doanh online nh\u01b0: \u0111\u0103ng s\u1ea3n ph\u1ea9m, h\u00ecnh \u1ea3nh s\u1ea3n ph\u1ea9m, gi\u00e1 b\u00e1n, gi\u00e1 khuy\u1ebfn m\u1ea1i, t\u00ecnh tr\u1ea1ng c\u00f2n h\u00e0ng hay h\u1ebft h\u00e0ng, m\u00e3 s\u1ea3n ph\u1ea9m, th\u00f4ng tin khuy\u1ebfn m\u00e3i, th\u00f4ng tin li\u00ean h\u1ec7, \u0111\u1eb7t h\u00e0ng, gi\u1ecf h\u00e0ng,\u2026<\/p>\n<p>T\u1ea1i\u00a0<a href=\"https:\/\/Webdemo.com\/\">Webdemo<\/a>, m\u00ecnh cung c\u1ea5p d\u1ecbch v\u1ee5 thi\u1ebft k\u1ebf website v\u1edbi\u00a0<strong>m\u1ee9c gi\u00e1 r\u1ea5t h\u1ea5p d\u1eabn<\/strong>. Th\u00f4ng th\u01b0\u1eddng, m\u1ed9t website b\u00e1n h\u00e0ng Online\u00a0c\u00f3 chi ph\u00ed r\u01a1i v\u00e0o kho\u1ea3ng<strong>\u00a01.500.000\u0111 \u2013 2.500.000\u0111<\/strong>\u00a0(\u0111\u00e3 bao g\u1ed3m hosting v\u00e0 t\u00ean mi\u1ec1n).<\/p>\n<p><strong>Quy tr\u00ecnh thi\u1ebft k\u1ebf website gi\u1edbi thi\u1ec7u s\u1ea3n ph\u1ea9m t\u1ea1i Webdemo.com nh\u01b0 sau:<\/strong><\/p>\n<ul>\n<li><strong>B\u01b0\u1edbc 1:<\/strong>\u00a0Trao \u0111\u1ed5i th\u00f4ng tin, y\u00eau c\u1ea7u v\u1edbi kh\u00e1ch h\u00e0ng<\/li>\n<li><strong>B\u01b0\u1edbc 2:<\/strong>\u00a0Mua t\u00ean mi\u1ec1n cho kh\u00e1ch (kh\u00e1ch c\u00f3 th\u1ec3 t\u1ef1 mua)<\/li>\n<li><strong>B\u01b0\u1edbc 3:<\/strong>\u00a0Tr\u1ecf t\u00ean mi\u1ec1n v\u1ec1 hosting cho kh\u00e1ch (d\u00f9ng hosting c\u1ee7a Webdemo ho\u1eb7c d\u00f9ng hosting c\u1ee7a kh\u00e1ch)<\/li>\n<li><strong>B\u01b0\u1edbc 4:<\/strong>\u00a0Th\u1ef1c hi\u1ec7n x\u00e2y d\u1ef1ng website tr\u00ean hosting (ch\u1eb7n index)<\/li>\n<li><strong>B\u01b0\u1edbc 5:<\/strong>\u00a0G\u1eedi link website cho kh\u00e1ch duy\u1ec7t v\u00e0 trao \u0111\u1ed5i ch\u1ec9nh s\u1eeda tr\u1ef1c ti\u1ebfp tr\u00ean website theo \u00fd kh\u00e1ch.<\/li>\n<li><strong>B\u01b0\u1edbc 6:<\/strong>\u00a0H\u01b0\u1edbng d\u1eabn kh\u00e1ch s\u1eed d\u1ee5ng, qu\u1ea3n tr\u1ecb, \u0111\u0103ng b\u00e0i vi\u1ebft, \u0111\u0103ng s\u1ea3n ph\u1ea9m v\u00e0 c\u00e1c th\u00f4ng tin kh\u00e1c c\u00f3 li\u00ean quan\u2026<\/li>\n<li><strong>B\u01b0\u1edbc 7:<\/strong>\u00a0M\u1edf index<\/li>\n<li><strong>B\u01b0\u1edbc 8:<\/strong>\u00a0B\u00e0n giao website cho kh\u00e1ch<\/li>\n<\/ul>\n<p>Trong m\u1ed9t s\u1ed1 tr\u01b0\u1eddng h\u1ee3p kh\u00e1ch c\u1ea7n xem demo tr\u01b0\u1edbc khi duy\u1ec7t l\u00e0m website, m\u00ecnh\u00a0s\u1ebd th\u1ef1c hi\u1ec7n d\u1ef1ng website demo tr\u01b0\u1edbc v\u00e0 g\u1eedi cho kh\u00e1ch duy\u1ec7t tr\u01b0\u1edbc khi upload source code l\u00ean hosting.<\/p>\n<p><strong>Th\u00f4ng tin li\u00ean h\u1ec7:<\/strong><br \/>\n+ Li\u00ean h\u1ec7: DEMO<br \/>\n+ Phone: 0909009009<br \/>\n+ Email:\u00a0demoweb@gmail.com<br \/>\n+ Website: www.Webdemo.com<br \/>\n+ Flickr:\u00a0<a href=\"http:\/\/www.flickr.com\/photos\/demo@N07\/albums\">www.flickr.com\/photos\/demo@N07\/albums<\/a><br \/>\n+ Behance:\u00a0<a href=\"https:\/\/www.behance.net\/demo\">https:\/\/www.behance.net\/demo<\/a><br \/>\n+ Pintesest:\u00a0<a href=\"https:\/\/www.pinterest.com\/demo\/pins\/\">https:\/\/www.pinterest.com\/demo\/pins\/<\/a><\/p>\n","protected":false},"excerpt":{"rendered":"<p>D\u01b0\u1edbi \u0111\u00e2y l\u00e0 m\u1ed9t s\u1ed1 m\u1eabu website b\u00e1n h\u00e0ng m\u00e0\u00a0m\u00ecnh \u0111\u00e3 th\u1ef1c hi\u1ec7n: + Website c\u00f4ng ty b\u00e1n \u0111\u1ed3 phong th\u1ee7y:\u00a0https:\/\/phongthuylucyen.com + M\u1eabu website bu\u00f4n b\u00e1n s\u1ea3n ph\u1ea9m n\u1ed9i th\u1ea5t s\u00e1ng t\u1ea1o:\u00a0http:\/\/funiture.webdemo.com + M\u1eabu website b\u00e1n ot\u00f4 v\u00e0 ph\u1ee5 t\u00f9ng oto:\u00a0http:\/\/salecar.webdemo.com + M\u1eabu website shop b\u00e1n h\u00e0ng m\u1edbi 2018:\u00a0http:\/\/shop.webdemo.com + M\u1eabu website C\u00f4ng ty S\u00e2m &#8230;<\/p>\n","protected":false},"author":1,"featured_media":0,"parent":0,"menu_order":0,"comment_status":"closed","ping_status":"closed","template":"page-right-sidebar.php","meta":[],"_links":{"self":[{"href":"https:\/\/webmaibinh.com\/w\/gioithieucongty3\/wp-json\/wp\/v2\/pages\/41"}],"collection":[{"href":"https:\/\/webmaibinh.com\/w\/gioithieucongty3\/wp-json\/wp\/v2\/pages"}],"about":[{"href":"https:\/\/webmaibinh.com\/w\/gioithieucongty3\/wp-json\/wp\/v2\/types\/page"}],"author":[{"embeddable":true,"href":"https:\/\/webmaibinh.com\/w\/gioithieucongty3\/wp-json\/wp\/v2\/users\/1"}],"replies":[{"embeddable":true,"href":"https:\/\/webmaibinh.com\/w\/gioithieucongty3\/wp-json\/wp\/v2\/comments?post=41"}],"version-history":[{"count":0,"href":"https:\/\/webmaibinh.com\/w\/gioithieucongty3\/wp-json\/wp\/v2\/pages\/41\/revisions"}],"wp:attachment":[{"href":"https:\/\/webmaibinh.com\/w\/gioithieucongty3\/wp-json\/wp\/v2\/media?parent=41"}],"curies":[{"name":"wp","href":"https:\/\/api.w.org\/{rel}","templated":true}]}}