{"id":644,"date":"2022-11-08T20:46:05","date_gmt":"2022-11-08T13:46:05","guid":{"rendered":"https:\/\/webmaibinh.com\/w\/giaoducmaibinh\/?post_type=product&#038;p=644"},"modified":"2022-11-08T20:46:06","modified_gmt":"2022-11-08T13:46:06","slug":"giao-trinh-ke-toan-hanh-chinh-su-nghiep","status":"publish","type":"product","link":"https:\/\/webmaibinh.com\/w\/giaoducmaibinh\/san-pham\/giao-trinh-ke-toan-hanh-chinh-su-nghiep\/","title":{"rendered":"Gi\u00e1o Tr\u00ecnh K\u1ebf To\u00e1n H\u00e0nh Ch\u00ednh S\u1ef1 Nghi\u1ec7p"},"content":{"rendered":"<p>K\u1ebf to\u00e1n H\u00e0nh ch\u00ednh S\u1ef1 nghi\u1ec7p l\u00e0 m\u1ed9t m\u00f4n h\u1ecdc thu\u1ed9c ch\u01b0\u01a1ng tr\u00ecnh \u0111\u00e0o t\u1ea1o c\u1ee7a chuy\u00ean ng\u00e0nh K\u1ebf to\u00e1n, v\u00e0 trong th\u1eddi gian t\u1edbi l\u00e0 m\u00f4n h\u1ecdc ch\u1ee7 \u0111\u1ea1o trong ch\u01b0\u01a1ng tr\u00ecnh \u0111\u00e0o t\u1ea1o c\u1ee7a chuy\u00ean ng\u00e0nh K\u1ebf to\u00e1n C\u00f4ng. \u0110\u1ec3 \u0111\u00e1p \u1ee9ng nhu c\u1ea7u h\u1ecdc t\u1eadp v\u00e0 nghi\u00ean c\u1ee9u gi\u1ea3ng d\u1ea1y m\u00f4n h\u1ecdc K\u1ebf to\u00e1n H\u00e0nh ch\u00ednh S\u1ef1 nghi\u1ec7p, B\u1ed9 m\u00f4n K\u1ebf to\u00e1n C\u00f4ng bi\u00ean so\u1ea1n quy\u1ec3n K\u1ebf to\u00e1n H\u00e0nh ch\u00ednh S\u1ef1 nghi\u1ec7p.<\/p>\n<p>Quy\u1ec3n s\u00e1ch tr\u00ecnh b\u00e0y \u0111\u1ea7y \u0111\u1ee7 n\u1ed9i dung v\u00e0 ph\u01b0\u01a1ng ph\u00e1p, thu th\u1eadp v\u00e0 x\u1eed l\u00fd th\u00f4ng tin li\u00ean quan \u0111\u1ebfn t\u1ea5t c\u1ea3 c\u00e1c ho\u1ea1t \u0111\u1ed9ng kinh t\u1ebf, t\u00e0i ch\u00ednh trong \u0111\u01a1n v\u1ecb h\u00e0nh ch\u00ednh s\u1ef1 nghi\u1ec7p, \u0111\u1ec3 qua \u0111\u00f3 t\u1ea1o ra v\u00e0 cung c\u1ea5p \u0111\u01b0\u1ee3c c\u00e1c th\u00f4ng tin qua h\u1ec7 th\u1ed1ng b\u00e1o c\u00e1o t\u00e0i ch\u00ednh cho c\u00e1c \u0111\u1ed1i t\u01b0\u1ee3ng s\u1eed d\u1ee5ng trong n\u1ec1n kinh t\u1ebf.<\/p>\n","protected":false},"excerpt":{"rendered":"<p>K\u1ebf to\u00e1n H\u00e0nh ch\u00ednh S\u1ef1 nghi\u1ec7p l\u00e0 m\u1ed9t m\u00f4n h\u1ecdc thu\u1ed9c ch\u01b0\u01a1ng tr\u00ecnh \u0111\u00e0o t\u1ea1o c\u1ee7a chuy\u00ean ng\u00e0nh K\u1ebf to\u00e1n, v\u00e0 trong th\u1eddi gian t\u1edbi l\u00e0 m\u00f4n h\u1ecdc ch\u1ee7 \u0111\u1ea1o trong ch\u01b0\u01a1ng tr\u00ecnh \u0111\u00e0o t\u1ea1o c\u1ee7a chuy\u00ean ng\u00e0nh K\u1ebf to\u00e1n C\u00f4ng. \u0110\u1ec3 \u0111\u00e1p \u1ee9ng nhu c\u1ea7u h\u1ecdc t\u1eadp v\u00e0 nghi\u00ean c\u1ee9u gi\u1ea3ng d\u1ea1y m\u00f4n h\u1ecdc&#8230;<\/p>\n","protected":false},"featured_media":647,"comment_status":"open","ping_status":"closed","template":"","meta":[],"_links":{"self":[{"href":"https:\/\/webmaibinh.com\/w\/giaoducmaibinh\/wp-json\/wp\/v2\/product\/644"}],"collection":[{"href":"https:\/\/webmaibinh.com\/w\/giaoducmaibinh\/wp-json\/wp\/v2\/product"}],"about":[{"href":"https:\/\/webmaibinh.com\/w\/giaoducmaibinh\/wp-json\/wp\/v2\/types\/product"}],"replies":[{"embeddable":true,"href":"https:\/\/webmaibinh.com\/w\/giaoducmaibinh\/wp-json\/wp\/v2\/comments?post=644"}],"wp:featuredmedia":[{"embeddable":true,"href":"https:\/\/webmaibinh.com\/w\/giaoducmaibinh\/wp-json\/wp\/v2\/media\/647"}],"wp:attachment":[{"href":"https:\/\/webmaibinh.com\/w\/giaoducmaibinh\/wp-json\/wp\/v2\/media?parent=644"}],"curies":[{"name":"wp","href":"https:\/\/api.w.org\/{rel}","templated":true}]}}