{"id":643,"date":"2022-11-08T20:45:48","date_gmt":"2022-11-08T13:45:48","guid":{"rendered":"https:\/\/webmaibinh.com\/w\/giaoducmaibinh\/?post_type=product&#038;p=643"},"modified":"2022-11-08T20:45:48","modified_gmt":"2022-11-08T13:45:48","slug":"ke-toan-thuong-mai-dich-vu","status":"publish","type":"product","link":"https:\/\/webmaibinh.com\/w\/giaoducmaibinh\/san-pham\/ke-toan-thuong-mai-dich-vu\/","title":{"rendered":"K\u1ebf To\u00e1n Th\u01b0\u01a1ng M\u1ea1i D\u1ecbch V\u1ee5"},"content":{"rendered":"<p style=\"text-align: justify;\"><span style=\"color: #000000;\">K\u1ebf to\u00e1n c\u00f3 th\u1ec3 xem nh\u01b0 ng\u00f4n ng\u1eef trong kinh doanh, k\u1ebf to\u00e1n l\u00e0 qu\u00e1 tr\u00ecnh x\u00e1c \u0111\u1ecbnh, \u0111o l\u01b0\u1eddng v\u00e0 truy\u1ec1n \u0111\u1ea1t th\u00f4ng tin kinh t\u1ebf, gi\u00fap ng\u01b0\u1eddi s\u1eed d\u1ee5ng th\u00f4ng tin k\u1ebf to\u00e1n (c\u00e1c nh\u00e0 qu\u1ea3n l\u00fd, nh\u00e0 \u0111\u1ea7u t\u01b0, c\u00e1c doanh nghi\u1ec7p, c\u00e1c \u0111\u1ecbnh ch\u1ebf t\u00e0i ch\u00ednh, kinh doanh\u2026) \u0111\u01b0a ra c\u00e1c ph\u00e1n \u0111o\u00e1n v\u00e0 quy\u1ebft \u0111\u1ecbnh th\u00edch h\u1ee3p.<\/span><\/p>\n<p style=\"text-align: justify;\"><span style=\"color: #000000;\">K\u1ebf to\u00e1n \u0111\u01b0\u1ee3c s\u1eed d\u1ee5ng \u0111\u1ec3 m\u00f4 t\u1ea3 m\u1ecdi lo\u1ea1i h\u00ecnh ho\u1ea1t \u0111\u1ed9ng, nh\u01b0 ho\u1ea1t \u0111\u1ed9ng kinh doanh, \u0111\u1ea7u t\u01b0 v\u00e0 t\u00e0i tr\u1ee3, c\u00f3 ch\u1ee9c n\u0103ng quan tr\u1ecdng l\u00e0 cung c\u1ea5p s\u1ed1 \u0111o v\u1ec1 th\u00e0nh qu\u1ea3 c\u1ee7a c\u00e1c ho\u1ea1t \u0111\u1ed9ng n\u00e0y, th\u1ec3 hi\u1ec7n m\u1ee9c \u0111\u1ed9 qu\u1ea3n l\u00fd hi\u1ec7u qu\u1ea3 c\u00e1c ho\u1ea1t \u0111\u1ed9ng v\u00e0 hi\u1ec7u qu\u1ea3 c\u1ee7a doanh nghi\u1ec7p trong vi\u1ec7c \u0111\u1ea1t c\u00e1c m\u1ee5c ti\u00eau.<\/span><\/p>\n<p style=\"text-align: justify;\"><span style=\"color: #000000;\">N\u1ec1n kinh t\u1ebf n\u01b0\u1edbc ta \u0111ang trong qu\u00e1 tr\u00ecnh \u0111i\u1ec1u ch\u1ec9nh ph\u00f9 h\u1ee3p s\u1ef1 v\u1eadn h\u00e0nh c\u1ee7a c\u01a1 ch\u1ebf th\u1ecb tr\u01b0\u1eddng v\u00e0 t\u00e1c \u0111\u1ed9ng qu\u1ea3n l\u00fd c\u1ee7a Nh\u00e0 n\u01b0\u1edbc, th\u00edch \u1ee9ng d\u1ea7n v\u1edbi c\u00e1c lu\u1eadt l\u1ec7, t\u1eadp qu\u00e1n qu\u1ed1c t\u1ebf, \u0111\u1eb7c bi\u1ec7t trong vi\u1ec7c \u0111i\u1ec1u ch\u1ec9nh ho\u1ea1t \u0111\u1ed9ng k\u1ebf to\u00e1n theo c\u00e1c chu\u1ea9n m\u1ef1c thu\u1eadn l\u1ee3i cho c\u00e1c ho\u1ea1t \u0111\u1ed9ng kinh doanh v\u00e0 \u0111\u1ea7u t\u01b0 trong n\u01b0\u1edbc v\u00e0 qu\u1ed1c t\u1ebf.<\/span><\/p>\n<p style=\"text-align: justify;\"><span style=\"color: #000000;\">\u0110\u1eb7c bi\u1ec7t ho\u1ea1t \u0111\u1ed9ng kinh doanh th\u01b0\u01a1ng m\u1ea1i \u2013 d\u1ecbch v\u1ee5 li\u00ean quan c\u00e1c s\u1ea3n ph\u1ea9m bao h\u00e0m b\u1ea3n ch\u1ea5t v\u00f4 h\u00ecnh, c\u00f3 s\u1ef1 t\u01b0\u01a1ng t\u00e1c cao gi\u1eefa nh\u00e0 s\u1ea3n xu\u1ea5t v\u00e0 ng\u01b0\u1eddi ti\u00eau d\u00f9ng, c\u00f3 r\u1ea5t nhi\u1ec1u y\u1ebfu t\u1ed1 \u1ea3nh h\u01b0\u1edfng \u0111\u1ebfn ch\u1ea5t l\u01b0\u1ee3ng d\u1ecbch v\u1ee5, v\u00e0 t\u1eeb \u0111\u00f3 c\u00f4ng t\u00e1c k\u1ebf to\u00e1n c\u00f3 c\u00e1c \u0111\u1eb7c tr\u01b0ng ri\u00eang trong qu\u00e1 tr\u00ecnh x\u00e1c \u0111\u1ecbnh chi ph\u00ed, doanh thu v\u00e0 l\u1ee3i nhu\u1eadn c\u1ee7a c\u00e1c y\u1ebfu t\u1ed1 c\u1ea5u th\u00e0nh s\u1ea3n ph\u1ea9m, x\u00e1c \u0111\u1ecbnh su\u1ea5t sinh l\u1ee3i c\u1ee7a c\u00e1c b\u1ed9 ph\u1eadn trong m\u1ed9t \u0111\u01a1n v\u1ecb th\u01b0\u01a1ng m\u1ea1i \u2013 d\u1ecbch v\u1ee5, \u0111\u1ec3 t\u1eeb \u0111\u00f3 ho\u1ea1ch \u0111\u1ecbnh c\u00e1c chi\u1ebfn l\u01b0\u1ee3c kinh doanh v\u00e0 \u0111\u1ea7u t\u01b0 th\u00edch h\u1ee3p.<\/span><\/p>\n<p style=\"text-align: justify;\"><span style=\"color: #000000;\">S\u00e1ch K\u1ebf To\u00e1n Th\u01b0\u01a1ng M\u1ea1i D\u1ecbch V\u1ee5 bao \u0111\u01b0\u1ee3c bi\u00ean so\u1ea1n nh\u1eb1m cung c\u1ea5p c\u00e1c l\u00fd thuy\u1ebft, b\u00e0i t\u1eadp, b\u00e0i gi\u1ea3i m\u1eabu v\u00e0 c\u00e1c c\u00e2u h\u1ecfi tr\u1eafc nghi\u1ec7m li\u00ean quan \u0111\u1ebfn k\u1ebf to\u00e1n th\u01b0\u01a1ng m\u1ea1i d\u1ecbch v\u1ee5. S\u00e1ch gi\u00fap ng\u01b0\u1eddi h\u1ecdc h\u1ec7 th\u1ed1ng ki\u1ebfn th\u1ee9c v\u00e0 v\u1eadn d\u1ee5ng c\u00e1c ki\u1ebfn th\u1ee9c v\u00e0o c\u00e1c t\u00ecnh hu\u1ed1ng th\u1ef1c ti\u1ec5n gi\u00fap ng\u01b0\u1eddi h\u1ecdc c\u00f3 th\u1ec3 linh \u0111\u1ed9ng h\u01a1n khi l\u00e0m k\u1ebf to\u00e1n cho c\u00e1c doanh nghi\u1ec7p th\u01b0\u01a1ng m\u1ea1i d\u1ecbch v\u1ee5.<\/span><\/p>\n","protected":false},"excerpt":{"rendered":"<p>K\u1ebf to\u00e1n c\u00f3 th\u1ec3 xem nh\u01b0 ng\u00f4n ng\u1eef trong kinh doanh, k\u1ebf to\u00e1n l\u00e0 qu\u00e1 tr\u00ecnh x\u00e1c \u0111\u1ecbnh, \u0111o l\u01b0\u1eddng v\u00e0 truy\u1ec1n \u0111\u1ea1t th\u00f4ng tin kinh t\u1ebf, gi\u00fap ng\u01b0\u1eddi s\u1eed d\u1ee5ng th\u00f4ng tin k\u1ebf to\u00e1n (c\u00e1c nh\u00e0 qu\u1ea3n l\u00fd, nh\u00e0 \u0111\u1ea7u t\u01b0, c\u00e1c doanh nghi\u1ec7p, c\u00e1c \u0111\u1ecbnh ch\u1ebf t\u00e0i ch\u00ednh, kinh doanh\u2026) \u0111\u01b0a ra c\u00e1c&#8230;<\/p>\n","protected":false},"featured_media":653,"comment_status":"open","ping_status":"closed","template":"","meta":[],"_links":{"self":[{"href":"https:\/\/webmaibinh.com\/w\/giaoducmaibinh\/wp-json\/wp\/v2\/product\/643"}],"collection":[{"href":"https:\/\/webmaibinh.com\/w\/giaoducmaibinh\/wp-json\/wp\/v2\/product"}],"about":[{"href":"https:\/\/webmaibinh.com\/w\/giaoducmaibinh\/wp-json\/wp\/v2\/types\/product"}],"replies":[{"embeddable":true,"href":"https:\/\/webmaibinh.com\/w\/giaoducmaibinh\/wp-json\/wp\/v2\/comments?post=643"}],"wp:featuredmedia":[{"embeddable":true,"href":"https:\/\/webmaibinh.com\/w\/giaoducmaibinh\/wp-json\/wp\/v2\/media\/653"}],"wp:attachment":[{"href":"https:\/\/webmaibinh.com\/w\/giaoducmaibinh\/wp-json\/wp\/v2\/media?parent=643"}],"curies":[{"name":"wp","href":"https:\/\/api.w.org\/{rel}","templated":true}]}}