{"id":641,"date":"2022-11-08T20:45:04","date_gmt":"2022-11-08T13:45:04","guid":{"rendered":"https:\/\/webmaibinh.com\/w\/giaoducmaibinh\/?post_type=product&#038;p=641"},"modified":"2022-11-08T20:45:04","modified_gmt":"2022-11-08T13:45:04","slug":"ke-toan-quan-tri-management-acounting","status":"publish","type":"product","link":"https:\/\/webmaibinh.com\/w\/giaoducmaibinh\/san-pham\/ke-toan-quan-tri-management-acounting\/","title":{"rendered":"K\u1ebf To\u00e1n Qu\u1ea3n Tr\u1ecb \u2013 Management Acounting"},"content":{"rendered":"<p style=\"text-align: justify;\"><span style=\"color: #000000;\">M\u1ee5c l\u1ee5c:<\/span><\/p>\n<ul>\n<li style=\"text-align: justify;\"><span style=\"color: #000000;\">Ch\u01b0\u01a1ng 1: T\u1ed5ng quan k\u1ebf to\u00e1n qu\u1ea3n tr\u1ecb<\/span><\/li>\n<li style=\"text-align: justify;\"><span style=\"color: #000000;\">Ch\u01b0\u01a1ng 2: Chi ph\u00ed v\u00e0 ph\u00e2n lo\u1ea1i chi ph\u00ed<\/span><\/li>\n<li style=\"text-align: justify;\"><span style=\"color: #000000;\">Ch\u01b0\u01a1ng 3: Ph\u00e2n t\u00edch m\u1ed1i quan h\u1ec7 chi ph\u00ed \u2013 kh\u1ed1i l\u01b0\u1ee3ng \u2013 l\u1ee3i nhu\u1eadn<\/span><\/li>\n<li style=\"text-align: justify;\"><span style=\"color: #000000;\">Ch\u01b0\u01a1ng 4: H\u1ec7 th\u1ed1ng d\u1ef1 to\u00e1n ng\u00e2n s\u00e1ch<\/span><\/li>\n<li style=\"text-align: justify;\"><span style=\"color: #000000;\">Ch\u01b0\u01a1ng 5: Ph\u00e2n t\u00edch bi\u1ebfn \u0111\u1ed9ng chi ph\u00ed v\u00e0 doanh thu<\/span><\/li>\n<\/ul>\n","protected":false},"excerpt":{"rendered":"<p>M\u1ee5c l\u1ee5c: Ch\u01b0\u01a1ng 1: T\u1ed5ng quan k\u1ebf to\u00e1n qu\u1ea3n tr\u1ecb Ch\u01b0\u01a1ng 2: Chi ph\u00ed v\u00e0 ph\u00e2n lo\u1ea1i chi ph\u00ed Ch\u01b0\u01a1ng 3: Ph\u00e2n t\u00edch m\u1ed1i quan h\u1ec7 chi ph\u00ed \u2013 kh\u1ed1i l\u01b0\u1ee3ng \u2013 l\u1ee3i nhu\u1eadn Ch\u01b0\u01a1ng 4: H\u1ec7 th\u1ed1ng d\u1ef1 to\u00e1n ng\u00e2n s\u00e1ch Ch\u01b0\u01a1ng 5: Ph\u00e2n t\u00edch bi\u1ebfn \u0111\u1ed9ng chi ph\u00ed v\u00e0 doanh thu<\/p>\n","protected":false},"featured_media":650,"comment_status":"open","ping_status":"closed","template":"","meta":[],"_links":{"self":[{"href":"https:\/\/webmaibinh.com\/w\/giaoducmaibinh\/wp-json\/wp\/v2\/product\/641"}],"collection":[{"href":"https:\/\/webmaibinh.com\/w\/giaoducmaibinh\/wp-json\/wp\/v2\/product"}],"about":[{"href":"https:\/\/webmaibinh.com\/w\/giaoducmaibinh\/wp-json\/wp\/v2\/types\/product"}],"replies":[{"embeddable":true,"href":"https:\/\/webmaibinh.com\/w\/giaoducmaibinh\/wp-json\/wp\/v2\/comments?post=641"}],"wp:featuredmedia":[{"embeddable":true,"href":"https:\/\/webmaibinh.com\/w\/giaoducmaibinh\/wp-json\/wp\/v2\/media\/650"}],"wp:attachment":[{"href":"https:\/\/webmaibinh.com\/w\/giaoducmaibinh\/wp-json\/wp\/v2\/media?parent=641"}],"curies":[{"name":"wp","href":"https:\/\/api.w.org\/{rel}","templated":true}]}}