{"id":640,"date":"2022-11-08T20:44:27","date_gmt":"2022-11-08T13:44:27","guid":{"rendered":"https:\/\/webmaibinh.com\/w\/giaoducmaibinh\/?post_type=product&#038;p=640"},"modified":"2022-11-08T20:44:28","modified_gmt":"2022-11-08T13:44:28","slug":"ke-toan-ngan-hang-ly-thuyet-bai-tap-bai-giai","status":"publish","type":"product","link":"https:\/\/webmaibinh.com\/w\/giaoducmaibinh\/san-pham\/ke-toan-ngan-hang-ly-thuyet-bai-tap-bai-giai\/","title":{"rendered":"K\u1ebf To\u00e1n Ng\u00e2n H\u00e0ng (L\u00fd Thuy\u1ebft \u2013 B\u00e0i T\u1eadp \u2013 B\u00e0i Gi\u1ea3i)"},"content":{"rendered":"<p style=\"text-align: justify;\"><span style=\"color: #000000;\">M\u00f4n h\u1ecdc k\u1ebf to\u00e1n ng\u00e2n h\u00e0ng l\u00e0 m\u00f4n h\u1ecdc c\u00f3 t\u00ednh \u1ee9ng d\u1ee5ng v\u00e0 t\u00ednh th\u1ef1c ti\u1ec5n r\u1ea5t cao do \u0111\u00f3 vi\u1ec7c h\u1ecdc t\u1eadp v\u00e0 nghi\u00ean c\u1ee9u nh\u1eefng l\u00fd thuy\u1ebft c\u01a1 b\u1ea3n v\u1ec1 c\u00e1c nghi\u1ec7p v\u1ee5 ch\u00ednh c\u1ee7a k\u1ebf to\u00e1n ng\u00e2n h\u00e0ng l\u00e0 r\u1ea5t h\u1eefu \u00edch cho t\u1ea5t c\u1ea3 c\u00e1c b\u1ea1n sinh vi\u00ean quan t\u00e2m \u0111\u1ebfn ho\u1ea1t \u0111\u1ed9ng kinh doanh ng\u00e2n h\u00e0ng c\u0169ng nh\u01b0 c\u00e1c nh\u00e2n vi\u00ean hi\u1ec7n \u0111ang l\u00e0m vi\u1ec7 t\u1ea1i c\u00e1c ng\u00e2n h\u00e0ng c\u0169ng nh\u01b0 c\u00e1c c\u00f4ng ty t\u00e0i ch\u00ednh.<\/span><\/p>\n<p style=\"text-align: justify;\"><span style=\"color: #000000;\">Cu\u1ed1n s\u00e1ch \u0111\u01b0\u1ee3c bi\u00ean so\u1ea1n nh\u1eb1m \u0111\u00e1p \u1ee9ng y\u00eau c\u1ea7u nghi\u00ean c\u1ee9u v\u00e0 h\u1ecdc t\u1eadp c\u00e1c nghi\u1ec7p v\u1ee5 k\u1ebf to\u00e1n ng\u00e2n h\u00e0ng. S\u00e1ch bao g\u1ed3m nhi\u1ec1u d\u1ea1ng c\u00e2u h\u1ecfi, b\u00e0i t\u1eadp v\u00e0 c\u00e1c t\u00ecnh hu\u1ed1ng \u0111\u01b0\u1ee3c s\u1eafp x\u1ebfp theo t\u1eebng Ch\u01b0\u01a1ng ph\u00f9 h\u1ee3p v\u1edbi qu\u00e1 tr\u00ecnh ti\u1ebfp c\u1eadn m\u00f4n h\u1ecdc theo m\u1ed7i nh\u00f3m nghi\u1ec7p v\u1ee5 Ng\u00e2n h\u00e0ng, sau \u0111\u00f3 l\u00e0 c\u00e1c b\u00e0i t\u1eadp mang t\u00ednh t\u1ed5ng h\u1ee3p. \u0110\u1eb7c bi\u1ec7t s\u00e1ch c\u00f2n \u0111\u01b0a v\u00e0o m\u1ed9t s\u1ed1 \u0110\u1ec1 thi h\u1ebft m\u00f4n, \u0110\u1ebf thi t\u1ed1t nghi\u1ec7p v\u00e0 \u0110\u1ec1 thi tuy\u1ec3n d\u1ee5ng v\u1ec1 k\u1ebf to\u00e1n ng\u00e2n h\u00e0ng t\u1ea1i m\u1ed9t s\u1ed1 NHTM \u0111\u1ec3 b\u1ea1n \u0111\u1ecdc tham kh\u1ea3o, b\u00e0i gi\u1ea3i m\u1eabu cho m\u1ed9t s\u1ed1 b\u00e0i t\u1eadp \u0111\u1ec3 qu\u00fd b\u1ea1n \u0111\u1ecdc \u0111\u1ed1i chi\u1ebfu v\u1edbi k\u1ebft qu\u1ea3 b\u00e0i l\u00e0m c\u1ee7a m\u00ecnh.<\/span><\/p>\n","protected":false},"excerpt":{"rendered":"<p>M\u00f4n h\u1ecdc k\u1ebf to\u00e1n ng\u00e2n h\u00e0ng l\u00e0 m\u00f4n h\u1ecdc c\u00f3 t\u00ednh \u1ee9ng d\u1ee5ng v\u00e0 t\u00ednh th\u1ef1c ti\u1ec5n r\u1ea5t cao do \u0111\u00f3 vi\u1ec7c h\u1ecdc t\u1eadp v\u00e0 nghi\u00ean c\u1ee9u nh\u1eefng l\u00fd thuy\u1ebft c\u01a1 b\u1ea3n v\u1ec1 c\u00e1c nghi\u1ec7p v\u1ee5 ch\u00ednh c\u1ee7a k\u1ebf to\u00e1n ng\u00e2n h\u00e0ng l\u00e0 r\u1ea5t h\u1eefu \u00edch cho t\u1ea5t c\u1ea3 c\u00e1c b\u1ea1n sinh vi\u00ean quan t\u00e2m&#8230;<\/p>\n","protected":false},"featured_media":649,"comment_status":"open","ping_status":"closed","template":"","meta":[],"_links":{"self":[{"href":"https:\/\/webmaibinh.com\/w\/giaoducmaibinh\/wp-json\/wp\/v2\/product\/640"}],"collection":[{"href":"https:\/\/webmaibinh.com\/w\/giaoducmaibinh\/wp-json\/wp\/v2\/product"}],"about":[{"href":"https:\/\/webmaibinh.com\/w\/giaoducmaibinh\/wp-json\/wp\/v2\/types\/product"}],"replies":[{"embeddable":true,"href":"https:\/\/webmaibinh.com\/w\/giaoducmaibinh\/wp-json\/wp\/v2\/comments?post=640"}],"wp:featuredmedia":[{"embeddable":true,"href":"https:\/\/webmaibinh.com\/w\/giaoducmaibinh\/wp-json\/wp\/v2\/media\/649"}],"wp:attachment":[{"href":"https:\/\/webmaibinh.com\/w\/giaoducmaibinh\/wp-json\/wp\/v2\/media?parent=640"}],"curies":[{"name":"wp","href":"https:\/\/api.w.org\/{rel}","templated":true}]}}