{"id":639,"date":"2022-11-08T20:44:01","date_gmt":"2022-11-08T13:44:01","guid":{"rendered":"https:\/\/webmaibinh.com\/w\/giaoducmaibinh\/?post_type=product&#038;p=639"},"modified":"2022-11-08T20:44:01","modified_gmt":"2022-11-08T13:44:01","slug":"ke-toan-tai-chinh","status":"publish","type":"product","link":"https:\/\/webmaibinh.com\/w\/giaoducmaibinh\/san-pham\/ke-toan-tai-chinh\/","title":{"rendered":"K\u1ebf To\u00e1n T\u00e0i Ch\u00ednh"},"content":{"rendered":"<p style=\"text-align: justify;\"><span style=\"color: #000000;\">Vi\u1ec7t Nam hi\u1ec7n \u0111ang h\u1ed9i nh\u1eadp ng\u00e0y c\u00e0ng s\u00e2u, to\u00e0n di\u1ec7n v\u00e0o n\u1ec1n kinh t\u1ebf th\u1ebf gi\u1edbi. T\u00e0i ch\u00ednh, K\u1ebf to\u00e1n v\u1edbi t\u01b0 c\u00e1ch l\u00e0 c\u00f4ng c\u1ee5 qu\u1ea3n l\u00fd v\u00e0 m\u1ed9t lo\u1ea1i h\u00ecnh d\u1ecbch v\u1ee5 trong th\u1ecb tr\u01b0\u1eddng t\u00e0i ch\u00ednh m\u1edf \u0111\u00e3 v\u00e0 \u0111ang h\u1ed9i nh\u1eadp v\u1edbi th\u1ebf gi\u1edbi nh\u01b0 m\u1ed9t quy lu\u1eadt t\u1ea5t y\u1ebfu c\u1ee7a s\u1ef1 ph\u00e1t tri\u1ec3n.<\/span><\/p>\n<p style=\"text-align: justify;\"><span style=\"color: #000000;\">N\u1ed9i dung cu\u1ed1n s\u00e1ch bao g\u1ed3m c\u00e1c ph\u1ea7n sau:<\/span><\/p>\n<p style=\"text-align: justify;\"><span style=\"color: #000000;\">Ph\u1ea7n 1. C\u00e1c v\u1ea5n \u0111\u1ec1 c\u01a1 b\u1ea3n c\u1ee7a k\u1ebf to\u00e1n<\/span><\/p>\n<p style=\"text-align: justify;\"><span style=\"color: #000000;\">Ph\u1ea7n 2. C\u00e1c h\u1ec7 th\u1ed1ng k\u1ebf to\u00e1n, b\u1ed9 khung k\u1ebf to\u00e1n Vi\u1ec7t Nam v\u00e0 k\u1ebf to\u00e1n qu\u1ed1c t\u1ebf.<\/span><\/p>\n<p style=\"text-align: justify;\"><span style=\"color: #000000;\">Ph\u1ea7n 3. K\u1ebf to\u00e1n c\u00e1c t\u00e0i s\u1ea3n kh\u00f4ng ph\u1ea3i tr\u1ea3 ti\u1ec1n v\u00e0 n\u1ee3 ph\u1ea3i tr\u1ea3.<\/span><\/p>\n<p style=\"text-align: justify;\"><span style=\"color: #000000;\">Ph\u1ea7n 4. K\u1ebf to\u00e1n c\u00f4ng ty c\u1ed5 ph\u1ea7n v\u00e0 c\u00e1c s\u1ef1 ki\u1ec7n \u0111\u1eb7c bi\u1ec7t.<\/span><\/p>\n<p style=\"text-align: justify;\"><span style=\"color: #000000;\">Ngo\u00e0i ra, cu\u1ed1i cu\u1ed1n s\u00e1ch c\u00f2n c\u00f3 b\u1ed5 sung th\u00eam ph\u1ea7n thu\u1eadt ng\u1eef k\u1ebf to\u00e1n Vi\u1ec7t \u2013 Anh gi\u00fap b\u1ea1n \u0111\u1ecdc ti\u1ec7n theo d\u00f5i h\u01a1n.<\/span><\/p>\n","protected":false},"excerpt":{"rendered":"<p>Vi\u1ec7t Nam hi\u1ec7n \u0111ang h\u1ed9i nh\u1eadp ng\u00e0y c\u00e0ng s\u00e2u, to\u00e0n di\u1ec7n v\u00e0o n\u1ec1n kinh t\u1ebf th\u1ebf gi\u1edbi. T\u00e0i ch\u00ednh, K\u1ebf to\u00e1n v\u1edbi t\u01b0 c\u00e1ch l\u00e0 c\u00f4ng c\u1ee5 qu\u1ea3n l\u00fd v\u00e0 m\u1ed9t lo\u1ea1i h\u00ecnh d\u1ecbch v\u1ee5 trong th\u1ecb tr\u01b0\u1eddng t\u00e0i ch\u00ednh m\u1edf \u0111\u00e3 v\u00e0 \u0111ang h\u1ed9i nh\u1eadp v\u1edbi th\u1ebf gi\u1edbi nh\u01b0 m\u1ed9t quy lu\u1eadt t\u1ea5t y\u1ebfu&#8230;<\/p>\n","protected":false},"featured_media":651,"comment_status":"open","ping_status":"closed","template":"","meta":[],"_links":{"self":[{"href":"https:\/\/webmaibinh.com\/w\/giaoducmaibinh\/wp-json\/wp\/v2\/product\/639"}],"collection":[{"href":"https:\/\/webmaibinh.com\/w\/giaoducmaibinh\/wp-json\/wp\/v2\/product"}],"about":[{"href":"https:\/\/webmaibinh.com\/w\/giaoducmaibinh\/wp-json\/wp\/v2\/types\/product"}],"replies":[{"embeddable":true,"href":"https:\/\/webmaibinh.com\/w\/giaoducmaibinh\/wp-json\/wp\/v2\/comments?post=639"}],"wp:featuredmedia":[{"embeddable":true,"href":"https:\/\/webmaibinh.com\/w\/giaoducmaibinh\/wp-json\/wp\/v2\/media\/651"}],"wp:attachment":[{"href":"https:\/\/webmaibinh.com\/w\/giaoducmaibinh\/wp-json\/wp\/v2\/media?parent=639"}],"curies":[{"name":"wp","href":"https:\/\/api.w.org\/{rel}","templated":true}]}}