{"id":638,"date":"2022-11-08T20:43:45","date_gmt":"2022-11-08T13:43:45","guid":{"rendered":"https:\/\/webmaibinh.com\/w\/giaoducmaibinh\/?post_type=product&#038;p=638"},"modified":"2022-11-08T20:43:46","modified_gmt":"2022-11-08T13:43:46","slug":"ke-toan-kiem-toan-trong-kinh-doanh","status":"publish","type":"product","link":"https:\/\/webmaibinh.com\/w\/giaoducmaibinh\/san-pham\/ke-toan-kiem-toan-trong-kinh-doanh\/","title":{"rendered":"K\u1ebf To\u00e1n Ki\u1ec3m To\u00e1n Trong Kinh Doanh"},"content":{"rendered":"<p style=\"text-align: justify;\"><span style=\"color: #000000;\">\u201c\u0110\u1ed1i v\u1edbi \u0111\u1ed9c gi\u1ea3 ch\u01b0a c\u00f3 kinh nghi\u1ec7m l\u00e0m vi\u1ec7c th\u1ef1c t\u1ebf, cu\u1ed1n s\u00e1ch gi\u00fap cung c\u1ea5p m\u1ed9t c\u00e1i nh\u00ecn t\u1ed5ng quan v\u1ec1 m\u00f4i tr\u01b0\u1eddng kinh doanh. V\u1edbi c\u1ea5u tr\u00fac h\u1ee3p l\u00fd, c\u00e1ch di\u1ec5n \u0111\u1ea1t gi\u1ea3n d\u1ecb v\u00e0 nh\u1eefng v\u00ed d\u1ee5 th\u1ef1c t\u1ebf, t\u00e1c gi\u1ea3 \u0111\u00e3 bi\u1ebfn nh\u1eefng v\u1ea5n \u0111\u1ec1 kh\u00f4 khan c\u1ee7a doanh nghi\u1ec7p th\u00e0nh nh\u1eefng c\u00e2u chuy\u1ec7n l\u00fd th\u00fa, d\u1ec5 hi\u1ec3u, t\u1eeb \u0111\u00f3 gi\u00fap cho nh\u1eefng sinh vi\u00ean theo h\u1ecdc nh\u1eefng ch\u01b0\u01a1ng tr\u00ecnh qu\u1ed1c t\u1ebf v\u1ec1 k\u1ebf to\u00e1n \u2013 ki\u1ec3m to\u00e1n v\u00e0 t\u00e0i ch\u00ednh d\u1ec5 d\u00e0ng n\u1eafm b\u1eaft nh\u1eefng ki\u1ebfn th\u1ee9c \u0111\u1ea1i c\u01b0\u01a1ng tr\u01b0\u1edbc khi h\u1ecdc nh\u1eefng m\u00f4n chuy\u00ean ng\u00e0nh\u201d. (NGUY\u1ec4N PH\u01af\u01a0NG MAI \u2013 Gi\u00e1m \u0110\u1ed1c Khu V\u1ef1c Ph\u00eda Nam, C\u00f4ng ty NAVIGOS SEARCH)<\/span><\/p>\n<p style=\"text-align: justify;\"><span style=\"color: #000000;\">\u201cCh\u01b0\u01a1ng tr\u00ecnh ACCA l\u00e0 m\u1ed9t ch\u01b0\u01a1ng tr\u00ecnh r\u1ea5t kh\u00f3 do r\u00e0o c\u1ea3n ti\u1ebfng Anh v\u00e0 l\u01b0\u1ee3ng ki\u1ebfn th\u1ee9c v\u00f4 c\u00f9ng r\u1ed9ng v\u00e0 s\u00e2u theo ti\u00eau chu\u1ea9n qu\u1ed1c t\u1ebf v\u00e0 c\u00e1c th\u00f4ng l\u1ec7 \u1edf nh\u1eefng t\u1eadp \u0111o\u00e0n \u0111a qu\u1ed1c gia. L\u00e0 ng\u01b0\u1eddi tr\u1ea3i nghi\u1ec7m th\u1ef1c t\u1ebf l\u00e0m vi\u1ec7c v\u00e0 kinh nghi\u1ec7m gi\u1ea3ng d\u1ea1y ACCA nhi\u1ec1u n\u0103m, t\u00f4i ngh\u0129 vi\u1ec7c t\u00ecm \u0111\u01b0\u1ee3c m\u1ed9t gi\u00e1o tr\u00ecnh t\u1ed1t l\u00e0 \u0111i\u1ec1u kh\u00e1 quan tr\u1ecdng. Cu\u1ed1n s\u00e1ch n\u00e0y ho\u00e0n to\u00e0n \u0111\u00e1p \u1ee9ng \u0111\u01b0\u1ee3c nhu c\u1ea7u \u0111\u00f3, v\u1edbi nh\u1eefng m\u00f4 t\u1ea3 kh\u00e1 \u0111\u1ea7y \u0111\u1ee7, bao qu\u00e1t c\u00e1c ki\u1ebfn th\u1ee9c, \u0111\u1ed3ng th\u1eddi kh\u00e1 d\u1ec5 \u0111\u1ecdc v\u1edbi c\u00e1c s\u01a1 \u0111\u1ed3 t\u00f3m l\u01b0\u1ee3c n\u1ed9i dung. \u0110\u1ed1i v\u1edbi nh\u1eefng b\u1ea1n theo \u0111u\u1ed5i ch\u01b0\u01a1ng tr\u00ecnh ACCA, th\u1ef1c s\u1ef1 kh\u00f3 t\u00ecm m\u1ed9t quy\u1ec3n s\u00e1ch Ti\u1ebfng Vi\u1ec7t \u0111\u01b0\u1ee3c tr\u00ecnh b\u00e0y chi ti\u1ebft v\u00e0 r\u00f5 r\u00e0ng nh\u01b0 v\u1eady. (TR\u1ea6N QU\u1ed0C \u0110\u1ecaNH \u2013 Gi\u00e1m \u0110\u1ed1c T\u00e0i Ch\u00ednh H\u00e3ng H\u00e0ng Kh\u00f4ng JETSTAR PACIFIC)<\/span><\/p>\n","protected":false},"excerpt":{"rendered":"<p>\u201c\u0110\u1ed1i v\u1edbi \u0111\u1ed9c gi\u1ea3 ch\u01b0a c\u00f3 kinh nghi\u1ec7m l\u00e0m vi\u1ec7c th\u1ef1c t\u1ebf, cu\u1ed1n s\u00e1ch gi\u00fap cung c\u1ea5p m\u1ed9t c\u00e1i nh\u00ecn t\u1ed5ng quan v\u1ec1 m\u00f4i tr\u01b0\u1eddng kinh doanh. V\u1edbi c\u1ea5u tr\u00fac h\u1ee3p l\u00fd, c\u00e1ch di\u1ec5n \u0111\u1ea1t gi\u1ea3n d\u1ecb v\u00e0 nh\u1eefng v\u00ed d\u1ee5 th\u1ef1c t\u1ebf, t\u00e1c gi\u1ea3 \u0111\u00e3 bi\u1ebfn nh\u1eefng v\u1ea5n \u0111\u1ec1 kh\u00f4 khan c\u1ee7a doanh nghi\u1ec7p&#8230;<\/p>\n","protected":false},"featured_media":654,"comment_status":"open","ping_status":"closed","template":"","meta":[],"_links":{"self":[{"href":"https:\/\/webmaibinh.com\/w\/giaoducmaibinh\/wp-json\/wp\/v2\/product\/638"}],"collection":[{"href":"https:\/\/webmaibinh.com\/w\/giaoducmaibinh\/wp-json\/wp\/v2\/product"}],"about":[{"href":"https:\/\/webmaibinh.com\/w\/giaoducmaibinh\/wp-json\/wp\/v2\/types\/product"}],"replies":[{"embeddable":true,"href":"https:\/\/webmaibinh.com\/w\/giaoducmaibinh\/wp-json\/wp\/v2\/comments?post=638"}],"wp:featuredmedia":[{"embeddable":true,"href":"https:\/\/webmaibinh.com\/w\/giaoducmaibinh\/wp-json\/wp\/v2\/media\/654"}],"wp:attachment":[{"href":"https:\/\/webmaibinh.com\/w\/giaoducmaibinh\/wp-json\/wp\/v2\/media?parent=638"}],"curies":[{"name":"wp","href":"https:\/\/api.w.org\/{rel}","templated":true}]}}