{"id":637,"date":"2022-11-08T20:43:17","date_gmt":"2022-11-08T13:43:17","guid":{"rendered":"https:\/\/webmaibinh.com\/w\/giaoducmaibinh\/?post_type=product&#038;p=637"},"modified":"2022-11-08T20:43:18","modified_gmt":"2022-11-08T13:43:18","slug":"tu-duy-ke-toan-phai-co-trong-kinh-doanh","status":"publish","type":"product","link":"https:\/\/webmaibinh.com\/w\/giaoducmaibinh\/san-pham\/tu-duy-ke-toan-phai-co-trong-kinh-doanh\/","title":{"rendered":"T\u01b0 Duy K\u1ebf To\u00e1n Ph\u1ea3i C\u00f3 Trong Kinh Doanh"},"content":{"rendered":"<p style=\"text-align: justify;\"><span style=\"color: #000000;\">T\u01b0 duy v\u00e0 phong c\u00e1ch qu\u1ea3n tr\u1ecb d\u1ef1a tr\u00ean n\u1ec1n t\u1ea3ng k\u1ebf to\u00e1n t\u00e0i ch\u00ednh \u0111ang tr\u1edf n\u00ean c\u1ea7n thi\u1ebft trong vi\u1ec7c \u0111\u1ea3m b\u1ea3o s\u1ef1 ph\u00e1t tri\u1ec3n b\u1ec1n v\u1eefng v\u00e0 t\u0103ng tr\u01b0\u1edfng c\u1ee7a doanh nghi\u1ec7p. Nh\u1eefng ng\u01b0\u1eddi th\u00e0nh c\u00f4ng trong kinh doanh l\u00e0 ng\u01b0\u1eddi c\u00f3 \u201ct\u01b0 duy k\u1ebf to\u00e1n\u201d theo c\u00e1ch ri\u00eang c\u1ee7a h\u1ecd. K\u1ebf to\u00e1n kh\u00f4ng qu\u00e1 ph\u1ee9c t\u1ea1p, ch\u1ec9 c\u1ea7n b\u1ea1n hi\u1ec3u nh\u1eefng \u0111i\u1ec3m quan tr\u1ecdng, k\u1ebf to\u00e1n s\u1ebd l\u00e0 m\u1ed9t c\u00f4ng c\u1ee5 h\u1ed7 tr\u1ee3 m\u1ea1nh h\u01a1n b\u1ea5t c\u1ee9 th\u1ee9 g\u00ec trong kinh doanh.<\/span><\/p>\n<p style=\"text-align: justify;\"><span style=\"color: #000000;\">Trong cu\u1ed1n s\u00e1ch T\u01b0 duy k\u1ebf to\u00e1n ph\u1ea3i c\u00f3 trong kinh doanh n\u00e0y, b\u1ea1n s\u1ebd n\u1eafm \u0111\u01b0\u1ee3c: Nh\u1eefng \u0111i\u1ec3m m\u1ea5u ch\u1ed1t c\u1ee7a b\u00e1o c\u00e1o t\u00e0i ch\u00ednh, T\u01b0 duy v\u1ec1 \u201cc\u01a1 c\u1ea5u l\u1ee3i nhu\u1eadn\u201d v\u00e0 \u201cthu chi ti\u1ec1n m\u1eb7t\u201d, C\u00e1ch s\u1eed d\u1ee5ng \u201cs\u1ed1 li\u1ec7u k\u1ebf to\u00e1n\u201d h\u1eefu \u00edch trong doanh nghi\u1ec7p, Quay v\u00f2ng PCDA v\u1edbi k\u1ebf to\u00e1n \u0111\u1ec3 \u0111\u1ea1t \u0111\u01b0\u1ee3c m\u1ee5c ti\u00eau \u0111\u1eb7t ra.<\/span><\/p>\n<p style=\"text-align: justify;\"><span style=\"color: #000000;\">T\u01b0 duy k\u1ebf to\u00e1n ph\u1ea3i c\u00f3 trong kinh doanh l\u00e0 cu\u1ed1n s\u00e1ch m\u00e0 b\u1ea5t k\u1ef3 nh\u00e0 qu\u1ea3n tr\u1ecb n\u00e0o ho\u1eb7c nh\u1eefng ng\u01b0\u1eddi \u0111ang ho\u1ea1t \u0111\u1ed9ng trong l\u0129nh v\u1ef1c k\u1ebf to\u00e1n n\u00ean tham kh\u1ea3o th\u00eam.<\/span><\/p>\n","protected":false},"excerpt":{"rendered":"<p>T\u01b0 duy v\u00e0 phong c\u00e1ch qu\u1ea3n tr\u1ecb d\u1ef1a tr\u00ean n\u1ec1n t\u1ea3ng k\u1ebf to\u00e1n t\u00e0i ch\u00ednh \u0111ang tr\u1edf n\u00ean c\u1ea7n thi\u1ebft trong vi\u1ec7c \u0111\u1ea3m b\u1ea3o s\u1ef1 ph\u00e1t tri\u1ec3n b\u1ec1n v\u1eefng v\u00e0 t\u0103ng tr\u01b0\u1edfng c\u1ee7a doanh nghi\u1ec7p. Nh\u1eefng ng\u01b0\u1eddi th\u00e0nh c\u00f4ng trong kinh doanh l\u00e0 ng\u01b0\u1eddi c\u00f3 \u201ct\u01b0 duy k\u1ebf to\u00e1n\u201d theo c\u00e1ch ri\u00eang c\u1ee7a h\u1ecd. K\u1ebf&#8230;<\/p>\n","protected":false},"featured_media":648,"comment_status":"open","ping_status":"closed","template":"","meta":[],"_links":{"self":[{"href":"https:\/\/webmaibinh.com\/w\/giaoducmaibinh\/wp-json\/wp\/v2\/product\/637"}],"collection":[{"href":"https:\/\/webmaibinh.com\/w\/giaoducmaibinh\/wp-json\/wp\/v2\/product"}],"about":[{"href":"https:\/\/webmaibinh.com\/w\/giaoducmaibinh\/wp-json\/wp\/v2\/types\/product"}],"replies":[{"embeddable":true,"href":"https:\/\/webmaibinh.com\/w\/giaoducmaibinh\/wp-json\/wp\/v2\/comments?post=637"}],"wp:featuredmedia":[{"embeddable":true,"href":"https:\/\/webmaibinh.com\/w\/giaoducmaibinh\/wp-json\/wp\/v2\/media\/648"}],"wp:attachment":[{"href":"https:\/\/webmaibinh.com\/w\/giaoducmaibinh\/wp-json\/wp\/v2\/media?parent=637"}],"curies":[{"name":"wp","href":"https:\/\/api.w.org\/{rel}","templated":true}]}}