{"id":636,"date":"2022-11-08T20:46:23","date_gmt":"2022-11-08T13:46:23","guid":{"rendered":"https:\/\/webmaibinh.com\/w\/giaoducmaibinh\/?post_type=product&#038;p=636"},"modified":"2022-11-08T20:46:24","modified_gmt":"2022-11-08T13:46:24","slug":"bao-cao-tai-chinh-huong-dan-tung-buoc-hieu-va-lap-bao-cao-tai-chinh","status":"publish","type":"product","link":"https:\/\/webmaibinh.com\/w\/giaoducmaibinh\/san-pham\/bao-cao-tai-chinh-huong-dan-tung-buoc-hieu-va-lap-bao-cao-tai-chinh\/","title":{"rendered":"B\u00e1o C\u00e1o T\u00e0i Ch\u00ednh \u2013 H\u01b0\u1edbng D\u1eabn T\u1eebng B\u01b0\u1edbc Hi\u1ec5u V\u00e0 L\u1eadp B\u00e1o C\u00e1o T\u00e0i Ch\u00ednh"},"content":{"rendered":"<p>B\u00e1o c\u00e1o t\u00e0i ch\u00ednh l\u00e0 m\u1ed9t thu\u1eadt ng\u1eef v\u00f4 c\u00f9ng quen thu\u1ed9c trong l\u0129nh v\u1ef1c k\u1ebf to\u00e1n. Tuy nhi\u00ean kh\u00f4ng ph\u1ea3i b\u1ea1n n\u00e0o m\u1edbi h\u1ecdc k\u1ebf to\u00e1n c\u0169ng bi\u1ebft v\u00e0 gi\u1ea3i th\u00edch \u0111\u01b0\u1ee3c \u201cB\u00e1o c\u00e1o t\u00e0i ch\u00ednh l\u00e0 g\u00ec?, Ai l\u1eadp b\u00e1o c\u00e1o t\u00e0i ch\u00ednh? L\u1eadp b\u00e1o c\u00e1o t\u00e0i ch\u00ednh nh\u01b0 th\u1ebf n\u00e0o? \u201c. V\u1eady thi b\u1ea1n kh\u00f4ng th\u1ec3 b\u1ecf qua quy\u1ec3n s\u00e1ch \u201d B\u00e1o C\u00e1o T\u00e0i Ch\u00ednh \u2013 H\u01b0\u1edbng D\u1eabn T\u1eebng B\u01b0\u1edbc Hi\u1ec3u V\u00e0 L\u1eadp B\u00e1o C\u00e1o T\u00e0i Ch\u00ednh \u201c.<\/p>\n","protected":false},"excerpt":{"rendered":"<p>B\u00e1o c\u00e1o t\u00e0i ch\u00ednh l\u00e0 m\u1ed9t thu\u1eadt ng\u1eef v\u00f4 c\u00f9ng quen thu\u1ed9c trong l\u0129nh v\u1ef1c k\u1ebf to\u00e1n. Tuy nhi\u00ean kh\u00f4ng ph\u1ea3i b\u1ea1n n\u00e0o m\u1edbi h\u1ecdc k\u1ebf to\u00e1n c\u0169ng bi\u1ebft v\u00e0 gi\u1ea3i th\u00edch \u0111\u01b0\u1ee3c \u201cB\u00e1o c\u00e1o t\u00e0i ch\u00ednh l\u00e0 g\u00ec?, Ai l\u1eadp b\u00e1o c\u00e1o t\u00e0i ch\u00ednh? L\u1eadp b\u00e1o c\u00e1o t\u00e0i ch\u00ednh nh\u01b0 th\u1ebf n\u00e0o? \u201c. V\u1eady&#8230;<\/p>\n","protected":false},"featured_media":646,"comment_status":"open","ping_status":"closed","template":"","meta":[],"_links":{"self":[{"href":"https:\/\/webmaibinh.com\/w\/giaoducmaibinh\/wp-json\/wp\/v2\/product\/636"}],"collection":[{"href":"https:\/\/webmaibinh.com\/w\/giaoducmaibinh\/wp-json\/wp\/v2\/product"}],"about":[{"href":"https:\/\/webmaibinh.com\/w\/giaoducmaibinh\/wp-json\/wp\/v2\/types\/product"}],"replies":[{"embeddable":true,"href":"https:\/\/webmaibinh.com\/w\/giaoducmaibinh\/wp-json\/wp\/v2\/comments?post=636"}],"wp:featuredmedia":[{"embeddable":true,"href":"https:\/\/webmaibinh.com\/w\/giaoducmaibinh\/wp-json\/wp\/v2\/media\/646"}],"wp:attachment":[{"href":"https:\/\/webmaibinh.com\/w\/giaoducmaibinh\/wp-json\/wp\/v2\/media?parent=636"}],"curies":[{"name":"wp","href":"https:\/\/api.w.org\/{rel}","templated":true}]}}