{"id":634,"date":"2022-11-08T20:29:50","date_gmt":"2022-11-08T13:29:50","guid":{"rendered":"https:\/\/webmaibinh.com\/w\/giaoducmaibinh\/?post_type=product&#038;p=634"},"modified":"2022-11-08T20:35:14","modified_gmt":"2022-11-08T13:35:14","slug":"nguyen-ly-ke-toan","status":"publish","type":"product","link":"https:\/\/webmaibinh.com\/w\/giaoducmaibinh\/san-pham\/nguyen-ly-ke-toan\/","title":{"rendered":"Nguy\u00ean L\u00fd K\u1ebf To\u00e1n"},"content":{"rendered":"<p style=\"text-align: justify;\"><span style=\"color: #000000;\">Vi\u1ec7c s\u1eed d\u1ee5ng th\u00f4ng tin k\u1ebf to\u00e1n \u0111\u1ec3 ph\u1ee5c v\u1ee5 cho y\u00eau c\u1ea7u qu\u1ea3n l\u00fd v\u00e0 ra quy\u1ebft \u0111\u1ecbnh \u0111ang v\u00e0 ng\u00e0y c\u1ea3ng tr\u1edf n\u00ean c\u1ea7n thi\u1ebft, ph\u1ed5 bi\u1ebfn cho nhi\u1ec1u \u0111\u1ed1i t\u01b0\u1ee3ng kh\u00e1c nhau, \u0111\u1eb7c bi\u1ec7t cho c\u00e1c nh\u00e0 \u0111\u1ea7u t\u01b0 hi\u1ec7n t\u1ea1i, cho nh\u1eefng ng\u01b0\u1eddi c\u00f3 mong mu\u1ed1n v\u00e0 c\u00f3 nhu c\u1ea7u \u0111\u1ea7u t\u01b0 trong t\u01b0\u01a1ng lai.<\/span><\/p>\n<p style=\"text-align: justify;\"><span style=\"color: #000000;\">\u0110\u1ec3 s\u1eed d\u1ee5ng \u0111\u01b0\u1ee3c th\u00f4ng tin do k\u1ebf to\u00e1n cung c\u1ea5p th\u00ec nh\u1ea5t thi\u1ebft ph\u1ea3i c\u00f3 nh\u1eefng hi\u1ec3u bi\u1ebft c\u01a1 b\u1ea3n v\u1ec1 \u0111\u1ed1i t\u01b0\u1ee3ng, ph\u01b0\u01a1ng ph\u00e1p v\u00e0 n\u1ed9i dung k\u1ebf to\u00e1n, m\u00f4n Nguy\u00ean L\u00fd k\u1ebf to\u00e1n l\u00e0 m\u00f4n h\u1ecdc cung c\u1ea5p nh\u1eefng ki\u1ebfn th\u1ee9c n\u1ec1n t\u1ea3ng v\u1ec1 k\u1ebf to\u00e1n, qua \u0111\u00f3 t\u1ea1o c\u01a1 s\u1edf \u0111\u1ec3 ti\u1ebfp t\u1ee5c h\u1ecdc t\u1eadp, nghi\u00ean c\u1ee9u c\u00e1c m\u00f4n h\u1ecdc k\u1ebf to\u00e1n chuy\u00ean ng\u00e0nh.<\/span><\/p>\n<p style=\"text-align: justify;\"><span style=\"color: #000000;\">N\u1ed9i dung c\u01a1 b\u1ea3n c\u1ee7a m\u00f4n Nguy\u00ean l\u00fd k\u1ebf to\u00e1n bao g\u1ed3m vi\u1ec7c tr\u00ecnh b\u00e0y v\u00e0 gi\u1ea3i th\u00edch \u0111\u1ed1i t\u01b0\u1ee3ng c\u1ee7a k\u1ebf to\u00e1n, c\u00e1c ph\u01b0\u01a1ng ph\u00e1p k\u1ebf to\u00e1n \u0111\u01b0\u1ee3c s\u1eed d\u1ee5ng \u0111\u1ec3 thu th\u1eadp, x\u1eed l\u00fd, t\u1ed5ng h\u1ee3p v\u00e0 cung c\u1ea5p th\u00f4ng tin v\u00e0 m\u1ed9t s\u1ed1 n\u1ed9i dung k\u1ebf to\u00e1n c\u01a1 b\u1ea3n trong doanh nghi\u1ec7p. M\u00f4n nguy\u00ean l\u00fd k\u1ebf to\u00e1n s\u1ebd r\u1ea5t b\u1ed5 \u00edch cho nh\u1eefng ai mu\u1ed1n t\u00ecm hi\u1ec3u, nghi\u00ean c\u1ee9u v\u1ec1 k\u1ebf to\u00e1n.<\/span><\/p>\n<p style=\"text-align: justify;\"><span style=\"color: #000000;\">Cu\u1ed1n s\u00e1ch n\u00e0y \u0111\u01b0\u1ee3c ch\u00fang t\u00f4i bi\u00ean so\u1ea1n v\u1edbi m\u1ee5c ti\u00eau \u0111\u00e1p \u1ee9ng y\u00eau c\u1ea7u t\u00ecm hi\u1ec3u v\u1ec1 k\u1ebf to\u00e1n cho nhi\u1ec1u \u0111\u1ed1i t\u01b0\u1ee3ng kh\u00e1c nhau. \u0110\u1eb7c bi\u1ec7t cu\u1ed1n s\u00e1ch n\u00e0y c\u00f2n l\u00e0 t\u00e0i li\u1ec7u h\u1ecdc t\u1eadp tham kh\u1ea3o c\u1ea7n thi\u1ebft cho sinh vi\u00ean kh\u1ed1i kinh t\u1ebf c\u00e1c tr\u01b0\u1eddng \u0110\u1ea1i H\u1ecdc, Cao \u0110\u1eb3ng.<\/span><\/p>\n","protected":false},"excerpt":{"rendered":"<p>Vi\u1ec7c s\u1eed d\u1ee5ng th\u00f4ng tin k\u1ebf to\u00e1n \u0111\u1ec3 ph\u1ee5c v\u1ee5 cho y\u00eau c\u1ea7u qu\u1ea3n l\u00fd v\u00e0 ra quy\u1ebft \u0111\u1ecbnh \u0111ang v\u00e0 ng\u00e0y c\u1ea3ng tr\u1edf n\u00ean c\u1ea7n thi\u1ebft, ph\u1ed5 bi\u1ebfn cho nhi\u1ec1u \u0111\u1ed1i t\u01b0\u1ee3ng kh\u00e1c nhau, \u0111\u1eb7c bi\u1ec7t cho c\u00e1c nh\u00e0 \u0111\u1ea7u t\u01b0 hi\u1ec7n t\u1ea1i, cho nh\u1eefng ng\u01b0\u1eddi c\u00f3 mong mu\u1ed1n v\u00e0 c\u00f3 nhu c\u1ea7u \u0111\u1ea7u&#8230;<\/p>\n","protected":false},"featured_media":635,"comment_status":"open","ping_status":"closed","template":"","meta":[],"_links":{"self":[{"href":"https:\/\/webmaibinh.com\/w\/giaoducmaibinh\/wp-json\/wp\/v2\/product\/634"}],"collection":[{"href":"https:\/\/webmaibinh.com\/w\/giaoducmaibinh\/wp-json\/wp\/v2\/product"}],"about":[{"href":"https:\/\/webmaibinh.com\/w\/giaoducmaibinh\/wp-json\/wp\/v2\/types\/product"}],"replies":[{"embeddable":true,"href":"https:\/\/webmaibinh.com\/w\/giaoducmaibinh\/wp-json\/wp\/v2\/comments?post=634"}],"wp:featuredmedia":[{"embeddable":true,"href":"https:\/\/webmaibinh.com\/w\/giaoducmaibinh\/wp-json\/wp\/v2\/media\/635"}],"wp:attachment":[{"href":"https:\/\/webmaibinh.com\/w\/giaoducmaibinh\/wp-json\/wp\/v2\/media?parent=634"}],"curies":[{"name":"wp","href":"https:\/\/api.w.org\/{rel}","templated":true}]}}