{"id":623,"date":"2022-11-08T14:40:42","date_gmt":"2022-11-08T07:40:42","guid":{"rendered":"https:\/\/webmaibinh.com\/w\/giaoducmaibinh\/?post_type=product&#038;p=623"},"modified":"2025-02-16T12:57:57","modified_gmt":"2025-02-16T05:57:57","slug":"khoa-hoc-ke-toan-tong-hop","status":"publish","type":"product","link":"https:\/\/webmaibinh.com\/w\/giaoducmaibinh\/san-pham\/khoa-hoc-ke-toan-tong-hop\/","title":{"rendered":"KH\u00d3A H\u1eccC K\u1ebe TO\u00c1N T\u1ed4NG H\u1ee2P"},"content":{"rendered":"<h1 class=\"cb\"><strong>KH\u00d3A H\u1eccC K\u1ebe TO\u00c1N T\u1ed4NG H\u1ee2P<\/strong><\/h1>\n<div class=\"ThoiLuong\">\n<div id=\"row-1062117555\" class=\"row\">\n<div id=\"col-244420943\" class=\"col medium-6 small-12 large-6\">\n<div class=\"col-inner\">\n<div class=\"cb\"><\/div>\n<div class=\"KhaiGiang\"><span style=\"color: #000000;\"><b>Khai gi\u1ea3ng:\u00a0<\/b>23\/9\/2022<\/span><\/div>\n<div class=\"cb\"><\/div>\n<div class=\"ThoiLuong\"><span style=\"color: #000000;\"><b>Th\u1eddi l\u01b0\u1ee3ng:\u00a0<\/b>13 bu\u1ed5i<\/span><\/div>\n<div class=\"cb\"><\/div>\n<div class=\"HocPhi\"><span style=\"color: #000000;\"><b>H\u1ecdc ph\u00ed:\u00a0<\/b>3.000.000<\/span><\/div>\n<div class=\"cb\"><\/div>\n<div class=\"item_description\"><\/div>\n<div><\/div>\n<p><span style=\"color: #000000;\"><a class=\"button primary is-shade\" style=\"color: #000000;\">LI\u00caN H\u1ec6 CH\u00daNG T\u00d4I<\/a><\/span><\/p>\n<\/div>\n<\/div>\n<\/div>\n<p><span style=\"color: #000000;\"><strong>T\u00ean ch\u01b0\u01a1ng tr\u00ecnh:<\/strong> KH\u00d3A H\u1eccC K\u1ebe TO\u00c1N T\u1ed4NG H\u1ee2P<\/span><\/p>\n<p><span style=\"color: #000000;\"><strong>S\u1ed1 bu\u1ed5i:<\/strong>\u00a03 th\u00e1ng (tu\u1ea7n 3 bu\u1ed5i: th\u1ee9 2, th\u1ee9 4, th\u1ee9 6)<\/span><\/p>\n<p><span style=\"color: #000000;\"><strong>H\u1ecdc ph\u00ed:<\/strong>\u00a03.000.000 VN\u0110 ho\u1eb7c cam k\u1ebft l\u00e0m vi\u1ec7c t\u1ea1i c\u00f4ng ty sau khi \u0111\u01b0\u1ee3c \u0111\u00e0o t\u1ea1o<\/span><\/p>\n<p><span style=\"color: #000000;\"><strong>Gi\u1ea3ng vi\u00ean \u0111\u00e0o t\u1ea1o:<\/strong>\u00a0\u00d4ng Tr\u1ea7n Ho\u00e0ng \u00c1nh<\/span><\/p>\n<p><span style=\"color: #000000;\"><strong>K\u1ef9 n\u0103ng h\u1ecdc \u0111\u01b0\u1ee3c:\u00a0<\/strong><\/span><\/p>\n<ul>\n<li><\/li>\n<\/ul>\n<p><span style=\"color: #000000;\"><strong>\u0110\u1ed1i t\u01b0\u1ee3ng tuy\u1ec3n sinh:<\/strong>\u00a0<\/span><\/p>\n<p><span style=\"color: #000000;\"><strong>Th\u1eddi gian h\u1ecdc:\u00a0<\/strong>L\u1ecbch c\u1ee5 th\u1ec3 s\u1ebd \u0111\u01b0\u1ee3c th\u00f4ng b\u00e1o c\u1ee5 th\u1ec3 theo y\u00eau c\u1ea7u<\/span><\/p>\n<p><span style=\"color: #000000;\"><strong>Li\u00ean h\u1ec7 ban tuy\u1ec3n d\u1ee5ng: 0933 468 999 \u2013 0926 468 999 \u2013 0397 468 999 \u2013 0825 468 999<\/strong><\/span><\/p>\n<p><span style=\"color: #000000;\"><strong>Gmail: Tranhoanganh.qb@gmail.com<\/strong><\/span><\/p>\n<p><span style=\"color: #000000;\"><strong>\u0110\u1ecba ch\u1ec9: S\u1ed1 27 \u0110\u01b0\u1eddng s\u1ed1 7, KDC Hi\u1ec7p Th\u00e0nh 1, Khu 05, Ph\u01b0\u1eddng Hi\u1ec7p Th\u00e0nh, Th\u00e0nh ph\u1ed1 Th\u1ee7 D\u1ea7u M\u1ed9t, T\u1ec9nh B\u00ecnh D\u01b0\u01a1ng<\/strong><\/span><\/p>\n<\/div>\n","protected":false},"excerpt":{"rendered":"<div class=\"KhaiGiang\"><b>Khai gi\u1ea3ng:\u00a0<\/b>16\/11\/2022<\/div>\n<div class=\"ThoiLuong\"><b>Th\u1eddi l\u01b0\u1ee3ng:\u00a0<\/b>03 bu\u1ed5i\/tu\u1ea7n<\/div>\n<div class=\"HocPhi\"><b>H\u1ecdc ph\u00ed:\u00a0<\/b>8.000.000<\/div>\n<div><\/div>\n<div class=\"item_description\"><em>\u0110\u1ea1o t\u1ea1o l\u00e0m k\u1ebf to\u00e1n t\u1ed5ng h\u1ee3p gi\u1ecfi<\/em><\/div>\n","protected":false},"featured_media":683,"comment_status":"open","ping_status":"closed","template":"","meta":[],"_links":{"self":[{"href":"https:\/\/webmaibinh.com\/w\/giaoducmaibinh\/wp-json\/wp\/v2\/product\/623"}],"collection":[{"href":"https:\/\/webmaibinh.com\/w\/giaoducmaibinh\/wp-json\/wp\/v2\/product"}],"about":[{"href":"https:\/\/webmaibinh.com\/w\/giaoducmaibinh\/wp-json\/wp\/v2\/types\/product"}],"replies":[{"embeddable":true,"href":"https:\/\/webmaibinh.com\/w\/giaoducmaibinh\/wp-json\/wp\/v2\/comments?post=623"}],"wp:featuredmedia":[{"embeddable":true,"href":"https:\/\/webmaibinh.com\/w\/giaoducmaibinh\/wp-json\/wp\/v2\/media\/683"}],"wp:attachment":[{"href":"https:\/\/webmaibinh.com\/w\/giaoducmaibinh\/wp-json\/wp\/v2\/media?parent=623"}],"curies":[{"name":"wp","href":"https:\/\/api.w.org\/{rel}","templated":true}]}}