{"id":621,"date":"2022-11-08T14:37:57","date_gmt":"2022-11-08T07:37:57","guid":{"rendered":"https:\/\/webmaibinh.com\/w\/giaoducmaibinh\/?post_type=product&#038;p=621"},"modified":"2025-02-16T12:57:21","modified_gmt":"2025-02-16T05:57:21","slug":"khoa-hoc-ke-toan-theo-yeu-cau","status":"publish","type":"product","link":"https:\/\/webmaibinh.com\/w\/giaoducmaibinh\/san-pham\/khoa-hoc-ke-toan-theo-yeu-cau\/","title":{"rendered":"KH\u00d3A H\u1eccC K\u1ebe TO\u00c1N THEO Y\u00caU C\u1ea6U"},"content":{"rendered":"<div id=\"row-1062117555\" class=\"row\">\n<div id=\"col-1344658100\" class=\"col medium-6 small-12 large-6\">\n<div class=\"col-inner\">\n<div id=\"gallery-690583422\" class=\"slider slider-auto-height row-collapse slider-nav-reveal flickity-enabled slider-lazy-load-active\" tabindex=\"0\" data-flickity-options=\"{&quot;imagesLoaded&quot;: true, &quot;dragThreshold&quot; : 5, &quot;cellAlign&quot;: &quot;left&quot;,&quot;wrapAround&quot;: true,&quot;prevNextButtons&quot;: true,&quot;percentPosition&quot;: true,&quot;pageDots&quot;: false, &quot;rightToLeft&quot;: false, &quot;autoPlay&quot; : false}\">\n<div class=\"flickity-viewport\">\n<div class=\"flickity-slider\">\n<div class=\"gallery-col col is-selected\">\n<div class=\"col-inner\">\n<div class=\"box has-hover gallery-box box-none\"><strong style=\"font-size: 25.92px;\">KH\u00d3A H\u1eccC K\u1ebe TO\u00c1N THEO Y\u00caU C\u1ea6U<\/strong><\/div>\n<\/div>\n<\/div>\n<\/div>\n<\/div>\n<\/div>\n<\/div>\n<\/div>\n<div id=\"col-244420943\" class=\"col medium-6 small-12 large-6\">\n<div class=\"col-inner\">\n<div class=\"ThoiLuong\">\n<div id=\"row-1062117555\" class=\"row\">\n<div id=\"col-244420943\" class=\"col medium-6 small-12 large-6\">\n<div class=\"col-inner\">\n<div class=\"cb\"><\/div>\n<div class=\"KhaiGiang\"><span style=\"color: #000000;\"><b>Khai gi\u1ea3ng:\u00a0<\/b>23\/9\/2022<\/span><\/div>\n<div class=\"cb\"><\/div>\n<div class=\"ThoiLuong\"><span style=\"color: #000000;\"><b>Th\u1eddi l\u01b0\u1ee3ng:\u00a0<\/b>13 bu\u1ed5i<\/span><\/div>\n<div class=\"cb\"><\/div>\n<div class=\"HocPhi\"><span style=\"color: #000000;\"><b>H\u1ecdc ph\u00ed:\u00a0<\/b>3.000.000<\/span><\/div>\n<div class=\"cb\"><\/div>\n<div class=\"item_description\"><\/div>\n<div><\/div>\n<p><span style=\"color: #000000;\"><a class=\"button primary is-shade\" style=\"color: #000000;\">LI\u00caN H\u1ec6 CH\u00daNG T\u00d4I<\/a><\/span><\/p>\n<\/div>\n<\/div>\n<\/div>\n<p><span style=\"color: #000000;\"><strong>T\u00ean ch\u01b0\u01a1ng tr\u00ecnh:<\/strong> KH\u00d3A H\u1eccC K\u1ebe TO\u00c1N THEO Y\u00caU C\u1ea6U<\/span><\/p>\n<p><span style=\"color: #000000;\"><strong>S\u1ed1 bu\u1ed5i:<\/strong>\u00a03 th\u00e1ng (tu\u1ea7n 3 bu\u1ed5i: th\u1ee9 2, th\u1ee9 4, th\u1ee9 6)<\/span><\/p>\n<p><span style=\"color: #000000;\"><strong>H\u1ecdc ph\u00ed:<\/strong>\u00a03.000.000 VN\u0110 ho\u1eb7c cam k\u1ebft l\u00e0m vi\u1ec7c t\u1ea1i c\u00f4ng ty sau khi \u0111\u01b0\u1ee3c \u0111\u00e0o t\u1ea1o<\/span><\/p>\n<p><span style=\"color: #000000;\"><strong>Gi\u1ea3ng vi\u00ean \u0111\u00e0o t\u1ea1o:<\/strong>\u00a0\u00d4ng Tr\u1ea7n Ho\u00e0ng \u00c1nh<\/span><\/p>\n<p><span style=\"color: #000000;\"><strong>K\u1ef9 n\u0103ng h\u1ecdc \u0111\u01b0\u1ee3c:\u00a0<\/strong><\/span><\/p>\n<ul>\n<li><\/li>\n<\/ul>\n<p><span style=\"color: #000000;\"><strong>\u0110\u1ed1i t\u01b0\u1ee3ng tuy\u1ec3n sinh:<\/strong>\u00a0<\/span><\/p>\n<p><span style=\"color: #000000;\"><strong>Th\u1eddi gian h\u1ecdc:\u00a0<\/strong>L\u1ecbch c\u1ee5 th\u1ec3 s\u1ebd \u0111\u01b0\u1ee3c th\u00f4ng b\u00e1o c\u1ee5 th\u1ec3 theo y\u00eau c\u1ea7u<\/span><\/p>\n<p><span style=\"color: #000000;\"><strong>Li\u00ean h\u1ec7 ban tuy\u1ec3n d\u1ee5ng: 0933 468 999 \u2013 0926 468 999 \u2013 0397 468 999 \u2013 0825 468 999<\/strong><\/span><\/p>\n<p><span style=\"color: #000000;\"><strong>Gmail: Tranhoanganh.qb@gmail.com<\/strong><\/span><\/p>\n<p><span style=\"color: #000000;\"><strong>\u0110\u1ecba ch\u1ec9: S\u1ed1 27 \u0110\u01b0\u1eddng s\u1ed1 7, KDC Hi\u1ec7p Th\u00e0nh 1, Khu 05, Ph\u01b0\u1eddng Hi\u1ec7p Th\u00e0nh, Th\u00e0nh ph\u1ed1 Th\u1ee7 D\u1ea7u M\u1ed9t, T\u1ec9nh B\u00ecnh D\u01b0\u01a1ng<\/strong><\/span><\/p>\n<\/div>\n<\/div>\n<\/div>\n<\/div>\n","protected":false},"excerpt":{"rendered":"<div class=\"KhaiGiang\"><b>Khai gi\u1ea3ng:\u00a0<\/b>16\/11\/2022<\/div>\n<div class=\"ThoiLuong\"><b>Th\u1eddi l\u01b0\u1ee3ng:\u00a0<\/b>03-06 bu\u1ed5i\/tu\u1ea7n<\/div>\n<div class=\"HocPhi\"><b>H\u1ecdc ph\u00ed: 3.000.000\u00a0<\/b>HO\u1eb6C<b>\u00a0MI\u1ec4N PH\u00cd<\/b><\/div>\n<div><\/div>\n<div class=\"item_description\"><em>Kh\u00f3a h\u1ecdc d\u00e0nh cho h\u1ecdc vi\u00ean \u0111ang h\u1ecdc, s\u1eafp ra tr\u01b0\u1eddng h\u1ecdc m\u1ea5t c\u0103n b\u1ea3n k\u1ebf to\u00e1n c\u1ea7n n\u00e2ng cao tay ngh\u1ec1, Mu\u1ed1n chinh ph\u1ee5c m\u1ea3ng k\u1ebf to\u00e1n thu\u1ebf c\u1ef1c k\u1ef3 kh\u00f3 nh\u1eb1n<\/em><\/div>\n","protected":false},"featured_media":684,"comment_status":"open","ping_status":"closed","template":"","meta":[],"_links":{"self":[{"href":"https:\/\/webmaibinh.com\/w\/giaoducmaibinh\/wp-json\/wp\/v2\/product\/621"}],"collection":[{"href":"https:\/\/webmaibinh.com\/w\/giaoducmaibinh\/wp-json\/wp\/v2\/product"}],"about":[{"href":"https:\/\/webmaibinh.com\/w\/giaoducmaibinh\/wp-json\/wp\/v2\/types\/product"}],"replies":[{"embeddable":true,"href":"https:\/\/webmaibinh.com\/w\/giaoducmaibinh\/wp-json\/wp\/v2\/comments?post=621"}],"wp:featuredmedia":[{"embeddable":true,"href":"https:\/\/webmaibinh.com\/w\/giaoducmaibinh\/wp-json\/wp\/v2\/media\/684"}],"wp:attachment":[{"href":"https:\/\/webmaibinh.com\/w\/giaoducmaibinh\/wp-json\/wp\/v2\/media?parent=621"}],"curies":[{"name":"wp","href":"https:\/\/api.w.org\/{rel}","templated":true}]}}