{"id":620,"date":"2022-11-08T14:36:21","date_gmt":"2022-11-08T07:36:21","guid":{"rendered":"https:\/\/webmaibinh.com\/w\/giaoducmaibinh\/?post_type=product&#038;p=620"},"modified":"2025-02-16T12:57:03","modified_gmt":"2025-02-16T05:57:03","slug":"khoa-hoc-dao-tao-tai-chinh-kinh-doanh","status":"publish","type":"product","link":"https:\/\/webmaibinh.com\/w\/giaoducmaibinh\/san-pham\/khoa-hoc-dao-tao-tai-chinh-kinh-doanh\/","title":{"rendered":"KH\u00d3A H\u1eccC \u0110\u00c0O T\u1ea0O T\u00c0I CH\u00cdNH KINH DOANH"},"content":{"rendered":"<div id=\"row-1062117555\" class=\"row\">\n<div id=\"col-1344658100\" class=\"col medium-6 small-12 large-6\">\n<div class=\"col-inner\">\n<div id=\"gallery-690583422\" class=\"slider slider-auto-height row-collapse slider-nav-reveal flickity-enabled slider-lazy-load-active\" tabindex=\"0\" data-flickity-options=\"{&quot;imagesLoaded&quot;: true, &quot;dragThreshold&quot; : 5, &quot;cellAlign&quot;: &quot;left&quot;,&quot;wrapAround&quot;: true,&quot;prevNextButtons&quot;: true,&quot;percentPosition&quot;: true,&quot;pageDots&quot;: false, &quot;rightToLeft&quot;: false, &quot;autoPlay&quot; : false}\">\n<div class=\"flickity-viewport\">\n<div class=\"flickity-slider\">\n<div class=\"gallery-col col is-selected\">\n<div class=\"col-inner\">\n<div class=\"box has-hover gallery-box box-none\">\n<h1 class=\"box-image\"><strong>KH\u00d3A H\u1eccC \u0110\u00c0O T\u1ea0O T\u00c0I CH\u00cdNH KINH DOANH<\/strong><\/h1>\n<\/div>\n<\/div>\n<\/div>\n<\/div>\n<\/div>\n<\/div>\n<\/div>\n<\/div>\n<div id=\"col-244420943\" class=\"col medium-6 small-12 large-6\">\n<div class=\"col-inner\">\n<div class=\"cb\"><\/div>\n<div class=\"KhaiGiang\"><span style=\"color: #000000;\"><b>Khai gi\u1ea3ng:\u00a0<\/b>23\/9\/2022<\/span><\/div>\n<div class=\"cb\"><\/div>\n<div class=\"ThoiLuong\"><span style=\"color: #000000;\"><b>Th\u1eddi l\u01b0\u1ee3ng:\u00a0<\/b>13 bu\u1ed5i<\/span><\/div>\n<div class=\"cb\"><\/div>\n<div class=\"HocPhi\"><span style=\"color: #000000;\"><b>H\u1ecdc ph\u00ed:\u00a0<\/b>3.000.000<\/span><\/div>\n<div class=\"cb\"><\/div>\n<div class=\"item_description\"><\/div>\n<div><\/div>\n<p><span style=\"color: #000000;\"><a class=\"button primary is-shade\" style=\"color: #000000;\">LI\u00caN H\u1ec6 CH\u00daNG T\u00d4I<\/a><\/span><\/p>\n<\/div>\n<\/div>\n<\/div>\n<p><span style=\"color: #000000;\"><strong>T\u00ean ch\u01b0\u01a1ng tr\u00ecnh:<\/strong> KH\u00d3A H\u1eccC \u0110\u00c0O T\u1ea0O T\u00c0I CH\u00cdNH KINH DOANH<\/span><\/p>\n<p><span style=\"color: #000000;\"><strong>S\u1ed1 bu\u1ed5i:<\/strong>\u00a03 th\u00e1ng (tu\u1ea7n 3 bu\u1ed5i: th\u1ee9 2, th\u1ee9 4, th\u1ee9 6)<\/span><\/p>\n<p><span style=\"color: #000000;\"><strong>H\u1ecdc ph\u00ed:<\/strong>\u00a03.000.000 VN\u0110 ho\u1eb7c cam k\u1ebft l\u00e0m vi\u1ec7c t\u1ea1i c\u00f4ng ty sau khi \u0111\u01b0\u1ee3c \u0111\u00e0o t\u1ea1o<\/span><\/p>\n<p><span style=\"color: #000000;\"><strong>Gi\u1ea3ng vi\u00ean \u0111\u00e0o t\u1ea1o:<\/strong>\u00a0\u00d4ng Tr\u1ea7n Ho\u00e0ng \u00c1nh<\/span><\/p>\n<p><span style=\"color: #000000;\"><strong>K\u1ef9 n\u0103ng h\u1ecdc \u0111\u01b0\u1ee3c:\u00a0<\/strong><\/span><\/p>\n<ul>\n<li><\/li>\n<\/ul>\n<p><span style=\"color: #000000;\"><strong>\u0110\u1ed1i t\u01b0\u1ee3ng tuy\u1ec3n sinh:<\/strong>\u00a0<\/span><\/p>\n<p><span style=\"color: #000000;\"><strong>Th\u1eddi gian h\u1ecdc:\u00a0<\/strong>L\u1ecbch c\u1ee5 th\u1ec3 s\u1ebd \u0111\u01b0\u1ee3c th\u00f4ng b\u00e1o n\u1ebfu l\u1edbp h\u1ecdc \u0111\u1ee7 tr\u00ean 10 ng\u01b0\u1eddi<\/span><\/p>\n<p><span style=\"color: #000000;\"><strong>Li\u00ean h\u1ec7 ban tuy\u1ec3n d\u1ee5ng: 0933 468 999 \u2013 0926 468 999 \u2013 0397 468 999 \u2013 0825 468 999<\/strong><\/span><\/p>\n<p><span style=\"color: #000000;\"><strong>Gmail: Tranhoanganh.qb@gmail.com<\/strong><\/span><\/p>\n<p><span style=\"color: #000000;\"><strong>\u0110\u1ecba ch\u1ec9: S\u1ed1 27 \u0110\u01b0\u1eddng s\u1ed1 7, KDC Hi\u1ec7p Th\u00e0nh 1, Khu 05, Ph\u01b0\u1eddng Hi\u1ec7p Th\u00e0nh, Th\u00e0nh ph\u1ed1 Th\u1ee7 D\u1ea7u M\u1ed9t, T\u1ec9nh B\u00ecnh D\u01b0\u01a1ng<\/strong><\/span><\/p>\n","protected":false},"excerpt":{"rendered":"<div class=\"KhaiGiang\" style=\"text-align: justify;\"><span style=\"color: #000000;\"><b>Khai gi\u1ea3ng:\u00a0<\/b>16\/11\/2022<\/span><\/div>\n<div class=\"ThoiLuong\" style=\"text-align: justify;\"><span style=\"color: #000000;\"><b>Th\u1eddi l\u01b0\u1ee3ng:\u00a0<\/b>03 bu\u1ed5i\/tu\u1ea7n<\/span><\/div>\n<div class=\"HocPhi\" style=\"text-align: justify;\"><span style=\"color: #000000;\"><b>H\u1ecdc ph\u00ed:\u00a0<\/b>3.000.000 VN\u0110<\/span><\/div>\n<div class=\"item_description\" style=\"text-align: justify;\"><span style=\"color: #000000;\"><em>Kh\u00f3a h\u1ecdc cung c\u1ea5p cho h\u1ecdc nh\u1eefng ki\u1ebfn th\u1ee9c n\u1ec1n t\u1ea3ng ch\u1eafc ch\u1eafn v\u1ec1 ph\u00e2n t\u00edch t\u00e0i ch\u00ednh doanh nghi\u1ec7p<\/em><\/span><\/div>\n","protected":false},"featured_media":686,"comment_status":"open","ping_status":"closed","template":"","meta":[],"_links":{"self":[{"href":"https:\/\/webmaibinh.com\/w\/giaoducmaibinh\/wp-json\/wp\/v2\/product\/620"}],"collection":[{"href":"https:\/\/webmaibinh.com\/w\/giaoducmaibinh\/wp-json\/wp\/v2\/product"}],"about":[{"href":"https:\/\/webmaibinh.com\/w\/giaoducmaibinh\/wp-json\/wp\/v2\/types\/product"}],"replies":[{"embeddable":true,"href":"https:\/\/webmaibinh.com\/w\/giaoducmaibinh\/wp-json\/wp\/v2\/comments?post=620"}],"wp:featuredmedia":[{"embeddable":true,"href":"https:\/\/webmaibinh.com\/w\/giaoducmaibinh\/wp-json\/wp\/v2\/media\/686"}],"wp:attachment":[{"href":"https:\/\/webmaibinh.com\/w\/giaoducmaibinh\/wp-json\/wp\/v2\/media?parent=620"}],"curies":[{"name":"wp","href":"https:\/\/api.w.org\/{rel}","templated":true}]}}