{"id":468,"date":"2022-10-27T08:44:49","date_gmt":"2022-10-27T01:44:49","guid":{"rendered":"https:\/\/webmaibinh.com\/w\/giaoducmaibinh\/?page_id=468"},"modified":"2022-11-09T08:21:55","modified_gmt":"2022-11-09T01:21:55","slug":"lich-hoc-va-khai-giang","status":"publish","type":"page","link":"https:\/\/webmaibinh.com\/w\/giaoducmaibinh\/lich-hoc-va-khai-giang\/","title":{"rendered":"L\u1ecbch h\u1ecdc v\u00e0 khai gi\u1ea3ng"},"content":{"rendered":"\t<section class=\"section\" id=\"section_273963209\">\n\t\t<div class=\"bg section-bg fill bg-fill  bg-loaded\" >\n\n\t\t\t\n\t\t\t\n\t\t\t\n\n\t\t<\/div>\n\n\t\t<div class=\"section-content relative\">\n\t\t\t\n<div class=\"slider-wrapper relative\" id=\"slider-2053878487\" >\n    <div class=\"slider slider-nav-circle slider-nav-large slider-nav-light slider-style-normal\"\n        data-flickity-options='{\n            \"cellAlign\": \"center\",\n            \"imagesLoaded\": true,\n            \"lazyLoad\": 1,\n            \"freeScroll\": false,\n            \"wrapAround\": true,\n            \"autoPlay\": 6000,\n            \"pauseAutoPlayOnHover\" : true,\n            \"prevNextButtons\": true,\n            \"contain\" : true,\n            \"adaptiveHeight\" : true,\n            \"dragThreshold\" : 10,\n            \"percentPosition\": true,\n            \"pageDots\": true,\n            \"rightToLeft\": false,\n            \"draggable\": true,\n            \"selectedAttraction\": 0.1,\n            \"parallax\" : 0,\n            \"friction\": 0.6        }'\n        >\n        \n\t<div class=\"img has-hover x md-x lg-x y md-y lg-y\" id=\"image_2120957307\">\n\t\t\t\t\t\t\t\t<div class=\"img-inner dark\" >\n\t\t\t\t\t\t\t\t\t\n\t\t\t\t\t<\/div>\n\t\t\t\t\t\t\t\t\n<style>\n#image_2120957307 {\n  width: 100%;\n}\n<\/style>\n\t<\/div>\n\t\n     <\/div>\n\n     <div class=\"loading-spin dark large centered\"><\/div>\n\n     <\/div>\n\n\n\n  \n    <div class=\"row large-columns-2 medium-columns-1 small-columns-1 has-shadow row-box-shadow-2 slider row-slider slider-nav-simple slider-nav-outside\"  data-flickity-options='{\"imagesLoaded\": true, \"groupCells\": \"100%\", \"dragThreshold\" : 5, \"cellAlign\": \"left\",\"wrapAround\": true,\"prevNextButtons\": true,\"percentPosition\": true,\"pageDots\": false, \"rightToLeft\": false, \"autoPlay\" : false}'>\n\n  \t\t<div class=\"col post-item\" >\n\t\t\t<div class=\"col-inner\">\n\t\t\t<a href=\"https:\/\/webmaibinh.com\/w\/giaoducmaibinh\/tong-hop-17-diem-moi-ve-quan-ly-thue\/\" class=\"plain\">\n\t\t\t\t<div class=\"box box-vertical box-text-bottom box-blog-post has-hover\">\n            \t\t\t\t\t<div class=\"box-image\" style=\"width:43%;\">\n  \t\t\t\t\t\t<div class=\"image-cover\" style=\"padding-top:89%;\">\n  \t\t\t\t\t\t\t<img width=\"544\" height=\"400\" src=\"https:\/\/webmaibinh.com\/w\/giaoducmaibinh\/wp-content\/uploads\/2022\/10\/17-DIEM-MOI-544x400.jpg\" class=\"attachment-medium size-medium wp-post-image\" alt=\"\" loading=\"lazy\" srcset=\"https:\/\/webmaibinh.com\/w\/giaoducmaibinh\/wp-content\/uploads\/2022\/10\/17-DIEM-MOI-544x400.jpg 544w, https:\/\/webmaibinh.com\/w\/giaoducmaibinh\/wp-content\/uploads\/2022\/10\/17-DIEM-MOI-510x375.jpg 510w, https:\/\/webmaibinh.com\/w\/giaoducmaibinh\/wp-content\/uploads\/2022\/10\/17-DIEM-MOI-768x564.jpg 768w, https:\/\/webmaibinh.com\/w\/giaoducmaibinh\/wp-content\/uploads\/2022\/10\/17-DIEM-MOI-300x220.jpg 300w, https:\/\/webmaibinh.com\/w\/giaoducmaibinh\/wp-content\/uploads\/2022\/10\/17-DIEM-MOI.jpg 777w\" sizes=\"(max-width: 544px) 100vw, 544px\" \/>  \t\t\t\t\t\t\t  \t\t\t\t\t\t\t  \t\t\t\t\t\t<\/div>\n  \t\t\t\t\t\t  \t\t\t\t\t<\/div>\n          \t\t\t\t\t<div class=\"box-text text-center\" >\n\t\t\t\t\t<div class=\"box-text-inner blog-post-inner\">\n\n\t\t\t\t\t\n\t\t\t\t\t\t\t\t\t\t<div id=\"toc_container\" class=\"no_bullets\"><p class=\"toc_title\">Contents<\/p><ul class=\"toc_list\"><ul><li><ul><li><ul><li><ul><li><a href=\"#TONG_HOP_17_DIEM_MOI_VE_QUAN_LY_THUE\"><span class=\"toc_number toc_depth_5\">0.0.0.0.1<\/span> T\u1ed4NG H\u1ee2P 17 \u0110I\u1ec2M M\u1edaI V\u1ec0 QU\u1ea2N L\u00dd THU\u1ebe<\/a><\/li><li><a href=\"#Ban_Mo_Ta_Cong_Viec_Cua_Nhan_Vien_Ke_Toan_Day_Du_Nhat_2022\"><span class=\"toc_number toc_depth_5\">0.0.0.0.2<\/span> B\u1ea3n M\u00f4 T\u1ea3 C\u00f4ng Vi\u1ec7c C\u1ee7a Nh\u00e2n Vi\u00ean K\u1ebf To\u00e1n \u0110\u1ea7y \u0110\u1ee7 Nh\u1ea5t 2022<\/a><\/li><li><a href=\"#Nhung_Cau_Hoi_Thuong_Gap_Khi_Phong_Van_Ke_Toan_Va_Cach_Tra_Loi_Hay\"><span class=\"toc_number toc_depth_5\">0.0.0.0.3<\/span> Nh\u1eefng C\u00e2u H\u1ecfi Th\u01b0\u1eddng G\u1eb7p Khi Ph\u1ecfng V\u1ea5n K\u1ebf To\u00e1n V\u00e0 C\u00e1ch Tr\u1ea3 L\u1eddi Hay<\/a><\/li><li><a href=\"#Ke_toan_truong_la_gi_Dieu_kien_tro_thanh_ke_toan_truong_cua_doanh_nghiep_nam_2022\"><span class=\"toc_number toc_depth_5\">0.0.0.0.4<\/span> K\u1ebf to\u00e1n tr\u01b0\u1edfng l\u00e0 g\u00ec? \u0110i\u1ec1u ki\u1ec7n tr\u1edf th\u00e0nh k\u1ebf to\u00e1n tr\u01b0\u1edfng c\u1ee7a doanh nghi\u1ec7p n\u0103m 2022<\/a><\/li><li><a href=\"#Chao_mung_ngay_phu_nu_Viet_Nam_20-10-2022\"><span class=\"toc_number toc_depth_5\">0.0.0.0.5<\/span> Ch\u00e0o m\u1eebng ng\u00e0y ph\u1ee5 n\u1eef Vi\u1ec7t Nam 20-10-2022<\/a><\/li><\/ul><\/li><\/ul><\/li><\/ul><\/li><li><a href=\"#i\"><span class=\"toc_number toc_depth_2\">0.1<\/span> \u00a0<\/a><\/li><\/ul><\/li><li><a href=\"#Ma_lop_hoc\"><span class=\"toc_number toc_depth_1\">1<\/span> M\u00e3 l\u1edbp h\u1ecdc<\/a><\/li><li><a href=\"#Ten_khoa_hoc\"><span class=\"toc_number toc_depth_1\">2<\/span> T\u00ean kh\u00f3a h\u1ecdc<\/a><\/li><li><a href=\"#Thoi_gian_dao_tao\"><span class=\"toc_number toc_depth_1\">3<\/span> Th\u1eddi gian \u0111\u00e0o t\u1ea1o<\/a><\/li><li><a href=\"#Ngay_bat_dau\"><span class=\"toc_number toc_depth_1\">4<\/span> Ng\u00e0y b\u1eaft \u0111\u1ea7u<\/a><\/li><li><a href=\"#Thong_tin_chi_tiet_khoa_hoc\"><span class=\"toc_number toc_depth_1\">5<\/span> Th\u00f4ng tin chi ti\u1ebft kh\u00f3a h\u1ecdc<\/a><ul><li><ul><li><a href=\"#KHOA_HOC_KE_TOAN_TIN_HOC_THUC_HANH\"><span class=\"toc_number toc_depth_3\">5.0.1<\/span> KH\u00d3A H\u1eccC K\u1ebe TO\u00c1N TIN H\u1eccC TH\u1ef0C H\u00c0NH<\/a><\/li><li><a href=\"#KHOA_HOC_DAO_TAO_TAI_CHINH_KINH_DOANH\"><span class=\"toc_number toc_depth_3\">5.0.2<\/span> KH\u00d3A H\u1eccC \u0110\u00c0O T\u1ea0O T\u00c0I CH\u00cdNH KINH DOANH<\/a><\/li><li><a href=\"#KHOA_HOC_KE_TOAN_THEO_YEU_CAU\"><span class=\"toc_number toc_depth_3\">5.0.3<\/span> KH\u00d3A H\u1eccC K\u1ebe TO\u00c1N THEO Y\u00caU C\u1ea6U<\/a><\/li><li><a href=\"#KHOA_HOC_KE_TOAN_THUE\"><span class=\"toc_number toc_depth_3\">5.0.4<\/span> KH\u00d3A H\u1eccC K\u1ebe TO\u00c1N THU\u1ebe<\/a><\/li><li><a href=\"#KHOA_HOC_KE_TOAN_TONG_HOP\"><span class=\"toc_number toc_depth_3\">5.0.5<\/span> KH\u00d3A H\u1eccC K\u1ebe TO\u00c1N T\u1ed4NG H\u1ee2P<\/a><\/li><li><a href=\"#KHOA_HOC_HANH_CHINH_NHAN_SU_CHUYEN_NGHIEP\"><span class=\"toc_number toc_depth_3\">5.0.6<\/span> KH\u00d3A H\u1eccC H\u00c0NH CH\u00cdNH NH\u00c2N S\u1ef0 CHUY\u00caN NGHI\u1ec6P<\/a><\/li><li><a href=\"#KHOA_HOC_KE_TOAN_TINH_GIA_THANH_CUC_GIOI\"><span class=\"toc_number toc_depth_3\">5.0.7<\/span> KH\u00d3A H\u1eccC K\u1ebe TO\u00c1N T\u00cdNH GI\u00c1 TH\u00c0NH C\u1ef0C GI\u1eceI<\/a><\/li><\/ul><\/li><li><a href=\"#CHUNG_TOI_LIEN_TUC_TUYEN_SINH_HOC_VIEN_CO_NHU_CAU_MUON_PHAT_TRIEN_NGHE_NGHIEP_KE_TOAN_MOI_CHI_TIET_LIEN_HE_0933_468_999\"><span class=\"toc_number toc_depth_2\">5.1<\/span> CH\u00daNG T\u00d4I LI\u00caN T\u1ee4C TUY\u1ec2N SINH H\u1eccC VI\u00caN C\u00d3 NHU C\u1ea6U MU\u1ed0N PH\u00c1T TRI\u1ec2N NGH\u1ec0 NGHI\u1ec6P K\u1ebe TO\u00c1N, M\u1eccI CHI TI\u1ebeT LI\u00caN H\u1ec6: 0933 468 999<\/a><\/li><\/ul><\/li><\/ul><\/div>\n<h5 class=\"post-title is-large \"><span id=\"TONG_HOP_17_DIEM_MOI_VE_QUAN_LY_THUE\">T\u1ed4NG H\u1ee2P 17 \u0110I\u1ec2M M\u1edaI V\u1ec0 QU\u1ea2N L\u00dd THU\u1ebe<\/span><\/h5>\n\t\t\t\t\t<div class=\"post-meta is-small op-8\">29\/10\/2022<\/div>\t\t\t\t\t<div class=\"is-divider\"><\/div>\n\t\t\t\t\t\t\t\t\t\t<p class=\"from_the_blog_excerpt \">T\u1ed5ng c\u1ee5c Thu\u1ebf m\u1edbi \u0111\u00e2y \u0111\u00e3 ban h\u00e0nh C\u00f4ng v\u0103n 5189\/TCT-CS gi\u1edbi thi\u1ec7u c\u00e1c n\u1ed9i dung m\u1edbi c\u1ee7a Ngh\u1ecb \u0111\u1ecbnh 126\/2020\/N\u0110-CP h\u01b0\u1edbng d\u1eabn Lu\u1eadt Qu\u1ea3n l\u00fd thu\u1ebf. C\u00f4ng v\u0103n ch\u1ec9...\t\t\t\t\t<\/p>\n\t\t\t\t\t                    \n\t\t\t\t\t\n\t\t\t\t\t\n\t\t\t\t\t<\/div>\n\t\t\t\t\t<\/div>\n\t\t\t\t\t\t\t\t\t<\/div>\n\t\t\t\t<\/a>\n\t\t\t<\/div>\n\t\t<\/div>\n\t\t<div class=\"col post-item\" >\n\t\t\t<div class=\"col-inner\">\n\t\t\t<a href=\"https:\/\/webmaibinh.com\/w\/giaoducmaibinh\/ban-mo-ta-cong-viec-cua-nhan-vien-ke-toan-day-du-nhat-2022\/\" class=\"plain\">\n\t\t\t\t<div class=\"box box-vertical box-text-bottom box-blog-post has-hover\">\n            \t\t\t\t\t<div class=\"box-image\" style=\"width:43%;\">\n  \t\t\t\t\t\t<div class=\"image-cover\" style=\"padding-top:89%;\">\n  \t\t\t\t\t\t\t<img width=\"640\" height=\"400\" src=\"https:\/\/webmaibinh.com\/w\/giaoducmaibinh\/wp-content\/uploads\/2022\/10\/nhan-vien-ke-toan-640x400.jpg\" class=\"attachment-medium size-medium wp-post-image\" alt=\"\" loading=\"lazy\" srcset=\"https:\/\/webmaibinh.com\/w\/giaoducmaibinh\/wp-content\/uploads\/2022\/10\/nhan-vien-ke-toan-640x400.jpg 640w, https:\/\/webmaibinh.com\/w\/giaoducmaibinh\/wp-content\/uploads\/2022\/10\/nhan-vien-ke-toan-510x319.jpg 510w, https:\/\/webmaibinh.com\/w\/giaoducmaibinh\/wp-content\/uploads\/2022\/10\/nhan-vien-ke-toan-768x480.jpg 768w, https:\/\/webmaibinh.com\/w\/giaoducmaibinh\/wp-content\/uploads\/2022\/10\/nhan-vien-ke-toan-300x188.jpg 300w, https:\/\/webmaibinh.com\/w\/giaoducmaibinh\/wp-content\/uploads\/2022\/10\/nhan-vien-ke-toan.jpg 800w\" sizes=\"(max-width: 640px) 100vw, 640px\" \/>  \t\t\t\t\t\t\t  \t\t\t\t\t\t\t  \t\t\t\t\t\t<\/div>\n  \t\t\t\t\t\t  \t\t\t\t\t<\/div>\n          \t\t\t\t\t<div class=\"box-text text-center\" >\n\t\t\t\t\t<div class=\"box-text-inner blog-post-inner\">\n\n\t\t\t\t\t\n\t\t\t\t\t\t\t\t\t\t<h5 class=\"post-title is-large \"><span id=\"Ban_Mo_Ta_Cong_Viec_Cua_Nhan_Vien_Ke_Toan_Day_Du_Nhat_2022\">B\u1ea3n M\u00f4 T\u1ea3 C\u00f4ng Vi\u1ec7c C\u1ee7a Nh\u00e2n Vi\u00ean K\u1ebf To\u00e1n \u0110\u1ea7y \u0110\u1ee7 Nh\u1ea5t 2022<\/span><\/h5>\n\t\t\t\t\t<div class=\"post-meta is-small op-8\">28\/10\/2022<\/div>\t\t\t\t\t<div class=\"is-divider\"><\/div>\n\t\t\t\t\t\t\t\t\t\t<p class=\"from_the_blog_excerpt \">K\u1ebf to\u00e1n vi\u00ean l\u00e0 m\u1ed9t trong nh\u1eefng v\u1ecb tr\u00ed quan tr\u1ecdng trong c\u00e1c doanh nghi\u1ec7p. Hi\u1ec7n nay, ng\u00e0nh n\u00e0y \u0111ang \u0111\u01b0\u1ee3c nhi\u1ec1u b\u1ea1n tr\u1ebb c\u1ef1c k\u1ef3 quan t\u00e2m. M\u1eb7c d\u00f9...\t\t\t\t\t<\/p>\n\t\t\t\t\t                    \n\t\t\t\t\t\n\t\t\t\t\t\n\t\t\t\t\t<\/div>\n\t\t\t\t\t<\/div>\n\t\t\t\t\t\t\t\t\t<\/div>\n\t\t\t\t<\/a>\n\t\t\t<\/div>\n\t\t<\/div>\n\t\t<div class=\"col post-item\" >\n\t\t\t<div class=\"col-inner\">\n\t\t\t<a href=\"https:\/\/webmaibinh.com\/w\/giaoducmaibinh\/nhung-cau-hoi-thuong-gap-khi-phong-van-ke-toan-va-cach-tra-loi-hay\/\" class=\"plain\">\n\t\t\t\t<div class=\"box box-vertical box-text-bottom box-blog-post has-hover\">\n            \t\t\t\t\t<div class=\"box-image\" style=\"width:43%;\">\n  \t\t\t\t\t\t<div class=\"image-cover\" style=\"padding-top:89%;\">\n  \t\t\t\t\t\t\t<img width=\"533\" height=\"400\" src=\"https:\/\/webmaibinh.com\/w\/giaoducmaibinh\/wp-content\/uploads\/2022\/10\/Phong-van-533x400.jpeg\" class=\"attachment-medium size-medium wp-post-image\" alt=\"\" loading=\"lazy\" srcset=\"https:\/\/webmaibinh.com\/w\/giaoducmaibinh\/wp-content\/uploads\/2022\/10\/Phong-van-533x400.jpeg 533w, https:\/\/webmaibinh.com\/w\/giaoducmaibinh\/wp-content\/uploads\/2022\/10\/Phong-van-510x383.jpeg 510w, https:\/\/webmaibinh.com\/w\/giaoducmaibinh\/wp-content\/uploads\/2022\/10\/Phong-van-1067x800.jpeg 1067w, https:\/\/webmaibinh.com\/w\/giaoducmaibinh\/wp-content\/uploads\/2022\/10\/Phong-van-768x576.jpeg 768w, https:\/\/webmaibinh.com\/w\/giaoducmaibinh\/wp-content\/uploads\/2022\/10\/Phong-van-300x225.jpeg 300w, https:\/\/webmaibinh.com\/w\/giaoducmaibinh\/wp-content\/uploads\/2022\/10\/Phong-van.jpeg 1200w\" sizes=\"(max-width: 533px) 100vw, 533px\" \/>  \t\t\t\t\t\t\t  \t\t\t\t\t\t\t  \t\t\t\t\t\t<\/div>\n  \t\t\t\t\t\t  \t\t\t\t\t<\/div>\n          \t\t\t\t\t<div class=\"box-text text-center\" >\n\t\t\t\t\t<div class=\"box-text-inner blog-post-inner\">\n\n\t\t\t\t\t\n\t\t\t\t\t\t\t\t\t\t<h5 class=\"post-title is-large \"><span id=\"Nhung_Cau_Hoi_Thuong_Gap_Khi_Phong_Van_Ke_Toan_Va_Cach_Tra_Loi_Hay\">Nh\u1eefng C\u00e2u H\u1ecfi Th\u01b0\u1eddng G\u1eb7p Khi Ph\u1ecfng V\u1ea5n K\u1ebf To\u00e1n V\u00e0 C\u00e1ch Tr\u1ea3 L\u1eddi Hay<\/span><\/h5>\n\t\t\t\t\t<div class=\"post-meta is-small op-8\">28\/10\/2022<\/div>\t\t\t\t\t<div class=\"is-divider\"><\/div>\n\t\t\t\t\t\t\t\t\t\t<p class=\"from_the_blog_excerpt \">K\u1ebf to\u00e1n l\u00e0 m\u1ed9t trong nh\u1eefng b\u1ed9 ph\u1eadn quan tr\u1ecdng nh\u1ea5t trong kh\u00e2u v\u1eadn h\u00e0nh c\u1ee7a m\u1ed9t doanh nghi\u1ec7p. C\u1ee9 nh\u1eafc \u0111\u1ebfn k\u1ebf to\u00e1n th\u00ec b\u1ed9 ph\u1eadn n\u00e0o c\u0169ng ph\u1ea3i...\t\t\t\t\t<\/p>\n\t\t\t\t\t                    \n\t\t\t\t\t\n\t\t\t\t\t\n\t\t\t\t\t<\/div>\n\t\t\t\t\t<\/div>\n\t\t\t\t\t\t\t\t\t<\/div>\n\t\t\t\t<\/a>\n\t\t\t<\/div>\n\t\t<\/div>\n\t\t<div class=\"col post-item\" >\n\t\t\t<div class=\"col-inner\">\n\t\t\t<a href=\"https:\/\/webmaibinh.com\/w\/giaoducmaibinh\/ke-toan-truong-la-gi-dieu-kien-tro-thanh-ke-toan-truong-cua-doanh-nghiep\/\" class=\"plain\">\n\t\t\t\t<div class=\"box box-vertical box-text-bottom box-blog-post has-hover\">\n            \t\t\t\t\t<div class=\"box-image\" style=\"width:43%;\">\n  \t\t\t\t\t\t<div class=\"image-cover\" style=\"padding-top:89%;\">\n  \t\t\t\t\t\t\t<img width=\"615\" height=\"400\" src=\"https:\/\/webmaibinh.com\/w\/giaoducmaibinh\/wp-content\/uploads\/2022\/10\/kt-truong-615x400.jpg\" class=\"attachment-medium size-medium wp-post-image\" alt=\"\" loading=\"lazy\" srcset=\"https:\/\/webmaibinh.com\/w\/giaoducmaibinh\/wp-content\/uploads\/2022\/10\/kt-truong-615x400.jpg 615w, https:\/\/webmaibinh.com\/w\/giaoducmaibinh\/wp-content\/uploads\/2022\/10\/kt-truong-510x332.jpg 510w, https:\/\/webmaibinh.com\/w\/giaoducmaibinh\/wp-content\/uploads\/2022\/10\/kt-truong-300x195.jpg 300w, https:\/\/webmaibinh.com\/w\/giaoducmaibinh\/wp-content\/uploads\/2022\/10\/kt-truong.jpg 650w\" sizes=\"(max-width: 615px) 100vw, 615px\" \/>  \t\t\t\t\t\t\t  \t\t\t\t\t\t\t  \t\t\t\t\t\t<\/div>\n  \t\t\t\t\t\t  \t\t\t\t\t<\/div>\n          \t\t\t\t\t<div class=\"box-text text-center\" >\n\t\t\t\t\t<div class=\"box-text-inner blog-post-inner\">\n\n\t\t\t\t\t\n\t\t\t\t\t\t\t\t\t\t<h5 class=\"post-title is-large \"><span id=\"Ke_toan_truong_la_gi_Dieu_kien_tro_thanh_ke_toan_truong_cua_doanh_nghiep_nam_2022\">K\u1ebf to\u00e1n tr\u01b0\u1edfng l\u00e0 g\u00ec? \u0110i\u1ec1u ki\u1ec7n tr\u1edf th\u00e0nh k\u1ebf to\u00e1n tr\u01b0\u1edfng c\u1ee7a doanh nghi\u1ec7p n\u0103m 2022<\/span><\/h5>\n\t\t\t\t\t<div class=\"post-meta is-small op-8\">28\/10\/2022<\/div>\t\t\t\t\t<div class=\"is-divider\"><\/div>\n\t\t\t\t\t\t\t\t\t\t<p class=\"from_the_blog_excerpt \">K\u1ebf to\u00e1n tr\u01b0\u1edfng l\u00e0 g\u00ec? \u0110i\u1ec1u ki\u1ec7n tr\u1edf th\u00e0nh k\u1ebf to\u00e1n tr\u01b0\u1edfng c\u1ee7a doanh nghi\u1ec7p K\u1ebf to\u00e1n tr\u01b0\u1edfng l\u00e0 v\u1ecb tr\u00ed m\u00e0 nhi\u1ec1u k\u1ebf to\u00e1n mu\u1ed1n h\u01b0\u1edbng \u0111\u1ebfn, v\u1eady k\u1ebf...\t\t\t\t\t<\/p>\n\t\t\t\t\t                    \n\t\t\t\t\t\n\t\t\t\t\t\n\t\t\t\t\t<\/div>\n\t\t\t\t\t<\/div>\n\t\t\t\t\t\t\t\t\t<\/div>\n\t\t\t\t<\/a>\n\t\t\t<\/div>\n\t\t<\/div>\n\t\t<div class=\"col post-item\" >\n\t\t\t<div class=\"col-inner\">\n\t\t\t<a href=\"https:\/\/webmaibinh.com\/w\/giaoducmaibinh\/chao-mung-ngay-phu-nu-viet-nam-20-10-2022\/\" class=\"plain\">\n\t\t\t\t<div class=\"box box-vertical box-text-bottom box-blog-post has-hover\">\n            \t\t\t\t\t<div class=\"box-image\" style=\"width:43%;\">\n  \t\t\t\t\t\t<div class=\"image-cover\" style=\"padding-top:89%;\">\n  \t\t\t\t\t\t\t<img width=\"800\" height=\"172\" src=\"https:\/\/webmaibinh.com\/w\/giaoducmaibinh\/wp-content\/uploads\/2022\/10\/chao-mung-20-10-800x172.png\" class=\"attachment-medium size-medium wp-post-image\" alt=\"\" loading=\"lazy\" srcset=\"https:\/\/webmaibinh.com\/w\/giaoducmaibinh\/wp-content\/uploads\/2022\/10\/chao-mung-20-10-800x172.png 800w, https:\/\/webmaibinh.com\/w\/giaoducmaibinh\/wp-content\/uploads\/2022\/10\/chao-mung-20-10-510x110.png 510w, https:\/\/webmaibinh.com\/w\/giaoducmaibinh\/wp-content\/uploads\/2022\/10\/chao-mung-20-10-768x166.png 768w, https:\/\/webmaibinh.com\/w\/giaoducmaibinh\/wp-content\/uploads\/2022\/10\/chao-mung-20-10-300x65.png 300w, https:\/\/webmaibinh.com\/w\/giaoducmaibinh\/wp-content\/uploads\/2022\/10\/chao-mung-20-10.png 1322w\" sizes=\"(max-width: 800px) 100vw, 800px\" \/>  \t\t\t\t\t\t\t  \t\t\t\t\t\t\t  \t\t\t\t\t\t<\/div>\n  \t\t\t\t\t\t  \t\t\t\t\t<\/div>\n          \t\t\t\t\t<div class=\"box-text text-center\" >\n\t\t\t\t\t<div class=\"box-text-inner blog-post-inner\">\n\n\t\t\t\t\t\n\t\t\t\t\t\t\t\t\t\t<h5 class=\"post-title is-large \"><span id=\"Chao_mung_ngay_phu_nu_Viet_Nam_20-10-2022\">Ch\u00e0o m\u1eebng ng\u00e0y ph\u1ee5 n\u1eef Vi\u1ec7t Nam 20-10-2022<\/span><\/h5>\n\t\t\t\t\t<div class=\"post-meta is-small op-8\">29\/10\/2022<\/div>\t\t\t\t\t<div class=\"is-divider\"><\/div>\n\t\t\t\t\t\t\t\t\t\t<p class=\"from_the_blog_excerpt \">Nh\u00e2n k\u1ef7 ni\u1ec7m 92 n\u0103m ng\u00e0y th\u00e0nh l\u1eadp H\u1ed9i li\u00ean hi\u1ec7p Ph\u1ee5 n\u1eef Vi\u1ec7t Nam 20\/10 (20\/10\/1930- 20\/10\/2022). Mai B\u00ecnh ch\u00fac t\u1ea5t c\u1ea3 c\u00e1c ch\u1ecb em ph\u1ee5 n\u1eef t\u01b0\u01a1i tr\u1ebb,...\t\t\t\t\t<\/p>\n\t\t\t\t\t                    \n\t\t\t\t\t\n\t\t\t\t\t\n\t\t\t\t\t<\/div>\n\t\t\t\t\t<\/div>\n\t\t\t\t\t\t\t\t\t<\/div>\n\t\t\t\t<\/a>\n\t\t\t<\/div>\n\t\t<\/div>\n<\/div>\n<h2 style=\"text-align: justify;\"><span id=\"i\">\u00a0<\/span><\/h2>\n<table style=\"height: 1115px;\" width=\"1195\">\n<tbody>\n<tr>\n<td width=\"120\">\n<h1 style=\"text-align: center;\"><span id=\"Ma_lop_hoc\"><span style=\"color: #003366;\"><strong>M\u00e3 l\u1edbp h\u1ecdc<\/strong><\/span><\/span><\/h1>\n<p style=\"text-align: center;\">\u00a0<\/p>\n<\/td>\n<td style=\"text-align: center;\" width=\"120\">\n<h1><span id=\"Ten_khoa_hoc\"><span style=\"color: #003366;\"><strong>T\u00ean kh\u00f3a h\u1ecdc<\/strong><\/span><\/span><\/h1>\n<p>\u00a0<\/p>\n<\/td>\n<td style=\"text-align: center;\" width=\"120\">\n<h1><span id=\"Thoi_gian_dao_tao\"><span style=\"color: #003366;\"><strong>Th\u1eddi gian \u0111\u00e0o t\u1ea1o<\/strong><\/span><\/span><\/h1>\n<p>\u00a0<\/p>\n<\/td>\n<td style=\"text-align: center;\" width=\"120\">\n<h1><span id=\"Ngay_bat_dau\"><span style=\"color: #003366;\"><strong>Ng\u00e0y b\u1eaft \u0111\u1ea7u<\/strong><\/span><\/span><\/h1>\n<p>\u00a0<\/p>\n<\/td>\n<td width=\"120\">\n<h1 style=\"text-align: center;\"><span id=\"Thong_tin_chi_tiet_khoa_hoc\"><span style=\"color: #003366;\"><strong>Th\u00f4ng tin chi ti\u1ebft kh\u00f3a h\u1ecdc<\/strong><\/span><\/span><\/h1>\n<\/td>\n<\/tr>\n<tr>\n<td style=\"text-align: center;\" width=\"120\"><span style=\"color: #ed1c24;\"><strong>MB01-K01<\/strong><\/span><\/td>\n<td style=\"text-align: center;\" width=\"120\"><strong><strong><br \/><\/strong><\/strong><\/p>\n<h3><span id=\"KHOA_HOC_KE_TOAN_TIN_HOC_THUC_HANH\"><a href=\"https:\/\/webmaibinh.com\/w\/giaoducmaibinh\/san-pham\/khoa-hoc-ke-toan-tin-hoc-thuc-hanh\/\">KH\u00d3A H\u1eccC K\u1ebe TO\u00c1N TIN H\u1eccC TH\u1ef0C H\u00c0NH<\/a><\/span><\/h3>\n<\/td>\n<td style=\"text-align: center;\" width=\"120\"><strong>03 th\u00e1ng<\/strong><\/td>\n<td style=\"text-align: center;\" width=\"120\"><strong><br \/>Ch\u01b0a c\u00f3 l\u1edbp<\/strong><\/td>\n<td style=\"text-align: center;\" width=\"120\"><a href=\"https:\/\/webmaibinh.com\/w\/giaoducmaibinh\/san-pham\/khoa-hoc-ke-toan-tin-hoc-thuc-hanh\/\"><span style=\"color: #ed1c24;\"><strong>T\u00ecm hi\u1ec3u chi ti\u1ebft\u00a0 \u21d3<\/strong><\/span><\/a><\/td>\n<\/tr>\n<tr>\n<td style=\"text-align: center;\" width=\"120\"><span style=\"color: #ed1c24;\"><strong>MB02-K01<\/strong><\/span><\/td>\n<td style=\"text-align: center;\" width=\"120\"><strong><strong><br \/><\/strong><\/strong><\/p>\n<h3><span id=\"KHOA_HOC_DAO_TAO_TAI_CHINH_KINH_DOANH\"><a href=\"https:\/\/webmaibinh.com\/w\/giaoducmaibinh\/san-pham\/khoa-hoc-dao-tao-tai-chinh-kinh-doanh\/\">KH\u00d3A H\u1eccC \u0110\u00c0O T\u1ea0O T\u00c0I CH\u00cdNH KINH DOANH<\/a><\/span><\/h3>\n<\/td>\n<td style=\"text-align: center;\" width=\"120\"><strong>03 th\u00e1ng<\/strong><\/td>\n<td style=\"text-align: center;\" width=\"120\"><strong><br \/>Ch\u01b0a c\u00f3 l\u1edbp<\/strong><\/td>\n<td style=\"text-align: center;\" width=\"120\"><a href=\"https:\/\/webmaibinh.com\/w\/giaoducmaibinh\/san-pham\/khoa-hoc-dao-tao-tai-chinh-kinh-doanh\/\"><strong><span style=\"color: #ed1c24;\">T\u00ecm hi\u1ec3u chi ti\u1ebft\u00a0 \u21d3<\/span><\/strong><\/a><\/td>\n<\/tr>\n<tr>\n<td style=\"text-align: center;\" width=\"120\"><span style=\"color: #ed1c24;\"><strong>MB03-K01<\/strong><\/span><\/td>\n<td style=\"text-align: center;\" width=\"120\">\n<h3><span id=\"KHOA_HOC_KE_TOAN_THEO_YEU_CAU\"><a href=\"https:\/\/webmaibinh.com\/w\/giaoducmaibinh\/san-pham\/khoa-hoc-ke-toan-theo-yeu-cau\/\">KH\u00d3A H\u1eccC K\u1ebe TO\u00c1N THEO Y\u00caU C\u1ea6U<\/a><\/span><\/h3>\n<\/td>\n<td style=\"text-align: center;\" width=\"120\"><strong>03 th\u00e1ng<\/strong><\/td>\n<td style=\"text-align: center;\" width=\"120\"><strong><br \/>Ch\u01b0a c\u00f3 l\u1edbp<\/strong><\/td>\n<td style=\"text-align: center;\" width=\"120\"><a href=\"https:\/\/webmaibinh.com\/w\/giaoducmaibinh\/san-pham\/khoa-hoc-ke-toan-theo-yeu-cau\/\"><span style=\"color: #ed1c24;\"><strong>T\u00ecm hi\u1ec3u chi ti\u1ebft\u00a0 \u21d3<\/strong><\/span><\/a><\/td>\n<\/tr>\n<tr>\n<td style=\"text-align: center;\" width=\"120\"><span style=\"color: #ed1c24;\"><strong>MB04-K01<\/strong><\/span><\/td>\n<td style=\"text-align: center;\" width=\"120\">\n<h3><span id=\"KHOA_HOC_KE_TOAN_THUE\"><a href=\"https:\/\/webmaibinh.com\/w\/giaoducmaibinh\/san-pham\/khoa-hoc-ke-toan-thue\/\">KH\u00d3A H\u1eccC K\u1ebe TO\u00c1N THU\u1ebe<\/a><\/span><\/h3>\n<\/td>\n<td style=\"text-align: center;\" width=\"120\"><strong>03 th\u00e1ng<\/strong><\/td>\n<td style=\"text-align: center;\" width=\"120\"><strong><br \/>Ch\u01b0a c\u00f3 l\u1edbp<\/strong><\/td>\n<td style=\"text-align: center;\" width=\"120\"><a href=\"https:\/\/webmaibinh.com\/w\/giaoducmaibinh\/san-pham\/khoa-hoc-ke-toan-thue\/\"><strong><span style=\"color: #ed1c24;\">T\u00ecm hi\u1ec3u chi ti\u1ebft\u00a0 \u21d3<\/span><\/strong><\/a><\/td>\n<\/tr>\n<tr>\n<td style=\"text-align: center;\" width=\"120\"><span style=\"color: #ed1c24;\"><strong>MB05-K01<\/strong><\/span><\/td>\n<td style=\"text-align: center;\" width=\"120\"><strong><br \/><\/strong><\/p>\n<h3><span id=\"KHOA_HOC_KE_TOAN_TONG_HOP\"><a href=\"https:\/\/webmaibinh.com\/w\/giaoducmaibinh\/san-pham\/khoa-hoc-ke-toan-tong-hop\/\">KH\u00d3A H\u1eccC K\u1ebe TO\u00c1N T\u1ed4NG H\u1ee2P<\/a><\/span><\/h3>\n<\/td>\n<td style=\"text-align: center;\" width=\"120\"><strong>05 th\u00e1ng<\/strong><\/td>\n<td style=\"text-align: center;\" width=\"120\"><strong><br \/>Ch\u01b0a c\u00f3 l\u1edbp<\/strong><\/td>\n<td style=\"text-align: center;\" width=\"120\"><a href=\"https:\/\/webmaibinh.com\/w\/giaoducmaibinh\/san-pham\/khoa-hoc-ke-toan-tong-hop\/\"><strong><span style=\"color: #ed1c24;\">T\u00ecm hi\u1ec3u chi ti\u1ebft\u00a0 \u21d3<\/span><\/strong><\/a><\/td>\n<\/tr>\n<tr>\n<td style=\"text-align: center;\" width=\"120\"><span style=\"color: #ed1c24;\"><strong>MB06-K01<\/strong><\/span><\/td>\n<td style=\"text-align: center;\" width=\"120\"><strong><br \/><\/strong><\/p>\n<h3><span id=\"KHOA_HOC_HANH_CHINH_NHAN_SU_CHUYEN_NGHIEP\"><a href=\"https:\/\/webmaibinh.com\/w\/giaoducmaibinh\/san-pham\/khoa-hoc-hanh-chinh-nhan-su-chuyen-nghiep\/\">KH\u00d3A H\u1eccC H\u00c0NH CH\u00cdNH NH\u00c2N S\u1ef0 CHUY\u00caN NGHI\u1ec6P<\/a><\/span><\/h3>\n<\/td>\n<td style=\"text-align: center;\" width=\"120\"><strong><br \/>02 th\u00e1ng<\/strong><\/td>\n<td style=\"text-align: center;\" width=\"120\"><strong><br \/>Ch\u01b0a c\u00f3 l\u1edbp<\/strong><\/td>\n<td style=\"text-align: center;\" width=\"120\"><a href=\"https:\/\/webmaibinh.com\/w\/giaoducmaibinh\/san-pham\/khoa-hoc-hanh-chinh-nhan-su-chuyen-nghiep\/\"><span style=\"color: #ed1c24;\"><strong>T\u00ecm hi\u1ec3u chi ti\u1ebft\u00a0 \u21d3<\/strong><\/span><\/a><\/td>\n<\/tr>\n<tr>\n<td style=\"text-align: center;\" width=\"120\"><span style=\"color: #ed1c24;\"><strong>MB07-K01<\/strong><\/span><\/td>\n<td style=\"text-align: center;\" width=\"120\"><strong><strong><br \/><\/strong><\/strong><\/p>\n<h3><span id=\"KHOA_HOC_KE_TOAN_TINH_GIA_THANH_CUC_GIOI\"><a href=\"https:\/\/webmaibinh.com\/w\/giaoducmaibinh\/san-pham\/khoa-hoc-ke-toan-tinh-gia-thanh-cuc-gioi\/\">KH\u00d3A H\u1eccC K\u1ebe TO\u00c1N T\u00cdNH GI\u00c1 TH\u00c0NH C\u1ef0C GI\u1eceI<\/a><\/span><\/h3>\n<\/td>\n<td style=\"text-align: center;\" width=\"120\"><strong>T\u00f9y nhu c\u1ea7u<\/strong><\/td>\n<td style=\"text-align: center;\" width=\"120\"><strong>T\u00f9y nhu c\u1ea7u<\/strong><\/td>\n<td style=\"text-align: center;\" width=\"120\"><a href=\"https:\/\/webmaibinh.com\/w\/giaoducmaibinh\/san-pham\/khoa-hoc-ke-toan-tinh-gia-thanh-cuc-gioi\/\"><span style=\"color: #ed1c24;\"><strong>T\u00ecm hi\u1ec3u chi ti\u1ebft\u00a0 \u21d3<\/strong><\/span><\/a><\/td>\n<\/tr>\n<\/tbody>\n<\/table>\n<h2 style=\"text-align: justify;\"><span id=\"CHUNG_TOI_LIEN_TUC_TUYEN_SINH_HOC_VIEN_CO_NHU_CAU_MUON_PHAT_TRIEN_NGHE_NGHIEP_KE_TOAN_MOI_CHI_TIET_LIEN_HE_0933_468_999\">CH\u00daNG T\u00d4I LI\u00caN T\u1ee4C TUY\u1ec2N SINH H\u1eccC VI\u00caN C\u00d3 NHU C\u1ea6U MU\u1ed0N PH\u00c1T TRI\u1ec2N NGH\u1ec0 NGHI\u1ec6P K\u1ebe TO\u00c1N, M\u1eccI CHI TI\u1ebeT LI\u00caN H\u1ec6: <span style=\"color: #ed1c24;\">0933 468 999<\/span><\/span><\/h2>\n\t\t<\/div>\n\n\t\t\n<style>\n#section_273963209 {\n  padding-top: 30px;\n  padding-bottom: 30px;\n}\n<\/style>\n\t<\/section>\n\t\n","protected":false},"excerpt":{"rendered":"","protected":false},"author":1,"featured_media":0,"parent":0,"menu_order":0,"comment_status":"closed","ping_status":"closed","template":"","meta":[],"_links":{"self":[{"href":"https:\/\/webmaibinh.com\/w\/giaoducmaibinh\/wp-json\/wp\/v2\/pages\/468"}],"collection":[{"href":"https:\/\/webmaibinh.com\/w\/giaoducmaibinh\/wp-json\/wp\/v2\/pages"}],"about":[{"href":"https:\/\/webmaibinh.com\/w\/giaoducmaibinh\/wp-json\/wp\/v2\/types\/page"}],"author":[{"embeddable":true,"href":"https:\/\/webmaibinh.com\/w\/giaoducmaibinh\/wp-json\/wp\/v2\/users\/1"}],"replies":[{"embeddable":true,"href":"https:\/\/webmaibinh.com\/w\/giaoducmaibinh\/wp-json\/wp\/v2\/comments?post=468"}],"version-history":[{"count":15,"href":"https:\/\/webmaibinh.com\/w\/giaoducmaibinh\/wp-json\/wp\/v2\/pages\/468\/revisions"}],"predecessor-version":[{"id":696,"href":"https:\/\/webmaibinh.com\/w\/giaoducmaibinh\/wp-json\/wp\/v2\/pages\/468\/revisions\/696"}],"wp:attachment":[{"href":"https:\/\/webmaibinh.com\/w\/giaoducmaibinh\/wp-json\/wp\/v2\/media?parent=468"}],"curies":[{"name":"wp","href":"https:\/\/api.w.org\/{rel}","templated":true}]}}