{"id":201,"date":"2020-01-02T16:01:01","date_gmt":"2020-01-02T16:01:01","guid":{"rendered":"http:\/\/trungtam.muathemewordpress.net\/?page_id=201"},"modified":"2022-11-09T08:40:16","modified_gmt":"2022-11-09T01:40:16","slug":"gioi-thieu","status":"publish","type":"page","link":"https:\/\/webmaibinh.com\/w\/giaoducmaibinh\/gioi-thieu\/","title":{"rendered":"Gi\u1edbi thi\u1ec7u"},"content":{"rendered":"<p class=\"thin-font lead\" style=\"text-align: justify;\"><span style=\"color: #003366;\"><strong><em><u>S\u1ee9 m\u1ec7nh:<\/u><\/em><\/strong><\/span><\/p>\n<p class=\"thin-font lead\" style=\"text-align: justify;\"><span style=\"color: #003366;\">Ch\u00fang t\u00f4i \u0111\u00e3 g\u1eb7p g\u1ee1, tr\u1ea3i nghi\u1ec7m v\u00e0 chia s\u1ebb v\u1edbi r\u1ea5t nhi\u1ec1u b\u1ea1n tr\u1ebb v\u1ec1 nh\u1eefng b\u0103n kho\u0103n, tr\u0103n tr\u1edf trong ngh\u1ec1 nghi\u1ec7p t\u00e0i ch\u00ednh, k\u1ebf to\u00e1n c\u1ee7a m\u00ecnh\u2026<\/span><\/p>\n<p class=\"thin-font lead\" style=\"text-align: justify;\"><span style=\"color: #003366;\">Ch\u00fang t\u00f4i \u0111\u00e3 ng\u1eafm nh\u00ecn nh\u1eefng khu\u00f4n m\u1eb7t tr\u1ebb v\u01b0\u01a1ng n\u00e9t bu\u1ed3n, lo l\u1eafng, c\u00f3 khi h\u01a1i m\u1ec7t m\u1ecfi, c\u0169ng c\u00f3 khi l\u00e0 s\u1ef1 th\u1ea5t v\u1ecdng trong c\u00f4ng vi\u1ec7c\u2026.C\u00e1c b\u1ea1n \u0111ang c\u1ea7n, r\u1ea5t c\u1ea7n c\u00f3 m\u1ed9t b\u00e0n tay th\u00e2n \u00e1i, ch\u00eca ra, \u0111\u1ec3 s\u1ebb chia, \u0111\u1ed3ng h\u00e0nh c\u00f9ng c\u00e1c b\u1ea1n trong su\u1ed1t con \u0111\u01b0\u1eddng s\u1ef1 nghi\u1ec7p\u2026<\/span><\/p>\n<p class=\"thin-font lead\" style=\"text-align: justify;\"><span style=\"color: #003366;\"><strong><em>Mai B\u00ecnh\u00a0<\/em><\/strong>t\u1ef1 nh\u1eadn th\u1ee9c s\u1ee9 m\u1ec7nh nh\u1ecf b\u00e9 c\u1ee7a m\u00ecnh l\u00e0 \u0111em \u0111\u1ebfn ni\u1ec1m tin, t\u00ecnh y\u00eau, s\u1ef1 \u0111am m\u00ea trong c\u00f4ng vi\u1ec7c t\u1edbi c\u00e1c b\u1ea1n \u2013 nh\u1eefng ng\u01b0\u1eddi l\u00e0m c\u00f4ng t\u00e1c t\u00e0i ch\u00ednh, k\u1ebf to\u00e1n t\u1ea1i c\u00e1c lo\u1ea1i h\u00ecnh doanh nghi\u1ec7p Vi\u1ec7t nam.<\/span><\/p>\n<p class=\"thin-font lead\" style=\"text-align: justify;\"><span style=\"color: #003366;\">Ni\u1ec1m tin v\u00e0 s\u1ef1 \u0111am m\u00ea \u0111\u00f3 th\u1ef1c s\u1ef1 c\u00f3 \u0111\u01b0\u1ee3c, khi v\u00e0 ch\u1ec9 khi, ch\u00fang ta c\u00f3 m\u1ed9t ki\u1ebfn th\u1ee9c v\u1eefng ch\u1eafc \u00a0v\u00e0 m\u1ed9t b\u1ea3n l\u0129nh ngh\u1ec1 nghi\u1ec7p v\u1eefng v\u00e0ng. M\u1ecdi ch\u01b0\u01a1ng tr\u00ecnh \u0111\u00e0o t\u1ea1o k\u1ef9 n\u0103ng ngh\u1ec1 nghi\u1ec7p c\u1ee7a<em>\u00a0<strong>Mai B\u00ecnh\u00a0<\/strong><\/em>\u0111\u1ec1u h\u01b0\u1edbng t\u1edbi gi\u00e1 tr\u1ecb n\u00e0y. Cu\u1ed9c s\u1ed1ng lu\u00f4n t\u01b0\u01a1i \u0111\u1eb9p n\u1ebfu ta bi\u1ebft \u0111\u00f3n nh\u1eadn n\u00f3.<em>\u00a0<strong>Mai B\u00ecnh\u00a0<\/strong><\/em>\u00a0lu\u00f4n tr\u00e2n tr\u1ecdng nh\u1eefng gi\u00e1 tr\u1ecb t\u1ed1t \u0111\u1eb9p v\u1ed1n c\u00f3 c\u1ee7a cu\u1ed9c s\u1ed1ng d\u01b0\u1edbi g\u00f3c nh\u00ecn ngh\u1ec1 nghi\u1ec7p\u2026<\/span><\/p>\n<p class=\"thin-font lead\" style=\"text-align: justify;\"><span style=\"color: #003366;\"><strong><em>Mai B\u00ecnh\u00a0<\/em><\/strong>\u00a0khao kh\u00e1t reo \u0111\u01b0\u1ee3c nhi\u1ec1u \u201ch\u1ea1t gi\u1ed1ng\u201d t\u01b0\u01a1i \u0111\u1eb9p nh\u01b0 v\u1eady \u0111\u1ec3 mong mu\u1ed1n g\u00f3p m\u1ed9t ph\u1ea7n r\u1ea5t nh\u1ecf b\u00e9, nh\u01b0 m\u1ed9t d\u00f2ng ch\u1ea3y nh\u1ecf h\u00f2a chung v\u00e0o bi\u1ec3n l\u1edbn v\u00ec m\u1ed9t n\u1ec1n t\u00e0i ch\u00ednh qu\u1ed1c gia ng\u00e0y c\u00e0ng l\u00e0nh m\u1ea1nh, ph\u00e1t tri\u1ec3n\u2026<\/span><\/p>\n<p class=\"thin-font lead\" style=\"text-align: justify;\"><span style=\"color: #003366;\">Kh\u00f4ng ch\u1ec9 \u0111\u1ed1i v\u1edbi ng\u01b0\u1eddi l\u00e0m trong l\u0129nh v\u1ef1c t\u00e0i ch\u00ednh k\u1ebf to\u00e1n,\u00a0<strong><em>Mai B\u00ecnh\u00a0<\/em><\/strong>\u00a0t\u00ecm ki\u1ebfm nh\u1eefng h\u1ea1t gi\u1ed1ng t\u00e0i n\u0103ng trong l\u0129nh v\u1ef1c n\u00e0y t\u1eeb nh\u1eefng tr\u1ebb nh\u1ecf\u2026. V\u00e0,\u00a0<strong><em>Mai B\u00ecnh\u00a0\u00a0<\/em><\/strong>c\u0169ng l\u00e0 chi\u1ebfc c\u1ea7u n\u1ed1i h\u1eefu hi\u1ec7u gi\u1eefa c\u00e1c l\u0129nh v\u1ef1c li\u00ean quan v\u1edbi ngh\u1ec1 nghi\u1ec7p n\u00e0y\u2026Cu\u1ed9c s\u1ed1ng lu\u00f4n t\u01b0\u01a1i \u0111\u1eb9p n\u1ebfu ta bi\u1ebft \u0111\u00f3n nh\u1eadn n\u00f3\u2026C\u00e1c b\u1ea1n h\u00e3y \u0111\u00f3n nh\u1eadn nh\u1eefng gi\u00e1 tr\u00ed t\u1ed1t \u0111\u1eb9p m\u00e0\u00a0<strong><em>Mai B\u00ecnh<\/em><\/strong>\u00a0ch\u00e2n th\u00e0nh trao g\u1eedi cho b\u1ea1n!!!<\/span><\/p>\n<p class=\"thin-font lead\" style=\"text-align: justify;\"><span style=\"color: #003366;\"><strong><u>T\u1ea7m nh\u00ecn 2022 \u2013 2025:<\/u><\/strong><\/span><\/p>\n<p class=\"thin-font lead\" style=\"text-align: justify;\"><span style=\"color: #003366;\"><strong><em>Mai B\u00ecnh<\/em><\/strong>\u00a0mong mu\u1ed1n tr\u1edf th\u00e0nh doanh nghi\u1ec7p \u0111\u00e0o t\u1ea1o chuy\u00ean s\u00e2u v\u1ec1 k\u1ef9 n\u0103ng t\u00e0i ch\u00ednh, k\u1ebf to\u00e1n c\u00f3 uy t\u00edn l\u1edbn tr\u00ean th\u1ecb tr\u01b0\u1eddng Vi\u1ec7t nam, cung c\u1ea5p s\u1ea3n ph\u1ea9m d\u1ecbch v\u1ee5 c\u00f3 ch\u1ea5t l\u01b0\u1ee3ng cao, \u0111\u00e1p \u1ee9ng \u0111\u00fang nhu c\u1ea7u th\u1ecb tr\u01b0\u1eddng.<\/span><\/p>\n<p class=\"thin-font lead\" style=\"text-align: justify;\"><span style=\"color: #003366;\"><em><strong>V\u1ec1 l\u0129nh v\u1ef1c \u0111\u00e0o t\u1ea1o k\u1ef9 n\u0103ng k\u1ebf to\u00e1n cho c\u00e1c Doanh nghi\u1ec7p n\u01b0\u1edbc ngo\u00e0i &amp; Vi\u1ec7t Nam<\/strong><\/em>,\u00a0<strong><em>Mai B\u00ecnh\u00a0<\/em><\/strong>\u00a0ph\u1ea5n \u0111\u1ea5u \u0111\u00e0o t\u1ea1o b\u00ecnh qu\u00e2n h\u00e0ng n\u0103m 300 \u2013 800 h\u1ecdc vi\u00ean c\u00f3 tr\u00ecnh \u0111\u1ed9 chuy\u00ean m\u00f4n gi\u1ecfi, \u0111\u1ea1t tr\u00ecnh \u0111\u1ed9 k\u1ef9 n\u0103ng ngh\u1ec1 nghi\u1ec7p \u1edf m\u1ee9c \u0111\u1ed9 chuy\u00ean nghi\u1ec7p cao (professional accountant). C\u1ea5p \u0111\u1ed9 \u0111\u00e0o t\u1ea1o: K\u1ebf to\u00e1n chuy\u00ean nghi\u1ec7p\/ K\u1ebf to\u00e1n vi\u00ean gi\u1ecfi (Level1 in accounting for Vietnamese &amp; Foreign companies); K\u1ebf to\u00e1n tr\u01b0\u1edfng v\u00e0 Gi\u00e1m \u0111\u1ed1c doanh nghi\u1ec7p t\u01b0 nh\u00e2n v\u00e0 c\u00f4ng ty \u0111\u1ea1i ch\u00fang (Level2 in accouting for CFO, CA); Chuy\u00ean gia k\u1ebf to\u00e1n thu\u1ebf cao c\u1ea5p (Tax accounting)<\/span><\/p>\n<p class=\"thin-font lead\" style=\"text-align: justify;\"><span style=\"color: #003366;\"><em><strong>V\u1ec1 l\u0129nh v\u1ef1c \u0111\u00e0o t\u1ea1o k\u1ef9 n\u0103ng t\u00e0i ch\u00ednh cho thanh ni\u00ean, CEO<\/strong><\/em>,\u00a0<strong><em>Mai B\u00ecnh\u00a0<\/em><\/strong>\u00a0ph\u1ea5n \u0111\u1ea5u cung c\u1ea5p d\u1ecbch v\u1ee5 \u0111\u00e0o t\u1ea1o k\u1ef9 n\u0103ng t\u00e0i ch\u00ednh, qu\u1ea3n l\u00fd nh\u00e2n s\u1ef1 t\u00e0i ch\u00ednh cho b\u00ecnh qu\u00e2n h\u00e0ng n\u0103m 100 \u2013 200 gi\u00e1m \u0111\u1ed1c doanh nghi\u1ec7p t\u01b0 nh\u00e2n, nh\u1eefng thanh ni\u00ean mong mu\u1ed1n th\u00e0nh l\u1eadp doanh nghi\u1ec7p, v\u1edbi nh\u1eefng k\u1ef9 n\u0103ng qu\u1ea3n tr\u1ecb t\u00e0i ch\u00ednh cao c\u1ea5p, thi\u1ebft th\u1ef1c, hi\u1ec7n \u0111\u1ea1i v\u00e0 \u0111\u1ea1t hi\u1ec7u qu\u1ea3 cao trong qu\u1ea3n tr\u1ecb doanh nghi\u1ec7p.<\/span><\/p>\n<p class=\"thin-font lead\" style=\"text-align: justify;\"><span style=\"color: #003366;\"><strong>V\u1ec1 l\u0129nh v\u1ef1c t\u01b0 v\u1ea5n qu\u1ea3n tr\u1ecb t\u00e0i ch\u00ednh v\u00e0 k\u1ebf to\u00e1n cho c\u00e1c doanh nghi\u1ec7p<\/strong>,\u00a0<strong><em>Mai B\u00ecnh\u00a0<\/em><\/strong>\u00a0ph\u1ea5n \u0111\u1ea5u cung c\u1ea5p d\u1ecbch v\u1ee5 \u0111\u00e0o t\u1ea1o ch\u1ea5t l\u01b0\u1ee3ng cao, \u0111\u1ea1t m\u1ee5c ti\u00eau qu\u1ea3n l\u00fd \u0111\u1ed1i v\u1edbi c\u00e1c DN v\u1ec1 l\u0129nh v\u1ef1c n\u00e0y v\u00e0 kh\u00f4ng ng\u1eebng h\u1ee3p t\u00e1c sau t\u01b0 v\u1ea5n \u0111\u1ec3 DN c\u00f3 \u0111\u01b0\u1ee3c l\u1ee3i \u00edch gia t\u0103ng t\u1eeb chi\u1ebfn l\u01b0\u1ee3c qu\u1ea3n tr\u1ecb t\u00e0i ch\u00ednh, k\u1ebf to\u00e1n hi\u1ec7u qu\u1ea3. L\u01b0\u1ee3ng doanh nghi\u1ec7p t\u01b0 v\u1ea5n h\u00e0ng n\u0103m \u01b0\u1edbc \u0111\u1ea1t 60 \u2013 160 doanh nghi\u1ec7p t\u01b0 nh\u00e2n n\u01b0\u1edbc ngo\u00e0i v\u00e0 Vi\u1ec7t Nam h\u00e0ng n\u0103m.<\/span><\/p>\n<p class=\"thin-font lead\" style=\"text-align: justify;\"><span style=\"color: #003366;\"><em>Life is beautiful !!!<\/em><\/span><\/p>\n","protected":false},"excerpt":{"rendered":"<p>S\u1ee9 m\u1ec7nh: Ch\u00fang t\u00f4i \u0111\u00e3 g\u1eb7p g\u1ee1, tr\u1ea3i nghi\u1ec7m v\u00e0 chia s\u1ebb v\u1edbi r\u1ea5t nhi\u1ec1u b\u1ea1n tr\u1ebb v\u1ec1 nh\u1eefng b\u0103n kho\u0103n, tr\u0103n tr\u1edf trong ngh\u1ec1 nghi\u1ec7p t\u00e0i ch\u00ednh, k\u1ebf to\u00e1n c\u1ee7a m\u00ecnh\u2026 Ch\u00fang t\u00f4i \u0111\u00e3 ng\u1eafm nh\u00ecn nh\u1eefng khu\u00f4n m\u1eb7t tr\u1ebb v\u01b0\u01a1ng n\u00e9t bu\u1ed3n, lo l\u1eafng, c\u00f3 khi h\u01a1i m\u1ec7t m\u1ecfi, c\u0169ng c\u00f3 khi l\u00e0&#8230;<\/p>\n","protected":false},"author":1,"featured_media":0,"parent":0,"menu_order":0,"comment_status":"closed","ping_status":"closed","template":"","meta":[],"_links":{"self":[{"href":"https:\/\/webmaibinh.com\/w\/giaoducmaibinh\/wp-json\/wp\/v2\/pages\/201"}],"collection":[{"href":"https:\/\/webmaibinh.com\/w\/giaoducmaibinh\/wp-json\/wp\/v2\/pages"}],"about":[{"href":"https:\/\/webmaibinh.com\/w\/giaoducmaibinh\/wp-json\/wp\/v2\/types\/page"}],"author":[{"embeddable":true,"href":"https:\/\/webmaibinh.com\/w\/giaoducmaibinh\/wp-json\/wp\/v2\/users\/1"}],"replies":[{"embeddable":true,"href":"https:\/\/webmaibinh.com\/w\/giaoducmaibinh\/wp-json\/wp\/v2\/comments?post=201"}],"version-history":[{"count":10,"href":"https:\/\/webmaibinh.com\/w\/giaoducmaibinh\/wp-json\/wp\/v2\/pages\/201\/revisions"}],"predecessor-version":[{"id":697,"href":"https:\/\/webmaibinh.com\/w\/giaoducmaibinh\/wp-json\/wp\/v2\/pages\/201\/revisions\/697"}],"wp:attachment":[{"href":"https:\/\/webmaibinh.com\/w\/giaoducmaibinh\/wp-json\/wp\/v2\/media?parent=201"}],"curies":[{"name":"wp","href":"https:\/\/api.w.org\/{rel}","templated":true}]}}