{"id":210,"date":"2019-03-19T16:34:59","date_gmt":"2019-03-19T16:34:59","guid":{"rendered":"https:\/\/tppone.com\/demo\/giacongcokhi\/?post_type=product&#038;p=210"},"modified":"2019-03-19T16:35:00","modified_gmt":"2019-03-19T16:35:00","slug":"cua-nhom-son-tinh-dien","status":"publish","type":"product","link":"https:\/\/webmaibinh.com\/w\/giacongcokhi\/san-pham\/cua-nhom-son-tinh-dien\/","title":{"rendered":"C\u1eeda nh\u00f4m s\u01a1n t\u0129nh \u0111i\u1ec7n"},"content":{"rendered":"<p>Chuy\u00ean gia c\u00f4ng c\u00e1c m\u1eb7t h\u00e0ng b\u1eb1ng inox h\u1ed9p theo \u0111\u00fang y\u00eau chuy\u00ean gia c\u00f4ng c\u00e1c m\u1eb7t h\u00e0ng b\u1eb1ng inox h\u1ed9p theo \u0111\u00fang y\u00eau &#8230;<\/p>\n","protected":false},"excerpt":{"rendered":"<p>Chuy\u00ean gia c\u00f4ng c\u00e1c m\u1eb7t h\u00e0ng b\u1eb1ng inox h\u1ed9p theo \u0111\u00fang y\u00eau chuy\u00ean gia c\u00f4ng c\u00e1c m\u1eb7t h\u00e0ng b\u1eb1ng inox h\u1ed9p theo \u0111\u00fang y\u00eau &#8230;<\/p>\n","protected":false},"featured_media":211,"comment_status":"open","ping_status":"closed","template":"","meta":[],"_links":{"self":[{"href":"https:\/\/webmaibinh.com\/w\/giacongcokhi\/wp-json\/wp\/v2\/product\/210"}],"collection":[{"href":"https:\/\/webmaibinh.com\/w\/giacongcokhi\/wp-json\/wp\/v2\/product"}],"about":[{"href":"https:\/\/webmaibinh.com\/w\/giacongcokhi\/wp-json\/wp\/v2\/types\/product"}],"replies":[{"embeddable":true,"href":"https:\/\/webmaibinh.com\/w\/giacongcokhi\/wp-json\/wp\/v2\/comments?post=210"}],"wp:featuredmedia":[{"embeddable":true,"href":"https:\/\/webmaibinh.com\/w\/giacongcokhi\/wp-json\/wp\/v2\/media\/211"}],"wp:attachment":[{"href":"https:\/\/webmaibinh.com\/w\/giacongcokhi\/wp-json\/wp\/v2\/media?parent=210"}],"curies":[{"name":"wp","href":"https:\/\/api.w.org\/{rel}","templated":true}]}}