{"id":349,"date":"2019-06-17T23:44:35","date_gmt":"2019-06-17T16:44:35","guid":{"rendered":"https:\/\/ghevanphong.khowebseotop.vn\/?post_type=product&#038;p=349"},"modified":"2019-06-17T23:44:35","modified_gmt":"2019-06-17T16:44:35","slug":"ghe-hoi-truong-tc06","status":"publish","type":"product","link":"https:\/\/webmaibinh.com\/w\/ghevanphong2011\/san-pham\/ghe-hoi-truong-tc06\/","title":{"rendered":"Gh\u1ebf H\u1ed9i Tr\u01b0\u1eddng TC06"},"content":{"rendered":"<p><strong>Gh\u1ebf r\u1ea1p cinema TC06\u00a0<\/strong>l\u00e0 s\u1ea3n ph\u1ea9m gh\u1ebf ng\u1ed3i \u0111\u1ec7m l\u1eadt thi\u1ebft k\u1ebf theo b\u0103ng c\u00f3 s\u1ed1 l\u01b0\u1ee3ng t\u1eeb 1 \u0111\u1ebfn 5 ch\u1ed7 ng\u1ed3i \/1 b\u0103ng. \u0110\u01b0\u1ee3c s\u1eed d\u1ee5ng ch\u1ee7 y\u1ebfu trong h\u1ed9i tr\u01b0\u1eddng, r\u1ea1p chi\u1ebfu phim, nh\u00e0 h\u00e1t ..<\/p>\n<h3>\u0110\u1eb7c \u0111i\u1ec3m<\/h3>\n<ul>\n<li>\u0110\u1ec7m ng\u1ed3i v\u00e0 t\u1ef1a gh\u1ebf thi\u1ebft k\u1ebf b\u1eb1ng ch\u1ea5t li\u1ec7u mousse \u0111\u00fac b\u1ecdc v\u1ea3i. Ph\u00eda sau d\u00f9ng \u1ed1p nh\u1ef1a<\/li>\n<li>\u0110\u1ec7m ng\u1ed3i thi\u1ebft k\u1ebf theo c\u01a1 c\u1ea5u \u0111\u1ec7m l\u1eadt khi kh\u00f4ng s\u1eed d\u1ee5ng<\/li>\n<li>Tay gh\u1ebf b\u1eb1ng s\u1eaft, c\u00f3 ch\u1ed7 \u0111\u1ec3 ly n\u01b0\u1edbc , cho ph\u00e9p g\u1ea5p \u0111\u01b0\u1ee3c<\/li>\n<li>Ch\u00e2n gh\u1ebf b\u1eb1ng s\u1eaft h\u1ed9p s\u01a1n t\u0129nh \u0111i\u1ec7n c\u00f3 \u1ed1p nh\u1ef1a<\/li>\n<li>K\u00edch th\u01b0\u1edbc:\u00a0<strong>580 (Ngang) x 710 ( R\u1ed9ng ) x 1051 ( Cao)<\/strong><\/li>\n<li>S\u1ea3n ph\u1ea9m nh\u1eadp kh\u1ea9u tr\u1ef1c ti\u1ebfp v\u00e0 \u0111\u01b0\u1ee3c b\u1ea3o h\u00e0nh 1 n\u0103m theo ti\u00eau chu\u1ea9n c\u1ee7a nh\u00e0 cung c\u1ea5p.<\/li>\n<\/ul>\n","protected":false},"excerpt":{"rendered":"<p>Gh\u1ebf r\u1ea1p cinema TC06\u00a0l\u00e0 s\u1ea3n ph\u1ea9m gh\u1ebf ng\u1ed3i \u0111\u1ec7m l\u1eadt thi\u1ebft k\u1ebf theo b\u0103ng c\u00f3 s\u1ed1 l\u01b0\u1ee3ng t\u1eeb 1 \u0111\u1ebfn 5 ch\u1ed7 ng\u1ed3i \/1 b\u0103ng. \u0110\u01b0\u1ee3c s\u1eed d\u1ee5ng ch\u1ee7 y\u1ebfu trong h\u1ed9i tr\u01b0\u1eddng, r\u1ea1p chi\u1ebfu phim, nh\u00e0 h\u00e1t .. \u0110\u1eb7c \u0111i\u1ec3m \u0110\u1ec7m ng\u1ed3i v\u00e0 t\u1ef1a gh\u1ebf thi\u1ebft k\u1ebf b\u1eb1ng ch\u1ea5t li\u1ec7u mousse \u0111\u00fac b\u1ecdc v\u1ea3i. &#8230;<\/p>\n","protected":false},"featured_media":350,"comment_status":"open","ping_status":"closed","template":"","meta":[],"brands":[{"id":30,"name":"Fami","slug":"fami"}],"_links":{"self":[{"href":"https:\/\/webmaibinh.com\/w\/ghevanphong2011\/wp-json\/wp\/v2\/product\/349"}],"collection":[{"href":"https:\/\/webmaibinh.com\/w\/ghevanphong2011\/wp-json\/wp\/v2\/product"}],"about":[{"href":"https:\/\/webmaibinh.com\/w\/ghevanphong2011\/wp-json\/wp\/v2\/types\/product"}],"replies":[{"embeddable":true,"href":"https:\/\/webmaibinh.com\/w\/ghevanphong2011\/wp-json\/wp\/v2\/comments?post=349"}],"wp:featuredmedia":[{"embeddable":true,"href":"https:\/\/webmaibinh.com\/w\/ghevanphong2011\/wp-json\/wp\/v2\/media\/350"}],"wp:attachment":[{"href":"https:\/\/webmaibinh.com\/w\/ghevanphong2011\/wp-json\/wp\/v2\/media?parent=349"}],"curies":[{"name":"wp","href":"https:\/\/api.w.org\/{rel}","templated":true}]}}