{"id":347,"date":"2019-06-17T23:43:51","date_gmt":"2019-06-17T16:43:51","guid":{"rendered":"https:\/\/ghevanphong.khowebseotop.vn\/?post_type=product&#038;p=347"},"modified":"2019-06-17T23:43:51","modified_gmt":"2019-06-17T16:43:51","slug":"ghe-hoi-truong-tc05","status":"publish","type":"product","link":"https:\/\/webmaibinh.com\/w\/ghevanphong2011\/san-pham\/ghe-hoi-truong-tc05\/","title":{"rendered":"Gh\u1ebf H\u1ed9i Tr\u01b0\u1eddng TC05"},"content":{"rendered":"<p><strong>Gh\u1ebf h\u1ed9i tr\u01b0\u1eddng TC05<\/strong>\u00a0l\u00e0 s\u1ea3n ph\u1ea9m gh\u1ebf ng\u1ed3i c\u00f3 b\u00e0n v\u1edbi ki\u1ec3u gh\u1ebf b\u0103ng c\u00f3 s\u1ed1 l\u01b0\u1ee3ng t\u1eeb 1 \u0111\u1ebfn 5 ch\u1ed7 ng\u1ed3i \/1 b\u0103ng. \u0110\u01b0\u1ee3c s\u1eed d\u1ee5ng ch\u1ee7 y\u1ebfu trong h\u1ed9i tr\u01b0\u1eddng, r\u1ea1p chi\u1ebfu phim, nh\u00e0 h\u00e1t ..<\/p>\n<h3>\u0110\u1eb7c \u0111i\u1ec3m<\/h3>\n<ul>\n<li>\u0110\u1ec7m ng\u1ed3i v\u00e0 t\u1ef1a gh\u1ebf thi\u1ebft k\u1ebf b\u1eb1ng ch\u1ea5t li\u1ec7u mousse \u0111\u00fac b\u1ecdc v\u1ea3i. Ph\u00eda sau d\u00f9ng \u1ed1p nh\u1ef1a<\/li>\n<li>H\u00f4ng gh\u1ebf thi\u1ebft k\u1ebf g\u1eafn th\u00eam b\u00e0n vi\u1ebft c\u00f3 th\u1ec3 g\u1ea5p g\u1ecdn l\u1ea1i khi kh\u00f4ng s\u1eed d\u1ee5ng<\/li>\n<li>Ch\u00e2n gh\u1ebf s\u1eed d\u1ee5ng nh\u00f4m \u0111\u1ecbnh h\u00ecnh , c\u00f3 t\u00ednh n\u0103ng t\u0103ng ch\u1ec9nh chi\u1ec1u cao<\/li>\n<li>K\u00edch th\u01b0\u1edbc:\u00a0<strong>535 (Ngang) x 850 ( R\u1ed9ng ) x 1000 ( Cao)<\/strong><\/li>\n<li>S\u1ea3n ph\u1ea9m nh\u1eadp kh\u1ea9u tr\u1ef1c ti\u1ebfp v\u00e0 \u0111\u01b0\u1ee3c b\u1ea3o h\u00e0nh 1 n\u0103m theo ti\u00eau chu\u1ea9n c\u1ee7a nh\u00e0 cung c\u1ea5p.<\/li>\n<\/ul>\n<div><\/div>\n<div class=\"fb-comments fb_iframe_widget fb_iframe_widget_fluid_desktop\" data-href=\"https:\/\/ghevanphong.com.vn\/ghe-hoi-truong-tc\/ghe-hoi-truong-tc05\" data-width=\"100%\" data-numposts=\"10\"><\/div>\n","protected":false},"excerpt":{"rendered":"<p>Gh\u1ebf h\u1ed9i tr\u01b0\u1eddng TC05\u00a0l\u00e0 s\u1ea3n ph\u1ea9m gh\u1ebf ng\u1ed3i c\u00f3 b\u00e0n v\u1edbi ki\u1ec3u gh\u1ebf b\u0103ng c\u00f3 s\u1ed1 l\u01b0\u1ee3ng t\u1eeb 1 \u0111\u1ebfn 5 ch\u1ed7 ng\u1ed3i \/1 b\u0103ng. \u0110\u01b0\u1ee3c s\u1eed d\u1ee5ng ch\u1ee7 y\u1ebfu trong h\u1ed9i tr\u01b0\u1eddng, r\u1ea1p chi\u1ebfu phim, nh\u00e0 h\u00e1t .. \u0110\u1eb7c \u0111i\u1ec3m \u0110\u1ec7m ng\u1ed3i v\u00e0 t\u1ef1a gh\u1ebf thi\u1ebft k\u1ebf b\u1eb1ng ch\u1ea5t li\u1ec7u mousse \u0111\u00fac b\u1ecdc v\u1ea3i. &#8230;<\/p>\n","protected":false},"featured_media":348,"comment_status":"open","ping_status":"closed","template":"","meta":[],"brands":[{"id":25,"name":"N\u1ed9i th\u1ea5t 190","slug":"noi-that-190"}],"_links":{"self":[{"href":"https:\/\/webmaibinh.com\/w\/ghevanphong2011\/wp-json\/wp\/v2\/product\/347"}],"collection":[{"href":"https:\/\/webmaibinh.com\/w\/ghevanphong2011\/wp-json\/wp\/v2\/product"}],"about":[{"href":"https:\/\/webmaibinh.com\/w\/ghevanphong2011\/wp-json\/wp\/v2\/types\/product"}],"replies":[{"embeddable":true,"href":"https:\/\/webmaibinh.com\/w\/ghevanphong2011\/wp-json\/wp\/v2\/comments?post=347"}],"wp:featuredmedia":[{"embeddable":true,"href":"https:\/\/webmaibinh.com\/w\/ghevanphong2011\/wp-json\/wp\/v2\/media\/348"}],"wp:attachment":[{"href":"https:\/\/webmaibinh.com\/w\/ghevanphong2011\/wp-json\/wp\/v2\/media?parent=347"}],"curies":[{"name":"wp","href":"https:\/\/api.w.org\/{rel}","templated":true}]}}