{"id":316,"date":"2019-06-17T23:32:07","date_gmt":"2019-06-17T16:32:07","guid":{"rendered":"https:\/\/ghevanphong.khowebseotop.vn\/?post_type=product&#038;p=316"},"modified":"2019-06-17T23:32:07","modified_gmt":"2019-06-17T16:32:07","slug":"ghe-luoi-nhan-vien-gl207","status":"publish","type":"product","link":"https:\/\/webmaibinh.com\/w\/ghevanphong2011\/san-pham\/ghe-luoi-nhan-vien-gl207\/","title":{"rendered":"Gh\u1ebf L\u01b0\u1edbi nh\u00e2n vi\u00ean GL207"},"content":{"rendered":"<p>Gh\u1ebf xoay l\u01b0\u1edbi H\u00f2a Ph\u00e1t GL207 c\u00f3 thi\u1ebft k\u1ebf \u0111\u1eb9p m\u1eaft v\u00e0 ch\u1eafc ch\u1eafn. Gh\u1ebf s\u1ea3n xu\u1ea5t t\u1eeb ch\u1ea5t li\u1ec7u cao c\u1ea5p, \u0111\u1ed9 b\u1ec1n cao v\u1edbi \u0111\u1ec7m m\u00fat m\u1eb7t ng\u1ed3i \u0111\u01b0\u1ee3c l\u00e0m t\u1eeb nh\u1eefng t\u1ea5m m\u00fat nguy\u00ean, \u0111\u1ea3m b\u1ea3o \u0111\u1ed9 n\u1ea9y ti\u00eau chu\u1ea9n<\/p>\n<p><strong>K\u00edch th\u01b0\u1edbc<\/strong><\/p>\n<p>Chi\u1ec1u d\u00e0i(W): 570, chi\u1ec1u s\u00e2u(D): 650, chi\u1ec1u cao(H): 915 \u2013 995mm (chi\u1ec1u cao v\u00e0 chi\u1ec1u s\u00e2u \u0111o theo m\u1eb7t ng\u1ed3i v\u00e0 m\u1eb7t l\u01b0ng).<\/p>\n<p><strong>Ch\u1ea5t li\u1ec7u<\/strong><\/p>\n<p>M\u1eb7t ng\u1ed3i c\u00f3 \u0111\u1ec7m m\u00fat b\u1ecdc l\u01b0\u1edbi t\u1ea1o \u0111\u1ed9 \u00eam \u00e1i.<\/p>\n<p>T\u1ef1a l\u01b0ng b\u1ecdc l\u01b0\u1edbi ch\u1ecbu l\u1ef1c.<\/p>\n<p>Ch\u00e2n gh\u1ebf b\u1eb1ng th\u00e9p m\u1ea1.<\/p>\n<p><strong>B\u1ea3o h\u00e0nh:<\/strong>\u00a0S\u1ea3n ph\u1ea9m \u0111\u01b0\u1ee3c b\u1ea3o h\u00e0nh 12 th\u00e1ng theo ti\u00eau chu\u1ea9n H\u00f2a Ph\u00e1t.<\/p>\n","protected":false},"excerpt":{"rendered":"<p>Gh\u1ebf xoay l\u01b0\u1edbi H\u00f2a Ph\u00e1t GL207 c\u00f3 thi\u1ebft k\u1ebf \u0111\u1eb9p m\u1eaft v\u00e0 ch\u1eafc ch\u1eafn. Gh\u1ebf s\u1ea3n xu\u1ea5t t\u1eeb ch\u1ea5t li\u1ec7u cao c\u1ea5p, \u0111\u1ed9 b\u1ec1n cao v\u1edbi \u0111\u1ec7m m\u00fat m\u1eb7t ng\u1ed3i \u0111\u01b0\u1ee3c l\u00e0m t\u1eeb nh\u1eefng t\u1ea5m m\u00fat nguy\u00ean, \u0111\u1ea3m b\u1ea3o \u0111\u1ed9 n\u1ea9y ti\u00eau chu\u1ea9n K\u00edch th\u01b0\u1edbc Chi\u1ec1u d\u00e0i(W): 570, chi\u1ec1u s\u00e2u(D): 650, chi\u1ec1u cao(H): 915 \u2013 &#8230;<\/p>\n","protected":false},"featured_media":317,"comment_status":"open","ping_status":"closed","template":"","meta":[],"brands":[{"id":25,"name":"N\u1ed9i th\u1ea5t 190","slug":"noi-that-190"}],"_links":{"self":[{"href":"https:\/\/webmaibinh.com\/w\/ghevanphong2011\/wp-json\/wp\/v2\/product\/316"}],"collection":[{"href":"https:\/\/webmaibinh.com\/w\/ghevanphong2011\/wp-json\/wp\/v2\/product"}],"about":[{"href":"https:\/\/webmaibinh.com\/w\/ghevanphong2011\/wp-json\/wp\/v2\/types\/product"}],"replies":[{"embeddable":true,"href":"https:\/\/webmaibinh.com\/w\/ghevanphong2011\/wp-json\/wp\/v2\/comments?post=316"}],"wp:featuredmedia":[{"embeddable":true,"href":"https:\/\/webmaibinh.com\/w\/ghevanphong2011\/wp-json\/wp\/v2\/media\/317"}],"wp:attachment":[{"href":"https:\/\/webmaibinh.com\/w\/ghevanphong2011\/wp-json\/wp\/v2\/media?parent=316"}],"curies":[{"name":"wp","href":"https:\/\/api.w.org\/{rel}","templated":true}]}}