{"id":314,"date":"2019-06-17T23:31:21","date_gmt":"2019-06-17T16:31:21","guid":{"rendered":"https:\/\/ghevanphong.khowebseotop.vn\/?post_type=product&#038;p=314"},"modified":"2019-06-17T23:31:21","modified_gmt":"2019-06-17T16:31:21","slug":"ghe-luoi-nhan-vien-st-102g","status":"publish","type":"product","link":"https:\/\/webmaibinh.com\/w\/ghevanphong2011\/san-pham\/ghe-luoi-nhan-vien-st-102g\/","title":{"rendered":"Gh\u1ebf L\u01b0\u1edbi Nh\u00e2n Vi\u00ean ST-102G"},"content":{"rendered":"<p>Gh\u1ebf xoay ST102G l\u00e0 s\u1ea3n ph\u1ea9m gh\u1ebf nh\u00e2n vi\u00ean v\u1edbi \u0111\u1ec7m v\u00e0 t\u1ef1a l\u01b0ng b\u1ecdc l\u01b0\u1edbi, s\u1eed d\u1ee5ng cho v\u0103n ph\u00f2ng, gh\u1ebf cho ph\u00e9p ng\u1ea3 v\u00e0 \u0111i\u1ec1u ch\u1ec9nh chi\u1ec1u cao.<\/p>\n<h3>\u0110\u1eb7c \u0111i\u1ec3m<\/h3>\n<ul>\n<li>Gh\u1ebf \u0111\u1ec7m v\u00e0 t\u1ef1a d\u00f9ng m\u00fat b\u1ecdc v\u1ea3i l\u01b0\u1edbi<\/li>\n<li>T\u00ednh n\u0103ng: Cho ph\u00e9p t\u0103ng gi\u1ea3m chi\u1ec1u cao, l\u01b0ng gh\u1ebf ng\u1ea3 \u0111\u01b0\u1ee3c v\u1ec1 sau.<\/li>\n<li>Tay gh\u1ebf nh\u1ef1a PU<\/li>\n<li>Ch\u00e2n gh\u1ebf nh\u1ef1a c\u00f3 b\u00e1nh xe. (c\u00f3 th\u1ec3 s\u1eed d\u1ee5ng ch\u00e2n kim lo\u1ea1i crom)<\/li>\n<li>K\u00edch th\u01b0\u1edbc:\u00a0<strong>580 (Ngang) x 560 ( R\u1ed9ng ) x 950~1060 ( Cao)<\/strong><\/li>\n<li>Gh\u00a0xoay l\u01b0\u1edbi ST102G \u0111\u01b0\u1ee3c thi\u1ebft k\u1ebf s\u1eed d\u1ee5ng cho v\u0103n ph\u00f2ng l\u00e0m vi\u1ec7c d\u00e0nh cho c\u1ea5p nh\u00e2n vi\u00ean.<\/li>\n<li>S\u1ea3n ph\u1ea9m nh\u1eadp kh\u1ea9u \u0111\u01b0\u1ee3c b\u1ea3o h\u00e0nh 1 n\u0103m theo ti\u00eau chu\u1ea9n c\u1ee7a nh\u00e0 cung c\u1ea5p.<\/li>\n<\/ul>\n","protected":false},"excerpt":{"rendered":"<p>Gh\u1ebf xoay ST102G l\u00e0 s\u1ea3n ph\u1ea9m gh\u1ebf nh\u00e2n vi\u00ean v\u1edbi \u0111\u1ec7m v\u00e0 t\u1ef1a l\u01b0ng b\u1ecdc l\u01b0\u1edbi, s\u1eed d\u1ee5ng cho v\u0103n ph\u00f2ng, gh\u1ebf cho ph\u00e9p ng\u1ea3 v\u00e0 \u0111i\u1ec1u ch\u1ec9nh chi\u1ec1u cao. \u0110\u1eb7c \u0111i\u1ec3m Gh\u1ebf \u0111\u1ec7m v\u00e0 t\u1ef1a d\u00f9ng m\u00fat b\u1ecdc v\u1ea3i l\u01b0\u1edbi T\u00ednh n\u0103ng: Cho ph\u00e9p t\u0103ng gi\u1ea3m chi\u1ec1u cao, l\u01b0ng gh\u1ebf ng\u1ea3 \u0111\u01b0\u1ee3c v\u1ec1 sau. &#8230;<\/p>\n","protected":false},"featured_media":315,"comment_status":"open","ping_status":"closed","template":"","meta":[],"brands":[{"id":30,"name":"Fami","slug":"fami"}],"_links":{"self":[{"href":"https:\/\/webmaibinh.com\/w\/ghevanphong2011\/wp-json\/wp\/v2\/product\/314"}],"collection":[{"href":"https:\/\/webmaibinh.com\/w\/ghevanphong2011\/wp-json\/wp\/v2\/product"}],"about":[{"href":"https:\/\/webmaibinh.com\/w\/ghevanphong2011\/wp-json\/wp\/v2\/types\/product"}],"replies":[{"embeddable":true,"href":"https:\/\/webmaibinh.com\/w\/ghevanphong2011\/wp-json\/wp\/v2\/comments?post=314"}],"wp:featuredmedia":[{"embeddable":true,"href":"https:\/\/webmaibinh.com\/w\/ghevanphong2011\/wp-json\/wp\/v2\/media\/315"}],"wp:attachment":[{"href":"https:\/\/webmaibinh.com\/w\/ghevanphong2011\/wp-json\/wp\/v2\/media?parent=314"}],"curies":[{"name":"wp","href":"https:\/\/api.w.org\/{rel}","templated":true}]}}