{"id":308,"date":"2019-06-17T23:29:08","date_gmt":"2019-06-17T16:29:08","guid":{"rendered":"https:\/\/ghevanphong.khowebseotop.vn\/?post_type=product&#038;p=308"},"modified":"2019-06-17T23:29:08","modified_gmt":"2019-06-17T16:29:08","slug":"ghe-luoi-nhan-vien-gl112","status":"publish","type":"product","link":"https:\/\/webmaibinh.com\/w\/ghevanphong2011\/san-pham\/ghe-luoi-nhan-vien-gl112\/","title":{"rendered":"Gh\u1ebf L\u01b0\u1edbi Nh\u00e2n Vi\u00ean GL112"},"content":{"rendered":"<p>Thi\u1ebft k\u1ebf \u0111\u01a1n gi\u1ea3n v\u1edbi ph\u1ea7n l\u01b0ng b\u1ecdc l\u01b0\u1edbi,\u00a0<strong>gh\u1ebf l\u01b0\u1edbi xoay GL112 H\u00f2a Ph\u00e1t<\/strong>\u00a0mang l\u1ea1i c\u1ea3m gi\u00e1c tho\u1ea3i m\u00e1i cho nh\u00e2n vi\u00ean v\u0103n ph\u00f2ng.<\/p>\n<table border=\"1\">\n<tbody>\n<tr>\n<td colspan=\"3\"><strong>Th\u00f4ng s\u1ed1 gh\u1ebf l\u01b0\u1edbi nh\u00e2n vi\u00ean GL112<\/strong><\/td>\n<\/tr>\n<tr>\n<td><strong>Chi\u1ec1u d\u00e0i<\/strong><\/td>\n<td><strong>Chi\u1ec1u s\u00e2u<\/strong><\/td>\n<td><strong>Chi\u1ec1u cao ( t\u0103ng \/ gi\u1ea3m )<\/strong><\/td>\n<\/tr>\n<tr>\n<td>60cm<\/td>\n<td>52 cm<\/td>\n<td>97.5 \u2013 110cm<\/td>\n<\/tr>\n<\/tbody>\n<\/table>\n<p><strong>Ch\u1ea5t li\u1ec7u<\/strong><\/p>\n<p>M\u1eb7t ng\u1ed3i v\u00e0 t\u1ef1a l\u01b0ng c\u00f3 \u0111\u1ec7m m\u00fat b\u1ecdc l\u01b0\u1edbi t\u1ea1o \u0111\u1ed9 \u00eam \u00e1i.<\/p>\n<p>Ch\u00e2n gh\u1ebf\u00a0<strong>nh\u1ef1a ho\u1eb7c ch\u00e2n m\u1ea1<\/strong>\u00a0cao c\u1ea5p<\/p>\n<p>Tay v\u1ecbn nh\u1ef1a cao c\u1ea5p.<\/p>\n<p><strong>B\u1ea3o h\u00e0nh:<\/strong>\u00a0S\u1ea3n ph\u1ea9m \u0111\u01b0\u1ee3c b\u1ea3o h\u00e0nh 12 th\u00e1ng theo ti\u00eau chu\u1ea9n H\u00f2a Ph\u00e1t.<\/p>\n","protected":false},"excerpt":{"rendered":"<p>Thi\u1ebft k\u1ebf \u0111\u01a1n gi\u1ea3n v\u1edbi ph\u1ea7n l\u01b0ng b\u1ecdc l\u01b0\u1edbi,\u00a0gh\u1ebf l\u01b0\u1edbi xoay GL112 H\u00f2a Ph\u00e1t\u00a0mang l\u1ea1i c\u1ea3m gi\u00e1c tho\u1ea3i m\u00e1i cho nh\u00e2n vi\u00ean v\u0103n ph\u00f2ng. Th\u00f4ng s\u1ed1 gh\u1ebf l\u01b0\u1edbi nh\u00e2n vi\u00ean GL112 Chi\u1ec1u d\u00e0i Chi\u1ec1u s\u00e2u Chi\u1ec1u cao ( t\u0103ng \/ gi\u1ea3m ) 60cm 52 cm 97.5 \u2013 110cm Ch\u1ea5t li\u1ec7u M\u1eb7t ng\u1ed3i v\u00e0 t\u1ef1a l\u01b0ng &#8230;<\/p>\n","protected":false},"featured_media":309,"comment_status":"open","ping_status":"closed","template":"","meta":[],"brands":[{"id":24,"name":"H\u00f2a Ph\u00e1t","slug":"hoa-phat"}],"_links":{"self":[{"href":"https:\/\/webmaibinh.com\/w\/ghevanphong2011\/wp-json\/wp\/v2\/product\/308"}],"collection":[{"href":"https:\/\/webmaibinh.com\/w\/ghevanphong2011\/wp-json\/wp\/v2\/product"}],"about":[{"href":"https:\/\/webmaibinh.com\/w\/ghevanphong2011\/wp-json\/wp\/v2\/types\/product"}],"replies":[{"embeddable":true,"href":"https:\/\/webmaibinh.com\/w\/ghevanphong2011\/wp-json\/wp\/v2\/comments?post=308"}],"wp:featuredmedia":[{"embeddable":true,"href":"https:\/\/webmaibinh.com\/w\/ghevanphong2011\/wp-json\/wp\/v2\/media\/309"}],"wp:attachment":[{"href":"https:\/\/webmaibinh.com\/w\/ghevanphong2011\/wp-json\/wp\/v2\/media?parent=308"}],"curies":[{"name":"wp","href":"https:\/\/api.w.org\/{rel}","templated":true}]}}