{"id":210,"date":"2019-06-17T18:48:32","date_gmt":"2019-06-17T11:48:32","guid":{"rendered":"https:\/\/ghevanphong.khowebseotop.vn\/?post_type=product&#038;p=210"},"modified":"2019-06-17T22:47:33","modified_gmt":"2019-06-17T15:47:33","slug":"ghe-giam-doc-st-307","status":"publish","type":"product","link":"https:\/\/webmaibinh.com\/w\/ghevanphong2011\/san-pham\/ghe-giam-doc-st-307\/","title":{"rendered":"Gh\u1ebf Gi\u00e1m \u0110\u1ed1c ST-307"},"content":{"rendered":"<p>Gh\u1ebf th\u01b0 gi\u00e3n ST306 l\u00e0 s\u1ea3n ph\u1ea9m gh\u1ebf xoay l\u01b0ng cao v\u1edbi \u0111\u1ec7m v\u00e0 l\u01b0ng b\u1ecdc simili s\u1eed d\u1ee5ng cho v\u0103n ph\u00f2ng, gh\u1ebf thi\u1ebft k\u1ebf ng\u1ea3 l\u01b0ng v\u00e0 \u0111i\u1ec1u ch\u1ec9nh chi\u1ec1u cao, tay v\u00e0 ch\u00e2n xoay h\u1ee3p kim nh\u00f4m<\/p>\n<h3>\u0110\u1eb7c \u0111i\u1ec3m<\/h3>\n<ul>\n<li>Gh\u1ebf l\u01b0ng cao v\u1edbi \u0111\u1ec7m t\u1ef1a b\u1ecdc simili , l\u01b0ng khung th\u00e9p m\u1ea1<\/li>\n<li>T\u00ednh n\u0103ng: M\u00e2m gh\u1ebf 2 c\u1ea7n \u0111i\u1ec1u khi\u1ec3n cho ph\u00e9p t\u0103ng gi\u1ea3m chi\u1ec1u cao, l\u01b0ng gh\u1ebf ng\u1ea3 \u0111\u01b0\u1ee3c v\u1ec1 sau.<\/li>\n<li>Tay gh\u1ebf h\u1ee3p kim nh\u00f4m<\/li>\n<li>Ch\u00e2n gh\u1ebf xoay h\u1ee3p kim nh\u00f4m 305 c\u00f3 b\u00e1nh xe.<\/li>\n<li>K\u00edch th\u01b0\u1edbc:\u00a0<strong>650 (Ngang) x 680 ( R\u1ed9ng ) x 1100~1180 ( Cao)<\/strong><\/li>\n<li>Gh\u1ebf xoay\u00a0ST307 \u0111\u01b0\u1ee3c thi\u1ebft k\u1ebf s\u1eed d\u1ee5ng cho v\u0103n ph\u00f2ng l\u00e0m vi\u1ec7c<\/li>\n<li>S\u1ea3n ph\u1ea9m nh\u1eadp kh\u1ea9u \u0111\u01b0\u1ee3c b\u1ea3o h\u00e0nh 1 n\u0103m theo ti\u00eau chu\u1ea9n c\u1ee7a nh\u00e0 cung c\u1ea5p.<\/li>\n<\/ul>\n","protected":false},"excerpt":{"rendered":"<p>Gh\u1ebf th\u01b0 gi\u00e3n ST306 l\u00e0 s\u1ea3n ph\u1ea9m gh\u1ebf xoay l\u01b0ng cao v\u1edbi \u0111\u1ec7m v\u00e0 l\u01b0ng b\u1ecdc simili s\u1eed d\u1ee5ng cho v\u0103n ph\u00f2ng, gh\u1ebf thi\u1ebft k\u1ebf ng\u1ea3 l\u01b0ng v\u00e0 \u0111i\u1ec1u ch\u1ec9nh chi\u1ec1u cao, tay v\u00e0 ch\u00e2n xoay h\u1ee3p kim nh\u00f4m \u0110\u1eb7c \u0111i\u1ec3m Gh\u1ebf l\u01b0ng cao v\u1edbi \u0111\u1ec7m t\u1ef1a b\u1ecdc simili , l\u01b0ng khung th\u00e9p m\u1ea1 T\u00ednh &#8230;<\/p>\n","protected":false},"featured_media":211,"comment_status":"open","ping_status":"closed","template":"","meta":[],"brands":[{"id":27,"name":"Manager","slug":"manager"}],"_links":{"self":[{"href":"https:\/\/webmaibinh.com\/w\/ghevanphong2011\/wp-json\/wp\/v2\/product\/210"}],"collection":[{"href":"https:\/\/webmaibinh.com\/w\/ghevanphong2011\/wp-json\/wp\/v2\/product"}],"about":[{"href":"https:\/\/webmaibinh.com\/w\/ghevanphong2011\/wp-json\/wp\/v2\/types\/product"}],"replies":[{"embeddable":true,"href":"https:\/\/webmaibinh.com\/w\/ghevanphong2011\/wp-json\/wp\/v2\/comments?post=210"}],"wp:featuredmedia":[{"embeddable":true,"href":"https:\/\/webmaibinh.com\/w\/ghevanphong2011\/wp-json\/wp\/v2\/media\/211"}],"wp:attachment":[{"href":"https:\/\/webmaibinh.com\/w\/ghevanphong2011\/wp-json\/wp\/v2\/media?parent=210"}],"curies":[{"name":"wp","href":"https:\/\/api.w.org\/{rel}","templated":true}]}}