{"id":208,"date":"2019-06-17T18:47:47","date_gmt":"2019-06-17T11:47:47","guid":{"rendered":"https:\/\/ghevanphong.khowebseotop.vn\/?post_type=product&#038;p=208"},"modified":"2019-06-17T22:47:45","modified_gmt":"2019-06-17T15:47:45","slug":"ghe-luoi-giam-doc-st-308","status":"publish","type":"product","link":"https:\/\/webmaibinh.com\/w\/ghevanphong2011\/san-pham\/ghe-luoi-giam-doc-st-308\/","title":{"rendered":"Gh\u1ebf L\u01b0\u1edbi Gi\u00e1m \u0110\u1ed1c ST-308"},"content":{"rendered":"<p>Gh\u1ebf l\u01b0\u1edbi ST308 l\u00e0 s\u1ea3n ph\u1ea9m gh\u1ebf xoay l\u01b0\u1edbi l\u01b0ng cao v\u1edbi \u0111\u1ec7m similir b\u1ecdc m\u00fat, t\u1ef1a l\u01b0ng b\u1ecdc v\u1ea3i l\u01b0\u1edbi ch\u1ecbu l\u1ef1c, \u0111\u01b0\u1ee3c s\u1eed d\u1ee5ng cho v\u0103n ph\u00f2ng, gh\u1ebf thi\u1ebft k\u1ebf ng\u1ea3 l\u01b0ng v\u00e0 \u0111i\u1ec1u ch\u1ec9nh chi\u1ec1u cao, tay nh\u1ef1a PU \u0111i\u1ec1u ch\u1ec9nh, ch\u00e2n xoay nh\u00f4m \u0111\u00fac<\/p>\n<h3>\u0110\u1eb7c \u0111i\u1ec3m<\/h3>\n<ul>\n<li>Gh\u1ebf \u0111\u1ec7m simili, l\u01b0ng l\u01b0\u1edbi \u0111\u01b0\u1ee3c thi\u1ebft k\u1ebf cao, c\u00f3 t\u1ef1a \u0111\u1ea7u<\/li>\n<li>Ch\u1ea5t li\u1ec7u: V\u1ea3i l\u01b0\u1edbi , t\u1ef1a l\u01b0ng kim lo\u1ea1i<\/li>\n<li>T\u00ednh n\u0103ng: Cho ph\u00e9p t\u0103ng gi\u1ea3m chi\u1ec1u cao, m\u00e2m gh\u1ebf 2 c\u1ea7n, l\u01b0ng gh\u1ebf ng\u1ea3 \u0111\u01b0\u1ee3c v\u1ec1 sau theo nhi\u1ec1u g\u00f3c \u0111\u1ed9.<\/li>\n<li>Tay gh\u1ebf nh\u1ef1a PU \u0111i\u1ec1u ch\u1ec9nh<\/li>\n<li>Ch\u00e2n gh\u1ebf xoay nh\u00f4m \u0111\u00fac c\u00f3 b\u00e1nh xe.<\/li>\n<li>K\u00edch th\u01b0\u1edbc:\u00a0<strong>640 (Ngang) x 700 ( R\u1ed9ng ) x 1250~1300 ( Cao)<\/strong><\/li>\n<li>Gh\u1ebf xoay\u00a0ST308 \u0111\u01b0\u1ee3c thi\u1ebft k\u1ebf s\u1eed d\u1ee5ng cho v\u0103n ph\u00f2ng l\u00e0m vi\u1ec7c<\/li>\n<li>S\u1ea3n ph\u1ea9m nh\u1eadp kh\u1ea9u \u0111\u01b0\u1ee3c b\u1ea3o h\u00e0nh 1 n\u0103m theo ti\u00eau chu\u1ea9n c\u1ee7a nh\u00e0 cung c\u1ea5p.<\/li>\n<\/ul>\n","protected":false},"excerpt":{"rendered":"<p>Gh\u1ebf l\u01b0\u1edbi ST308 l\u00e0 s\u1ea3n ph\u1ea9m gh\u1ebf xoay l\u01b0\u1edbi l\u01b0ng cao v\u1edbi \u0111\u1ec7m similir b\u1ecdc m\u00fat, t\u1ef1a l\u01b0ng b\u1ecdc v\u1ea3i l\u01b0\u1edbi ch\u1ecbu l\u1ef1c, \u0111\u01b0\u1ee3c s\u1eed d\u1ee5ng cho v\u0103n ph\u00f2ng, gh\u1ebf thi\u1ebft k\u1ebf ng\u1ea3 l\u01b0ng v\u00e0 \u0111i\u1ec1u ch\u1ec9nh chi\u1ec1u cao, tay nh\u1ef1a PU \u0111i\u1ec1u ch\u1ec9nh, ch\u00e2n xoay nh\u00f4m \u0111\u00fac \u0110\u1eb7c \u0111i\u1ec3m Gh\u1ebf \u0111\u1ec7m simili, l\u01b0ng l\u01b0\u1edbi &#8230;<\/p>\n","protected":false},"featured_media":209,"comment_status":"open","ping_status":"closed","template":"","meta":[],"brands":[{"id":28,"name":"Xu\u00e2n H\u00f2a","slug":"xuan-hoa"}],"_links":{"self":[{"href":"https:\/\/webmaibinh.com\/w\/ghevanphong2011\/wp-json\/wp\/v2\/product\/208"}],"collection":[{"href":"https:\/\/webmaibinh.com\/w\/ghevanphong2011\/wp-json\/wp\/v2\/product"}],"about":[{"href":"https:\/\/webmaibinh.com\/w\/ghevanphong2011\/wp-json\/wp\/v2\/types\/product"}],"replies":[{"embeddable":true,"href":"https:\/\/webmaibinh.com\/w\/ghevanphong2011\/wp-json\/wp\/v2\/comments?post=208"}],"wp:featuredmedia":[{"embeddable":true,"href":"https:\/\/webmaibinh.com\/w\/ghevanphong2011\/wp-json\/wp\/v2\/media\/209"}],"wp:attachment":[{"href":"https:\/\/webmaibinh.com\/w\/ghevanphong2011\/wp-json\/wp\/v2\/media?parent=208"}],"curies":[{"name":"wp","href":"https:\/\/api.w.org\/{rel}","templated":true}]}}