{"id":204,"date":"2019-06-17T18:45:37","date_gmt":"2019-06-17T11:45:37","guid":{"rendered":"https:\/\/ghevanphong.khowebseotop.vn\/?post_type=product&#038;p=204"},"modified":"2019-06-17T18:45:37","modified_gmt":"2019-06-17T11:45:37","slug":"ghe-giam-doc-sg912","status":"publish","type":"product","link":"https:\/\/webmaibinh.com\/w\/ghevanphong2011\/san-pham\/ghe-giam-doc-sg912\/","title":{"rendered":"Gh\u1ebf Gi\u00e1m \u0110\u1ed1c SG912"},"content":{"rendered":"<p><strong>Gh\u1ebf SG912\u00a0<\/strong>v\u1edbi gam m\u00e0u nh\u0169 \u0111\u1ed3ng sang tr\u1ecdng, cu\u1ed1n h\u00fat ngay t\u1eeb c\u00e1i nh\u00ecn \u0111\u1ea7u ti\u00ean lu\u00f4n l\u00e0 l\u1ef1a ch\u1ecdn h\u00e0ng \u0111\u1ea7u c\u1ee7a nh\u1eefng kh\u00e1ch h\u00e0ng kh\u00f3 t\u00ednh nh\u1ea5t c\u1ee7a H\u00f2a Ph\u00e1t.<\/p>\n<p><strong>K\u00edch th\u01b0\u1edbc<\/strong><\/p>\n<p>Chi\u1ec1u d\u00e0i(W): 650cm, chi\u1ec1u s\u00e2u(D): 700cm, chi\u1ec1u cao(H): (1180-1235)mm (chi\u1ec1u cao v\u00e0 chi\u1ec1u s\u00e2u \u0111o theo m\u1eb7t ng\u1ed3i v\u00e0 m\u1eb7t l\u01b0ng).<\/p>\n<p><strong>Ch\u1ea5t li\u1ec7u<\/strong><\/p>\n<p>M\u1eb7t ng\u1ed3i v\u00e0 t\u1ef1a l\u01b0ng c\u00f3 \u0111\u1ec7m m\u00fat b\u1ecdc da ho\u1eb7c da c\u00f4ng nghi\u1ec7p ho\u1eb7c PVC.<\/p>\n<p>Ch\u00e2n gh\u1ebf b\u1eb1ng nh\u1ef1a cao c\u1ea5p c\u00f3 b\u00e1nh xe.<\/p>\n<p>Tay v\u1ecbn nh\u1ef1a cao c\u1ea5p.<\/p>\n<p><strong>M\u00e0u s\u1eafc:\u00a0<\/strong>M\u00e0u nh\u0169 \u0111\u1ed3ng.<\/p>\n<p><strong>B\u1ea3o h\u00e0nh:<\/strong>\u00a0Gh\u1ebf gi\u00e1m \u0111\u1ed1c SG912 \u0111\u01b0\u1ee3c b\u1ea3o h\u00e0nh 12 th\u00e1ng theo ti\u00eau chu\u1ea9n H\u00f2a Ph\u00e1t.<\/p>\n","protected":false},"excerpt":{"rendered":"<p>Gh\u1ebf SG912\u00a0v\u1edbi gam m\u00e0u nh\u0169 \u0111\u1ed3ng sang tr\u1ecdng, cu\u1ed1n h\u00fat ngay t\u1eeb c\u00e1i nh\u00ecn \u0111\u1ea7u ti\u00ean lu\u00f4n l\u00e0 l\u1ef1a ch\u1ecdn h\u00e0ng \u0111\u1ea7u c\u1ee7a nh\u1eefng kh\u00e1ch h\u00e0ng kh\u00f3 t\u00ednh nh\u1ea5t c\u1ee7a H\u00f2a Ph\u00e1t. K\u00edch th\u01b0\u1edbc Chi\u1ec1u d\u00e0i(W): 650cm, chi\u1ec1u s\u00e2u(D): 700cm, chi\u1ec1u cao(H): (1180-1235)mm (chi\u1ec1u cao v\u00e0 chi\u1ec1u s\u00e2u \u0111o theo m\u1eb7t ng\u1ed3i v\u00e0 m\u1eb7t l\u01b0ng). &#8230;<\/p>\n","protected":false},"featured_media":205,"comment_status":"open","ping_status":"closed","template":"","meta":[],"brands":[{"id":24,"name":"H\u00f2a Ph\u00e1t","slug":"hoa-phat"}],"_links":{"self":[{"href":"https:\/\/webmaibinh.com\/w\/ghevanphong2011\/wp-json\/wp\/v2\/product\/204"}],"collection":[{"href":"https:\/\/webmaibinh.com\/w\/ghevanphong2011\/wp-json\/wp\/v2\/product"}],"about":[{"href":"https:\/\/webmaibinh.com\/w\/ghevanphong2011\/wp-json\/wp\/v2\/types\/product"}],"replies":[{"embeddable":true,"href":"https:\/\/webmaibinh.com\/w\/ghevanphong2011\/wp-json\/wp\/v2\/comments?post=204"}],"wp:featuredmedia":[{"embeddable":true,"href":"https:\/\/webmaibinh.com\/w\/ghevanphong2011\/wp-json\/wp\/v2\/media\/205"}],"wp:attachment":[{"href":"https:\/\/webmaibinh.com\/w\/ghevanphong2011\/wp-json\/wp\/v2\/media?parent=204"}],"curies":[{"name":"wp","href":"https:\/\/api.w.org\/{rel}","templated":true}]}}