{"id":202,"date":"2019-06-17T18:44:41","date_gmt":"2019-06-17T11:44:41","guid":{"rendered":"https:\/\/ghevanphong.khowebseotop.vn\/?post_type=product&#038;p=202"},"modified":"2019-06-17T18:44:41","modified_gmt":"2019-06-17T11:44:41","slug":"ghe-giam-doc-sg903","status":"publish","type":"product","link":"https:\/\/webmaibinh.com\/w\/ghevanphong2011\/san-pham\/ghe-giam-doc-sg903\/","title":{"rendered":"Gh\u1ebf gi\u00e1m \u0111\u1ed1c SG903"},"content":{"rendered":"<p><strong>Gh\u1ebf SG903<\/strong>\u00a0l\u00e0 thi\u1ebft k\u1ebf d\u00e0nh cho gi\u00e1m \u0111\u1ed1c c\u00e1c c\u01a1 quan, \u0111\u01a1n v\u1ecb ho\u1eb7c trang b\u1ecb t\u1ea1i nh\u00e0 ri\u00eang v\u1edbi m\u1ee9c gi\u00e1 t\u1ed1t, gh\u1ebf c\u00f3 th\u1ec3 \u0111i\u1ec1u ch\u1ec9nh \u0111\u1ed9 cao v\u00e0 \u0111\u1ed9 ng\u1ea3, thu\u1eadn ti\u1ec7n trong qu\u00e1 tr\u00ecnh l\u00e0m vi\u1ec7c, d\u1ec5 k\u1ebft h\u1ee3p c\u00f9ng nhi\u1ec1u ki\u1ec3u b\u00e0n, t\u1ee7 h\u1ed3 s\u01a1 kh\u00e1c nhau.<\/p>\n<p><strong>K\u00edch th\u01b0\u1edbc<\/strong><\/p>\n<p>Chi\u1ec1u d\u00e0i(W): 650, chi\u1ec1u s\u00e2u(D): 700, chi\u1ec1u cao(H): (1210-126 )mm (chi\u1ec1u cao v\u00e0 chi\u1ec1u s\u00e2u \u0111o theo m\u1eb7t ng\u1ed3i v\u00e0 m\u1eb7t l\u01b0ng).<\/p>\n<p><strong>Ch\u1ea5t li\u1ec7u<\/strong><\/p>\n<p>M\u1eb7t ng\u1ed3i v\u00e0 t\u1ef1a l\u01b0ng c\u00f3 \u0111\u1ec7m m\u00fat b\u1ecdc da th\u1eadt, da c\u00f4ng nghi\u1ec7p ho\u1eb7c PVC.<\/p>\n<p>Ch\u00e2n gh\u1ebf \u0111\u01b0\u1ee3c l\u00e0m b\u1eb1ng nh\u1ef1a cao c\u1ea5p\u00a0s\u01a1n m\u00e0u nh\u0169 b\u1ea1c c\u00f3 b\u00e1nh xe linh ho\u1ea1t.<\/p>\n<p>Tay v\u1ecbn nh\u1ef1a cao c\u1ea5p s\u01a1n m\u00e0u nh\u0169 b\u1ea1c.<\/p>\n<p><strong>M\u00e0u s\u1eafc:\u00a0<\/strong>M\u00e0u \u0111en.<\/p>\n<p><strong>B\u1ea3o h\u00e0nh:\u00a0<\/strong>\u00a01 n\u0103m theo ti\u00eau chu\u1ea9n nh\u00e0 s\u1ea3n xu\u1ea5t<\/p>\n","protected":false},"excerpt":{"rendered":"<p>Gh\u1ebf SG903\u00a0l\u00e0 thi\u1ebft k\u1ebf d\u00e0nh cho gi\u00e1m \u0111\u1ed1c c\u00e1c c\u01a1 quan, \u0111\u01a1n v\u1ecb ho\u1eb7c trang b\u1ecb t\u1ea1i nh\u00e0 ri\u00eang v\u1edbi m\u1ee9c gi\u00e1 t\u1ed1t, gh\u1ebf c\u00f3 th\u1ec3 \u0111i\u1ec1u ch\u1ec9nh \u0111\u1ed9 cao v\u00e0 \u0111\u1ed9 ng\u1ea3, thu\u1eadn ti\u1ec7n trong qu\u00e1 tr\u00ecnh l\u00e0m vi\u1ec7c, d\u1ec5 k\u1ebft h\u1ee3p c\u00f9ng nhi\u1ec1u ki\u1ec3u b\u00e0n, t\u1ee7 h\u1ed3 s\u01a1 kh\u00e1c nhau. K\u00edch th\u01b0\u1edbc Chi\u1ec1u &#8230;<\/p>\n","protected":false},"featured_media":203,"comment_status":"open","ping_status":"closed","template":"","meta":[],"brands":[{"id":24,"name":"H\u00f2a Ph\u00e1t","slug":"hoa-phat"}],"_links":{"self":[{"href":"https:\/\/webmaibinh.com\/w\/ghevanphong2011\/wp-json\/wp\/v2\/product\/202"}],"collection":[{"href":"https:\/\/webmaibinh.com\/w\/ghevanphong2011\/wp-json\/wp\/v2\/product"}],"about":[{"href":"https:\/\/webmaibinh.com\/w\/ghevanphong2011\/wp-json\/wp\/v2\/types\/product"}],"replies":[{"embeddable":true,"href":"https:\/\/webmaibinh.com\/w\/ghevanphong2011\/wp-json\/wp\/v2\/comments?post=202"}],"wp:featuredmedia":[{"embeddable":true,"href":"https:\/\/webmaibinh.com\/w\/ghevanphong2011\/wp-json\/wp\/v2\/media\/203"}],"wp:attachment":[{"href":"https:\/\/webmaibinh.com\/w\/ghevanphong2011\/wp-json\/wp\/v2\/media?parent=202"}],"curies":[{"name":"wp","href":"https:\/\/api.w.org\/{rel}","templated":true}]}}