{"id":197,"date":"2019-06-17T18:42:05","date_gmt":"2019-06-17T11:42:05","guid":{"rendered":"https:\/\/ghevanphong.khowebseotop.vn\/?post_type=product&#038;p=197"},"modified":"2019-06-17T18:42:05","modified_gmt":"2019-06-17T11:42:05","slug":"ghe-giam-doc-tq01","status":"publish","type":"product","link":"https:\/\/webmaibinh.com\/w\/ghevanphong2011\/san-pham\/ghe-giam-doc-tq01\/","title":{"rendered":"Gh\u1ebf gi\u00e1m \u0111\u1ed1c TQ01"},"content":{"rendered":"<p>Gh\u1ebf gi\u00e1m \u0111\u1ed1c cao c\u1ea5p TQ01\u00a0C\u00f3 thi\u1ebft k\u1ebf sang tr\u1ecdng v\u1edbi ph\u1ea7n \u0111\u1ec7m v\u00e0 t\u1ef1a l\u01b0ng b\u1ecdc da, ph\u1ea7n ch\u00e2n xoay v\u00e0 tay gh\u1ebf \u0111\u01b0\u1ee3c \u1ed1p g\u1ed7, gh\u1ebf TQ01 m\u1edf ra kh\u00f4ng gian chuy\u00ean nghi\u1ec7p cho c\u00e1c v\u0103n ph\u00f2ng.<\/p>\n<p><strong>K\u00edch th\u01b0\u1edbc:<\/strong><\/p>\n<p>Chi\u1ec1u d\u00e0i: 700mm, chi\u1ec1u s\u00e2u(D): 810mm, chi\u1ec1u cao(H): (1115-1210)mm (chi\u1ec1u cao v\u00e0 chi\u1ec1u s\u00e2u \u0111o theo m\u1eb7t ng\u1ed3i v\u00e0 m\u1eb7t l\u01b0ng).<\/p>\n<p><strong>Ch\u1ea5t li\u1ec7u:<\/strong><\/p>\n<p>Ch\u00e2n th\u00e9p \u1ed1p g\u1ed7, tay b\u1eb1ng g\u1ed7 t\u1ef1 nhi\u00ean, \u0111\u1ec7m t\u1ef1a b\u1ecdc da ho\u1eb7c da c\u00f4ng nghi\u1ec7p.<\/p>\n<p><strong>M\u00e0u s\u1eafc:<\/strong>\u00a0M\u00e0u \u0111en.<\/p>\n","protected":false},"excerpt":{"rendered":"<p>Gh\u1ebf gi\u00e1m \u0111\u1ed1c cao c\u1ea5p TQ01\u00a0C\u00f3 thi\u1ebft k\u1ebf sang tr\u1ecdng v\u1edbi ph\u1ea7n \u0111\u1ec7m v\u00e0 t\u1ef1a l\u01b0ng b\u1ecdc da, ph\u1ea7n ch\u00e2n xoay v\u00e0 tay gh\u1ebf \u0111\u01b0\u1ee3c \u1ed1p g\u1ed7, gh\u1ebf TQ01 m\u1edf ra kh\u00f4ng gian chuy\u00ean nghi\u1ec7p cho c\u00e1c v\u0103n ph\u00f2ng. K\u00edch th\u01b0\u1edbc: Chi\u1ec1u d\u00e0i: 700mm, chi\u1ec1u s\u00e2u(D): 810mm, chi\u1ec1u cao(H): (1115-1210)mm (chi\u1ec1u cao v\u00e0 chi\u1ec1u s\u00e2u &#8230;<\/p>\n","protected":false},"featured_media":199,"comment_status":"open","ping_status":"closed","template":"","meta":[],"brands":[{"id":24,"name":"H\u00f2a Ph\u00e1t","slug":"hoa-phat"}],"_links":{"self":[{"href":"https:\/\/webmaibinh.com\/w\/ghevanphong2011\/wp-json\/wp\/v2\/product\/197"}],"collection":[{"href":"https:\/\/webmaibinh.com\/w\/ghevanphong2011\/wp-json\/wp\/v2\/product"}],"about":[{"href":"https:\/\/webmaibinh.com\/w\/ghevanphong2011\/wp-json\/wp\/v2\/types\/product"}],"replies":[{"embeddable":true,"href":"https:\/\/webmaibinh.com\/w\/ghevanphong2011\/wp-json\/wp\/v2\/comments?post=197"}],"wp:featuredmedia":[{"embeddable":true,"href":"https:\/\/webmaibinh.com\/w\/ghevanphong2011\/wp-json\/wp\/v2\/media\/199"}],"wp:attachment":[{"href":"https:\/\/webmaibinh.com\/w\/ghevanphong2011\/wp-json\/wp\/v2\/media?parent=197"}],"curies":[{"name":"wp","href":"https:\/\/api.w.org\/{rel}","templated":true}]}}