{"id":472,"date":"2017-08-25T14:21:52","date_gmt":"2017-08-25T07:21:52","guid":{"rendered":"https:\/\/bizhostvn.com\/w\/fashion2\/?post_type=product&#038;p=472"},"modified":"2018-07-11T15:18:21","modified_gmt":"2018-07-11T08:18:21","slug":"day-nit-that-lung-nam-da-bo-that-2-lop","status":"publish","type":"product","link":"https:\/\/webmaibinh.com\/w\/fashion2\/san-pham\/day-nit-that-lung-nam-da-bo-that-2-lop\/","title":{"rendered":"D\u00e2y N\u1ecbt Th\u1eaft L\u01b0ng Nam &#8211; Da B\u00f2 Th\u1eadt 2 L\u1edbp"},"content":{"rendered":"<p>Giuseart &#8211; Chuy\u00ean cung c\u1ea5p c\u00e1c m\u1eabu\u00a0<strong>Th\u1eddi trang nam cao c\u1ea5p<\/strong>\u00a0h\u00e0ng hi\u1ec7u nh\u1eadp kh\u1ea9u th\u1eddi trang t\u1eeb nhi\u1ec1u h\u00e3ng th\u1eddi trang nam n\u1ed5i ti\u1ebfng t\u1eeb nhi\u1ec1u qu\u1ed1c gia nh\u01b0: H\u00e0n Qu\u1ed1c, M\u1ef9&#8230;M\u1ed7i s\u1ea3n ph\u1ea9m \u0111\u1ec1u \u0111\u01b0\u1ee3c \u0111\u1ea7u t\u01b0 t\u1eeb thi\u1ebft k\u1ebf, ch\u1ea5t li\u1ec7u v\u1ea3i \u0111\u1ebfn \u0111\u01b0\u1eddng ch\u1ec9 may t\u1ea1o n\u00ean nh\u1eefng s\u1ea3n ph\u1ea9m th\u1eddi trang nam cao c\u1ea5p \u0111\u01b0\u1ee3c nhi\u1ec1u kh\u00e1ch h\u00e0ng tin d\u00f9ng.<\/p>\n<p>Giuseart &#8211; Chuy\u00ean cung c\u1ea5p c\u00e1c m\u1eabu\u00a0<strong>Th\u1eddi trang nam cao c\u1ea5p<\/strong>\u00a0h\u00e0ng hi\u1ec7u nh\u1eadp kh\u1ea9u th\u1eddi trang t\u1eeb nhi\u1ec1u h\u00e3ng th\u1eddi trang nam n\u1ed5i ti\u1ebfng t\u1eeb nhi\u1ec1u qu\u1ed1c gia nh\u01b0: H\u00e0n Qu\u1ed1c, M\u1ef9&#8230;M\u1ed7i s\u1ea3n ph\u1ea9m \u0111\u1ec1u \u0111\u01b0\u1ee3c \u0111\u1ea7u t\u01b0 t\u1eeb thi\u1ebft k\u1ebf, ch\u1ea5t li\u1ec7u v\u1ea3i \u0111\u1ebfn \u0111\u01b0\u1eddng ch\u1ec9 may t\u1ea1o n\u00ean nh\u1eefng s\u1ea3n ph\u1ea9m th\u1eddi trang nam cao c\u1ea5p \u0111\u01b0\u1ee3c nhi\u1ec1u kh\u00e1ch h\u00e0ng tin d\u00f9ng.<\/p>\n<p>SHOP TARU\u00a0\u2013 Trang web mua s\u1eafm tr\u1ef1c tuy\u1ebfn th\u1eddi trang h\u00e0ng x\u00e1ch tay t\u1eeb M\u1ef9<\/p>\n<p>Phone:\u00a0028.667555.04\u00a0\u2013\u00a0Hotline:\u00a009333.22235<\/p>\n<p>Th\u1eddi gian l\u00e0m vi\u1ec7c:\u00a09h \u0111\u1ebfn 19h<\/p>\n<p>Skype:\u00a0taruhouse \u2013\u00a0Email:\u00a0support@taru.vn<\/p>\n<p>Th\u1eddi gian giao h\u00e0ng 1-2 ng\u00e0y: tp. H\u1ed3 Ch\u00ed Minh, H\u00e0 N\u1ed9i, \u0110\u00e0 N\u1eb5ng, H\u1ea3i Ph\u00f2ng, C\u1ea7n Th\u01a1, th\u00e0nh ph\u1ed1, th\u1ecb x\u00e3 c\u00e1c t\u1ec9nh<\/p>\n<p>\u0110\u1ecbnh m\u1ee9c 3-4 ng\u00e0y v\u1edbi c\u00e1c huy\u1ec7n x\u00e3 c\u00f2n l\u1ea1i. Mi\u1ec5n ph\u00ed giao h\u00e0ng thu ti\u1ec1n (COD) to\u00e0n qu\u1ed1c t\u1ea1i nh\u00e0 mi\u1ec5n ph\u00ed<\/p>\n","protected":false},"excerpt":{"rendered":"<p>S\u1ea3n ph\u1ea9m n\u00e0y c\u00f3 ch\u1ea5t li\u1ec7u da t\u1ed1t, v\u00e2n da v\u00e0 \u0111\u01b0\u1eddng may r\u1ea5t tinh t\u1ebf, thi\u1ebft k\u1ebf \u0111\u1eb9p m\u00e0 \u0111\u01a1n gi\u1ea3n, sang tr\u1ecdng. Ch\u00fang t\u00f4i h\u00e0i l\u00f2ng v\u1edbi s\u1ea3n ph\u1ea9m do Ng\u1ecdc Quang<span class=\"ellipses\">&#8230;\u00a0<\/span>\u201d WOW \u2013 Th\u1eaft l\u01b0ng nam Ng\u1ecdc Quang, thi\u1ebft k\u1ebf l\u1ecbch l\u00e3m v\u00e0 \u1ea5n t\u01b0\u1ee3ng mang phong c\u00e1ch thanh l\u1ecbch, hi\u1ec7n \u0111\u1ea1i.\u201d<\/p>\n","protected":false},"featured_media":442,"template":"","meta":[],"_links":{"self":[{"href":"https:\/\/webmaibinh.com\/w\/fashion2\/wp-json\/wp\/v2\/product\/472"}],"collection":[{"href":"https:\/\/webmaibinh.com\/w\/fashion2\/wp-json\/wp\/v2\/product"}],"about":[{"href":"https:\/\/webmaibinh.com\/w\/fashion2\/wp-json\/wp\/v2\/types\/product"}],"wp:featuredmedia":[{"embeddable":true,"href":"https:\/\/webmaibinh.com\/w\/fashion2\/wp-json\/wp\/v2\/media\/442"}],"wp:attachment":[{"href":"https:\/\/webmaibinh.com\/w\/fashion2\/wp-json\/wp\/v2\/media?parent=472"}],"curies":[{"name":"wp","href":"https:\/\/api.w.org\/{rel}","templated":true}]}}