{"id":247,"date":"2019-05-26T16:51:01","date_gmt":"2019-05-26T16:51:01","guid":{"rendered":"http:\/\/facebook.muathemewordpress.net\/?page_id=247"},"modified":"2019-05-29T17:13:16","modified_gmt":"2019-05-29T17:13:16","slug":"thong-tin-chi-tiet","status":"publish","type":"page","link":"https:\/\/webmaibinh.com\/w\/facebook2011\/thong-tin-chi-tiet\/","title":{"rendered":"Th\u00f4ng tin chi ti\u1ebft"},"content":{"rendered":"\n<div class=\"row\"  id=\"row-1510496812\">\n\n\n\t<div id=\"col-388588470\" class=\"col hide-for-medium medium-3 small-12 large-3\"  >\n\t\t<div class=\"col-inner\"  >\n\t\t\t\n\t\t\t\n\n<div class=\"fixed\" style=\"margin-left: 50px;\">\n<p><img class=\"botron aligncenter\" style=\"border-radius: 50%; border: 5px solid #fff;\" src='\/\/graph.facebook.com\/3320834131266389\/picture?type=large' width=\"172px\" height=\"172px\" \/><\/p>\n<h1 class=\"name-page\">Doivo<img class=\"tich-xanh\" alt=\"\" src=\"https:\/\/i.imgur.com\/yXJ7lxF.png\" style='width: 25px; height: 24px;' data-toggle=\"tooltip\" title=\"Trang \u0111\u00e3 x\u00e1c minh Facebook \u0111\u00e3 x\u00e1c nh\u1eadn \u0111\u00e2y l\u00e0 Trang ch\u00ednh th\u1ee9c c\u1ee7a c\u00f4ng ty truy\u1ec1n th\u00f4ng, th\u01b0\u01a1ng hi\u1ec7u ho\u1eb7c ng\u01b0\u1eddi c\u1ee7a c\u00f4ng ch\u00fang.\"><span>@doivo<\/span><br \/>\n<\/h1>\n<p><div class=\"menu-menu-left-container\"><ul id=\"menu-left\" class=\"menu\"><li id=\"menu-item-96\" class=\"menu-item menu-item-type-post_type menu-item-object-page menu-item-home menu-item-96\"><a href=\"https:\/\/webmaibinh.com\/w\/facebook2011\/\">Trang ch\u1ee7<\/a><\/li>\n<li id=\"menu-item-376\" class=\"menu-item menu-item-type-custom menu-item-object-custom menu-item-376\"><a target=\"_blank\" rel=\"noopener noreferrer\" href=\"#\">Thi\u1ebft k\u1ebf web<\/a><\/li>\n<li id=\"menu-item-379\" class=\"menu-item menu-item-type-custom menu-item-object-custom menu-item-379\"><a target=\"_blank\" rel=\"noopener noreferrer\" href=\"https:\/\/botbanhang.vn\">Chatbot Message<\/a><\/li>\n<li id=\"menu-item-377\" class=\"menu-item menu-item-type-custom menu-item-object-custom menu-item-377\"><a target=\"_blank\" rel=\"noopener noreferrer\" href=\"https:\/\/wecfs.com\">T\u0103ng view YOUTUBE<\/a><\/li>\n<li id=\"menu-item-378\" class=\"menu-item menu-item-type-custom menu-item-object-custom menu-item-378\"><a target=\"_blank\" rel=\"noopener noreferrer\" href=\"https:\/\/mefun.tv\">Quay Video Viral<\/a><\/li>\n<li id=\"menu-item-375\" class=\"menu-item menu-item-type-custom menu-item-object-custom menu-item-375\"><a target=\"_blank\" rel=\"noopener noreferrer\" href=\"https:\/\/vsbg.vip\">Ng\u1eafm g\u00e1i xinh<\/a><\/li>\n<\/ul><\/div><\/p>\n<\/div>\n\n\n\t\t<\/div>\n\t\t\t<\/div>\n\n\t\n\n\t<div id=\"col-1849846017\" class=\"col medium-12 small-12 large-9\"  >\n\t\t<div class=\"col-inner\"  >\n\t\t\t\n\t\t\t\n\n<div class=\"row\"  id=\"row-503354761\">\n\n\n\t<div id=\"col-1778593611\" class=\"col small-12 large-12\"  >\n\t\t<div class=\"col-inner\"  >\n\t\t\t\n\t\t\t\n\n<div class=\"slider-wrapper relative slider-page\" id=\"slider-731981733\" >\n    <div class=\"slider slider-nav-circle slider-nav-large slider-nav-light slider-style-normal\"\n        data-flickity-options='{\n            \"cellAlign\": \"center\",\n            \"imagesLoaded\": true,\n            \"lazyLoad\": 1,\n            \"freeScroll\": false,\n            \"wrapAround\": true,\n            \"autoPlay\": 5000,\n            \"pauseAutoPlayOnHover\" : true,\n            \"prevNextButtons\": true,\n            \"contain\" : true,\n            \"adaptiveHeight\" : true,\n            \"dragThreshold\" : 10,\n            \"percentPosition\": true,\n            \"pageDots\": true,\n            \"rightToLeft\": false,\n            \"draggable\": true,\n            \"selectedAttraction\": 0.1,\n            \"parallax\" : 0,\n            \"friction\": 0.6        }'\n        >\n        \n\n\t<div class=\"img has-hover img-slider-page x md-x lg-x y md-y lg-y\" id=\"image_1277412675\">\n\t\t\t\t\t\t\t\t<div class=\"img-inner image-cover dark\" style=\"padding-top:314px;\">\n\t\t\t<img width=\"851\" height=\"315\" src=\"https:\/\/webmaibinh.com\/w\/facebook2011\/wp-content\/uploads\/2020\/03\/anh-de-thuong-hoat-hinh-ve-tinh-yeu-lang-man-cho-cap-doi-lam-anh-bia-fb.jpg\" class=\"attachment-original size-original\" alt=\"\" loading=\"lazy\" srcset=\"https:\/\/webmaibinh.com\/w\/facebook2011\/wp-content\/uploads\/2020\/03\/anh-de-thuong-hoat-hinh-ve-tinh-yeu-lang-man-cho-cap-doi-lam-anh-bia-fb.jpg 851w, https:\/\/webmaibinh.com\/w\/facebook2011\/wp-content\/uploads\/2020\/03\/anh-de-thuong-hoat-hinh-ve-tinh-yeu-lang-man-cho-cap-doi-lam-anh-bia-fb-300x111.jpg 300w, https:\/\/webmaibinh.com\/w\/facebook2011\/wp-content\/uploads\/2020\/03\/anh-de-thuong-hoat-hinh-ve-tinh-yeu-lang-man-cho-cap-doi-lam-anh-bia-fb-768x284.jpg 768w, https:\/\/webmaibinh.com\/w\/facebook2011\/wp-content\/uploads\/2020\/03\/anh-de-thuong-hoat-hinh-ve-tinh-yeu-lang-man-cho-cap-doi-lam-anh-bia-fb-500x185.jpg 500w\" sizes=\"(max-width: 851px) 100vw, 851px\" \/>\t\t\t\t\t\t\n\t\t\t\t\t<\/div>\n\t\t\t\t\t\t\t\t\n<style>\n#image_1277412675 {\n  width: 100%;\n}\n<\/style>\n\t<\/div>\n\t\n\n\t<div class=\"img has-hover img-slider-page x md-x lg-x y md-y lg-y\" id=\"image_1959034206\">\n\t\t\t\t\t\t\t\t<div class=\"img-inner image-cover dark\" style=\"padding-top:314px;\">\n\t\t\t<img width=\"851\" height=\"315\" src=\"https:\/\/webmaibinh.com\/w\/facebook2011\/wp-content\/uploads\/2020\/03\/anh-cover-y-nghia-nhat.jpg\" class=\"attachment-original size-original\" alt=\"\" loading=\"lazy\" srcset=\"https:\/\/webmaibinh.com\/w\/facebook2011\/wp-content\/uploads\/2020\/03\/anh-cover-y-nghia-nhat.jpg 851w, https:\/\/webmaibinh.com\/w\/facebook2011\/wp-content\/uploads\/2020\/03\/anh-cover-y-nghia-nhat-300x111.jpg 300w, https:\/\/webmaibinh.com\/w\/facebook2011\/wp-content\/uploads\/2020\/03\/anh-cover-y-nghia-nhat-768x284.jpg 768w, https:\/\/webmaibinh.com\/w\/facebook2011\/wp-content\/uploads\/2020\/03\/anh-cover-y-nghia-nhat-500x185.jpg 500w\" sizes=\"(max-width: 851px) 100vw, 851px\" \/>\t\t\t\t\t\t\n\t\t\t\t\t<\/div>\n\t\t\t\t\t\t\t\t\n<style>\n#image_1959034206 {\n  width: 100%;\n}\n<\/style>\n\t<\/div>\n\t\n\n\n     <\/div>\n\n     <div class=\"loading-spin dark large centered\"><\/div>\n\n     <\/div>\n\n\n\n<div class=\"row row-collapse before-slider hide-for-medium\"  id=\"row-2086873147\">\n\n\n\t<div id=\"col-1786659568\" class=\"col hide-for-small medium-7 small-12 large-7\"  >\n\t\t<div class=\"col-inner\"  >\n\t\t\t\n\t\t\t\n\n<a class=\"button primary is-outline lowercase button-style-one\"  >\n    <span><i style='color:#4267b2;' class='fas fa-thumbs-up'><\/i> \u0110\u00e3 th\u00edch <i class='fas fa-sort-down'><\/i><\/span>\n  <\/a>\n\n\n<a class=\"button primary is-outline lowercase button-style-one\"  >\n    <span><i style='color:#4267b2;' class='fa fa-rss'><\/i> \u0110ang theo d\u00f5i <i class='fas fa-sort-down'><\/i><\/span>\n  <\/a>\n\n\n<a class=\"button primary is-outline lowercase button-style-one\"  >\n    <span><i class='fa fa-share'><\/i> Chia s\u1ebb<\/span>\n  <\/a>\n\n\n\n\t\t<\/div>\n\t\t\t<\/div>\n\n\t\n\n\t<div id=\"col-1897836977\" class=\"col hide-for-small medium-5 small-12 large-5\"  >\n\t\t<div class=\"col-inner\"  >\n\t\t\t\n\t\t\t\n\n<a class=\"button primary is-outline lowercase button-style-two\"  >\n    <span><i class='fab fa-facebook-messenger' style='font-size:20px;'><\/i> G\u1eedi tin nh\u1eafn<\/span>\n  <\/a>\n\n\n\n\t\t<\/div>\n\t\t\t<\/div>\n\n\t\n\n<\/div>\n<div class=\"row row-collapse before-slider-mobile show-for-medium\"  id=\"row-945974269\">\n\n\n\t<div id=\"col-1412558773\" class=\"col medium-2 small-3 large-4\"  >\n\t\t<div class=\"col-inner text-center\"  >\n\t\t\t\n\t\t\t\n\n<p><a href='https:\/\/www.facebook.com\/3320834131266389' style='color:#ffffff'><img src='\/\/graph.facebook.com\/3320834131266389\/picture?type=large' width=\"74px\" heigh=\"74px\" style=\"border-radius:50%;margin: 20.5px 0 0 0;\"><\/a><\/p>\n\n\t\t<\/div>\n\t\t\t<\/div>\n\n\t\n\n\t<div id=\"col-1072668128\" class=\"col medium-8 small-5 large-4\"  >\n\t\t<div class=\"col-inner\"  >\n\t\t\t\n\t\t\t\n\n<h1 class=\"name-page\" style=\"font-size:17px; margin:34.5px 0 0 0;\">Doivo<img class=\"tich-xanh\" alt=\"\" src=\"https:\/\/i.imgur.com\/yXJ7lxF.png\" style=\"width: 15px; height: 15px;\" data-toggle=\"tooltip\" title=\"Trang \u0111\u00e3 x\u00e1c minh Facebook \u0111\u00e3 x\u00e1c nh\u1eadn \u0111\u00e2y l\u00e0 Trang ch\u00ednh th\u1ee9c c\u1ee7a c\u00f4ng ty truy\u1ec1n th\u00f4ng, th\u01b0\u01a1ng hi\u1ec7u ho\u1eb7c ng\u01b0\u1eddi c\u1ee7a c\u00f4ng ch\u00fang.\"><span style=\"font-size:12px;\">@doivo<\/span><\/p>\n\n\t\t<\/div>\n\t\t\t<\/div>\n\n\t\n\n\t<div id=\"col-1721474566\" class=\"col medium-2 small-4 large-4\"  >\n\t\t<div class=\"col-inner text-center\"  >\n\t\t\t\n\t\t\t\n\n<p style='color:#5890ff; margin:31px 0 0 0;'><i style='font-size:24px' class=\"fas fa-thumbs-up\"><\/i><br \/>\u0110\u00e3 Th\u00edch<\/p>\n\n\t\t<\/div>\n\t\t\t<\/div>\n\n\t\n\n<\/div>\n\n\t\t<\/div>\n\t\t\n<style>\n#col-1778593611 > .col-inner {\n  margin: 0px 0px -30px 0px;\n}\n<\/style>\n\t<\/div>\n\n\t\n\n<\/div>\n\n<div class=\"row row-collapse\"  id=\"row-985982654\">\n\n\n\t<div id=\"col-1006281507\" class=\"col khoi-trang small-12 large-12\"  >\n\t\t<div class=\"col-inner\"  >\n\t\t\t\n\t\t\t\n\n    \t<div class=\"wpex-timeline-list center-tl  no-more no-end show-icon wptl-lightbox\" id=\"timeline-875\" data-animations=\"\">\r\n        \t<div class=\"wpex-loading\">\r\n                <div class=\"wpex-spinner\">\r\n                    <div class=\"rect1\"><\/div>\r\n                    <div class=\"rect2\"><\/div>\r\n                    <div class=\"rect3\"><\/div>\r\n                    <div class=\"rect4\"><\/div>\r\n                    <div class=\"rect5\"><\/div>\r\n                <\/div>\r\n            <\/div>\r\n        \t        \t            <ul class=\"wpex wpex-timeline style-center\">\r\n                \r\n\t\t\t\t<li class=\"filter-875_250  post-250 wp-timeline type-wp-timeline status-publish hentry\" data-id=\"filter-875_250\" >\r\n\t<div class=\"\">\r\n                <time class=\"wpex-timeline-time\" datetime=\"16:59 26\/05\/2019\">\r\n        \t                <a href=\"javascript:;\" title=\"Sinh nh\u1eadt\">\r\n                                    <\/a>\r\n                        <span class=\"exclearfix\"><\/span>\r\n                    <\/time>\r\n        <div class=\"wpex-timeline-label\">\r\n            \r\n\t\t<div class=\"wpex-content-left\">\r\n            <div class=\"wpex-leftdate\">\r\n                <span class=\"tlday\">1996<\/span>\r\n                <div>\r\n                    <span>M\u1ed9t n\u0103m \u0111\u1ea7y \u0111\u1eb7c bi\u1ec7t<\/span>\r\n                    <span>&nbsp;<\/span>\r\n                <\/div>\r\n            <\/div>\r\n        <\/div>\r\n\t\t            <div class=\"timeline-details\">\r\n                                <div class=\"tlct-shortdes\">\r\n                    <h2 style=\" display:inline;\">\r\n                        <a href=\"javascript:;\" title=\"Sinh nh\u1eadt\">\r\n                            <span class=\"tlmobile-visible\">1996&nbsp;-&nbsp;<\/span>Sinh nh\u1eadt                        <\/a>\r\n                    <\/h2>\r\n                                        <p><img loading=\"lazy\" class=\"alignnone size-medium wp-image-251 aligncenter\" src=\"http:\/\/facebook.muathemewordpress.net\/wp-content\/uploads\/2019\/05\/happy_birthday_PNG31-300x291.png\" alt=\"\" width=\"300\" height=\"291\" srcset=\"https:\/\/webmaibinh.com\/w\/facebook2011\/wp-content\/uploads\/2019\/05\/happy_birthday_PNG31-300x291.png 300w, https:\/\/webmaibinh.com\/w\/facebook2011\/wp-content\/uploads\/2019\/05\/happy_birthday_PNG31-768x745.png 768w, https:\/\/webmaibinh.com\/w\/facebook2011\/wp-content\/uploads\/2019\/05\/happy_birthday_PNG31-1024x993.png 1024w, https:\/\/webmaibinh.com\/w\/facebook2011\/wp-content\/uploads\/2019\/05\/happy_birthday_PNG31-600x582.png 600w, https:\/\/webmaibinh.com\/w\/facebook2011\/wp-content\/uploads\/2019\/05\/happy_birthday_PNG31.png 1500w\" sizes=\"(max-width: 300px) 100vw, 300px\" \/>\r\n<h1 style=\"text-align: center;\">1996<\/h1>\r\n<p style=\"text-align: center;\">L\u00e0 1 n\u0103m \u0111\u1eb7c bi\u1ec7t khi em ra \u0111\u1eddi :))) !<\/p>\r\n&nbsp;<\/p>\r\n                                    <\/div>\r\n            <\/div>\r\n            <div class=\"exclearfix\"><\/div>\r\n        <\/div>\r\n            <\/div>\r\n    <div class=\"wpex-timeline-icon\">\r\n    \t        <a href=\"javascript:;\" title=\"Sinh nh\u1eadt\"><i class=\"fa fa-square icon-img\"><\/i><\/a>\r\n    <\/div>\r\n    \t<style type=\"text\/css\">\r\n\t\t\t\t.wpex-timeline-list li.post-250 .wpex-timeline-icon .fa.icon-img:before{ background:url(https:\/\/webmaibinh.com\/w\/facebook2011\/wp-content\/uploads\/2019\/05\/1320719-150x150.png); background-repeat: no-repeat; background-size: 100% auto; background-position: center;}\r\n\t\t\t\t#timeline-875 li.post-250 .wpex-timeline-icon .fa,\r\n        .wpex-timeline-list.show-icon .wpex-timeline.style-center > li.post-250 .wpex-content-left .wpex-leftdate{ background:#1e73be}\r\n\t\t.wpex-timeline > li.post-250 .wpex-timeline-label:before,\r\n\t\t.wpex-timeline-list.show-icon .wpex-timeline.style-center > li.post-250 .wpex-timeline-label:after{border-right-color:#1e73be}\r\n\t\t.wpex-timeline > li.post-250 .wpex-timeline-label{ border-left-color:#1e73be;}\r\n\t\t@media(min-width:768px){\r\n\t\t\t.wpex-timeline-list:not(.show-icon) .wpex-timeline.style-center > li.post-250:nth-child(odd) .wpex-timeline-label{border-right-color:#1e73be}\r\n\t\t\t.wpex-timeline-list .wpex-timeline.style-center > li.post-250:nth-child(odd) .wpex-timeline-label:before,\r\n\t\t\t.wpex-timeline-list.show-icon .wpex-timeline.style-center > li.post-250:nth-child(odd) .wpex-timeline-label:after{ border-left-color:#1e73be;}\r\n\t\t}\r\n\t\t.wpex-timeline > li.post-250 .wpex-timeline-time span:last-child,\r\n\t\t.wpex-timeline-list.show-icon li.post-250 .wpex-timeline-icon .fa:not(.no-icon):not(.icon-img):before{color:#1e73be;}\r\n\t\t    <\/style>\r\n            <\/li><li class=\"filter-875_372  post-372 wp-timeline type-wp-timeline status-publish hentry\" data-id=\"filter-875_372\" >\r\n\t<div class=\"\">\r\n                <time class=\"wpex-timeline-time\" datetime=\"04:28 29\/05\/2015\">\r\n        \t                <a href=\"javascript:;\" title=\"I LOVE MY JOB\">\r\n                                    <\/a>\r\n                        <span class=\"exclearfix\"><\/span>\r\n                    <\/time>\r\n        <div class=\"wpex-timeline-label\">\r\n            \r\n\t\t<div class=\"wpex-content-left\">\r\n            <div class=\"wpex-leftdate\">\r\n                <span class=\"tlday\">Life<\/span>\r\n                <div>\r\n                    <span>&nbsp;<\/span>\r\n                    <span>&nbsp;<\/span>\r\n                <\/div>\r\n            <\/div>\r\n        <\/div>\r\n\t\t            <div class=\"timeline-details\">\r\n                                <div class=\"tlct-shortdes\">\r\n                    <h2 style=\" display:inline;\">\r\n                        <a href=\"javascript:;\" title=\"I LOVE MY JOB\">\r\n                            <span class=\"tlmobile-visible\">Life&nbsp;-&nbsp;<\/span>I LOVE MY JOB                        <\/a>\r\n                    <\/h2>\r\n                                        <p><ul>\n<li><span style=\"font-size: 105%;\"><strong>Thi\u1ebft k\u1ebf web<\/strong><\/span><\/li>\n<li><span style=\"font-size: 105%;\"><strong>Tri\u1ec3n khai chatbot cho c\u00e1 nh\u00e2n &amp; doanh nghi\u1ec7p<\/strong><\/span><\/li>\n<li><span style=\"font-size: 105%;\"><strong>Cung c\u1ea5p Fanpage &amp; d\u1ecbch v\u1ee5 Facebook<\/strong><\/span><\/li>\n<li><span style=\"font-size: 105%;\"><strong>K\u00e9o t\u0103ng view , sub YOUTUBE<\/strong><\/span><\/li>\n<li><span style=\"font-size: 105%;\"><strong>Quay clip VIDEO VIRAL cho c\u00e1 nh\u00e2n &amp; doanh nghi\u1ec7p<\/strong><\/span><\/li>\n<\/ul>\n<\/p>\r\n                                    <\/div>\r\n            <\/div>\r\n            <div class=\"exclearfix\"><\/div>\r\n        <\/div>\r\n            <\/div>\r\n    <div class=\"wpex-timeline-icon\">\r\n    \t        <a href=\"javascript:;\" title=\"I LOVE MY JOB\"><i class=\"fa fa-square icon-img\"><\/i><\/a>\r\n    <\/div>\r\n    \t<style type=\"text\/css\">\r\n\t\t\t\t.wpex-timeline-list li.post-372 .wpex-timeline-icon .fa.icon-img:before{ background:url(https:\/\/webmaibinh.com\/w\/facebook2011\/wp-content\/uploads\/2019\/05\/find_more-150x150.png); background-repeat: no-repeat; background-size: 100% auto; background-position: center;}\r\n\t\t\t\t#timeline-875 li.post-372 .wpex-timeline-icon .fa,\r\n        .wpex-timeline-list.show-icon .wpex-timeline.style-center > li.post-372 .wpex-content-left .wpex-leftdate{ background:#dd3333}\r\n\t\t.wpex-timeline > li.post-372 .wpex-timeline-label:before,\r\n\t\t.wpex-timeline-list.show-icon .wpex-timeline.style-center > li.post-372 .wpex-timeline-label:after{border-right-color:#dd3333}\r\n\t\t.wpex-timeline > li.post-372 .wpex-timeline-label{ border-left-color:#dd3333;}\r\n\t\t@media(min-width:768px){\r\n\t\t\t.wpex-timeline-list:not(.show-icon) .wpex-timeline.style-center > li.post-372:nth-child(odd) .wpex-timeline-label{border-right-color:#dd3333}\r\n\t\t\t.wpex-timeline-list .wpex-timeline.style-center > li.post-372:nth-child(odd) .wpex-timeline-label:before,\r\n\t\t\t.wpex-timeline-list.show-icon .wpex-timeline.style-center > li.post-372:nth-child(odd) .wpex-timeline-label:after{ border-left-color:#dd3333;}\r\n\t\t}\r\n\t\t.wpex-timeline > li.post-372 .wpex-timeline-time span:last-child,\r\n\t\t.wpex-timeline-list.show-icon li.post-372 .wpex-timeline-icon .fa:not(.no-icon):not(.icon-img):before{color:#dd3333;}\r\n\t\t    <\/style>\r\n            <\/li><li class=\"filter-875_362  post-362 wp-timeline type-wp-timeline status-publish hentry\" data-id=\"filter-875_362\" >\r\n\t<div class=\"\">\r\n                <time class=\"wpex-timeline-time\" datetime=\"13:29 28\/05\/2019\">\r\n        \t                <a href=\"javascript:;\" title=\"Giao d\u1ecbch v\u1edbi t\u00f4i\">\r\n                                    <\/a>\r\n                        <span class=\"exclearfix\"><\/span>\r\n                    <\/time>\r\n        <div class=\"wpex-timeline-label\">\r\n            \r\n\t\t<div class=\"wpex-content-left\">\r\n            <div class=\"wpex-leftdate\">\r\n                <span class=\"tlday\">Bank<\/span>\r\n                <div>\r\n                    <span>&nbsp;<\/span>\r\n                    <span>&nbsp;<\/span>\r\n                <\/div>\r\n            <\/div>\r\n        <\/div>\r\n\t\t            <div class=\"timeline-details\">\r\n                                <div class=\"tlct-shortdes\">\r\n                    <h2 style=\" display:inline;\">\r\n                        <a href=\"javascript:;\" title=\"Giao d\u1ecbch v\u1edbi t\u00f4i\">\r\n                            <span class=\"tlmobile-visible\">Bank&nbsp;-&nbsp;<\/span>Giao d\u1ecbch v\u1edbi t\u00f4i                        <\/a>\r\n                    <\/h2>\r\n                                        <p><p>19033867467113 t\u1ea1i <span style=\"color: #ffcc00;\"><strong>Techcombank Vi\u1ec7t Nam<\/strong><\/span><br \/>\n0831000065666 t\u1ea1i<span style=\"color: #ffcc00;\"><strong> Vietcombank<\/strong><\/span><br \/>\n1073122 t\u1ea1i <span style=\"color: #ffcc00;\"><strong>Ng\u00e2n h\u00e0ng \u00c1 Ch\u00e2u ACB<\/strong><\/span><br \/>\n01695068112 t\u1ea1i <span style=\"color: #ffcc00;\"><strong>TPBank<\/strong><\/span><br \/>\n105867465112 t\u1ea1i <span style=\"color: #ffcc00;\"><strong>Ng\u00e2n H\u00e0ng ViettinBank<\/strong><\/span><\/p>\n<p>&nbsp;<\/p>\n<\/p>\r\n                                    <\/div>\r\n            <\/div>\r\n            <div class=\"exclearfix\"><\/div>\r\n        <\/div>\r\n            <\/div>\r\n    <div class=\"wpex-timeline-icon\">\r\n    \t        <a href=\"javascript:;\" title=\"Giao d\u1ecbch v\u1edbi t\u00f4i\"><i class=\"fa fa-square icon-img\"><\/i><\/a>\r\n    <\/div>\r\n    \t<style type=\"text\/css\">\r\n\t\t\t\t.wpex-timeline-list li.post-362 .wpex-timeline-icon .fa.icon-img:before{ background:url(https:\/\/webmaibinh.com\/w\/facebook2011\/wp-content\/uploads\/2019\/05\/Designbolts-Credit-Card-Payment-Master-Card-Blue.ico); background-repeat: no-repeat; background-size: 100% auto; background-position: center;}\r\n\t\t\t\t#timeline-875 li.post-362 .wpex-timeline-icon .fa,\r\n        .wpex-timeline-list.show-icon .wpex-timeline.style-center > li.post-362 .wpex-content-left .wpex-leftdate{ background:#eeee22}\r\n\t\t.wpex-timeline > li.post-362 .wpex-timeline-label:before,\r\n\t\t.wpex-timeline-list.show-icon .wpex-timeline.style-center > li.post-362 .wpex-timeline-label:after{border-right-color:#eeee22}\r\n\t\t.wpex-timeline > li.post-362 .wpex-timeline-label{ border-left-color:#eeee22;}\r\n\t\t@media(min-width:768px){\r\n\t\t\t.wpex-timeline-list:not(.show-icon) .wpex-timeline.style-center > li.post-362:nth-child(odd) .wpex-timeline-label{border-right-color:#eeee22}\r\n\t\t\t.wpex-timeline-list .wpex-timeline.style-center > li.post-362:nth-child(odd) .wpex-timeline-label:before,\r\n\t\t\t.wpex-timeline-list.show-icon .wpex-timeline.style-center > li.post-362:nth-child(odd) .wpex-timeline-label:after{ border-left-color:#eeee22;}\r\n\t\t}\r\n\t\t.wpex-timeline > li.post-362 .wpex-timeline-time span:last-child,\r\n\t\t.wpex-timeline-list.show-icon li.post-362 .wpex-timeline-icon .fa:not(.no-icon):not(.icon-img):before{color:#eeee22;}\r\n\t\t    <\/style>\r\n            <\/li>            <\/ul>\r\n                    <\/div>\r\n        <div class=\"exclearfix\"><\/div>\r\n\t\t\n\n\t\t<\/div>\n\t\t\n<style>\n#col-1006281507 > .col-inner {\n  padding: 10px 10px 10px 10px;\n}\n<\/style>\n\t<\/div>\n\n\t\n\n<\/div>\n\n\t\t<\/div>\n\t\t\t<\/div>\n\n\t\n\n<\/div>\n\n","protected":false},"excerpt":{"rendered":"","protected":false},"author":2,"featured_media":0,"parent":0,"menu_order":0,"comment_status":"closed","ping_status":"closed","template":"","meta":[],"_links":{"self":[{"href":"https:\/\/webmaibinh.com\/w\/facebook2011\/wp-json\/wp\/v2\/pages\/247"}],"collection":[{"href":"https:\/\/webmaibinh.com\/w\/facebook2011\/wp-json\/wp\/v2\/pages"}],"about":[{"href":"https:\/\/webmaibinh.com\/w\/facebook2011\/wp-json\/wp\/v2\/types\/page"}],"author":[{"embeddable":true,"href":"https:\/\/webmaibinh.com\/w\/facebook2011\/wp-json\/wp\/v2\/users\/2"}],"replies":[{"embeddable":true,"href":"https:\/\/webmaibinh.com\/w\/facebook2011\/wp-json\/wp\/v2\/comments?post=247"}],"version-history":[{"count":0,"href":"https:\/\/webmaibinh.com\/w\/facebook2011\/wp-json\/wp\/v2\/pages\/247\/revisions"}],"wp:attachment":[{"href":"https:\/\/webmaibinh.com\/w\/facebook2011\/wp-json\/wp\/v2\/media?parent=247"}],"curies":[{"name":"wp","href":"https:\/\/api.w.org\/{rel}","templated":true}]}}