{"id":83,"date":"2017-06-23T13:53:56","date_gmt":"2017-06-23T06:53:56","guid":{"rendered":"http:\/\/giuseart.com\/demo\/event\/?page_id=83"},"modified":"2017-06-24T23:12:38","modified_gmt":"2017-06-24T16:12:38","slug":"to-chuc-sinh-nhat-tron-goi","status":"publish","type":"page","link":"https:\/\/webmaibinh.com\/w\/event3\/dich-vu-to-chuc-su-kien\/to-chuc-sinh-nhat-tron-goi\/","title":{"rendered":"T\u1ed5 ch\u1ee9c Sinh nh\u1eadt tr\u1ecdn g\u00f3i"},"content":{"rendered":"<h2>T\u1ed5 ch\u1ee9c Sinh nh\u1eadt tr\u1ecdn g\u00f3i<\/h2>\n<div class=\"detail\"><strong>D\u1ecbch v\u1ee5 t\u1ed5 ch\u1ee9c \u0111\u00e3i ti\u1ec7c sinh nh\u1eadt c\u1ee7a ch\u00fang t\u00f4i lu\u00f4n \u0111\u1ea3m b\u1ea3o c\u00e1c y\u00eau c\u1ea7u c\u1ee7a kh\u00e1ch h\u00e0ng v\u1ec1 th\u1ef1c \u0111\u01a1n \u0111\u1eb7t ti\u1ec7c sinh nh\u1eadt, \u0111\u1ea1t ti\u1ec7c th\u00f4i n\u00f4i, v\u1edbi c\u00e1ch ph\u1ee5c v\u1ee5 v\u00e0 th\u1eddi gian \u0111\u00e3i ti\u1ec7c \u0111\u00fang v\u1edbi th\u1eddi gian quy \u0111\u1ecbnh \u0111\u00e3 k\u00fd k\u1ebft tr\u00ean h\u1ee3p \u0111\u1ed3ng.<\/strong><\/div>\n<div class=\"detail\">\n<p>B\u1ea1n \u0111ang mong mu\u1ed1n c\u00f3 \u0111\u01b0\u1ee3c b\u1eefa ti\u1ec7c sinh nh\u1eadt vui v\u1ebb \u1ea5m c\u00f9ng c\u00f9ng v\u1edbi ng\u01b0\u1eddi th\u00e2n b\u1ea1n b\u00e8, hay con b\u1ea1n \u0111ang l\u1edbn l\u00ean t\u1eebng ng\u00e0y v\u00e0 b\u1ea1n mu\u1ed1n chia s\u1ebb ni\u1ec1m vui n\u00e0y \u0111\u1ebfn v\u1edbi m\u1ecdi ng\u01b0\u1eddi ? V\u00e0 \u0111i\u1ec1u t\u1ea5t nhi\u00ean l\u00e0 b\u1ea1n mong mu\u1ed1n c\u00f3 \u0111\u01b0\u1ee3c m\u1ed9t b\u1eefa \u0111\u00e3i ti\u1ec7c sinh nh\u1eadt vui v\u1ebb \u1ea5n t\u01b0\u1ee3ng v\u1edbi c\u00e1c th\u1ef1c kh\u00e1ch cho n\u00ean c\u1ea7n t\u1ed5 ch\u1ee9c ti\u1ec7c sinh nh\u1eadt. D\u1ecbch v\u1ee5 n\u1ea5u ti\u1ec7c t\u1ea1i nh\u00e0 Saigon Cook v\u1edbi h\u01a1n 10 n\u0103m kinh nghi\u1ec7m ch\u1eafc ch\u1eafn s\u1ebd mang \u0111\u1ebfn cho b\u1ea1n s\u1ef1 h\u00e0i l\u00f2ng. Ch\u00fang t\u00f4i hi\u1ec3u r\u1eb1ng uy t\u00edn m\u1edbi l\u00e0m n\u00ean th\u01b0\u01a1ng hi\u1ec7u v\u00ec v\u1eady ch\u00fang t\u00f4i lu\u00f4n c\u1ed1 g\u1eafng ho\u00e0n th\u00e0nh th\u1eadt t\u1ed1t t\u1eebng b\u1eefa ti\u1ec7c \u0111\u1ec3 ch\u00fang t\u00f4i c\u00f3 th\u1ec3 ti\u1ebfp t\u1ee5c b\u01b0\u1edbc tr\u00ean con \u0111\u01b0\u1eddng n\u00e0y.<\/p>\n<p>Ch\u00fang t\u00f4i lu\u00f4n lu\u00f4n l\u00e1ng nghe \u00fd ki\u1ebfn c\u0169ng nh\u01b0 s\u1ef1 g\u00f3p \u00fd ch\u00e2n th\u00e0nh t\u1eeb c\u00e1c qu\u00fd v\u1ecb v\u00e0 c\u00e1c b\u1ea1n v\u1ec1 \u0111\u1ea1t ti\u1ec7c th\u00f4i n\u00f4i, \u0111\u00e3i ti\u1ec7c th\u00f4i n\u00f4i, \u0111\u1ea1t ti\u1ec7c sinh nh\u1eadt, \u0111\u00e3i ti\u1ec7c sinh nh\u1eadt&#8230;. v\u1edbi nh\u1eefng \u00fd ki\u1ebfn \u0111\u00f3ng g\u00f3p \u0111\u00f3 s\u1ebb l\u00e0m ph\u01b0\u01a1ng ch\u00e2m cho c\u00f4ng ty ch\u00fang t\u00f4i th\u1ef1c hi\u1ec7n \u0111\u1ec3 ho\u00e0n th\u00e0nh c\u00e1c b\u01b0\u1edbc ti\u1ebfp theo v\u00e0o th\u1eddi gian t\u1edbi.<\/p>\n<p>Hy v\u1ecdng \u0111\u01b0\u1ee3c c\u00e1c qu\u00fd v\u1ecb c\u0169ng nh\u01b0 gia \u0111\u00ecnh b\u1ea1n b\u00e8 tham kh\u1ea3o v\u00e0 giao tr\u00e1ch nhi\u1ec7m cho ch\u00fang t\u00f4i th\u1ef1c hi\u1ec7n t\u1ed1t v\u00e0 th\u00e0nh c\u00f4ng h\u01a1n n\u1eefa trong b\u1eefa ti\u1ec7c c\u1ee7a c\u00e1c b\u1ea1n.<\/p>\n<p><img class=\"aligncenter\" src=\"http:\/\/dichvunautiec.com\/uploads\/images\/dich-vu-nau-tiec-sinh-nhat-3(1).jpg\" alt=\"\" \/><\/p>\n<p>N\u1ebfu b\u1ea1n c\u00f2n \u0111ang do d\u1ef1 ch\u01b0a bi\u1ebft ph\u1ea3i t\u1ed5 ch\u1ee9c ti\u1ec7c th\u1ebf n\u00e0o \u0111\u1ec3 t\u1ea1o \u0111\u01b0\u1ee3c s\u1ef1 h\u00e0i l\u00f2ng c\u1ee7a th\u1ef1c kh\u00e1ch c\u0169ng nh\u01b0 t\u1ea1o \u0111\u01b0\u1ee3c d\u1ea5u \u1ea5n c\u1ee7a ri\u00eang b\u1ea1n, H\u00e3y g\u1ecdi cho ch\u00fang t\u00f4i, ch\u00fang t\u00f4i s\u1ebd t\u01b0 v\u1ea5n cho b\u1ea1n m\u1ed9t c\u00e1ch nhanh ch\u00f3ng v\u00e0 nhi\u1ec7t t\u00ecnh nh\u1ea5t&#8230;<\/p>\n<\/div>\n","protected":false},"excerpt":{"rendered":"<p>T\u1ed5 ch\u1ee9c Sinh nh\u1eadt tr\u1ecdn g\u00f3i D\u1ecbch v\u1ee5 t\u1ed5 ch\u1ee9c \u0111\u00e3i ti\u1ec7c sinh nh\u1eadt c\u1ee7a ch\u00fang t\u00f4i lu\u00f4n \u0111\u1ea3m b\u1ea3o c\u00e1c y\u00eau c\u1ea7u c\u1ee7a kh\u00e1ch h\u00e0ng v\u1ec1 th\u1ef1c \u0111\u01a1n \u0111\u1eb7t ti\u1ec7c sinh nh\u1eadt, \u0111\u1ea1t ti\u1ec7c th\u00f4i n\u00f4i, v\u1edbi c\u00e1ch ph\u1ee5c v\u1ee5 v\u00e0 th\u1eddi gian \u0111\u00e3i ti\u1ec7c \u0111\u00fang v\u1edbi th\u1eddi gian quy \u0111\u1ecbnh \u0111\u00e3 k\u00fd k\u1ebft [&#8230;]\n","protected":false},"author":1,"featured_media":0,"parent":67,"menu_order":0,"comment_status":"closed","ping_status":"closed","template":"page-right-sidebar.php","meta":[],"_links":{"self":[{"href":"https:\/\/webmaibinh.com\/w\/event3\/wp-json\/wp\/v2\/pages\/83"}],"collection":[{"href":"https:\/\/webmaibinh.com\/w\/event3\/wp-json\/wp\/v2\/pages"}],"about":[{"href":"https:\/\/webmaibinh.com\/w\/event3\/wp-json\/wp\/v2\/types\/page"}],"author":[{"embeddable":true,"href":"https:\/\/webmaibinh.com\/w\/event3\/wp-json\/wp\/v2\/users\/1"}],"replies":[{"embeddable":true,"href":"https:\/\/webmaibinh.com\/w\/event3\/wp-json\/wp\/v2\/comments?post=83"}],"version-history":[{"count":2,"href":"https:\/\/webmaibinh.com\/w\/event3\/wp-json\/wp\/v2\/pages\/83\/revisions"}],"predecessor-version":[{"id":540,"href":"https:\/\/webmaibinh.com\/w\/event3\/wp-json\/wp\/v2\/pages\/83\/revisions\/540"}],"up":[{"embeddable":true,"href":"https:\/\/webmaibinh.com\/w\/event3\/wp-json\/wp\/v2\/pages\/67"}],"wp:attachment":[{"href":"https:\/\/webmaibinh.com\/w\/event3\/wp-json\/wp\/v2\/media?parent=83"}],"curies":[{"name":"wp","href":"https:\/\/api.w.org\/{rel}","templated":true}]}}