{"id":56,"date":"2019-08-30T11:42:05","date_gmt":"2019-08-30T04:42:05","guid":{"rendered":"http:\/\/edu10.w2steam.com\/?page_id=56"},"modified":"2019-08-31T09:46:40","modified_gmt":"2019-08-31T02:46:40","slug":"lich-khai-giang","status":"publish","type":"page","link":"https:\/\/webmaibinh.com\/w\/edu92011\/lich-khai-giang\/","title":{"rendered":"L\u1ecbch khai gi\u1ea3ng"},"content":{"rendered":"\t<section class=\"section lich-khai-giang-section\" id=\"section_1918033653\">\n\t\t<div class=\"bg section-bg fill bg-fill  bg-loaded\" >\n\n\t\t\t\n\t\t\t\n\t\t\t\n\n\t\t<\/div>\n\n\t\t<div class=\"section-content relative\">\n\t\t\t\n<div class=\"row\"  id=\"row-126126035\">\n\n\t<div class=\"col small-12 large-12\"  >\n\t\t<div class=\"col-inner\"  >\n\t\t\t\n\t\t\t\n<p style=\"text-align: left;\">Ki\u1ec1u Linh xin tr\u00e2n tr\u1ecdng gi\u1edbi thi\u1ec7u t\u1edbi qu\u00fd \u0111\u1ed1i t\u00e1c, b\u1ea1n b\u00e8 v\u00e0 c\u00e1c ch\u1ecb em trong h\u1ec7 th\u1ed1ng l\u1ecbch khai gi\u1ea3ng c\u00e1c l\u1edbp h\u1ecdc tr\u1ef1c ti\u1ebfp nh\u01b0 sau:<\/p>\n<div class=\"cac-khoa-hoc\">\n<div class=\"hang hang1\">\n<div class=\"cot1\">KH\u00d3A H\u1eccC<\/div>\n<div class=\"cot2\">NG\u00c0Y KHAI GI\u1ea2NG<\/div>\n<div class=\"cot3\">KHU V\u1ef0C<\/div>\n<div class=\"cot4\">\u0110\u0102NG K\u00dd<\/div>\n<\/div>\n<div class=\"hang\">\n<div class=\"cot1\"><a href=\"\/khoa-hoc\/chien-dich-xanh-cuu-canh-me-bim\/\">Kh\u00f3a h\u1ecdc chi\u1ebfn d\u1ecbch xanh &#8211; c\u1ee9u c\u00e1nh m\u1eb9 b\u1ec9m<\/a><\/div>\n<div class=\"cot2\">14\/09\/2019<\/div>\n<div class=\"cot3\">H\u00e0 N\u1ed9i<\/div>\n<div class=\"cot4\"><a href=\"#\" target=\"blank\" rel=\"noopener noreferrer\">\u0110\u0103ng k\u00fd ngay<\/a><\/div>\n<\/div>\n<div class=\"hang\">\n<div class=\"cot1\"><a href=\"\/khoa-hoc\/dao-tao-su-tu-chien\/\">Kh\u00f3a h\u1ecdc s\u01b0 t\u1eed chi\u1ebfn<\/a><\/div>\n<div class=\"cot2\">13\/9\/2019<\/div>\n<div class=\"cot3\">Ngh\u1ec7 An<\/div>\n<div class=\"cot4\"><a href=\"#\" target=\"blank\" rel=\"noopener noreferrer\">\u0110\u0103ng k\u00fd ngay<\/a><\/div>\n<\/div>\n<div class=\"hang\">\n<div class=\"cot1\"><a href=\"\/khoa-hoc\/dao-tao-thuc-chien-ban-le\/\">Kh\u00f3a h\u1ecdc \u0111\u00e0o t\u1ea1o th\u1ef1c chi\u1ebfn b\u00e1n l\u1ebb<\/a><\/div>\n<div class=\"cot2\">18\/10\/2019<\/div>\n<div class=\"cot3\">H\u00e0 N\u1ed9i<\/div>\n<div class=\"cot4\"><a href=\"#\" target=\"blank\" rel=\"noopener noreferrer\">\u0110\u0103ng k\u00fd ngay<\/a><\/div>\n<\/div>\n<div class=\"hang\">\n<div class=\"cot1\"><a href=\"\/khoa-hoc\/phu-thuy-ban-le-x10-doanh-so-tet\/\">Kh\u00f3a h\u1ecdc Ph\u00f9 th\u1ee7y b\u00e1n l\u1ebb &#8211; x10 doanh s\u1ed1 T\u1ebft<\/a><\/div>\n<div class=\"cot2\">15\/10\/2019<\/div>\n<div class=\"cot3\">Ngh\u1ec7 An<\/div>\n<div class=\"cot4\"><a href=\"#\" target=\"blank\" rel=\"noopener noreferrer\">\u0110\u0103ng k\u00fd ngay<\/a><\/div>\n<\/div>\n<\/div>\n\t\t<\/div>\n\t<\/div>\n\n\t\n<\/div>\n\t\t<\/div>\n\n\t\t\n<style scope=\"scope\">\n\n#section_1918033653 {\n  padding-top: 29px;\n  padding-bottom: 29px;\n  background-color: rgb(240, 250, 255);\n}\n<\/style>\n\t<\/section>\n\t\n\t<section class=\"section khoa-hoc-section\" id=\"section_624927979\">\n\t\t<div class=\"bg section-bg fill bg-fill  \" >\n\n\t\t\t\n\t\t\t<div class=\"section-bg-overlay absolute fill\"><\/div>\n\t\t\t\n\n\t\t<\/div>\n\n\t\t<div class=\"section-content relative\">\n\t\t\t\n<div class=\"row\"  id=\"row-1154834506\">\n\n\t<div class=\"col small-12 large-12\"  >\n\t\t<div class=\"col-inner\"  >\n\t\t\t\n\t\t\t\n<div class=\"container section-title-container\" ><h2 class=\"section-title section-title-center\"><b><\/b><span class=\"section-title-main\" style=\"color:rgb(255, 255, 255);\">Ch\u01b0\u01a1ng tr\u00ecnh \u0111\u00e0o t\u1ea1o<\/span><b><\/b><\/h2><\/div>\n\t<div id=\"gap-686069278\" class=\"gap-element clearfix\" style=\"display:block; height:auto;\">\n\t\t\n<style scope=\"scope\">\n\n#gap-686069278 {\n  padding-top: 15px;\n}\n<\/style>\n\t<\/div>\n\t\n\n  \n    <div class=\"row list-page large-columns-3 medium-columns- small-columns-2 row-small slider row-slider slider-nav-simple slider-nav-outside slider-nav-light slider-nav-push\"  data-flickity-options='{\"imagesLoaded\": true, \"groupCells\": \"100%\", \"dragThreshold\" : 5, \"cellAlign\": \"left\",\"wrapAround\": true,\"prevNextButtons\": true,\"percentPosition\": true,\"pageDots\": true, \"rightToLeft\": false, \"autoPlay\" : false}'>\n\n          <div class=\"page-col col\" >\n          <div class=\"col-inner\" >\n          <a class=\"plain\" href=\"https:\/\/webmaibinh.com\/w\/edu92011\/khoa-hoc\/chien-dich-xanh-cuu-canh-me-bim\/\" title=\"Chi\u1ebfn d\u1ecbch xanh - c\u1ee9u c\u00e1nh m\u1eb9 b\u1ec9m\" target=\"\">\n            <div class=\"page-box box has-hover\">\n                  <div class=\"box-image\" >\n                      <div class=\"box-image image-cover\" style=\"padding-top:75%;\">\n                      <img width=\"400\" height=\"300\" src=\"https:\/\/webmaibinh.com\/w\/edu92011\/wp-content\/uploads\/2019\/08\/CHIEN-DICH-XANH.jpg\" class=\"attachment-original size-original\" alt=\"\" loading=\"lazy\" srcset=\"https:\/\/webmaibinh.com\/w\/edu92011\/wp-content\/uploads\/2019\/08\/CHIEN-DICH-XANH.jpg 400w, https:\/\/webmaibinh.com\/w\/edu92011\/wp-content\/uploads\/2019\/08\/CHIEN-DICH-XANH-300x225.jpg 300w\" sizes=\"(max-width: 400px) 100vw, 400px\" \/>                      <\/div>\n                                                              <\/div>\n                  <div class=\"box-text text-left\" >\n                        <div class=\"box-text-inner\">\n                            <p>Chi\u1ebfn d\u1ecbch xanh - c\u1ee9u c\u00e1nh m\u1eb9 b\u1ec9m<\/p>\n                        <\/div>\n                  <\/div>\n              <\/div>\n            <\/a>\n            <\/div>\n          <\/div>\n                 <div class=\"page-col col\" >\n          <div class=\"col-inner\" >\n          <a class=\"plain\" href=\"https:\/\/webmaibinh.com\/w\/edu92011\/khoa-hoc\/dao-tao-su-tu-chien\/\" title=\"\u0110\u00e0o t\u1ea1o s\u01b0 t\u1eed chi\u1ebfn\" target=\"\">\n            <div class=\"page-box box has-hover\">\n                  <div class=\"box-image\" >\n                      <div class=\"box-image image-cover\" style=\"padding-top:75%;\">\n                      <img width=\"400\" height=\"300\" src=\"https:\/\/webmaibinh.com\/w\/edu92011\/wp-content\/uploads\/2019\/08\/DAO-TAO-SU-TU-CHIEN.jpg\" class=\"attachment-original size-original\" alt=\"\" loading=\"lazy\" srcset=\"https:\/\/webmaibinh.com\/w\/edu92011\/wp-content\/uploads\/2019\/08\/DAO-TAO-SU-TU-CHIEN.jpg 400w, https:\/\/webmaibinh.com\/w\/edu92011\/wp-content\/uploads\/2019\/08\/DAO-TAO-SU-TU-CHIEN-300x225.jpg 300w\" sizes=\"(max-width: 400px) 100vw, 400px\" \/>                      <\/div>\n                                                              <\/div>\n                  <div class=\"box-text text-left\" >\n                        <div class=\"box-text-inner\">\n                            <p>\u0110\u00e0o t\u1ea1o s\u01b0 t\u1eed chi\u1ebfn<\/p>\n                        <\/div>\n                  <\/div>\n              <\/div>\n            <\/a>\n            <\/div>\n          <\/div>\n                 <div class=\"page-col col\" >\n          <div class=\"col-inner\" >\n          <a class=\"plain\" href=\"https:\/\/webmaibinh.com\/w\/edu92011\/khoa-hoc\/dao-tao-thuc-chien-ban-le\/\" title=\"Kh\u00f3a h\u1ecdc \u0111\u00e0o t\u1ea1o th\u1ef1c chi\u1ebfn b\u00e1n l\u1ebb\" target=\"\">\n            <div class=\"page-box box has-hover\">\n                  <div class=\"box-image\" >\n                      <div class=\"box-image image-cover\" style=\"padding-top:75%;\">\n                      <img width=\"400\" height=\"300\" src=\"https:\/\/webmaibinh.com\/w\/edu92011\/wp-content\/uploads\/2019\/08\/kinh-doanh-thuc-chien.jpg\" class=\"attachment-original size-original\" alt=\"\" loading=\"lazy\" srcset=\"https:\/\/webmaibinh.com\/w\/edu92011\/wp-content\/uploads\/2019\/08\/kinh-doanh-thuc-chien.jpg 400w, https:\/\/webmaibinh.com\/w\/edu92011\/wp-content\/uploads\/2019\/08\/kinh-doanh-thuc-chien-300x225.jpg 300w\" sizes=\"(max-width: 400px) 100vw, 400px\" \/>                      <\/div>\n                                                              <\/div>\n                  <div class=\"box-text text-left\" >\n                        <div class=\"box-text-inner\">\n                            <p>Kh\u00f3a h\u1ecdc \u0111\u00e0o t\u1ea1o th\u1ef1c chi\u1ebfn b\u00e1n l\u1ebb<\/p>\n                        <\/div>\n                  <\/div>\n              <\/div>\n            <\/a>\n            <\/div>\n          <\/div>\n                 <div class=\"page-col col\" >\n          <div class=\"col-inner\" >\n          <a class=\"plain\" href=\"https:\/\/webmaibinh.com\/w\/edu92011\/khoa-hoc\/level-1-si-5-ngay-pha-dao-k01-k05\/\" title=\"Level 1 - S\u1ec9: 5 ng\u00e0y ph\u00e1 \u0111\u1ea3o (K01-K05)\" target=\"\">\n            <div class=\"page-box box has-hover\">\n                  <div class=\"box-image\" >\n                      <div class=\"box-image image-cover\" style=\"padding-top:75%;\">\n                      <img width=\"400\" height=\"300\" src=\"https:\/\/webmaibinh.com\/w\/edu92011\/wp-content\/uploads\/2019\/08\/level1.jpg\" class=\"attachment-original size-original\" alt=\"\" loading=\"lazy\" srcset=\"https:\/\/webmaibinh.com\/w\/edu92011\/wp-content\/uploads\/2019\/08\/level1.jpg 400w, https:\/\/webmaibinh.com\/w\/edu92011\/wp-content\/uploads\/2019\/08\/level1-300x225.jpg 300w\" sizes=\"(max-width: 400px) 100vw, 400px\" \/>                      <\/div>\n                                                              <\/div>\n                  <div class=\"box-text text-left\" >\n                        <div class=\"box-text-inner\">\n                            <p>Level 1 - S\u1ec9: 5 ng\u00e0y ph\u00e1 \u0111\u1ea3o (K01-K05)<\/p>\n                        <\/div>\n                  <\/div>\n              <\/div>\n            <\/a>\n            <\/div>\n          <\/div>\n                 <div class=\"page-col col\" >\n          <div class=\"col-inner\" >\n          <a class=\"plain\" href=\"https:\/\/webmaibinh.com\/w\/edu92011\/khoa-hoc\/level-2-chi-nhanh-7-ngay-bao-don-k01-k04\/\" title=\"Level 2: Chi nh\u00e1nh - 7 ng\u00e0y b\u00e3o \u0111\u01a1n (K01-K04)\" target=\"\">\n            <div class=\"page-box box has-hover\">\n                  <div class=\"box-image\" >\n                      <div class=\"box-image image-cover\" style=\"padding-top:75%;\">\n                      <img width=\"400\" height=\"300\" src=\"https:\/\/webmaibinh.com\/w\/edu92011\/wp-content\/uploads\/2019\/08\/level2.jpg\" class=\"attachment-original size-original\" alt=\"\" loading=\"lazy\" srcset=\"https:\/\/webmaibinh.com\/w\/edu92011\/wp-content\/uploads\/2019\/08\/level2.jpg 400w, https:\/\/webmaibinh.com\/w\/edu92011\/wp-content\/uploads\/2019\/08\/level2-300x225.jpg 300w\" sizes=\"(max-width: 400px) 100vw, 400px\" \/>                      <\/div>\n                                                              <\/div>\n                  <div class=\"box-text text-left\" >\n                        <div class=\"box-text-inner\">\n                            <p>Level 2: Chi nh\u00e1nh - 7 ng\u00e0y b\u00e3o \u0111\u01a1n (K01-K04)<\/p>\n                        <\/div>\n                  <\/div>\n              <\/div>\n            <\/a>\n            <\/div>\n          <\/div>\n                 <div class=\"page-col col\" >\n          <div class=\"col-inner\" >\n          <a class=\"plain\" href=\"https:\/\/webmaibinh.com\/w\/edu92011\/khoa-hoc\/level-3-dai-ly-cap-ii-15-ngay-can-quet-khach-hang-k01-k03\/\" title=\"Level 3: \u0110\u1ea1i l\u00fd c\u1ea5p II - 15 ng\u00e0y c\u00e0n qu\u00e9t kh\u00e1ch h\u00e0ng (K01-K03)\" target=\"\">\n            <div class=\"page-box box has-hover\">\n                  <div class=\"box-image\" >\n                      <div class=\"box-image image-cover\" style=\"padding-top:75%;\">\n                      <img width=\"400\" height=\"300\" src=\"https:\/\/webmaibinh.com\/w\/edu92011\/wp-content\/uploads\/2019\/08\/level3.jpg\" class=\"attachment-original size-original\" alt=\"\" loading=\"lazy\" srcset=\"https:\/\/webmaibinh.com\/w\/edu92011\/wp-content\/uploads\/2019\/08\/level3.jpg 400w, https:\/\/webmaibinh.com\/w\/edu92011\/wp-content\/uploads\/2019\/08\/level3-300x225.jpg 300w\" sizes=\"(max-width: 400px) 100vw, 400px\" \/>                      <\/div>\n                                                              <\/div>\n                  <div class=\"box-text text-left\" >\n                        <div class=\"box-text-inner\">\n                            <p>Level 3: \u0110\u1ea1i l\u00fd c\u1ea5p II - 15 ng\u00e0y c\u00e0n qu\u00e9t kh\u00e1ch h\u00e0ng (K01-K03)<\/p>\n                        <\/div>\n                  <\/div>\n              <\/div>\n            <\/a>\n            <\/div>\n          <\/div>\n                 <div class=\"page-col col\" >\n          <div class=\"col-inner\" >\n          <a class=\"plain\" href=\"https:\/\/webmaibinh.com\/w\/edu92011\/khoa-hoc\/level-4-dai-ly-cap-1-30-ngay-hut-si-than-toc-k01-k02\/\" title=\"Level 4: \u0110\u1ea1i l\u00fd c\u1ea5p 1 - 30 ng\u00e0y h\u00fat s\u1ec9 th\u1ea7n t\u1ed1c (K01-K02)\" target=\"\">\n            <div class=\"page-box box has-hover\">\n                  <div class=\"box-image\" >\n                      <div class=\"box-image image-cover\" style=\"padding-top:75%;\">\n                      <img width=\"400\" height=\"300\" src=\"https:\/\/webmaibinh.com\/w\/edu92011\/wp-content\/uploads\/2019\/08\/level4.jpg\" class=\"attachment-original size-original\" alt=\"\" loading=\"lazy\" srcset=\"https:\/\/webmaibinh.com\/w\/edu92011\/wp-content\/uploads\/2019\/08\/level4.jpg 400w, https:\/\/webmaibinh.com\/w\/edu92011\/wp-content\/uploads\/2019\/08\/level4-300x225.jpg 300w\" sizes=\"(max-width: 400px) 100vw, 400px\" \/>                      <\/div>\n                                                              <\/div>\n                  <div class=\"box-text text-left\" >\n                        <div class=\"box-text-inner\">\n                            <p>Level 4: \u0110\u1ea1i l\u00fd c\u1ea5p 1 - 30 ng\u00e0y h\u00fat s\u1ec9 th\u1ea7n t\u1ed1c (K01-K02)<\/p>\n                        <\/div>\n                  <\/div>\n              <\/div>\n            <\/a>\n            <\/div>\n          <\/div>\n                 <div class=\"page-col col\" >\n          <div class=\"col-inner\" >\n          <a class=\"plain\" href=\"https:\/\/webmaibinh.com\/w\/edu92011\/khoa-hoc\/level-5-dai-ly-vip-30-ngay-tro-thanh-thu-linh-cu-khoi-k01\/\" title=\"Level 5: \u0110\u1ea1i l\u00fd VIP - 30 ng\u00e0y tr\u1edf th\u00e0nh th\u1ee7 l\u0129nh c\u1eeb kh\u00f4i (K01)\" target=\"\">\n            <div class=\"page-box box has-hover\">\n                  <div class=\"box-image\" >\n                      <div class=\"box-image image-cover\" style=\"padding-top:75%;\">\n                      <img width=\"400\" height=\"300\" src=\"https:\/\/webmaibinh.com\/w\/edu92011\/wp-content\/uploads\/2019\/08\/level-5.jpg\" class=\"attachment-original size-original\" alt=\"\" loading=\"lazy\" srcset=\"https:\/\/webmaibinh.com\/w\/edu92011\/wp-content\/uploads\/2019\/08\/level-5.jpg 400w, https:\/\/webmaibinh.com\/w\/edu92011\/wp-content\/uploads\/2019\/08\/level-5-300x225.jpg 300w\" sizes=\"(max-width: 400px) 100vw, 400px\" \/>                      <\/div>\n                                                              <\/div>\n                  <div class=\"box-text text-left\" >\n                        <div class=\"box-text-inner\">\n                            <p>Level 5: \u0110\u1ea1i l\u00fd VIP - 30 ng\u00e0y tr\u1edf th\u00e0nh th\u1ee7 l\u0129nh c\u1eeb kh\u00f4i (K01)<\/p>\n                        <\/div>\n                  <\/div>\n              <\/div>\n            <\/a>\n            <\/div>\n          <\/div>\n                 <div class=\"page-col col\" >\n          <div class=\"col-inner\" >\n          <a class=\"plain\" href=\"https:\/\/webmaibinh.com\/w\/edu92011\/khoa-hoc\/phu-thuy-ban-le-x10-doanh-so-tet\/\" title=\"Ph\u00f9 th\u1ee7y b\u00e1n l\u1ebb - x10 doanh s\u1ed1 T\u1ebft\" target=\"\">\n            <div class=\"page-box box has-hover\">\n                  <div class=\"box-image\" >\n                      <div class=\"box-image image-cover\" style=\"padding-top:75%;\">\n                      <img width=\"400\" height=\"300\" src=\"https:\/\/webmaibinh.com\/w\/edu92011\/wp-content\/uploads\/2019\/08\/PHU-THUY-BAN-LE.jpg\" class=\"attachment-original size-original\" alt=\"\" loading=\"lazy\" srcset=\"https:\/\/webmaibinh.com\/w\/edu92011\/wp-content\/uploads\/2019\/08\/PHU-THUY-BAN-LE.jpg 400w, https:\/\/webmaibinh.com\/w\/edu92011\/wp-content\/uploads\/2019\/08\/PHU-THUY-BAN-LE-300x225.jpg 300w\" sizes=\"(max-width: 400px) 100vw, 400px\" \/>                      <\/div>\n                                                              <\/div>\n                  <div class=\"box-text text-left\" >\n                        <div class=\"box-text-inner\">\n                            <p>Ph\u00f9 th\u1ee7y b\u00e1n l\u1ebb - x10 doanh s\u1ed1 T\u1ebft<\/p>\n                        <\/div>\n                  <\/div>\n              <\/div>\n            <\/a>\n            <\/div>\n          <\/div>\n                 <div class=\"page-col col\" >\n          <div class=\"col-inner\" >\n          <a class=\"plain\" href=\"https:\/\/webmaibinh.com\/w\/edu92011\/khoa-hoc\/phu-thuy-ban-le-k01-k04\/\" title=\"Ph\u00f9 th\u1ee7y b\u00e1n l\u1ebb (K01-K04)\" target=\"\">\n            <div class=\"page-box box has-hover\">\n                  <div class=\"box-image\" >\n                      <div class=\"box-image image-cover\" style=\"padding-top:75%;\">\n                      <img width=\"400\" height=\"300\" src=\"https:\/\/webmaibinh.com\/w\/edu92011\/wp-content\/uploads\/2019\/08\/phu-thuy-ban-le-2.jpg\" class=\"attachment-original size-original\" alt=\"\" loading=\"lazy\" srcset=\"https:\/\/webmaibinh.com\/w\/edu92011\/wp-content\/uploads\/2019\/08\/phu-thuy-ban-le-2.jpg 400w, https:\/\/webmaibinh.com\/w\/edu92011\/wp-content\/uploads\/2019\/08\/phu-thuy-ban-le-2-300x225.jpg 300w\" sizes=\"(max-width: 400px) 100vw, 400px\" \/>                      <\/div>\n                                                              <\/div>\n                  <div class=\"box-text text-left\" >\n                        <div class=\"box-text-inner\">\n                            <p>Ph\u00f9 th\u1ee7y b\u00e1n l\u1ebb (K01-K04)<\/p>\n                        <\/div>\n                  <\/div>\n              <\/div>\n            <\/a>\n            <\/div>\n          <\/div>\n                 <div class=\"page-col col\" >\n          <div class=\"col-inner\" >\n          <a class=\"plain\" href=\"https:\/\/webmaibinh.com\/w\/edu92011\/khoa-hoc\/vua-toc-do-giai-ma-cong-thuc-thanh-cong\/\" title=\"Vua t\u1ed1c \u0111\u1ed9 - gi\u1ea3i m\u00e3 c\u00f4ng th\u1ee9c th\u00e0nh c\u00f4ng\" target=\"\">\n            <div class=\"page-box box has-hover\">\n                  <div class=\"box-image\" >\n                      <div class=\"box-image image-cover\" style=\"padding-top:75%;\">\n                      <img width=\"400\" height=\"300\" src=\"https:\/\/webmaibinh.com\/w\/edu92011\/wp-content\/uploads\/2019\/08\/vua-toc-do.jpg\" class=\"attachment-original size-original\" alt=\"\" loading=\"lazy\" srcset=\"https:\/\/webmaibinh.com\/w\/edu92011\/wp-content\/uploads\/2019\/08\/vua-toc-do.jpg 400w, https:\/\/webmaibinh.com\/w\/edu92011\/wp-content\/uploads\/2019\/08\/vua-toc-do-300x225.jpg 300w\" sizes=\"(max-width: 400px) 100vw, 400px\" \/>                      <\/div>\n                                                              <\/div>\n                  <div class=\"box-text text-left\" >\n                        <div class=\"box-text-inner\">\n                            <p>Vua t\u1ed1c \u0111\u1ed9 - gi\u1ea3i m\u00e3 c\u00f4ng th\u1ee9c th\u00e0nh c\u00f4ng<\/p>\n                        <\/div>\n                  <\/div>\n              <\/div>\n            <\/a>\n            <\/div>\n          <\/div>\n                 <div class=\"page-col col\" >\n          <div class=\"col-inner\" >\n          <a class=\"plain\" href=\"https:\/\/webmaibinh.com\/w\/edu92011\/khoa-hoc\/zombie-dai-chien\/\" title=\"Zombie \u0111\u1ea1i chi\u1ebfn\" target=\"\">\n            <div class=\"page-box box has-hover\">\n                  <div class=\"box-image\" >\n                      <div class=\"box-image image-cover\" style=\"padding-top:75%;\">\n                      <img width=\"400\" height=\"300\" src=\"https:\/\/webmaibinh.com\/w\/edu92011\/wp-content\/uploads\/2019\/08\/ZOMBIE-DAI-CHIEN.jpg\" class=\"attachment-original size-original\" alt=\"\" loading=\"lazy\" srcset=\"https:\/\/webmaibinh.com\/w\/edu92011\/wp-content\/uploads\/2019\/08\/ZOMBIE-DAI-CHIEN.jpg 400w, https:\/\/webmaibinh.com\/w\/edu92011\/wp-content\/uploads\/2019\/08\/ZOMBIE-DAI-CHIEN-300x225.jpg 300w\" sizes=\"(max-width: 400px) 100vw, 400px\" \/>                      <\/div>\n                                                              <\/div>\n                  <div class=\"box-text text-left\" >\n                        <div class=\"box-text-inner\">\n                            <p>Zombie \u0111\u1ea1i chi\u1ebfn<\/p>\n                        <\/div>\n                  <\/div>\n              <\/div>\n            <\/a>\n            <\/div>\n          <\/div>\n         <\/div>\n\t\t<\/div>\n\t<\/div>\n\n\t\n<\/div>\n\t\t<\/div>\n\n\t\t\n<style scope=\"scope\">\n\n#section_624927979 {\n  padding-top: 42px;\n  padding-bottom: 42px;\n  background-color: #1e73be;\n}\n#section_624927979 .section-bg-overlay {\n  background-color: rgba(30, 115, 190, 0.94);\n}\n#section_624927979 .section-bg.bg-loaded {\n  background-image: url(https:\/\/webmaibinh.com\/w\/edu92011\/wp-content\/uploads\/2019\/08\/slider1.jpg);\n}\n<\/style>\n\t<\/section>\n\t\n","protected":false},"excerpt":{"rendered":"","protected":false},"author":1,"featured_media":0,"parent":0,"menu_order":0,"comment_status":"closed","ping_status":"closed","template":"","meta":[],"_links":{"self":[{"href":"https:\/\/webmaibinh.com\/w\/edu92011\/wp-json\/wp\/v2\/pages\/56"}],"collection":[{"href":"https:\/\/webmaibinh.com\/w\/edu92011\/wp-json\/wp\/v2\/pages"}],"about":[{"href":"https:\/\/webmaibinh.com\/w\/edu92011\/wp-json\/wp\/v2\/types\/page"}],"author":[{"embeddable":true,"href":"https:\/\/webmaibinh.com\/w\/edu92011\/wp-json\/wp\/v2\/users\/1"}],"replies":[{"embeddable":true,"href":"https:\/\/webmaibinh.com\/w\/edu92011\/wp-json\/wp\/v2\/comments?post=56"}],"version-history":[{"count":9,"href":"https:\/\/webmaibinh.com\/w\/edu92011\/wp-json\/wp\/v2\/pages\/56\/revisions"}],"predecessor-version":[{"id":510,"href":"https:\/\/webmaibinh.com\/w\/edu92011\/wp-json\/wp\/v2\/pages\/56\/revisions\/510"}],"wp:attachment":[{"href":"https:\/\/webmaibinh.com\/w\/edu92011\/wp-json\/wp\/v2\/media?parent=56"}],"curies":[{"name":"wp","href":"https:\/\/api.w.org\/{rel}","templated":true}]}}