{"id":52,"date":"2019-08-30T11:41:49","date_gmt":"2019-08-30T04:41:49","guid":{"rendered":"http:\/\/edu10.w2steam.com\/?page_id=52"},"modified":"2019-08-31T09:09:41","modified_gmt":"2019-08-31T02:09:41","slug":"gioi-thieu","status":"publish","type":"page","link":"https:\/\/webmaibinh.com\/w\/edu92011\/gioi-thieu\/","title":{"rendered":"Gi\u1edbi thi\u1ec7u"},"content":{"rendered":"<p>B\u00e0i th\u01b0 ng\u1ecf c\u1ee7a b\u1ea3n th\u00e2n:<\/p>\n<p>KH\u00d4NG TI\u1ec0N, KH\u1ed0NG S\u1ef0 NGHI\u1ec6P, KH\u00d4NG T\u00ccNH Y\u00caU&#8230;NH\u1eeeNG TH\u1edcI \u0110I\u1ec2M T\u0102M T\u1ed0I NH\u1ea4T CU\u1ed8C \u0110\u1edcI, T\u00d4I \u0110\u00c3 L\u00c0M TH\u1ebe N\u00c0O?<\/p>\n<p>T\u00f4i l\u00e0 Ki\u1ec1u Linh, 28 tu\u1ed5i, \u0111\u00e3 c\u00f3 gia \u0111\u00ecnh &amp; 1 b\u00e9 g\u00e1i xinh \u0111\u1eb9p. T\u00f4i l\u1eadp gia \u0111\u00ecnh n\u0103m 2016, v\u00e0 t\u1ef1 c\u1ea3m th\u1ea5y m\u00ecnh l\u00e0 1 ng\u01b0\u1eddi may m\u1eafn trong chuy\u1ec7n h\u00f4n nh\u00e2n.<\/p>\n<p>T\u00f4i sinh gia trong 1 gia \u0111\u00ecnh thu\u1ea7n n\u00f4ng v\u00f9ng qu\u00ea ngh\u00e8o Thanh Ho\u00e1, b\u1ed1 l\u00e0m c\u00e1n b\u1ed9 x\u00e3. Nh\u00e0 t\u00f4i c\u00f3 4 ch\u1ecb em g\u00e1i nh\u01b0ng ko ai dc \u0111i h\u1ecdc h\u1ebft l\u1edbp 12, duy ch\u1ec9 c\u00f3 t\u00f4i dc h\u1ecdc l\u00ean \u0110H.<\/p>\n<p>T\u00f4i h\u1ecdc \u0111\u1ea1i h\u1ecdc n\u0103m 2009, khi b\u1ea1n b\u00e8 ch\u1ec9 \u0111i h\u1ecdc th\u00ec ban ng\u00e0y t\u00f4i \u0111\u1ebfn l\u1edbp, chi\u1ec1u \u0111\u1ebfn 10h t\u00f4i \u0111i b\u00e1n sim th\u1ebb \u0111i\u1ec7n tho\u1ea1i. \u00dd th\u1ee9c dc ho\u00e0n c\u1ea3nh gd m\u00ecnh ngh\u00e8o kh\u00f3, n\u00ean t\u00f4i v\u1eeba l\u00e0m v\u1eeba h\u1ecdc. \u0110i l\u00e0m c\u00f3 nh\u1eefng ng\u00e0y ko \u0103n g\u00ec, \u0111i t\u1eeb s\u00e1ng \u0111\u1ebfn 11h \u0111\u00eam m\u1edbi v\u1ec1 t\u1edbi ph\u00f2ng tr\u1ecd. Run v\u00ec \u0111\u00f3i, c\u1ea7m dc \u0111\u1ed3ng l\u01b0\u01a1ng trong tay ko d\u00e1m mua \u0111\u1ed3 \u0103n v\u00ec mai c\u00f2n \u0111\u00f3ng h\u1ecdc.<\/p>\n<p>T\u1ed1t nghi\u1ec7p \u0110H n\u0103m 2013 t\u00f4i l\u00ean H\u00e0 N\u1ed9i \u0111i l\u00e0m. C\u1ea7m t\u1ea5m b\u1eb1ng trong tay xin vi\u1ec7c kh\u1eafp n\u01a1i ko dc. May m\u1eafn dc v\u1ee3 ch\u1ed3ng ch\u1ecb g\u00e1i c\u01b0u mang cho \u1edf nh\u1edd. Qua 1 ng\u01b0\u1eddi quen t\u00f4i xin dc v\u00e0o l\u00e0m Nh\u00e2n vi\u00ean th\u1ecb tr\u01b0\u1eddng cho 1 Cty m\u0129 ph\u1ea9m &#8220;s\u1eafp s\u1eadp&#8221;. Chu\u00f4i ng\u00e0y th\u00e1ng b\u00e1m m\u1eb7t ngo\u00e0i \u0111\u01b0\u1eddng ko c\u00f3 l\u01b0\u01a1ng l\u1ea1i b\u1eaft \u0111\u1ea7u. Cty n\u1ee3 l\u01b0\u01a1ng 4,5 th\u00e1ng, ko c\u00f3 ti\u1ec1n, b\u1ea1n b\u00e8 r\u1ee7 \u0111i u\u1ed1ng tr\u00e0 \u0111\u00e1 t\u00f4i c\u0169ng ko d\u00e1m \u0111i. Ph\u1ea7n v\u00ec x\u1ea5u h\u1ed5 ph\u1ea7n v\u00ec ko c\u00f3 xu n\u00e0o trong t\u00fai.<\/p>\n<p>Gi\u1eefa l\u00fac c\u00f9ng qu\u1eabn nh\u1ea5t t\u00f4i dc gi\u1edbi thi\u1ec7u l\u00e0m k\u1ebf to\u00e1n cho 1 cty Du h\u1ecdc Nh\u1eadt. C\u0169ng t\u1eeb \u0111\u00e2y t\u00f4i quen v\u00e0 y\u00eau dc \u00f4ng x\u00e3 t\u00f4i b\u00e2y gi\u1edd. Cv nh\u00e2n vi\u00ean v\u0103n ph\u00f2ng c\u00f3 ph\u1ea7n d\u1ec5 ch\u1ecbu h\u01a1n v\u00e0 l\u01b0\u01a1ng 3,5tr c\u0169ng \u1ed5n h\u01a1n tr\u01b0\u1edbc.<\/p>\n<p>M\u1ed9t ng\u00e0y t\u00ecnh c\u1edd l\u01b0\u1edbt fb t\u00f4i b\u1eaft g\u1eb7p dc h\u00ecnh \u1ea3nh m\u1eb9 sau sinh \u0111ang s\u1eed d\u1ee5ng r\u01b0\u1ee3u g\u1eebng ngh\u1ec7 thoa gi\u1ea3m eo. Xem l\u1ea1i fb 1 l\u1ea7n n\u1eefa t\u00f4i th\u1ea5y t\u00ean Ph\u1ea1m H\u00e0. Ko hi\u1ec3u sao t\u00f4i r\u1ea5t h\u1ee9ng th\u00fa v\u1edbi sp \u0111\u00f3 v\u00e0 \u0111\u00e3 nh\u1eafn tin cho b\u1ea1n \u1ea5y h\u1ecfi \u0111\u1ec3 t\u1eadp b\u00e1n sp. C\u00f4 H\u00e0 sau n\u00e0y n\u00f3i v\u1edbi t\u00f4i r\u1eb1ng ch\u1ecb l\u00e0 \u0111\u1ea1i l\u00fd \u0111\u1ea7u ti\u00ean c\u1ee7a em \u0111\u1ea5y :wink:. \u0110\u00f3 l\u00e0 th\u00e1ng 4\/2014.<\/p>\n<p>T\u1eadp t\u00e0nh t\u1eeb nh\u1eefng sp r\u1ea5t th\u00f4 s\u01a1, ban \u0111\u1ea7u \u0111\u0103ng l\u00ean to\u00e0n ng\u01b0\u1eddi quen \u1ee7ng h\u1ed9, nh\u01b0ng ch\u1ec9 1 time sau, sp th\u1ef1c s\u1ef1 c\u00f3 ch\u1ea5t l\u01b0\u1ee3ng \u0111\u00e3 \u0111\u00e1nh g\u1ee5c th\u1ecb tr\u01b0\u1eddng VN b\u1ea5y gi\u1edd. T\u00f4i b\u1eaft \u0111\u1ea7u \u0111\u00f4ng kh\u00e1ch d\u1ea7n, v\u00e0 quy\u1ebft \u0111\u1ecbnh ngh\u1ec9 vi\u1ec7c v\u0103n ph\u00f2ng \u0111\u1ec3 \u1edf nh\u00e0 b\u00e1n h\u00e0ng Online m\u1eb7c cho gd ra s\u1ee9c ng\u0103n c\u1ea3n. Th\u1eddi \u0111i\u1ec3m t\u00f4i ngh\u1ec9 vi\u1ec7c l\u00e0 th\u00e1ng 9\/2014, l\u00fac \u0111\u00f3 thu nh\u1eadp c\u1ee7a t\u00f4i l\u00e0 7tr\/1 th\u00e1ng t\u1eeb Kdol.<\/p>\n<p>Nh\u1eefng th\u00e1ng sau thu nh\u1eadp c\u1ee7a t\u00f4i t\u0103ng d\u1ea7n, trung b\u00ecnh 20-30tr\/1 th\u00e1ng. T\u00f4i gi\u00fap b\u1ed1 m\u1eb9 \u1edf qu\u00ea tr\u1ea3 h\u1ebft n\u1ee3 ng\u00e2n h\u00e0ng, lo cho b\u1ed1 m\u1eb9 \u0111\u1ea7y \u0111\u1ee7.<\/p>\n","protected":false},"excerpt":{"rendered":"<p>B\u00e0i th\u01b0 ng\u1ecf c\u1ee7a b\u1ea3n th\u00e2n: KH\u00d4NG TI\u1ec0N, KH\u1ed0NG S\u1ef0 NGHI\u1ec6P, KH\u00d4NG T\u00ccNH Y\u00caU&#8230;NH\u1eeeNG TH\u1edcI \u0110I\u1ec2M T\u0102M T\u1ed0I NH\u1ea4T CU\u1ed8C \u0110\u1edcI, T\u00d4I \u0110\u00c3 L\u00c0M TH\u1ebe N\u00c0O? T\u00f4i l\u00e0 Ki\u1ec1u Linh, 28 tu\u1ed5i, \u0111\u00e3 c\u00f3 gia \u0111\u00ecnh &amp; 1 b\u00e9 g\u00e1i xinh \u0111\u1eb9p. T\u00f4i l\u1eadp gia \u0111\u00ecnh n\u0103m 2016, v\u00e0 t\u1ef1 c\u1ea3m th\u1ea5y m\u00ecnh l\u00e0 1 &#8230;<\/p>\n","protected":false},"author":1,"featured_media":0,"parent":0,"menu_order":0,"comment_status":"closed","ping_status":"closed","template":"page-right-sidebar.php","meta":[],"_links":{"self":[{"href":"https:\/\/webmaibinh.com\/w\/edu92011\/wp-json\/wp\/v2\/pages\/52"}],"collection":[{"href":"https:\/\/webmaibinh.com\/w\/edu92011\/wp-json\/wp\/v2\/pages"}],"about":[{"href":"https:\/\/webmaibinh.com\/w\/edu92011\/wp-json\/wp\/v2\/types\/page"}],"author":[{"embeddable":true,"href":"https:\/\/webmaibinh.com\/w\/edu92011\/wp-json\/wp\/v2\/users\/1"}],"replies":[{"embeddable":true,"href":"https:\/\/webmaibinh.com\/w\/edu92011\/wp-json\/wp\/v2\/comments?post=52"}],"version-history":[{"count":2,"href":"https:\/\/webmaibinh.com\/w\/edu92011\/wp-json\/wp\/v2\/pages\/52\/revisions"}],"predecessor-version":[{"id":447,"href":"https:\/\/webmaibinh.com\/w\/edu92011\/wp-json\/wp\/v2\/pages\/52\/revisions\/447"}],"wp:attachment":[{"href":"https:\/\/webmaibinh.com\/w\/edu92011\/wp-json\/wp\/v2\/media?parent=52"}],"curies":[{"name":"wp","href":"https:\/\/api.w.org\/{rel}","templated":true}]}}