{"id":218,"date":"2019-08-30T17:43:12","date_gmt":"2019-08-30T10:43:12","guid":{"rendered":"http:\/\/edu10.w2steam.com\/?page_id=218"},"modified":"2019-09-01T10:55:13","modified_gmt":"2019-09-01T03:55:13","slug":"level-2-chi-nhanh-7-ngay-bao-don-k01-k04","status":"publish","type":"page","link":"https:\/\/webmaibinh.com\/w\/edu92011\/khoa-hoc\/level-2-chi-nhanh-7-ngay-bao-don-k01-k04\/","title":{"rendered":"Level 2: Chi nh\u00e1nh &#8211; 7 ng\u00e0y b\u00e3o \u0111\u01a1n (K01-K04)"},"content":{"rendered":"<p>N\u1ed9i dung \u0111ang c\u1eadp nh\u1eadt&#8230;<\/p>\n","protected":false},"excerpt":{"rendered":"<p>\u0110\u00e0o t\u1ea1o \u0111i h\u1ebft 15 h\u1ed9p sp trong 7 ng\u00e0y. \u0110\u00e0o t\u1ea1o v\u1ec1 content b\u00e1n l\u1ebb. T\u01b0 duy b\u00e1n h\u00e0ng. \u0110\u00e0o t\u1ea1o chuy\u00ean s\u00e2u v\u1ec1 s\u1ea3n ph\u1ea9m.<\/p>\n","protected":false},"author":1,"featured_media":244,"parent":54,"menu_order":0,"comment_status":"closed","ping_status":"closed","template":"","meta":[],"_links":{"self":[{"href":"https:\/\/webmaibinh.com\/w\/edu92011\/wp-json\/wp\/v2\/pages\/218"}],"collection":[{"href":"https:\/\/webmaibinh.com\/w\/edu92011\/wp-json\/wp\/v2\/pages"}],"about":[{"href":"https:\/\/webmaibinh.com\/w\/edu92011\/wp-json\/wp\/v2\/types\/page"}],"author":[{"embeddable":true,"href":"https:\/\/webmaibinh.com\/w\/edu92011\/wp-json\/wp\/v2\/users\/1"}],"replies":[{"embeddable":true,"href":"https:\/\/webmaibinh.com\/w\/edu92011\/wp-json\/wp\/v2\/comments?post=218"}],"version-history":[{"count":3,"href":"https:\/\/webmaibinh.com\/w\/edu92011\/wp-json\/wp\/v2\/pages\/218\/revisions"}],"predecessor-version":[{"id":920,"href":"https:\/\/webmaibinh.com\/w\/edu92011\/wp-json\/wp\/v2\/pages\/218\/revisions\/920"}],"up":[{"embeddable":true,"href":"https:\/\/webmaibinh.com\/w\/edu92011\/wp-json\/wp\/v2\/pages\/54"}],"wp:featuredmedia":[{"embeddable":true,"href":"https:\/\/webmaibinh.com\/w\/edu92011\/wp-json\/wp\/v2\/media\/244"}],"wp:attachment":[{"href":"https:\/\/webmaibinh.com\/w\/edu92011\/wp-json\/wp\/v2\/media?parent=218"}],"curies":[{"name":"wp","href":"https:\/\/api.w.org\/{rel}","templated":true}]}}