{"id":216,"date":"2019-08-30T17:42:39","date_gmt":"2019-08-30T10:42:39","guid":{"rendered":"http:\/\/edu10.w2steam.com\/?page_id=216"},"modified":"2019-09-01T10:54:56","modified_gmt":"2019-09-01T03:54:56","slug":"level-1-si-5-ngay-pha-dao-k01-k05","status":"publish","type":"page","link":"https:\/\/webmaibinh.com\/w\/edu92011\/khoa-hoc\/level-1-si-5-ngay-pha-dao-k01-k05\/","title":{"rendered":"Level 1 &#8211; S\u1ec9: 5 ng\u00e0y ph\u00e1 \u0111\u1ea3o (K01-K05)"},"content":{"rendered":"<p>N\u1ed9i dung \u0111ang c\u1eadp nh\u1eadt&#8230;<\/p>\n","protected":false},"excerpt":{"rendered":"<p>1 D\u01b0\u1ee3c s\u1ef9 + 1 GI\u00c1M \u0110\u1ed0C + 1 GI\u1ea2NG VI\u00caN hu\u1ea5n luy\u1ec7n cho c\u00e1c b\u1ea1n trong 5 ng\u00e0y \u0110I H\u1ebeT H\u00c0NG NGAY L\u1eacP T\u1ee8C ch\u1ec9 sau 5 NG\u00c0Y. \u0110\u00e0o t\u1ea1o chuy\u00ean s\u00e2u v\u1ec1 s\u1ea3n ph\u1ea9m v\u00e0 nh\u1eefng c\u00e1ch b\u00e1n ofline hi\u1ec7u qu\u1ea3 nh\u1ea5t.<\/p>\n","protected":false},"author":1,"featured_media":242,"parent":54,"menu_order":0,"comment_status":"closed","ping_status":"closed","template":"","meta":[],"_links":{"self":[{"href":"https:\/\/webmaibinh.com\/w\/edu92011\/wp-json\/wp\/v2\/pages\/216"}],"collection":[{"href":"https:\/\/webmaibinh.com\/w\/edu92011\/wp-json\/wp\/v2\/pages"}],"about":[{"href":"https:\/\/webmaibinh.com\/w\/edu92011\/wp-json\/wp\/v2\/types\/page"}],"author":[{"embeddable":true,"href":"https:\/\/webmaibinh.com\/w\/edu92011\/wp-json\/wp\/v2\/users\/1"}],"replies":[{"embeddable":true,"href":"https:\/\/webmaibinh.com\/w\/edu92011\/wp-json\/wp\/v2\/comments?post=216"}],"version-history":[{"count":2,"href":"https:\/\/webmaibinh.com\/w\/edu92011\/wp-json\/wp\/v2\/pages\/216\/revisions"}],"predecessor-version":[{"id":918,"href":"https:\/\/webmaibinh.com\/w\/edu92011\/wp-json\/wp\/v2\/pages\/216\/revisions\/918"}],"up":[{"embeddable":true,"href":"https:\/\/webmaibinh.com\/w\/edu92011\/wp-json\/wp\/v2\/pages\/54"}],"wp:featuredmedia":[{"embeddable":true,"href":"https:\/\/webmaibinh.com\/w\/edu92011\/wp-json\/wp\/v2\/media\/242"}],"wp:attachment":[{"href":"https:\/\/webmaibinh.com\/w\/edu92011\/wp-json\/wp\/v2\/media?parent=216"}],"curies":[{"name":"wp","href":"https:\/\/api.w.org\/{rel}","templated":true}]}}