{"id":214,"date":"2019-08-30T17:41:32","date_gmt":"2019-08-30T10:41:32","guid":{"rendered":"http:\/\/edu10.w2steam.com\/?page_id=214"},"modified":"2019-09-01T10:54:31","modified_gmt":"2019-09-01T03:54:31","slug":"dao-tao-su-tu-chien","status":"publish","type":"page","link":"https:\/\/webmaibinh.com\/w\/edu92011\/khoa-hoc\/dao-tao-su-tu-chien\/","title":{"rendered":"\u0110\u00e0o t\u1ea1o s\u01b0 t\u1eed chi\u1ebfn"},"content":{"rendered":"<p>N\u1ed9i dung \u0111ang c\u1eadp nh\u1eadt&#8230;<\/p>\n","protected":false},"excerpt":{"rendered":"<p>\u0110\u1ecbnh v\u1ecb phong c\u00e1ch l\u00e3nh \u0111\u1ea1o cho t\u1eebng ng\u01b0\u1eddi, coaching ri\u00eang \u0111\u1ecbnh h\u00ecnh s\u1ef1 ph\u00e1t tri\u1ec3n cho t\u1eebng ng\u01b0\u1eddi v\u00e0 ngh\u1ec7 thu\u1eadt thuy\u1ebft ph\u1ee5c kh\u00e1ch h\u00e0ng \u0111\u1ec9nh cao<\/p>\n","protected":false},"author":1,"featured_media":236,"parent":54,"menu_order":0,"comment_status":"closed","ping_status":"closed","template":"","meta":[],"_links":{"self":[{"href":"https:\/\/webmaibinh.com\/w\/edu92011\/wp-json\/wp\/v2\/pages\/214"}],"collection":[{"href":"https:\/\/webmaibinh.com\/w\/edu92011\/wp-json\/wp\/v2\/pages"}],"about":[{"href":"https:\/\/webmaibinh.com\/w\/edu92011\/wp-json\/wp\/v2\/types\/page"}],"author":[{"embeddable":true,"href":"https:\/\/webmaibinh.com\/w\/edu92011\/wp-json\/wp\/v2\/users\/1"}],"replies":[{"embeddable":true,"href":"https:\/\/webmaibinh.com\/w\/edu92011\/wp-json\/wp\/v2\/comments?post=214"}],"version-history":[{"count":4,"href":"https:\/\/webmaibinh.com\/w\/edu92011\/wp-json\/wp\/v2\/pages\/214\/revisions"}],"predecessor-version":[{"id":917,"href":"https:\/\/webmaibinh.com\/w\/edu92011\/wp-json\/wp\/v2\/pages\/214\/revisions\/917"}],"up":[{"embeddable":true,"href":"https:\/\/webmaibinh.com\/w\/edu92011\/wp-json\/wp\/v2\/pages\/54"}],"wp:featuredmedia":[{"embeddable":true,"href":"https:\/\/webmaibinh.com\/w\/edu92011\/wp-json\/wp\/v2\/media\/236"}],"wp:attachment":[{"href":"https:\/\/webmaibinh.com\/w\/edu92011\/wp-json\/wp\/v2\/media?parent=214"}],"curies":[{"name":"wp","href":"https:\/\/api.w.org\/{rel}","templated":true}]}}