{"id":212,"date":"2019-08-30T17:41:22","date_gmt":"2019-08-30T10:41:22","guid":{"rendered":"http:\/\/edu10.w2steam.com\/?page_id=212"},"modified":"2019-08-31T10:50:18","modified_gmt":"2019-08-31T03:50:18","slug":"zombie-dai-chien","status":"publish","type":"page","link":"https:\/\/webmaibinh.com\/w\/edu92011\/khoa-hoc\/zombie-dai-chien\/","title":{"rendered":"Zombie \u0111\u1ea1i chi\u1ebfn"},"content":{"rendered":"","protected":false},"excerpt":{"rendered":"<p>Nh\u1eefng chi\u1ebfn l\u01b0\u1ee3c v\u00e0 ph\u01b0\u01a1ng ph\u00e1p b\u00e1n h\u00e0ng kh\u00f4ng gi\u1edbi h\u1ea1n, gi\u00fap b\u1ea1n m\u1edf r\u1ed9ng h\u1ec7 th\u1ed1ng v\u00e0 b\u00e1n h\u00e0ng ph\u00e1 k\u1ef7 l\u1ee5c b\u1ea3n th\u00e2n, n\u00e2ng cao doanh s\u1ed1.<\/p>\n","protected":false},"author":1,"featured_media":263,"parent":54,"menu_order":0,"comment_status":"closed","ping_status":"closed","template":"","meta":[],"_links":{"self":[{"href":"https:\/\/webmaibinh.com\/w\/edu92011\/wp-json\/wp\/v2\/pages\/212"}],"collection":[{"href":"https:\/\/webmaibinh.com\/w\/edu92011\/wp-json\/wp\/v2\/pages"}],"about":[{"href":"https:\/\/webmaibinh.com\/w\/edu92011\/wp-json\/wp\/v2\/types\/page"}],"author":[{"embeddable":true,"href":"https:\/\/webmaibinh.com\/w\/edu92011\/wp-json\/wp\/v2\/users\/1"}],"replies":[{"embeddable":true,"href":"https:\/\/webmaibinh.com\/w\/edu92011\/wp-json\/wp\/v2\/comments?post=212"}],"version-history":[{"count":1,"href":"https:\/\/webmaibinh.com\/w\/edu92011\/wp-json\/wp\/v2\/pages\/212\/revisions"}],"predecessor-version":[{"id":538,"href":"https:\/\/webmaibinh.com\/w\/edu92011\/wp-json\/wp\/v2\/pages\/212\/revisions\/538"}],"up":[{"embeddable":true,"href":"https:\/\/webmaibinh.com\/w\/edu92011\/wp-json\/wp\/v2\/pages\/54"}],"wp:featuredmedia":[{"embeddable":true,"href":"https:\/\/webmaibinh.com\/w\/edu92011\/wp-json\/wp\/v2\/media\/263"}],"wp:attachment":[{"href":"https:\/\/webmaibinh.com\/w\/edu92011\/wp-json\/wp\/v2\/media?parent=212"}],"curies":[{"name":"wp","href":"https:\/\/api.w.org\/{rel}","templated":true}]}}