{"id":208,"date":"2019-08-30T17:40:45","date_gmt":"2019-08-30T10:40:45","guid":{"rendered":"http:\/\/edu10.w2steam.com\/?page_id=208"},"modified":"2019-09-01T10:54:42","modified_gmt":"2019-09-01T03:54:42","slug":"chien-dich-xanh-cuu-canh-me-bim","status":"publish","type":"page","link":"https:\/\/webmaibinh.com\/w\/edu92011\/khoa-hoc\/chien-dich-xanh-cuu-canh-me-bim\/","title":{"rendered":"Chi\u1ebfn d\u1ecbch xanh &#8211; c\u1ee9u c\u00e1nh m\u1eb9 b\u1ec9m"},"content":{"rendered":"<p>N\u1ed9i dung \u0111ang c\u1eadp nh\u1eadt&#8230;<\/p>\n","protected":false},"excerpt":{"rendered":"<p>N\u1ebfu c\u00e1c b\u1ea1n B\u00c1N \u0110\u01af\u1ee2C H\u00c0NG v\u00e0 qua \u0111\u01b0\u1ee3c kho\u00e1 hu\u1ea5n luy\u1ec7n n\u00e0y, c\u00e1c b\u1ea1n s\u1ebd CH\u00cdNH TH\u1ee8C \u0111\u01b0\u1ee3c v\u00e0o Group N\u1ed9i b\u1ed9 v\u00e0 \u0111\u01b0\u1ee3c l\u00e0 th\u00e0nh vi\u00ean ch\u00ednh th\u1ee9c.<\/p>\n","protected":false},"author":1,"featured_media":238,"parent":54,"menu_order":0,"comment_status":"closed","ping_status":"closed","template":"","meta":[],"_links":{"self":[{"href":"https:\/\/webmaibinh.com\/w\/edu92011\/wp-json\/wp\/v2\/pages\/208"}],"collection":[{"href":"https:\/\/webmaibinh.com\/w\/edu92011\/wp-json\/wp\/v2\/pages"}],"about":[{"href":"https:\/\/webmaibinh.com\/w\/edu92011\/wp-json\/wp\/v2\/types\/page"}],"author":[{"embeddable":true,"href":"https:\/\/webmaibinh.com\/w\/edu92011\/wp-json\/wp\/v2\/users\/1"}],"replies":[{"embeddable":true,"href":"https:\/\/webmaibinh.com\/w\/edu92011\/wp-json\/wp\/v2\/comments?post=208"}],"version-history":[{"count":2,"href":"https:\/\/webmaibinh.com\/w\/edu92011\/wp-json\/wp\/v2\/pages\/208\/revisions"}],"predecessor-version":[{"id":916,"href":"https:\/\/webmaibinh.com\/w\/edu92011\/wp-json\/wp\/v2\/pages\/208\/revisions\/916"}],"up":[{"embeddable":true,"href":"https:\/\/webmaibinh.com\/w\/edu92011\/wp-json\/wp\/v2\/pages\/54"}],"wp:featuredmedia":[{"embeddable":true,"href":"https:\/\/webmaibinh.com\/w\/edu92011\/wp-json\/wp\/v2\/media\/238"}],"wp:attachment":[{"href":"https:\/\/webmaibinh.com\/w\/edu92011\/wp-json\/wp\/v2\/media?parent=208"}],"curies":[{"name":"wp","href":"https:\/\/api.w.org\/{rel}","templated":true}]}}