{"id":204,"date":"2019-08-30T17:40:15","date_gmt":"2019-08-30T10:40:15","guid":{"rendered":"http:\/\/edu10.w2steam.com\/?page_id=204"},"modified":"2019-09-01T10:55:04","modified_gmt":"2019-09-01T03:55:04","slug":"dao-tao-thuc-chien-ban-le","status":"publish","type":"page","link":"https:\/\/webmaibinh.com\/w\/edu92011\/khoa-hoc\/dao-tao-thuc-chien-ban-le\/","title":{"rendered":"Kh\u00f3a h\u1ecdc \u0111\u00e0o t\u1ea1o th\u1ef1c chi\u1ebfn b\u00e1n l\u1ebb"},"content":{"rendered":"<p>N\u1ed9i dung \u0111ang c\u1eadp nh\u1eadt&#8230;<\/p>\n","protected":false},"excerpt":{"rendered":"<p>Nh\u1eefng b\u00ed k\u00edp th\u1ef1c chi\u1ebfn nh\u1ea5t ra \u0111\u01b0\u1ee3c \u0111\u01a1n l\u1ebb m\u1ed7i ng\u00e0y. Thi\u1ebft l\u1eadp T\u01b0 duy b\u00e1n h\u00e0ng. C\u00e1ch vi\u1ebft content b\u00e1n l\u1ebb si\u00eau \u0111\u1ec9nh v\u00e0 ch\u1ed1t kh\u00e1ch ngay tr\u00ean content.<\/p>\n","protected":false},"author":1,"featured_media":231,"parent":54,"menu_order":0,"comment_status":"closed","ping_status":"closed","template":"","meta":[],"_links":{"self":[{"href":"https:\/\/webmaibinh.com\/w\/edu92011\/wp-json\/wp\/v2\/pages\/204"}],"collection":[{"href":"https:\/\/webmaibinh.com\/w\/edu92011\/wp-json\/wp\/v2\/pages"}],"about":[{"href":"https:\/\/webmaibinh.com\/w\/edu92011\/wp-json\/wp\/v2\/types\/page"}],"author":[{"embeddable":true,"href":"https:\/\/webmaibinh.com\/w\/edu92011\/wp-json\/wp\/v2\/users\/1"}],"replies":[{"embeddable":true,"href":"https:\/\/webmaibinh.com\/w\/edu92011\/wp-json\/wp\/v2\/comments?post=204"}],"version-history":[{"count":2,"href":"https:\/\/webmaibinh.com\/w\/edu92011\/wp-json\/wp\/v2\/pages\/204\/revisions"}],"predecessor-version":[{"id":919,"href":"https:\/\/webmaibinh.com\/w\/edu92011\/wp-json\/wp\/v2\/pages\/204\/revisions\/919"}],"up":[{"embeddable":true,"href":"https:\/\/webmaibinh.com\/w\/edu92011\/wp-json\/wp\/v2\/pages\/54"}],"wp:featuredmedia":[{"embeddable":true,"href":"https:\/\/webmaibinh.com\/w\/edu92011\/wp-json\/wp\/v2\/media\/231"}],"wp:attachment":[{"href":"https:\/\/webmaibinh.com\/w\/edu92011\/wp-json\/wp\/v2\/media?parent=204"}],"curies":[{"name":"wp","href":"https:\/\/api.w.org\/{rel}","templated":true}]}}