{"id":81,"date":"2019-07-10T17:07:27","date_gmt":"2019-07-10T09:07:27","guid":{"rendered":"http:\/\/edu8.w2steam.com\/?page_id=81"},"modified":"2019-07-11T19:19:11","modified_gmt":"2019-07-11T11:19:11","slug":"idp-tu-van-du-hoc","status":"publish","type":"page","link":"https:\/\/webmaibinh.com\/w\/edu72011\/idp-tu-van-du-hoc\/","title":{"rendered":"IDP t\u01b0 v\u1ea5n du h\u1ecdc"},"content":{"rendered":"\t<div class=\"img has-hover x md-x lg-x y md-y lg-y\" id=\"image_155113777\">\n\t\t\t\t\t\t\t\t<div class=\"img-inner dark\" >\n\t\t\t<img width=\"1365\" height=\"600\" src=\"https:\/\/webmaibinh.com\/w\/edu72011\/wp-content\/uploads\/2019\/07\/banner-5-1.jpg\" class=\"attachment-original size-original\" alt=\"\" loading=\"lazy\" srcset=\"https:\/\/webmaibinh.com\/w\/edu72011\/wp-content\/uploads\/2019\/07\/banner-5-1.jpg 1365w, https:\/\/webmaibinh.com\/w\/edu72011\/wp-content\/uploads\/2019\/07\/banner-5-1-300x132.jpg 300w, https:\/\/webmaibinh.com\/w\/edu72011\/wp-content\/uploads\/2019\/07\/banner-5-1-768x338.jpg 768w, https:\/\/webmaibinh.com\/w\/edu72011\/wp-content\/uploads\/2019\/07\/banner-5-1-1024x450.jpg 1024w\" sizes=\"(max-width: 1365px) 100vw, 1365px\" \/>\t\t\t\t\t\t\n\t\t\t\t\t<\/div>\n\t\t\t\t\t\t\t\t\n<style>\n#image_155113777 {\n  width: 100%;\n}\n<\/style>\n\t<\/div>\n\t\n\t<section class=\"section\" id=\"section_682876206\">\n\t\t<div class=\"bg section-bg fill bg-fill  bg-loaded\" >\n\n\t\t\t\n\t\t\t\n\t\t\t\n\n\t\t<\/div>\n\n\t\t<div class=\"section-content relative\">\n\t\t\t\n<div class=\"row\" style=\"max-width:1000px\" id=\"row-1861855964\">\n\n\t<div id=\"col-428507528\" class=\"col small-12 large-12\"  >\n\t\t<div class=\"col-inner\"  >\n\t\t\t\n\t\t\t\n<h2 class=\"title\"><span style=\"font-size: 130%;\">T\u01af V\u1ea4N DU H\u1eccC T\u1ea0I ACET<\/span><\/h2>\n<ul class=\"dang-ky-thi\">\n<li>Du h\u1ecdc c\u00f9ng ACET<\/li>\n<li><a href=\"\/thi-ielts-tai-adp\/\/\" target=\"blank\" rel=\"noopener noreferrer\">Thi IELTS c\u00f9ng ACET<\/a><\/li>\n<\/ul>\n<p><span style=\"font-size: 95%;\">IDP (IDP Education) l\u00e0 t\u1ed5 ch\u1ee9c gi\u00e1o d\u1ee5c h\u00e0ng \u0111\u1ea7u th\u1ebf gi\u1edbi do 38 tr\u01b0\u1eddng \u0111\u1ea1i h\u1ecdc c\u1ee7a Australia th\u00e0nh l\u1eadp v\u00e0o n\u0103m 1969 v\u1edbi h\u1ec7 th\u1ed1ng h\u01a1n 80 v\u0103n ph\u00f2ng ho\u1ea1t \u0111\u1ed9ng t\u1ea1i g\u1ea7n 30 qu\u1ed1c gia tr\u00ean th\u1ebf gi\u1edbi. IDP hi\u1ec7n l\u00e0 \u0111\u1ea1i di\u1ec7n cho h\u01a1n 600 c\u01a1 s\u1edf gi\u00e1o d\u1ee5c \u0111\u00e0o t\u1ea1o bao g\u1ed3m c\u00e1c kh\u00f3a \u0111\u00e0o t\u1ea1o Anh ng\u1eef, c\u00e1c kh\u00f3a \u0111\u00e0o t\u1ea1o ngh\u1ec1, c\u00e1c b\u1eadc h\u1ecdc Trung h\u1ecdc, Cao \u0111\u1eb3ng, \u0110\u1ea1i h\u1ecdc v\u00e0 Sau \u0111\u1ea1i h\u1ecdc.<\/span><\/p>\n<div class=\"row\"  id=\"row-46152759\">\n\n\t<div id=\"col-1624033105\" class=\"col medium-6 small-12 large-6\"  >\n\t\t<div class=\"col-inner\"  >\n\t\t\t\n\t\t\t\n\t<div class=\"img has-hover x md-x lg-x y md-y lg-y\" id=\"image_359482571\">\n\t\t\t\t\t\t\t\t<div class=\"img-inner dark\" >\n\t\t\t<img width=\"571\" height=\"383\" src=\"https:\/\/webmaibinh.com\/w\/edu72011\/wp-content\/uploads\/2019\/07\/IDP.jpg\" class=\"attachment-original size-original\" alt=\"\" loading=\"lazy\" srcset=\"https:\/\/webmaibinh.com\/w\/edu72011\/wp-content\/uploads\/2019\/07\/IDP.jpg 571w, https:\/\/webmaibinh.com\/w\/edu72011\/wp-content\/uploads\/2019\/07\/IDP-300x201.jpg 300w\" sizes=\"(max-width: 571px) 100vw, 571px\" \/>\t\t\t\t\t\t\n\t\t\t\t\t<\/div>\n\t\t\t\t\t\t\t\t\n<style>\n#image_359482571 {\n  width: 100%;\n}\n<\/style>\n\t<\/div>\n\t\n\t\t<\/div>\n\t\t\t<\/div>\n\n\t\n\n\t<div id=\"col-1204382592\" class=\"col medium-6 small-12 large-6\"  >\n\t\t<div class=\"col-inner text-center\"  >\n\t\t\t\n\t\t\t\n\t<div class=\"img has-hover x md-x lg-x y md-y lg-y\" id=\"image_1911620047\">\n\t\t\t\t\t\t\t\t<div class=\"img-inner dark\" >\n\t\t\t<img width=\"149\" height=\"82\" src=\"https:\/\/webmaibinh.com\/w\/edu72011\/wp-content\/uploads\/2019\/07\/partner1.png\" class=\"attachment-original size-original\" alt=\"\" loading=\"lazy\" \/>\t\t\t\t\t\t\n\t\t\t\t\t<\/div>\n\t\t\t\t\t\t\t\t\n<style>\n#image_1911620047 {\n  width: 45%;\n}\n<\/style>\n\t<\/div>\n\t\n<div class=\"img\" style=\"text-align: center;\"><span style=\"font-size: 95%;\">L\u00e0 nh\u00e0 tuy\u1ec3n d\u1ee5ng h\u1ecdc sinh, sinh vi\u00ean l\u1edbn nh\u1ea5t cho c\u00e1c tr\u01b0\u1eddng c\u1ee7a Australia, h\u00e0ng n\u0103m, IDP \u0111\u00e3 gi\u00fap cho h\u00e0ng tr\u0103m ng\u00e0n sinh vi\u00ean qu\u1ed1c t\u1ebf \u0111\u1ebfn Australia du h\u1ecdc. C\u00f3 m\u1eb7t t\u1ea1i Vi\u1ec7t Nam t\u1eeb n\u0103m 1996, IDP hi\u1ec7n \u0111ang d\u1eabn \u0111\u1ea7u trong l\u00e3nh v\u1ef1c cung c\u1ea5p c\u00e1c d\u1ecbch v\u1ee5 gi\u00e1o d\u1ee5c Australia t\u1ea1i Vi\u1ec7t Nam.<\/span><\/div>\n\t\t<\/div>\n\t\t\t<\/div>\n\n\t\n\n\t<div id=\"col-1082033484\" class=\"col small-12 large-12\"  >\n\t\t<div class=\"col-inner text-center\"  >\n\t\t\t\n\t\t\t\n<p style=\"text-align: left;\"><span style=\"font-size: 95%;\">Ngo\u00e0i ra, IDP c\u00f2n l\u00e0 m\u1ed9t trong c\u00e1c t\u1ed5 ch\u1ee9c ho\u1ea1t \u0111\u1ed9ng t\u00edch c\u1ef1c nh\u1ea5t trong vi\u1ec7c \u0111i\u1ec1u ph\u1ed1i v\u00e0 qu\u1ea3n l\u00fd c\u00e1c ch\u01b0\u01a1ng tr\u00ecnh h\u1ecdc b\u1ed5ng du h\u1ecdc to\u00e0n ph\u1ea7n v\u00e0 b\u00e1n ph\u1ea7n c\u1ee7a c\u00e1c tr\u01b0\u1eddng Australia d\u00e0nh cho h\u1ecdc sinh v\u00e0 sinh vi\u00ean Vi\u1ec7t Nam.<\/span><\/p>\n<hr \/>\n<p style=\"text-align: left;\"><span style=\"font-size: 95%;\"><img loading=\"lazy\" class=\"size-full wp-image-1309 alignleft\" src=\"http:\/\/edu8.w2steam.com\/wp-content\/uploads\/2019\/07\/icon-chung-chi.png\" alt=\"\" width=\"61\" height=\"81\" \/>Ngo\u00e0i ra, IDP c\u00f2n l\u00e0 m\u1ed9t trong c\u00e1c t\u1ed5 ch\u1ee9c ho\u1ea1t \u0111\u1ed9ng t\u00edch c\u1ef1c nh\u1ea5t trong vi\u1ec7c \u0111i\u1ec1u ph\u1ed1i v\u00e0 qu\u1ea3n l\u00fd c\u00e1c ch\u01b0\u01a1ng tr\u00ecnh h\u1ecdc b\u1ed5ng du h\u1ecdc to\u00e0n ph\u1ea7n v\u00e0 b\u00e1n ph\u1ea7n c\u1ee7a c\u00e1c tr\u01b0\u1eddng Australia d\u00e0nh cho h\u1ecdc sinh v\u00e0 sinh vi\u00ean Vi\u1ec7t Nam.<\/span><\/p>\n<hr \/>\n<p style=\"text-align: left;\"><span style=\"font-size: 95%;\">\u0110\u01b0\u1ee3c th\u00e0nh l\u1eadp t\u1eeb n\u0103m 2002 t\u1ea1i H\u00e0 N\u1ed9i v\u00e0 Tp. H\u1ed3 Ch\u00ed Minh, ACET l\u00e0 d\u1ef1 \u00e1n h\u1ee3p t\u00e1c gi\u1eefa T\u1ed5 ch\u1ee9c Gi\u00e1o d\u1ee5c IDP (www.idp.com\/vietnam) v\u00e0 H\u1ecdc vi\u00ean UTS:INSEARCH (www.insearch.edu.au), tr\u01b0\u1eddng \u0110\u1ea1i h\u1ecdc C\u00f4ng ngh\u1ec7 Sydney. V\u1edbi h\u01a1n 14 n\u0103m danh ti\u1ebfng trong \u0111\u00e0o t\u1ea1o Anh ng\u1eef H\u1ecdc thu\u1eadt v\u00e0 Luy\u1ec7n thi IELTS v\u00e0 l\u00e0 trung t\u00e2m ti\u1ebfng Anh \u0111\u1ea7u ti\u00ean \u0111\u01b0a ch\u01b0\u01a1ng tr\u00ecnh Anh Ng\u1eef H\u1ecdc Thu\u1eadt v\u00e0o gi\u1ea3ng d\u1ea1y t\u1ea1i Vi\u1ec7t Nam, ACET lu\u00f4n t\u1ef1 h\u00e0o \u0111\u00e3 mang l\u1ea1i th\u00e0nh c\u00f4ng cho h\u00e0ng ng\u00e0n h\u1ecdc vi\u00ean Vi\u1ec7t Nam, gi\u00fap h\u1ecd th\u00e0nh c\u00f4ng trong k\u1ef3 thi IELTS v\u00e0 t\u1ef1 tin v\u00e0o kh\u1ea3 n\u0103ng Anh ng\u1eef \u0111\u1ec3 s\u1eb5n s\u00e0ng cho vi\u1ec7c du h\u1ecdc, h\u1ecdc t\u1eadp c\u00e1c ch\u01b0\u01a1ng tr\u00ecnh qu\u1ed1c t\u1ebf ho\u1eb7c l\u00e0m vi\u1ec7c t\u1ea1i c\u00e1c c\u00f4ng ty \u0111a qu\u1ed1c gia.<\/span><\/p>\n<a href=\"#\" target=\"_self\" class=\"button primary lowercase nut-xem-tat-ca\"  style=\"border-radius:99px;\">\n    <span>\u0110\u1ebfn website IDP<\/span>\n  <i class=\"icon-angle-right\" ><\/i><\/a>\n\n\t\t<\/div>\n\t\t\t<\/div>\n\n\t\n<\/div>\n\t\t<\/div>\n\t\t\t<\/div>\n\n\t\n<\/div>\n\t\t<\/div>\n\n\t\t\n<style>\n#section_682876206 {\n  padding-top: 30px;\n  padding-bottom: 30px;\n}\n<\/style>\n\t<\/section>\n\t\n\t<section class=\"section dang-ky-section\" id=\"section_1287444349\">\n\t\t<div class=\"bg section-bg fill bg-fill  \" >\n\n\t\t\t\n\t\t\t\n\t\t\t\n\n\t\t<\/div>\n\n\t\t<div class=\"section-content relative\">\n\t\t\t\n<div class=\"row\"  id=\"row-20747301\">\n\n\t<div id=\"col-1177905618\" class=\"col medium-6 small-12 large-6\"  >\n\t\t<div class=\"col-inner\"  >\n\t\t\t\n\t\t\t\n\t\t<\/div>\n\t\t\t<\/div>\n\n\t\n\n\t<div id=\"col-593831213\" class=\"col medium-6 small-12 large-6\"  >\n\t\t<div class=\"col-inner\"  >\n\t\t\t\n\t\t\t\n<h3><span style=\"font-size: 140%;\">Ki\u1ec3m tra ti\u1ebfng Anh tr\u1ef1c tuy\u1ebfn<\/span><\/h3>\n<h5>B\u1ea1n \u0111\u00e3 bi\u1ebft tr\u00ecnh \u0111\u1ed9 ti\u1ebfng Anh hi\u1ec7n t\u1ea1i c\u1ee7a m\u00ecnh ch\u01b0a?<\/h5>\n<a href=\"\/kiem-tra-trinh-do\/\" target=\"_self\" class=\"button primary lowercase nut-xem-tat-ca\"  style=\"border-radius:99px;\">\n    <span>B\u1eaft \u0111\u1ea7u l\u00e0m b\u00e0i ki\u1ec3m tra<\/span>\n  <i class=\"icon-angle-right\" ><\/i><\/a>\n\n\t\t<\/div>\n\t\t\t<\/div>\n\n\t\n<\/div>\n\t\t<\/div>\n\n\t\t\n<style>\n#section_1287444349 {\n  padding-top: 30px;\n  padding-bottom: 30px;\n}\n#section_1287444349 .section-bg.bg-loaded {\n  background-image: url(https:\/\/webmaibinh.com\/w\/edu72011\/wp-content\/uploads\/2019\/07\/testonline-adv.jpg);\n}\n<\/style>\n\t<\/section>\n\t\n\t<section class=\"section form-dang-ky-row\" id=\"section_971329616\">\n\t\t<div class=\"bg section-bg fill bg-fill  bg-loaded\" >\n\n\t\t\t\n\t\t\t\n\t\t\t\n\n\t\t<\/div>\n\n\t\t<div class=\"section-content relative\">\n\t\t\t\n<div class=\"row\"  id=\"row-1728392195\">\n\n\t<div id=\"col-1044756244\" class=\"col small-12 large-12\"  >\n\t\t<div class=\"col-inner text-center\"  >\n\t\t\t\n\t\t\t\n<h2 style=\"text-align: center;\"><strong><span style=\"color: #ed1c24; font-size: 130%;\">Nh\u1eadn t\u01b0 v\u1ea5n l\u1ed9 tr\u00ecnh t\u1eeb ACET<\/span><\/strong><\/h2>\n<p style=\"text-align: center;\">H\u00e3y \u0111\u1ec3 l\u1ea1i th\u00f4ng tin, t\u01b0 v\u1ea5n vi\u00ean c\u1ee7a ACET s\u1ebd li\u00ean l\u1ea1c v\u1edbi b\u1ea1n trong th\u1eddi gian s\u1edbm nh\u1ea5t.<\/p>\n<div role=\"form\" class=\"wpcf7\" id=\"wpcf7-f832-o1\" lang=\"vi\" dir=\"ltr\">\n<div class=\"screen-reader-response\"><p role=\"status\" aria-live=\"polite\" aria-atomic=\"true\"><\/p> <ul><\/ul><\/div>\n<form action=\"\/w\/edu72011\/wp-json\/wp\/v2\/pages\/81#wpcf7-f832-o1\" method=\"post\" class=\"wpcf7-form init\" novalidate=\"novalidate\" data-status=\"init\">\n<div style=\"display: none;\">\n<input type=\"hidden\" name=\"_wpcf7\" value=\"832\" \/>\n<input type=\"hidden\" name=\"_wpcf7_version\" value=\"5.3\" \/>\n<input type=\"hidden\" name=\"_wpcf7_locale\" value=\"vi\" \/>\n<input type=\"hidden\" name=\"_wpcf7_unit_tag\" value=\"wpcf7-f832-o1\" \/>\n<input type=\"hidden\" name=\"_wpcf7_container_post\" value=\"0\" \/>\n<input type=\"hidden\" name=\"_wpcf7_posted_data_hash\" value=\"\" \/>\n<\/div>\n<div class=\"form-dang-ky\">\n<label>Th\u00f4ng tin c\u01a1 b\u1ea3n<\/label><br \/>\n<span class=\"wpcf7-form-control-wrap text-437\"><input type=\"text\" name=\"text-437\" value=\"\" size=\"40\" class=\"wpcf7-form-control wpcf7-text wpcf7-validates-as-required\" aria-required=\"true\" aria-invalid=\"false\" placeholder=\"H\u1ecd v\u00e0 t\u00ean...\" \/><\/span><br \/>\n<span class=\"wpcf7-form-control-wrap tel-193\"><input type=\"tel\" name=\"tel-193\" value=\"\" size=\"40\" class=\"wpcf7-form-control wpcf7-text wpcf7-tel wpcf7-validates-as-required wpcf7-validates-as-tel\" aria-required=\"true\" aria-invalid=\"false\" placeholder=\"S\u1ed1 \u0111i\u1ec7n tho\u1ea1i...\" \/><\/span><br \/>\n<label>L\u1ef1a ch\u1ecdn<\/label><\/p>\n<div class=\"row-form\">\n<div class=\"left\">\n<span class=\"wpcf7-form-control-wrap menu-714\"><select name=\"menu-714\" class=\"wpcf7-form-control wpcf7-select\" aria-invalid=\"false\"><option value=\"Khu v\u1ef1c\">Khu v\u1ef1c<\/option><option value=\"H\u00e0 N\u1ed9i\">H\u00e0 N\u1ed9i<\/option><option value=\"Tp. H\u1ed3 Ch\u00ed Minh\">Tp. H\u1ed3 Ch\u00ed Minh<\/option><\/select><\/span>\n<\/div>\n<div class=\"right\">\n<span class=\"wpcf7-form-control-wrap text-3656\"><input type=\"text\" name=\"text-3656\" value=\"\" size=\"40\" class=\"wpcf7-form-control wpcf7-text\" aria-invalid=\"false\" placeholder=\"\u0110\u1ed9 tu\u1ed5i\" \/><\/span>\n<\/div>\n<\/div>\n<p><input type=\"submit\" value=\"G\u1eedi th\u00f4ng tin\" class=\"wpcf7-form-control wpcf7-submit\" \/>\n<\/p><\/div>\n<div class=\"wpcf7-response-output\" aria-hidden=\"true\"><\/div><\/form><\/div>\n\t\t<\/div>\n\t\t\t<\/div>\n\n\t\n<\/div>\n\t\t<\/div>\n\n\t\t\n<style>\n#section_971329616 {\n  padding-top: 30px;\n  padding-bottom: 30px;\n  background-color: rgb(247, 247, 247);\n}\n<\/style>\n\t<\/section>\n\t\n","protected":false},"excerpt":{"rendered":"","protected":false},"author":1,"featured_media":0,"parent":0,"menu_order":0,"comment_status":"closed","ping_status":"closed","template":"page-transparent-header.php","meta":[],"_links":{"self":[{"href":"https:\/\/webmaibinh.com\/w\/edu72011\/wp-json\/wp\/v2\/pages\/81"}],"collection":[{"href":"https:\/\/webmaibinh.com\/w\/edu72011\/wp-json\/wp\/v2\/pages"}],"about":[{"href":"https:\/\/webmaibinh.com\/w\/edu72011\/wp-json\/wp\/v2\/types\/page"}],"author":[{"embeddable":true,"href":"https:\/\/webmaibinh.com\/w\/edu72011\/wp-json\/wp\/v2\/users\/1"}],"replies":[{"embeddable":true,"href":"https:\/\/webmaibinh.com\/w\/edu72011\/wp-json\/wp\/v2\/comments?post=81"}],"version-history":[{"count":0,"href":"https:\/\/webmaibinh.com\/w\/edu72011\/wp-json\/wp\/v2\/pages\/81\/revisions"}],"wp:attachment":[{"href":"https:\/\/webmaibinh.com\/w\/edu72011\/wp-json\/wp\/v2\/media?parent=81"}],"curies":[{"name":"wp","href":"https:\/\/api.w.org\/{rel}","templated":true}]}}