{"id":79,"date":"2019-07-10T17:07:16","date_gmt":"2019-07-10T09:07:16","guid":{"rendered":"http:\/\/edu8.w2steam.com\/?page_id=79"},"modified":"2019-07-11T19:11:36","modified_gmt":"2019-07-11T11:11:36","slug":"thi-ielts-tai-adp","status":"publish","type":"page","link":"https:\/\/webmaibinh.com\/w\/edu72011\/thi-ielts-tai-adp\/","title":{"rendered":"Thi IELTS t\u1ea1i ADP"},"content":{"rendered":"\t<div class=\"img has-hover x md-x lg-x y md-y lg-y\" id=\"image_1685178540\">\n\t\t\t\t\t\t\t\t<div class=\"img-inner dark\" >\n\t\t\t<img width=\"1920\" height=\"843\" src=\"https:\/\/webmaibinh.com\/w\/edu72011\/wp-content\/uploads\/2019\/07\/bannerSS-1920x843.jpg\" class=\"attachment-original size-original\" alt=\"\" loading=\"lazy\" srcset=\"https:\/\/webmaibinh.com\/w\/edu72011\/wp-content\/uploads\/2019\/07\/bannerSS-1920x843.jpg 1920w, https:\/\/webmaibinh.com\/w\/edu72011\/wp-content\/uploads\/2019\/07\/bannerSS-1920x843-300x132.jpg 300w, https:\/\/webmaibinh.com\/w\/edu72011\/wp-content\/uploads\/2019\/07\/bannerSS-1920x843-768x337.jpg 768w, https:\/\/webmaibinh.com\/w\/edu72011\/wp-content\/uploads\/2019\/07\/bannerSS-1920x843-1024x450.jpg 1024w\" sizes=\"(max-width: 1920px) 100vw, 1920px\" \/>\t\t\t\t\t\t\n\t\t\t\t\t<\/div>\n\t\t\t\t\t\t\t\t\n<style>\n#image_1685178540 {\n  width: 100%;\n}\n<\/style>\n\t<\/div>\n\t\n\t<section class=\"section\" id=\"section_1202910926\">\n\t\t<div class=\"bg section-bg fill bg-fill  bg-loaded\" >\n\n\t\t\t\n\t\t\t\n\t\t\t\n\n\t\t<\/div>\n\n\t\t<div class=\"section-content relative\">\n\t\t\t\n<div class=\"row\" style=\"max-width:1000px\" id=\"row-91438304\">\n\n\t<div id=\"col-2114644858\" class=\"col small-12 large-12\"  >\n\t\t<div class=\"col-inner\"  >\n\t\t\t\n\t\t\t\n<h2 class=\"title\"><span style=\"font-size: 130%;\">\u0110\u0102NG K\u00dd THI IELTS T\u1ea0I IDP<\/span><\/h2>\n<ul class=\"dang-ky-thi\">\n<li>\u0110\u0103ng k\u00fd thi IELTS t\u1ea1i IDP<\/li>\n<li><a href=\"\/du-hoc-cung-idp-education\/\" target=\"blank\" rel=\"noopener noreferrer\">T\u01b0 v\u1ea5n du h\u1ecdc c\u00f9ng ACET<\/a><\/li>\n<\/ul>\n<p><span style=\"font-size: 95%;\">ACET hi\u1ec7n l\u00e0 \u0111\u1ea1i di\u1ec7n ch\u00ednh th\u1ee9c nh\u1eadn \u0111\u0103ng k\u00fd thi IELTS t\u1ea1i IDP \u2013 \u0111\u01a1n v\u1ecb s\u1edf h\u1eefu v\u00e0 t\u1ed5 ch\u1ee9c k\u1ef3 thi IELTS tr\u00ean to\u00e0n th\u1ebf gi\u1edbi. Ngo\u00e0i nh\u1eefng \u01b0u \u0111\u00e3i \u0111\u1eb7c bi\u1ec7t d\u00e0nh cho h\u1ecdc vi\u00ean ACET khi \u0111\u0103ng k\u00fd thi IELTS t\u1ea1i ACET, ch\u00fang t\u00f4i s\u1ebd ho\u00e0n th\u00e0nh c\u00e1c th\u1ee7 t\u1ee5c nh\u01b0 \u0111\u1eb7t ch\u1ed7, \u0111\u0103ng k\u00fd v\u00e0 l\u00e0m th\u1ee7 t\u1ee5c thi, gi\u00fap th\u00ed sinh gi\u1ea3i quy\u1ebft c\u00e1c th\u1eafc m\u1eafc tr\u01b0\u1edbc v\u00e0 sau khi l\u00e0m b\u00e0i thi nh\u1eb1m t\u1ea1o s\u1ef1 thu\u1eadn l\u1ee3i, ti\u1ebft ki\u1ec7m th\u1eddi gian di chuy\u1ec3n c\u00f9ng nh\u1eefng ch\u01b0\u01a1ng tr\u00ecnh h\u1ed7 tr\u1ee3 \u00f4n luy\u1ec7n hi\u1ec7u qu\u1ea3 t\u1eeb ACET.<\/span><\/p>\n<div class=\"row\"  id=\"row-1684428537\">\n\n\t<div id=\"col-801629548\" class=\"col medium-6 small-12 large-6\"  >\n\t\t<div class=\"col-inner text-center\"  >\n\t\t\t\n\t\t\t\n\t<div class=\"img has-hover x md-x lg-x y md-y lg-y\" id=\"image_634201802\">\n\t\t\t\t\t\t\t\t<div class=\"img-inner dark\" >\n\t\t\t<img width=\"187\" height=\"100\" src=\"https:\/\/webmaibinh.com\/w\/edu72011\/wp-content\/uploads\/2019\/07\/IETLS-logo.png\" class=\"attachment-original size-original\" alt=\"\" loading=\"lazy\" \/>\t\t\t\t\t\t\n\t\t\t\t\t<\/div>\n\t\t\t\t\t\t\t\t\n<style>\n#image_634201802 {\n  width: 45%;\n}\n<\/style>\n\t<\/div>\n\t\n<div class=\"img\"><span style=\"color: #555555; font-size: 14.4px;\">Nh\u1eefng \u0111i\u1ec1u c\u1ea7n bi\u1ebft khi \u0111\u0103ng k\u00fd thi IELTS t\u1ea1i IDP Vi\u1ec7t Nam, c\u00e1c b\u1ea1n vui l\u00f2ng truy c\u1eadp v\u00e0o Website ch\u00ednh th\u1ee9c c\u1ee7a IDP.<\/span><\/div>\n\t\t<\/div>\n\t\t\t<\/div>\n\n\t\n\n\t<div id=\"col-197275187\" class=\"col medium-6 small-12 large-6\"  >\n\t\t<div class=\"col-inner\"  >\n\t\t\t\n\t\t\t\n\t<div class=\"img has-hover x md-x lg-x y md-y lg-y\" id=\"image_850943426\">\n\t\t\t\t\t\t\t\t<div class=\"img-inner dark\" >\n\t\t\t<img width=\"571\" height=\"383\" src=\"https:\/\/webmaibinh.com\/w\/edu72011\/wp-content\/uploads\/2019\/07\/Pic-content.jpg\" class=\"attachment-original size-original\" alt=\"\" loading=\"lazy\" srcset=\"https:\/\/webmaibinh.com\/w\/edu72011\/wp-content\/uploads\/2019\/07\/Pic-content.jpg 571w, https:\/\/webmaibinh.com\/w\/edu72011\/wp-content\/uploads\/2019\/07\/Pic-content-300x201.jpg 300w\" sizes=\"(max-width: 571px) 100vw, 571px\" \/>\t\t\t\t\t\t\n\t\t\t\t\t<\/div>\n\t\t\t\t\t\t\t\t\n<style>\n#image_850943426 {\n  width: 100%;\n}\n<\/style>\n\t<\/div>\n\t\n\t\t<\/div>\n\t\t\t<\/div>\n\n\t\n\n\t<div id=\"col-513229688\" class=\"col small-12 large-12\"  >\n\t\t<div class=\"col-inner text-center\"  >\n\t\t\t\n\t\t\t\n<a href=\"#\" target=\"_self\" class=\"button primary lowercase nut-xem-tat-ca\"  style=\"border-radius:99px;\">\n    <span>\u0110\u0103ng k\u00fd thi IELTS t\u1ea1i DIP<\/span>\n  <\/a>\n\n\t\t<\/div>\n\t\t\t<\/div>\n\n\t\n<\/div>\n\t\t<\/div>\n\t\t\t<\/div>\n\n\t\n<\/div>\n\t\t<\/div>\n\n\t\t\n<style>\n#section_1202910926 {\n  padding-top: 30px;\n  padding-bottom: 30px;\n}\n<\/style>\n\t<\/section>\n\t\n\t<section class=\"section dang-ky-section\" id=\"section_1311235852\">\n\t\t<div class=\"bg section-bg fill bg-fill  \" >\n\n\t\t\t\n\t\t\t\n\t\t\t\n\n\t\t<\/div>\n\n\t\t<div class=\"section-content relative\">\n\t\t\t\n<div class=\"row\"  id=\"row-1067470929\">\n\n\t<div id=\"col-1016955724\" class=\"col medium-6 small-12 large-6\"  >\n\t\t<div class=\"col-inner\"  >\n\t\t\t\n\t\t\t\n\t\t<\/div>\n\t\t\t<\/div>\n\n\t\n\n\t<div id=\"col-632092543\" class=\"col medium-6 small-12 large-6\"  >\n\t\t<div class=\"col-inner\"  >\n\t\t\t\n\t\t\t\n<h3><span style=\"font-size: 140%;\">Ki\u1ec3m tra ti\u1ebfng Anh tr\u1ef1c tuy\u1ebfn<\/span><\/h3>\n<h5>B\u1ea1n \u0111\u00e3 bi\u1ebft tr\u00ecnh \u0111\u1ed9 ti\u1ebfng Anh hi\u1ec7n t\u1ea1i c\u1ee7a m\u00ecnh ch\u01b0a?<\/h5>\n<a href=\"\/kiem-tra-trinh-do\/\" target=\"_self\" class=\"button primary lowercase nut-xem-tat-ca\"  style=\"border-radius:99px;\">\n    <span>B\u1eaft \u0111\u1ea7u l\u00e0m b\u00e0i ki\u1ec3m tra<\/span>\n  <i class=\"icon-angle-right\" ><\/i><\/a>\n\n\t\t<\/div>\n\t\t\t<\/div>\n\n\t\n<\/div>\n\t\t<\/div>\n\n\t\t\n<style>\n#section_1311235852 {\n  padding-top: 30px;\n  padding-bottom: 30px;\n}\n#section_1311235852 .section-bg.bg-loaded {\n  background-image: url(https:\/\/webmaibinh.com\/w\/edu72011\/wp-content\/uploads\/2019\/07\/testonline-adv.jpg);\n}\n<\/style>\n\t<\/section>\n\t\n\t<section class=\"section form-dang-ky-row\" id=\"section_1405939767\">\n\t\t<div class=\"bg section-bg fill bg-fill  bg-loaded\" >\n\n\t\t\t\n\t\t\t\n\t\t\t\n\n\t\t<\/div>\n\n\t\t<div class=\"section-content relative\">\n\t\t\t\n<div class=\"row\"  id=\"row-554273775\">\n\n\t<div id=\"col-468984668\" class=\"col small-12 large-12\"  >\n\t\t<div class=\"col-inner text-center\"  >\n\t\t\t\n\t\t\t\n<h2 style=\"text-align: center;\"><strong><span style=\"color: #ed1c24; font-size: 130%;\">Nh\u1eadn t\u01b0 v\u1ea5n l\u1ed9 tr\u00ecnh t\u1eeb ACET<\/span><\/strong><\/h2>\n<p style=\"text-align: center;\">H\u00e3y \u0111\u1ec3 l\u1ea1i th\u00f4ng tin, t\u01b0 v\u1ea5n vi\u00ean c\u1ee7a ACET s\u1ebd li\u00ean l\u1ea1c v\u1edbi b\u1ea1n trong th\u1eddi gian s\u1edbm nh\u1ea5t.<\/p>\n<div role=\"form\" class=\"wpcf7\" id=\"wpcf7-f832-o1\" lang=\"vi\" dir=\"ltr\">\n<div class=\"screen-reader-response\"><p role=\"status\" aria-live=\"polite\" aria-atomic=\"true\"><\/p> <ul><\/ul><\/div>\n<form action=\"\/w\/edu72011\/wp-json\/wp\/v2\/pages\/79#wpcf7-f832-o1\" method=\"post\" class=\"wpcf7-form init\" novalidate=\"novalidate\" data-status=\"init\">\n<div style=\"display: none;\">\n<input type=\"hidden\" name=\"_wpcf7\" value=\"832\" \/>\n<input type=\"hidden\" name=\"_wpcf7_version\" value=\"5.3\" \/>\n<input type=\"hidden\" name=\"_wpcf7_locale\" value=\"vi\" \/>\n<input type=\"hidden\" name=\"_wpcf7_unit_tag\" value=\"wpcf7-f832-o1\" \/>\n<input type=\"hidden\" name=\"_wpcf7_container_post\" value=\"0\" \/>\n<input type=\"hidden\" name=\"_wpcf7_posted_data_hash\" value=\"\" \/>\n<\/div>\n<div class=\"form-dang-ky\">\n<label>Th\u00f4ng tin c\u01a1 b\u1ea3n<\/label><br \/>\n<span class=\"wpcf7-form-control-wrap text-437\"><input type=\"text\" name=\"text-437\" value=\"\" size=\"40\" class=\"wpcf7-form-control wpcf7-text wpcf7-validates-as-required\" aria-required=\"true\" aria-invalid=\"false\" placeholder=\"H\u1ecd v\u00e0 t\u00ean...\" \/><\/span><br \/>\n<span class=\"wpcf7-form-control-wrap tel-193\"><input type=\"tel\" name=\"tel-193\" value=\"\" size=\"40\" class=\"wpcf7-form-control wpcf7-text wpcf7-tel wpcf7-validates-as-required wpcf7-validates-as-tel\" aria-required=\"true\" aria-invalid=\"false\" placeholder=\"S\u1ed1 \u0111i\u1ec7n tho\u1ea1i...\" \/><\/span><br \/>\n<label>L\u1ef1a ch\u1ecdn<\/label><\/p>\n<div class=\"row-form\">\n<div class=\"left\">\n<span class=\"wpcf7-form-control-wrap menu-714\"><select name=\"menu-714\" class=\"wpcf7-form-control wpcf7-select\" aria-invalid=\"false\"><option value=\"Khu v\u1ef1c\">Khu v\u1ef1c<\/option><option value=\"H\u00e0 N\u1ed9i\">H\u00e0 N\u1ed9i<\/option><option value=\"Tp. H\u1ed3 Ch\u00ed Minh\">Tp. H\u1ed3 Ch\u00ed Minh<\/option><\/select><\/span>\n<\/div>\n<div class=\"right\">\n<span class=\"wpcf7-form-control-wrap text-3656\"><input type=\"text\" name=\"text-3656\" value=\"\" size=\"40\" class=\"wpcf7-form-control wpcf7-text\" aria-invalid=\"false\" placeholder=\"\u0110\u1ed9 tu\u1ed5i\" \/><\/span>\n<\/div>\n<\/div>\n<p><input type=\"submit\" value=\"G\u1eedi th\u00f4ng tin\" class=\"wpcf7-form-control wpcf7-submit\" \/>\n<\/p><\/div>\n<div class=\"wpcf7-response-output\" aria-hidden=\"true\"><\/div><\/form><\/div>\n\t\t<\/div>\n\t\t\t<\/div>\n\n\t\n<\/div>\n\t\t<\/div>\n\n\t\t\n<style>\n#section_1405939767 {\n  padding-top: 30px;\n  padding-bottom: 30px;\n  background-color: rgb(247, 247, 247);\n}\n<\/style>\n\t<\/section>\n\t\n","protected":false},"excerpt":{"rendered":"","protected":false},"author":1,"featured_media":0,"parent":0,"menu_order":0,"comment_status":"closed","ping_status":"closed","template":"page-transparent-header.php","meta":[],"_links":{"self":[{"href":"https:\/\/webmaibinh.com\/w\/edu72011\/wp-json\/wp\/v2\/pages\/79"}],"collection":[{"href":"https:\/\/webmaibinh.com\/w\/edu72011\/wp-json\/wp\/v2\/pages"}],"about":[{"href":"https:\/\/webmaibinh.com\/w\/edu72011\/wp-json\/wp\/v2\/types\/page"}],"author":[{"embeddable":true,"href":"https:\/\/webmaibinh.com\/w\/edu72011\/wp-json\/wp\/v2\/users\/1"}],"replies":[{"embeddable":true,"href":"https:\/\/webmaibinh.com\/w\/edu72011\/wp-json\/wp\/v2\/comments?post=79"}],"version-history":[{"count":0,"href":"https:\/\/webmaibinh.com\/w\/edu72011\/wp-json\/wp\/v2\/pages\/79\/revisions"}],"wp:attachment":[{"href":"https:\/\/webmaibinh.com\/w\/edu72011\/wp-json\/wp\/v2\/media?parent=79"}],"curies":[{"name":"wp","href":"https:\/\/api.w.org\/{rel}","templated":true}]}}