{"id":63,"date":"2019-07-10T17:03:35","date_gmt":"2019-07-10T09:03:35","guid":{"rendered":"http:\/\/edu8.w2steam.com\/?page_id=63"},"modified":"2019-07-11T18:28:47","modified_gmt":"2019-07-11T10:28:47","slug":"lien-ket-truong-hoc","status":"publish","type":"page","link":"https:\/\/webmaibinh.com\/w\/edu72011\/lien-ket-truong-hoc\/","title":{"rendered":"Li\u00ean k\u1ebft tr\u01b0\u1eddng h\u1ecdc"},"content":{"rendered":"\t<div class=\"img has-hover x md-x lg-x y md-y lg-y\" id=\"image_987508454\">\n\t\t\t\t\t\t\t\t<div class=\"img-inner image-cover dark\" style=\"padding-top:28%;\">\n\t\t\t<img width=\"1920\" height=\"870\" src=\"https:\/\/webmaibinh.com\/w\/edu72011\/wp-content\/uploads\/2019\/07\/j-1-1920x870.jpg\" class=\"attachment-original size-original\" alt=\"\" loading=\"lazy\" srcset=\"https:\/\/webmaibinh.com\/w\/edu72011\/wp-content\/uploads\/2019\/07\/j-1-1920x870.jpg 1920w, https:\/\/webmaibinh.com\/w\/edu72011\/wp-content\/uploads\/2019\/07\/j-1-1920x870-300x136.jpg 300w, https:\/\/webmaibinh.com\/w\/edu72011\/wp-content\/uploads\/2019\/07\/j-1-1920x870-768x348.jpg 768w, https:\/\/webmaibinh.com\/w\/edu72011\/wp-content\/uploads\/2019\/07\/j-1-1920x870-1024x464.jpg 1024w\" sizes=\"(max-width: 1920px) 100vw, 1920px\" \/>\t\t\t\t\t\t\n\t\t\t\t\t<\/div>\n\t\t\t\t\t\t\t\t\n<style>\n#image_987508454 {\n  width: 100%;\n}\n<\/style>\n\t<\/div>\n\t\n\t<section class=\"section\" id=\"section_2055719611\">\n\t\t<div class=\"bg section-bg fill bg-fill  bg-loaded\" >\n\n\t\t\t\n\t\t\t\n\t\t\t\n\n\t\t<\/div>\n\n\t\t<div class=\"section-content relative\">\n\t\t\t\n<div class=\"row\" style=\"max-width:\" id=\"row-12496807\">\n\n\t<div id=\"col-299583913\" class=\"col small-12 large-12\"  >\n\t\t<div class=\"col-inner\"  >\n\t\t\t\n\t\t\t\n<h2><span style=\"font-size: 130%;\">Li\u00ean k\u1ebft c\u00e1c tr\u01b0\u1eddng h\u1ecdc<\/span><\/h2>\n<p><span style=\"font-size: 95%;\"> C\u00e1c ch\u01b0\u01a1ng tr\u00ecnh h\u1ecdc thu\u1eadt li\u00ean k\u1ebft c\u1ee7a ACET \u0111\u01b0\u1ee3c thi\u1ebft k\u1ebf cho c\u00e1c tr\u01b0\u1eddng h\u1ecdc, \u0111\u1ea1i h\u1ecdc d\u1ef1a tr\u00ean N\u1ec1n t\u1ea3ng gi\u00e1o d\u1ee5c Anh ng\u1eef \u0111\u1ecbnh h\u01b0\u1edbng (English for Academic Purposes &#8211; EAP) theo ti\u00eau chu\u1ea9n \u00dac t\u1ea1i Vi\u1ec7t Nam k\u1ebft h\u1ee3p v\u1edbi nhu c\u1ea7u ri\u00eang c\u1ee7a t\u1eebng tr\u01b0\u1eddng nh\u1eb1m ph\u00e1t tri\u1ec3n kh\u00f4ng ch\u1ec9 ti\u1ebfng Anh h\u1ecdc thu\u1eadt chuy\u00ean s\u00e2u m\u00e0 c\u00f2n \u0111\u1ecbnh h\u01b0\u1edbng cho h\u1ecdc vi\u00ean t\u1ef1 tin h\u00f2a nh\u1eadp v\u1edbi m\u00f4i tr\u01b0\u1eddng to\u00e0n c\u1ea7u h\u00f3a.<\/span><\/p>\n\t\t<\/div>\n\t\t\t<\/div>\n\n\t\n\n\t<div id=\"col-1082579130\" class=\"col medium-3 small-12 large-3\"  >\n\t\t<div class=\"col-inner\"  >\n\t\t\t\n\t\t\t\n\t<div class=\"box has-hover   has-hover box-text-bottom\" >\n\n\t\t<div class=\"box-image\" style=\"border-radius:3%;\">\n\t\t\t\t\t\t<div class=\"image-cover\" style=\"padding-top:100%;\">\n\t\t\t\t<img width=\"275\" height=\"275\" src=\"https:\/\/webmaibinh.com\/w\/edu72011\/wp-content\/uploads\/2019\/07\/taynguyen-275x275.jpg\" class=\"attachment-original size-original\" alt=\"\" loading=\"lazy\" srcset=\"https:\/\/webmaibinh.com\/w\/edu72011\/wp-content\/uploads\/2019\/07\/taynguyen-275x275.jpg 275w, https:\/\/webmaibinh.com\/w\/edu72011\/wp-content\/uploads\/2019\/07\/taynguyen-275x275-150x150.jpg 150w\" sizes=\"(max-width: 275px) 100vw, 275px\" \/>\t\t\t\t\t\t\t\t\t\t\t<\/div>\n\t\t\t\t\t<\/div>\n\n\t\t<div class=\"box-text text-center\" style=\"padding:10px 0px 10px 0px;\">\n\t\t\t<div class=\"box-text-inner\">\n\t\t\t\t\n<p style=\"text-align: center;\"><span style=\"font-size: 115%;\"><strong>\u0110\u1ea1i h\u1ecdc T\u00e2y Nguy\u00ean<\/strong><\/span><\/p>\n\t\t\t<\/div>\n\t\t<\/div>\n\t<\/div>\n\t\n\t\t<\/div>\n\t\t\t<\/div>\n\n\t\n\n\t<div id=\"col-1396893886\" class=\"col medium-3 small-12 large-3\"  >\n\t\t<div class=\"col-inner\"  >\n\t\t\t\n\t\t\t\n\t<div class=\"box has-hover   has-hover box-text-bottom\" >\n\n\t\t<div class=\"box-image\" style=\"border-radius:3%;\">\n\t\t\t\t\t\t<div class=\"image-cover\" style=\"padding-top:100%;\">\n\t\t\t\t<img width=\"275\" height=\"275\" src=\"https:\/\/webmaibinh.com\/w\/edu72011\/wp-content\/uploads\/2019\/07\/The-University-of-Queensland-hinh-1-275x275.jpg\" class=\"attachment-original size-original\" alt=\"\" loading=\"lazy\" srcset=\"https:\/\/webmaibinh.com\/w\/edu72011\/wp-content\/uploads\/2019\/07\/The-University-of-Queensland-hinh-1-275x275.jpg 275w, https:\/\/webmaibinh.com\/w\/edu72011\/wp-content\/uploads\/2019\/07\/The-University-of-Queensland-hinh-1-275x275-150x150.jpg 150w\" sizes=\"(max-width: 275px) 100vw, 275px\" \/>\t\t\t\t\t\t\t\t\t\t\t<\/div>\n\t\t\t\t\t<\/div>\n\n\t\t<div class=\"box-text text-center\" style=\"padding:10px 0px 10px 0px;\">\n\t\t\t<div class=\"box-text-inner\">\n\t\t\t\t\n<p style=\"text-align: center;\"><span style=\"font-size: 115%;\"><strong>\u0110\u1ea1i h\u1ecdc Queensland Australia<\/strong><\/span><\/p>\n\t\t\t<\/div>\n\t\t<\/div>\n\t<\/div>\n\t\n\t\t<\/div>\n\t\t\t<\/div>\n\n\t\n\n\t<div id=\"col-1511210971\" class=\"col medium-3 small-12 large-3\"  >\n\t\t<div class=\"col-inner\"  >\n\t\t\t\n\t\t\t\n\t<div class=\"box has-hover   has-hover box-text-bottom\" >\n\n\t\t<div class=\"box-image\" style=\"border-radius:3%;\">\n\t\t\t\t\t\t<div class=\"image-cover\" style=\"padding-top:100%;\">\n\t\t\t\t<img width=\"275\" height=\"275\" src=\"https:\/\/webmaibinh.com\/w\/edu72011\/wp-content\/uploads\/2019\/07\/DH-Tien-Giang-275x275.jpg\" class=\"attachment-original size-original\" alt=\"\" loading=\"lazy\" srcset=\"https:\/\/webmaibinh.com\/w\/edu72011\/wp-content\/uploads\/2019\/07\/DH-Tien-Giang-275x275.jpg 275w, https:\/\/webmaibinh.com\/w\/edu72011\/wp-content\/uploads\/2019\/07\/DH-Tien-Giang-275x275-150x150.jpg 150w\" sizes=\"(max-width: 275px) 100vw, 275px\" \/>\t\t\t\t\t\t\t\t\t\t\t<\/div>\n\t\t\t\t\t<\/div>\n\n\t\t<div class=\"box-text text-center\" style=\"padding:10px 0px 10px 0px;\">\n\t\t\t<div class=\"box-text-inner\">\n\t\t\t\t\n<p style=\"text-align: center;\"><span style=\"font-size: 115%;\"><strong>\u0110\u1ea1i h\u1ecdc Ti\u1ec1n Giang<\/strong><\/span><\/p>\n\t\t\t<\/div>\n\t\t<\/div>\n\t<\/div>\n\t\n\t\t<\/div>\n\t\t\t<\/div>\n\n\t\n\n\t<div id=\"col-9383610\" class=\"col medium-3 small-12 large-3\"  >\n\t\t<div class=\"col-inner\"  >\n\t\t\t\n\t\t\t\n\t<div class=\"box has-hover   has-hover box-text-bottom\" >\n\n\t\t<div class=\"box-image\" style=\"border-radius:3%;\">\n\t\t\t\t\t\t<div class=\"image-cover\" style=\"padding-top:100%;\">\n\t\t\t\t<img width=\"275\" height=\"275\" src=\"https:\/\/webmaibinh.com\/w\/edu72011\/wp-content\/uploads\/2019\/07\/UTE1-275x275.jpg\" class=\"attachment-original size-original\" alt=\"\" loading=\"lazy\" srcset=\"https:\/\/webmaibinh.com\/w\/edu72011\/wp-content\/uploads\/2019\/07\/UTE1-275x275.jpg 275w, https:\/\/webmaibinh.com\/w\/edu72011\/wp-content\/uploads\/2019\/07\/UTE1-275x275-150x150.jpg 150w\" sizes=\"(max-width: 275px) 100vw, 275px\" \/>\t\t\t\t\t\t\t\t\t\t\t<\/div>\n\t\t\t\t\t<\/div>\n\n\t\t<div class=\"box-text text-center\" style=\"padding:10px 0px 10px 0px;\">\n\t\t\t<div class=\"box-text-inner\">\n\t\t\t\t\n<p style=\"text-align: center;\"><span style=\"font-size: 115%;\"><strong>\u0110\u1ea1i h\u1ecdc S\u01b0 ph\u1ea1m K\u1ef9 thu\u1eadt TPHCM<\/strong><\/span><\/p>\n\t\t\t<\/div>\n\t\t<\/div>\n\t<\/div>\n\t\n\t\t<\/div>\n\t\t\t<\/div>\n\n\t\n\n\t<div id=\"col-1277208330\" class=\"col medium-3 small-12 large-3\"  >\n\t\t<div class=\"col-inner\"  >\n\t\t\t\n\t\t\t\n\t<div class=\"box has-hover   has-hover box-text-bottom\" >\n\n\t\t<div class=\"box-image\" style=\"border-radius:3%;\">\n\t\t\t\t\t\t<div class=\"image-cover\" style=\"padding-top:100%;\">\n\t\t\t\t<img width=\"270\" height=\"270\" src=\"https:\/\/webmaibinh.com\/w\/edu72011\/wp-content\/uploads\/2019\/07\/Rectangle-539-11-1.jpg\" class=\"attachment-original size-original\" alt=\"\" loading=\"lazy\" srcset=\"https:\/\/webmaibinh.com\/w\/edu72011\/wp-content\/uploads\/2019\/07\/Rectangle-539-11-1.jpg 270w, https:\/\/webmaibinh.com\/w\/edu72011\/wp-content\/uploads\/2019\/07\/Rectangle-539-11-1-150x150.jpg 150w\" sizes=\"(max-width: 270px) 100vw, 270px\" \/>\t\t\t\t\t\t\t\t\t\t\t<\/div>\n\t\t\t\t\t<\/div>\n\n\t\t<div class=\"box-text text-center\" style=\"padding:10px 0px 10px 0px;\">\n\t\t\t<div class=\"box-text-inner\">\n\t\t\t\t\n<p style=\"text-align: center;\"><span style=\"font-size: 115%;\"><strong>University of Technology Sydney (UTS)<\/strong><\/span><\/p>\n\t\t\t<\/div>\n\t\t<\/div>\n\t<\/div>\n\t\n\t\t<\/div>\n\t\t\t<\/div>\n\n\t\n\n\t<div id=\"col-195300010\" class=\"col medium-3 small-12 large-3\"  >\n\t\t<div class=\"col-inner\"  >\n\t\t\t\n\t\t\t\n\t<div class=\"box has-hover   has-hover box-text-bottom\" >\n\n\t\t<div class=\"box-image\" style=\"border-radius:3%;\">\n\t\t\t\t\t\t<div class=\"image-cover\" style=\"padding-top:100%;\">\n\t\t\t\t<img width=\"270\" height=\"270\" src=\"https:\/\/webmaibinh.com\/w\/edu72011\/wp-content\/uploads\/2019\/07\/Rectangle-539-9-1.jpg\" class=\"attachment-original size-original\" alt=\"\" loading=\"lazy\" srcset=\"https:\/\/webmaibinh.com\/w\/edu72011\/wp-content\/uploads\/2019\/07\/Rectangle-539-9-1.jpg 270w, https:\/\/webmaibinh.com\/w\/edu72011\/wp-content\/uploads\/2019\/07\/Rectangle-539-9-1-150x150.jpg 150w\" sizes=\"(max-width: 270px) 100vw, 270px\" \/>\t\t\t\t\t\t\t\t\t\t\t<\/div>\n\t\t\t\t\t<\/div>\n\n\t\t<div class=\"box-text text-center\" style=\"padding:10px 0px 10px 0px;\">\n\t\t\t<div class=\"box-text-inner\">\n\t\t\t\t\n<p style=\"text-align: center;\"><span style=\"font-size: 115%;\"><strong>University of South Australia<\/strong><\/span><\/p>\n\t\t\t<\/div>\n\t\t<\/div>\n\t<\/div>\n\t\n\t\t<\/div>\n\t\t\t<\/div>\n\n\t\n\n\t<div id=\"col-1695425943\" class=\"col medium-3 small-12 large-3\"  >\n\t\t<div class=\"col-inner\"  >\n\t\t\t\n\t\t\t\n\t<div class=\"box has-hover   has-hover box-text-bottom\" >\n\n\t\t<div class=\"box-image\" style=\"border-radius:3%;\">\n\t\t\t\t\t\t<div class=\"image-cover\" style=\"padding-top:100%;\">\n\t\t\t\t<img width=\"270\" height=\"270\" src=\"https:\/\/webmaibinh.com\/w\/edu72011\/wp-content\/uploads\/2019\/07\/Rectangle-539-8.jpg\" class=\"attachment-original size-original\" alt=\"\" loading=\"lazy\" srcset=\"https:\/\/webmaibinh.com\/w\/edu72011\/wp-content\/uploads\/2019\/07\/Rectangle-539-8.jpg 270w, https:\/\/webmaibinh.com\/w\/edu72011\/wp-content\/uploads\/2019\/07\/Rectangle-539-8-150x150.jpg 150w\" sizes=\"(max-width: 270px) 100vw, 270px\" \/>\t\t\t\t\t\t\t\t\t\t\t<\/div>\n\t\t\t\t\t<\/div>\n\n\t\t<div class=\"box-text text-center\" style=\"padding:10px 0px 10px 0px;\">\n\t\t\t<div class=\"box-text-inner\">\n\t\t\t\t\n<p style=\"text-align: center;\"><span style=\"font-size: 115%;\"><strong>University of Wollonggong<\/strong><\/span><\/p>\n\t\t\t<\/div>\n\t\t<\/div>\n\t<\/div>\n\t\n\t\t<\/div>\n\t\t\t<\/div>\n\n\t\n\n\t<div id=\"col-1943753788\" class=\"col medium-3 small-12 large-3\"  >\n\t\t<div class=\"col-inner\"  >\n\t\t\t\n\t\t\t\n\t<div class=\"box has-hover   has-hover box-text-bottom\" >\n\n\t\t<div class=\"box-image\" style=\"border-radius:3%;\">\n\t\t\t\t\t\t<div class=\"image-cover\" style=\"padding-top:100%;\">\n\t\t\t\t<img width=\"270\" height=\"270\" src=\"https:\/\/webmaibinh.com\/w\/edu72011\/wp-content\/uploads\/2019\/07\/Rectangle-539-6.jpg\" class=\"attachment-original size-original\" alt=\"\" loading=\"lazy\" srcset=\"https:\/\/webmaibinh.com\/w\/edu72011\/wp-content\/uploads\/2019\/07\/Rectangle-539-6.jpg 270w, https:\/\/webmaibinh.com\/w\/edu72011\/wp-content\/uploads\/2019\/07\/Rectangle-539-6-150x150.jpg 150w\" sizes=\"(max-width: 270px) 100vw, 270px\" \/>\t\t\t\t\t\t\t\t\t\t\t<\/div>\n\t\t\t\t\t<\/div>\n\n\t\t<div class=\"box-text text-center\" style=\"padding:10px 0px 10px 0px;\">\n\t\t\t<div class=\"box-text-inner\">\n\t\t\t\t\n<p style=\"text-align: center;\"><span style=\"font-size: 115%;\"><strong>Western Sydney University<\/strong><\/span><\/p>\n\t\t\t<\/div>\n\t\t<\/div>\n\t<\/div>\n\t\n\t\t<\/div>\n\t\t\t<\/div>\n\n\t\n<\/div>\n\t\t<\/div>\n\n\t\t\n<style>\n#section_2055719611 {\n  padding-top: 30px;\n  padding-bottom: 30px;\n}\n<\/style>\n\t<\/section>\n\t\n\t<section class=\"section dang-ky-section\" id=\"section_1326752395\">\n\t\t<div class=\"bg section-bg fill bg-fill  \" >\n\n\t\t\t\n\t\t\t\n\t\t\t\n\n\t\t<\/div>\n\n\t\t<div class=\"section-content relative\">\n\t\t\t\n<div class=\"row\"  id=\"row-1998663735\">\n\n\t<div id=\"col-2091687656\" class=\"col medium-6 small-12 large-6\"  >\n\t\t<div class=\"col-inner\"  >\n\t\t\t\n\t\t\t\n\t\t<\/div>\n\t\t\t<\/div>\n\n\t\n\n\t<div id=\"col-1526509136\" class=\"col medium-6 small-12 large-6\"  >\n\t\t<div class=\"col-inner\"  >\n\t\t\t\n\t\t\t\n<h3><span style=\"font-size: 140%;\">Ki\u1ec3m tra ti\u1ebfng Anh tr\u1ef1c tuy\u1ebfn<\/span><\/h3>\n<h5>B\u1ea1n \u0111\u00e3 bi\u1ebft tr\u00ecnh \u0111\u1ed9 ti\u1ebfng Anh hi\u1ec7n t\u1ea1i c\u1ee7a m\u00ecnh ch\u01b0a?<\/h5>\n<a href=\"\/kiem-tra-trinh-do\/\" target=\"_self\" class=\"button primary lowercase nut-xem-tat-ca\"  style=\"border-radius:99px;\">\n    <span>B\u1eaft \u0111\u1ea7u l\u00e0m b\u00e0i ki\u1ec3m tra<\/span>\n  <i class=\"icon-angle-right\" ><\/i><\/a>\n\n\t\t<\/div>\n\t\t\t<\/div>\n\n\t\n<\/div>\n\t\t<\/div>\n\n\t\t\n<style>\n#section_1326752395 {\n  padding-top: 30px;\n  padding-bottom: 30px;\n}\n#section_1326752395 .section-bg.bg-loaded {\n  background-image: url(https:\/\/webmaibinh.com\/w\/edu72011\/wp-content\/uploads\/2019\/07\/testonline-adv.jpg);\n}\n<\/style>\n\t<\/section>\n\t\n\t<section class=\"section form-dang-ky-row\" id=\"section_231250973\">\n\t\t<div class=\"bg section-bg fill bg-fill  bg-loaded\" >\n\n\t\t\t\n\t\t\t\n\t\t\t\n\n\t\t<\/div>\n\n\t\t<div class=\"section-content relative\">\n\t\t\t\n<div class=\"row\"  id=\"row-932762924\">\n\n\t<div id=\"col-781357191\" class=\"col small-12 large-12\"  >\n\t\t<div class=\"col-inner text-center\"  >\n\t\t\t\n\t\t\t\n<h2 style=\"text-align: center;\"><strong><span style=\"color: #ed1c24; font-size: 130%;\">Nh\u1eadn t\u01b0 v\u1ea5n l\u1ed9 tr\u00ecnh t\u1eeb ACET<\/span><\/strong><\/h2>\n<p style=\"text-align: center;\">H\u00e3y \u0111\u1ec3 l\u1ea1i th\u00f4ng tin, t\u01b0 v\u1ea5n vi\u00ean c\u1ee7a ACET s\u1ebd li\u00ean l\u1ea1c v\u1edbi b\u1ea1n trong th\u1eddi gian s\u1edbm nh\u1ea5t.<\/p>\n<div role=\"form\" class=\"wpcf7\" id=\"wpcf7-f832-o1\" lang=\"vi\" dir=\"ltr\">\n<div class=\"screen-reader-response\"><p role=\"status\" aria-live=\"polite\" aria-atomic=\"true\"><\/p> <ul><\/ul><\/div>\n<form action=\"\/w\/edu72011\/wp-json\/wp\/v2\/pages\/63#wpcf7-f832-o1\" method=\"post\" class=\"wpcf7-form init\" novalidate=\"novalidate\" data-status=\"init\">\n<div style=\"display: none;\">\n<input type=\"hidden\" name=\"_wpcf7\" value=\"832\" \/>\n<input type=\"hidden\" name=\"_wpcf7_version\" value=\"5.3\" \/>\n<input type=\"hidden\" name=\"_wpcf7_locale\" value=\"vi\" \/>\n<input type=\"hidden\" name=\"_wpcf7_unit_tag\" value=\"wpcf7-f832-o1\" \/>\n<input type=\"hidden\" name=\"_wpcf7_container_post\" value=\"0\" \/>\n<input type=\"hidden\" name=\"_wpcf7_posted_data_hash\" value=\"\" \/>\n<\/div>\n<div class=\"form-dang-ky\">\n<label>Th\u00f4ng tin c\u01a1 b\u1ea3n<\/label><br \/>\n<span class=\"wpcf7-form-control-wrap text-437\"><input type=\"text\" name=\"text-437\" value=\"\" size=\"40\" class=\"wpcf7-form-control wpcf7-text wpcf7-validates-as-required\" aria-required=\"true\" aria-invalid=\"false\" placeholder=\"H\u1ecd v\u00e0 t\u00ean...\" \/><\/span><br \/>\n<span class=\"wpcf7-form-control-wrap tel-193\"><input type=\"tel\" name=\"tel-193\" value=\"\" size=\"40\" class=\"wpcf7-form-control wpcf7-text wpcf7-tel wpcf7-validates-as-required wpcf7-validates-as-tel\" aria-required=\"true\" aria-invalid=\"false\" placeholder=\"S\u1ed1 \u0111i\u1ec7n tho\u1ea1i...\" \/><\/span><br \/>\n<label>L\u1ef1a ch\u1ecdn<\/label><\/p>\n<div class=\"row-form\">\n<div class=\"left\">\n<span class=\"wpcf7-form-control-wrap menu-714\"><select name=\"menu-714\" class=\"wpcf7-form-control wpcf7-select\" aria-invalid=\"false\"><option value=\"Khu v\u1ef1c\">Khu v\u1ef1c<\/option><option value=\"H\u00e0 N\u1ed9i\">H\u00e0 N\u1ed9i<\/option><option value=\"Tp. H\u1ed3 Ch\u00ed Minh\">Tp. H\u1ed3 Ch\u00ed Minh<\/option><\/select><\/span>\n<\/div>\n<div class=\"right\">\n<span class=\"wpcf7-form-control-wrap text-3656\"><input type=\"text\" name=\"text-3656\" value=\"\" size=\"40\" class=\"wpcf7-form-control wpcf7-text\" aria-invalid=\"false\" placeholder=\"\u0110\u1ed9 tu\u1ed5i\" \/><\/span>\n<\/div>\n<\/div>\n<p><input type=\"submit\" value=\"G\u1eedi th\u00f4ng tin\" class=\"wpcf7-form-control wpcf7-submit\" \/>\n<\/p><\/div>\n<div class=\"wpcf7-response-output\" aria-hidden=\"true\"><\/div><\/form><\/div>\n\t\t<\/div>\n\t\t\t<\/div>\n\n\t\n<\/div>\n\t\t<\/div>\n\n\t\t\n<style>\n#section_231250973 {\n  padding-top: 30px;\n  padding-bottom: 30px;\n  background-color: rgb(247, 247, 247);\n}\n<\/style>\n\t<\/section>\n\t\n","protected":false},"excerpt":{"rendered":"","protected":false},"author":1,"featured_media":0,"parent":0,"menu_order":0,"comment_status":"closed","ping_status":"closed","template":"page-transparent-header.php","meta":[],"_links":{"self":[{"href":"https:\/\/webmaibinh.com\/w\/edu72011\/wp-json\/wp\/v2\/pages\/63"}],"collection":[{"href":"https:\/\/webmaibinh.com\/w\/edu72011\/wp-json\/wp\/v2\/pages"}],"about":[{"href":"https:\/\/webmaibinh.com\/w\/edu72011\/wp-json\/wp\/v2\/types\/page"}],"author":[{"embeddable":true,"href":"https:\/\/webmaibinh.com\/w\/edu72011\/wp-json\/wp\/v2\/users\/1"}],"replies":[{"embeddable":true,"href":"https:\/\/webmaibinh.com\/w\/edu72011\/wp-json\/wp\/v2\/comments?post=63"}],"version-history":[{"count":0,"href":"https:\/\/webmaibinh.com\/w\/edu72011\/wp-json\/wp\/v2\/pages\/63\/revisions"}],"wp:attachment":[{"href":"https:\/\/webmaibinh.com\/w\/edu72011\/wp-json\/wp\/v2\/media?parent=63"}],"curies":[{"name":"wp","href":"https:\/\/api.w.org\/{rel}","templated":true}]}}