{"id":61,"date":"2019-07-10T17:03:18","date_gmt":"2019-07-10T09:03:18","guid":{"rendered":"http:\/\/edu8.w2steam.com\/?page_id=61"},"modified":"2019-07-11T16:54:14","modified_gmt":"2019-07-11T08:54:14","slug":"dac-quyen-hoc-vien","status":"publish","type":"page","link":"https:\/\/webmaibinh.com\/w\/edu72011\/dac-quyen-hoc-vien\/","title":{"rendered":"\u0110\u1eb7c quy\u1ec1n h\u1ecdc vi\u00ean"},"content":{"rendered":"\t<div class=\"img has-hover x md-x lg-x y md-y lg-y\" id=\"image_1695810734\">\n\t\t\t\t\t\t\t\t<div class=\"img-inner image-cover dark\" style=\"padding-top:45%;\">\n\t\t\t<img width=\"1200\" height=\"442\" src=\"https:\/\/webmaibinh.com\/w\/edu72011\/wp-content\/uploads\/2019\/07\/screen.jpg\" class=\"attachment-original size-original\" alt=\"\" loading=\"lazy\" srcset=\"https:\/\/webmaibinh.com\/w\/edu72011\/wp-content\/uploads\/2019\/07\/screen.jpg 1200w, https:\/\/webmaibinh.com\/w\/edu72011\/wp-content\/uploads\/2019\/07\/screen-300x111.jpg 300w, https:\/\/webmaibinh.com\/w\/edu72011\/wp-content\/uploads\/2019\/07\/screen-768x283.jpg 768w, https:\/\/webmaibinh.com\/w\/edu72011\/wp-content\/uploads\/2019\/07\/screen-1024x377.jpg 1024w\" sizes=\"(max-width: 1200px) 100vw, 1200px\" \/>\t\t\t\t\t\t\n\t\t\t\t\t<\/div>\n\t\t\t\t\t\t\t\t\n<style>\n#image_1695810734 {\n  width: 100%;\n}\n<\/style>\n\t<\/div>\n\t\n\t<section class=\"section li-do-chon-chung-toi li-do2\" id=\"section_1661539726\">\n\t\t<div class=\"bg section-bg fill bg-fill  bg-loaded\" >\n\n\t\t\t\n\t\t\t\n\t\t\t\n\n\t\t<\/div>\n\n\t\t<div class=\"section-content relative\">\n\t\t\t\n<div class=\"row\" style=\"max-width:1000px\" id=\"row-997215833\">\n\n\t<div id=\"col-1560473930\" class=\"col small-12 large-12\"  >\n\t\t<div class=\"col-inner\"  >\n\t\t\t\n\t\t\t\n<h2 class=\"title\"><span style=\"font-size: 130%;\">\u0110\u1eb6C QUY\u1ec0N H\u1eccC VI\u00caN<\/span><\/h2>\n<p><span style=\"font-size: 95%;\"> ACET lu\u00f4n n\u1ed7 l\u1ef1c n\u00e2ng c\u1ea5p d\u1ecbch v\u1ee5 hi\u1ec7n t\u1ea1i v\u00e0 s\u00e1ng t\u1ea1o ra c\u00e1c c\u00f4ng c\u1ee5 m\u1edbi nh\u1eb1m gi\u00fap h\u1ecdc vi\u00ean nhanh ch\u00f3ng n\u00f3i ti\u1ebfng Anh t\u1ef1 tin v\u00e0 \u0111\u1ea1t \u0111\u01b0\u1ee3c m\u1ee5c ti\u00eau c\u1ee7a m\u00ecnh. H\u1ecdc vi\u00ean c\u1ee7a ACET \u0111\u01b0\u1ee3c s\u1edf h\u1eefu nh\u1eefng \u0111\u1eb7c quy\u1ec1n c\u00f3 ch\u1ea5t l\u01b0\u1ee3ng cao.<\/span><\/p>\n\t<div id=\"gap-2042511140\" class=\"gap-element clearfix\" style=\"display:block; height:auto;\">\n\t\t\n<style>\n#gap-2042511140 {\n  padding-top: 30px;\n}\n<\/style>\n\t<\/div>\n\t\n\n\t\t<div class=\"icon-box featured-box icon-box-left text-left\"  >\n\t\t\t\t\t<div class=\"icon-box-img\" style=\"width: 160px\">\n\t\t\t\t<div class=\"icon\">\n\t\t\t\t\t<div class=\"icon-inner\" >\n\t\t\t\t\t\t<img width=\"149\" height=\"82\" src=\"https:\/\/webmaibinh.com\/w\/edu72011\/wp-content\/uploads\/2019\/07\/partner1.png\" class=\"attachment-medium size-medium\" alt=\"\" loading=\"lazy\" \/>\t\t\t\t\t<\/div>\n\t\t\t\t<\/div>\n\t\t\t<\/div>\n\t\t\t\t<div class=\"icon-box-text last-reset\">\n\t\t\t\t\t\t\t\t\t\n<h3>TR\u1ea2I NGHI\u1ec6M D\u1ecaCH V\u1ee4 T\u1ed0T NH\u1ea4T T\u1eea IDP<\/h3>\n<div class=\"description\"><span style=\"font-size: 95%;\">H\u1ecdc vi\u00ean ACET nh\u1eadn \u0111\u01b0\u1ee3c \u01b0u \u0111\u00e3i \u0111\u1eb7c bi\u1ec7t khi \u0111\u0103ng k\u00ed thi IELTS v\u00e0 h\u1ed7 tr\u1ee3 to\u00e0n di\u1ec7n d\u1ecbch v\u1ee5 t\u01b0 v\u1ea5n du h\u1ecdc t\u1eeb t\u1ed5 ch\u1ee9c gi\u00e1o d\u1ee5c qu\u1ed1c t\u1ebf IDP Education.<\/span><\/div>\n\t\t<\/div>\n\t<\/div>\n\t\n\t\n\n\t\t<div class=\"icon-box featured-box icon-box-left text-left\"  >\n\t\t\t\t\t<div class=\"icon-box-img\" style=\"width: 160px\">\n\t\t\t\t<div class=\"icon\">\n\t\t\t\t\t<div class=\"icon-inner\" >\n\t\t\t\t\t\t<img width=\"126\" height=\"118\" src=\"https:\/\/webmaibinh.com\/w\/edu72011\/wp-content\/uploads\/2019\/07\/Chung-chi-UTS-Unicode-Encoding-Conflict-1.png\" class=\"attachment-medium size-medium\" alt=\"\" loading=\"lazy\" \/>\t\t\t\t\t<\/div>\n\t\t\t\t<\/div>\n\t\t\t<\/div>\n\t\t\t\t<div class=\"icon-box-text last-reset\">\n\t\t\t\t\t\t\t\t\t\n<h3>C\u01a0 H\u1ed8I NH\u1eacN H\u1eccC B\u1ed4NG T\u1eea UTS INSEARCH<\/h3>\n<div class=\"description\"><span style=\"font-size: 95%;\">Khi theo h\u1ecdc ch\u01b0\u01a1ng tr\u00ecnh Anh ng\u1eef H\u1ecdc thu\u1eadt c\u1ee7a UTS Insearch, h\u1ecdc vi\u00ean s\u1ebd \u0111\u01b0\u1ee3c nh\u1eadn ch\u1ee9ng ch\u1ec9 anh ng\u1eef qu\u1ed1c t\u1ebf v\u00e0 li\u00ean th\u00f4ng v\u1edbi nhi\u1ec1u tr\u01b0\u1eddng \u0110\u1ea1i h\u1ecdc t\u1ea1i \u00dac v\u00e0 th\u1ebf gi\u1edbi, \u0111\u1eb7c bi\u1ec7t l\u00e0 c\u01a1 h\u1ed9i nh\u1eadn h\u1ecdc b\u1ed5ng l\u00ean \u0111\u1ebfn 2.000 AUD.<\/span><\/div>\n\t\t<\/div>\n\t<\/div>\n\t\n\t\n\n\t\t<div class=\"icon-box featured-box icon-box-left text-left\"  >\n\t\t\t\t\t<div class=\"icon-box-img\" style=\"width: 160px\">\n\t\t\t\t<div class=\"icon\">\n\t\t\t\t\t<div class=\"icon-inner\" >\n\t\t\t\t\t\t<img width=\"120\" height=\"104\" src=\"https:\/\/webmaibinh.com\/w\/edu72011\/wp-content\/uploads\/2019\/07\/ILC.png\" class=\"attachment-medium size-medium\" alt=\"\" loading=\"lazy\" \/>\t\t\t\t\t<\/div>\n\t\t\t\t<\/div>\n\t\t\t<\/div>\n\t\t\t\t<div class=\"icon-box-text last-reset\">\n\t\t\t\t\t\t\t\t\t\n<h3>T\u1ef0 H\u1eccC N\u00c2NG CAO TR\u00ccNH \u0110\u1ed8 V\u1edaI ILC<\/h3>\n<div class=\"description\"><span style=\"font-size: 95%;\">H\u1ecdc vi\u00ean \u0111\u01b0\u1ee3c quy\u1ec1n s\u1eed d\u1ee5ng c\u00e1c ngu\u1ed3n t\u00e0i li\u1ec7u phong ph\u00fa v\u00e0 trang thi\u1ebft b\u1ecb hi\u1ec7n \u0111\u1ea1i t\u1ea1i trung t\u00e2m t\u1ef1 h\u1ecdc (ILC), c\u00f9ng v\u1edbi c\u1ed1 v\u1ea5n h\u1ecdc thu\u1eadt (ILC Adviser) s\u1ebd gi\u00fap vi\u1ec7c h\u1ecdc \u0111\u01b0\u1ee3c ch\u1ee7 \u0111\u1ed9ng h\u01a1n cho h\u1ecdc vi\u00ean.<\/span><\/div>\n\t\t<\/div>\n\t<\/div>\n\t\n\t\n\n\t\t<div class=\"icon-box featured-box icon-box-left text-left\"  >\n\t\t\t\t\t<div class=\"icon-box-img\" style=\"width: 160px\">\n\t\t\t\t<div class=\"icon\">\n\t\t\t\t\t<div class=\"icon-inner\" >\n\t\t\t\t\t\t<img width=\"120\" height=\"121\" src=\"https:\/\/webmaibinh.com\/w\/edu72011\/wp-content\/uploads\/2019\/07\/Speaking.png\" class=\"attachment-medium size-medium\" alt=\"\" loading=\"lazy\" \/>\t\t\t\t\t<\/div>\n\t\t\t\t<\/div>\n\t\t\t<\/div>\n\t\t\t\t<div class=\"icon-box-text last-reset\">\n\t\t\t\t\t\t\t\t\t\n<h3>THI TH\u1eec IELTS SPEAKING<\/h3>\n<div class=\"description\"><span style=\"font-size: 95%;\">Nh\u1eefng bu\u1ed5i thi th\u1eed IELTS Speaking th\u01b0\u1eddng \u0111\u01b0\u1ee3c t\u1ed5 ch\u1ee9c v\u1edbi c\u00e1c gi\u00e1m kh\u1ea3o IELTS l\u00e0 nh\u1eefng gi\u00e1o vi\u00ean nhi\u1ec1u n\u0103m kinh nghi\u1ec7m c\u1ee7a ACET, gi\u00fap h\u1ecdc vi\u00ean c\u00f3 \u0111\u01b0\u1ee3c s\u1ef1 chu\u1ea9n b\u1ecb t\u1ed1t nh\u1ea5t cho b\u00e0i thi IELTS Speaking c\u1ee7a m\u00ecnh.<\/span><\/div>\n\t\t<\/div>\n\t<\/div>\n\t\n\t\n\n\t\t<div class=\"icon-box featured-box icon-box-left text-left\"  >\n\t\t\t\t\t<div class=\"icon-box-img\" style=\"width: 160px\">\n\t\t\t\t<div class=\"icon\">\n\t\t\t\t\t<div class=\"icon-inner\" >\n\t\t\t\t\t\t<img width=\"126\" height=\"90\" src=\"https:\/\/webmaibinh.com\/w\/edu72011\/wp-content\/uploads\/2019\/07\/Giao-trinh-UTS-Unicode-Encoding-Conflict-1.png\" class=\"attachment-medium size-medium\" alt=\"\" loading=\"lazy\" \/>\t\t\t\t\t<\/div>\n\t\t\t\t<\/div>\n\t\t\t<\/div>\n\t\t\t\t<div class=\"icon-box-text last-reset\">\n\t\t\t\t\t\t\t\t\t\n<h3>GI\u00c1O TR\u00ccNH \u0110\u1ed8C QUY\u1ec0N T\u1eea UTS INSEARCH<\/h3>\n<div class=\"description\"><span style=\"font-size: 95%;\">Gi\u00e1o tr\u00ecnh gi\u1ea3ng d\u1ea1y t\u1ea1i ACET d\u1ef1a tr\u00ean n\u1ec1n t\u1ea3ng chuy\u00ean m\u00f4n t\u1eeb UTS Insearch \u0111\u01b0\u1ee3c qu\u1ed1c t\u1ebf c\u00f4ng nh\u1eadn v\u1ec1 ch\u1ea5t l\u01b0\u1ee3ng. Ngo\u00e0i ra, phi\u00ean b\u1ea3n ebook cho ch\u01b0\u01a1ng tr\u00ecnh Anh ng\u1eef H\u1ecdc thu\u1eadt gi\u00fap h\u1ecdc vi\u00ean c\u00f3 th\u1ec3 truy c\u1eadp v\u00e0o gi\u00e1o tr\u00ecnh h\u1ecdc m\u1ecdi l\u00fac, m\u1ecdi n\u01a1i, v\u00e0 ho\u00e0n to\u00e0n mi\u1ec5n ph\u00ed.<\/span><\/div>\n\t\t<\/div>\n\t<\/div>\n\t\n\t\n\n\t\t<div class=\"icon-box featured-box icon-box-left text-left\"  >\n\t\t\t\t\t<div class=\"icon-box-img\" style=\"width: 160px\">\n\t\t\t\t<div class=\"icon\">\n\t\t\t\t\t<div class=\"icon-inner\" >\n\t\t\t\t\t\t<img width=\"140\" height=\"59\" src=\"https:\/\/webmaibinh.com\/w\/edu72011\/wp-content\/uploads\/2019\/07\/ACET.png\" class=\"attachment-medium size-medium\" alt=\"\" loading=\"lazy\" \/>\t\t\t\t\t<\/div>\n\t\t\t\t<\/div>\n\t\t\t<\/div>\n\t\t\t\t<div class=\"icon-box-text last-reset\">\n\t\t\t\t\t\t\t\t\t\n<h3>V\u1eeaA CH\u01a0I V\u1eeaA H\u1eccC NGO\u00c0I GI\u1edc L\u00caN L\u1edaP<\/h3>\n<div class=\"description\"><span style=\"font-size: 95%;\">H\u1ecdc vi\u00ean c\u00f3 th\u1ec3 tham gia c\u00e1c c\u00e2u l\u1ea1c b\u1ed9 ti\u1ebfng Anh, ho\u1ea1t \u0111\u1ed9ng ngo\u1ea1i kh\u00f3a c\u00f9ng c\u00e1c kh\u00f3a h\u1ecdc ACET Skillset, gi\u00fap ph\u00e1t tri\u1ec3n nh\u1eefng k\u1ef9 n\u0103ng c\u1ea7n thi\u1ebft \u0111\u1ec3 th\u00edch nghi v\u1edbi m\u00f4i tr\u01b0\u1eddng h\u1ecdc t\u1eadp v\u00e0 l\u00e0m vi\u1ec7c qu\u1ed1c t\u1ebf.<\/span><\/div>\n\t\t<\/div>\n\t<\/div>\n\t\n\t\n\t\t<\/div>\n\t\t\t<\/div>\n\n\t\n<\/div>\n\t\t<\/div>\n\n\t\t\n<style>\n#section_1661539726 {\n  padding-top: 30px;\n  padding-bottom: 30px;\n}\n<\/style>\n\t<\/section>\n\t\n\t<section class=\"section dang-ky-section\" id=\"section_1506155724\">\n\t\t<div class=\"bg section-bg fill bg-fill  \" >\n\n\t\t\t\n\t\t\t\n\t\t\t\n\n\t\t<\/div>\n\n\t\t<div class=\"section-content relative\">\n\t\t\t\n<div class=\"row\"  id=\"row-209586768\">\n\n\t<div id=\"col-542220793\" class=\"col medium-6 small-12 large-6\"  >\n\t\t<div class=\"col-inner\"  >\n\t\t\t\n\t\t\t\n\t\t<\/div>\n\t\t\t<\/div>\n\n\t\n\n\t<div id=\"col-537586501\" class=\"col medium-6 small-12 large-6\"  >\n\t\t<div class=\"col-inner\"  >\n\t\t\t\n\t\t\t\n<h3><span style=\"font-size: 140%;\">Ki\u1ec3m tra ti\u1ebfng Anh tr\u1ef1c tuy\u1ebfn<\/span><\/h3>\n<h5>B\u1ea1n \u0111\u00e3 bi\u1ebft tr\u00ecnh \u0111\u1ed9 ti\u1ebfng Anh hi\u1ec7n t\u1ea1i c\u1ee7a m\u00ecnh ch\u01b0a?<\/h5>\n<a href=\"\/kiem-tra-trinh-do\/\" target=\"_self\" class=\"button primary lowercase nut-xem-tat-ca\"  style=\"border-radius:99px;\">\n    <span>B\u1eaft \u0111\u1ea7u l\u00e0m b\u00e0i ki\u1ec3m tra<\/span>\n  <i class=\"icon-angle-right\" ><\/i><\/a>\n\n\t\t<\/div>\n\t\t\t<\/div>\n\n\t\n<\/div>\n\t\t<\/div>\n\n\t\t\n<style>\n#section_1506155724 {\n  padding-top: 30px;\n  padding-bottom: 30px;\n}\n#section_1506155724 .section-bg.bg-loaded {\n  background-image: url(https:\/\/webmaibinh.com\/w\/edu72011\/wp-content\/uploads\/2019\/07\/testonline-adv.jpg);\n}\n<\/style>\n\t<\/section>\n\t\n\t<section class=\"section form-dang-ky-row\" id=\"section_1403696007\">\n\t\t<div class=\"bg section-bg fill bg-fill  bg-loaded\" >\n\n\t\t\t\n\t\t\t\n\t\t\t\n\n\t\t<\/div>\n\n\t\t<div class=\"section-content relative\">\n\t\t\t\n<div class=\"row\"  id=\"row-1452626801\">\n\n\t<div id=\"col-256852560\" class=\"col small-12 large-12\"  >\n\t\t<div class=\"col-inner text-center\"  >\n\t\t\t\n\t\t\t\n<h2 style=\"text-align: center;\"><strong><span style=\"color: #ed1c24; font-size: 130%;\">Nh\u1eadn t\u01b0 v\u1ea5n l\u1ed9 tr\u00ecnh t\u1eeb ACET<\/span><\/strong><\/h2>\n<p style=\"text-align: center;\">H\u00e3y \u0111\u1ec3 l\u1ea1i th\u00f4ng tin, t\u01b0 v\u1ea5n vi\u00ean c\u1ee7a ACET s\u1ebd li\u00ean l\u1ea1c v\u1edbi b\u1ea1n trong th\u1eddi gian s\u1edbm nh\u1ea5t.<\/p>\n<div role=\"form\" class=\"wpcf7\" id=\"wpcf7-f832-o1\" lang=\"vi\" dir=\"ltr\">\n<div class=\"screen-reader-response\"><p role=\"status\" aria-live=\"polite\" aria-atomic=\"true\"><\/p> <ul><\/ul><\/div>\n<form action=\"\/w\/edu72011\/wp-json\/wp\/v2\/pages\/61#wpcf7-f832-o1\" method=\"post\" class=\"wpcf7-form init\" novalidate=\"novalidate\" data-status=\"init\">\n<div style=\"display: none;\">\n<input type=\"hidden\" name=\"_wpcf7\" value=\"832\" \/>\n<input type=\"hidden\" name=\"_wpcf7_version\" value=\"5.3\" \/>\n<input type=\"hidden\" name=\"_wpcf7_locale\" value=\"vi\" \/>\n<input type=\"hidden\" name=\"_wpcf7_unit_tag\" value=\"wpcf7-f832-o1\" \/>\n<input type=\"hidden\" name=\"_wpcf7_container_post\" value=\"0\" \/>\n<input type=\"hidden\" name=\"_wpcf7_posted_data_hash\" value=\"\" \/>\n<\/div>\n<div class=\"form-dang-ky\">\n<label>Th\u00f4ng tin c\u01a1 b\u1ea3n<\/label><br \/>\n<span class=\"wpcf7-form-control-wrap text-437\"><input type=\"text\" name=\"text-437\" value=\"\" size=\"40\" class=\"wpcf7-form-control wpcf7-text wpcf7-validates-as-required\" aria-required=\"true\" aria-invalid=\"false\" placeholder=\"H\u1ecd v\u00e0 t\u00ean...\" \/><\/span><br \/>\n<span class=\"wpcf7-form-control-wrap tel-193\"><input type=\"tel\" name=\"tel-193\" value=\"\" size=\"40\" class=\"wpcf7-form-control wpcf7-text wpcf7-tel wpcf7-validates-as-required wpcf7-validates-as-tel\" aria-required=\"true\" aria-invalid=\"false\" placeholder=\"S\u1ed1 \u0111i\u1ec7n tho\u1ea1i...\" \/><\/span><br \/>\n<label>L\u1ef1a ch\u1ecdn<\/label><\/p>\n<div class=\"row-form\">\n<div class=\"left\">\n<span class=\"wpcf7-form-control-wrap menu-714\"><select name=\"menu-714\" class=\"wpcf7-form-control wpcf7-select\" aria-invalid=\"false\"><option value=\"Khu v\u1ef1c\">Khu v\u1ef1c<\/option><option value=\"H\u00e0 N\u1ed9i\">H\u00e0 N\u1ed9i<\/option><option value=\"Tp. H\u1ed3 Ch\u00ed Minh\">Tp. H\u1ed3 Ch\u00ed Minh<\/option><\/select><\/span>\n<\/div>\n<div class=\"right\">\n<span class=\"wpcf7-form-control-wrap text-3656\"><input type=\"text\" name=\"text-3656\" value=\"\" size=\"40\" class=\"wpcf7-form-control wpcf7-text\" aria-invalid=\"false\" placeholder=\"\u0110\u1ed9 tu\u1ed5i\" \/><\/span>\n<\/div>\n<\/div>\n<p><input type=\"submit\" value=\"G\u1eedi th\u00f4ng tin\" class=\"wpcf7-form-control wpcf7-submit\" \/>\n<\/p><\/div>\n<div class=\"wpcf7-response-output\" aria-hidden=\"true\"><\/div><\/form><\/div>\n\t\t<\/div>\n\t\t\t<\/div>\n\n\t\n<\/div>\n\t\t<\/div>\n\n\t\t\n<style>\n#section_1403696007 {\n  padding-top: 30px;\n  padding-bottom: 30px;\n  background-color: rgb(247, 247, 247);\n}\n<\/style>\n\t<\/section>\n\t\n","protected":false},"excerpt":{"rendered":"","protected":false},"author":1,"featured_media":0,"parent":0,"menu_order":0,"comment_status":"closed","ping_status":"closed","template":"page-transparent-header.php","meta":[],"_links":{"self":[{"href":"https:\/\/webmaibinh.com\/w\/edu72011\/wp-json\/wp\/v2\/pages\/61"}],"collection":[{"href":"https:\/\/webmaibinh.com\/w\/edu72011\/wp-json\/wp\/v2\/pages"}],"about":[{"href":"https:\/\/webmaibinh.com\/w\/edu72011\/wp-json\/wp\/v2\/types\/page"}],"author":[{"embeddable":true,"href":"https:\/\/webmaibinh.com\/w\/edu72011\/wp-json\/wp\/v2\/users\/1"}],"replies":[{"embeddable":true,"href":"https:\/\/webmaibinh.com\/w\/edu72011\/wp-json\/wp\/v2\/comments?post=61"}],"version-history":[{"count":0,"href":"https:\/\/webmaibinh.com\/w\/edu72011\/wp-json\/wp\/v2\/pages\/61\/revisions"}],"wp:attachment":[{"href":"https:\/\/webmaibinh.com\/w\/edu72011\/wp-json\/wp\/v2\/media?parent=61"}],"curies":[{"name":"wp","href":"https:\/\/api.w.org\/{rel}","templated":true}]}}